{"id":1737,"date":"2016-03-23T12:55:59","date_gmt":"2016-03-23T11:55:59","guid":{"rendered":"http:\/\/www.hotel-royal-antibes.com\/it\/loisirs\/"},"modified":"2022-05-06T12:35:44","modified_gmt":"2022-05-06T11:35:44","slug":"il-divertimento","status":"publish","type":"page","link":"https:\/\/www.hotel-royal-antibes.com\/it\/il-divertimento\/","title":{"rendered":"Il divertimento"},"content":{"rendered":"<p>[vc_row][vc_column][rev_slider_vc alias=&#8221;slider-loisirs&#8221;][\/vc_column][\/vc_row][vc_row][vc_column el_class=&#8221;title-page&#8221;][vc_column_text]<\/p>\n<h1 style=\"text-align: center;\">Il divertimento<\/h1>\n<p>[\/vc_column_text][\/vc_column][\/vc_row][vc_row gap=&#8221;30&#8243;][vc_column width=&#8221;2\/3&#8243;][vc_column_text]<\/p>\n<h3>Divertitei\u2026<\/h3>\n<p>Non lontano dalla ROYAL BEACH, avrete la possibilit\u00e0 di fare delle attivit\u00e0 nautiche, che piaceranno a grandi e piccini. Cedete alla tentazione, scoprite nuove sensazioni e ridete a pi\u00f9 non posso.<\/p>\n<p>La nostra team ha selezionato per voi i migliori professionisti nei dintorni e sapr\u00e0 offrirvi ottimi consigli per rispondere alle vostre esigenze.<\/p>\n<p>Lo sci nautico, o attivit\u00e0 come il flyfish, la boa, il bananone, il wake board o ancora il wakesurf si trovano nelle immediate vicinanze.<\/p>\n<p>Il jetski in sessione breve o in escursione \u00e8 accessibile a Villeneuve-Loubet, a meno di 5 km dall\u2019hotel.[\/vc_column_text][\/vc_column][vc_column width=&#8221;1\/3&#8243; el_class=&#8221;bg-gris-texture&#8221;][vc_column_text]<\/p>\n<p style=\"text-align: center;\"><img decoding=\"async\" class=\"alignnone size-full wp-image-1088\" src=\"\/wp-content\/uploads\/2022\/05\/sonnette-noir.png\" alt=\"picto-big-concierge\" \/><\/p>\n<p style=\"text-align: center;\">Servizio Reception<\/p>\n<p style=\"text-align: center;\">La nostra team \u00e8 a vostra disposizione 7\/7.<br \/>\nNon esitate a ricorrere ai suoi servizi.<\/p>\n<p style=\"text-align: center;\"><a href=\"mailto:concierge@royal-antibes.com\">contact@royal-antibes.com<br \/>\n<\/a>Tel. <a href=\"tel:+33 (0)4 83 61 91 91\">+33 (0)4 83 61 91 91<\/a><\/p>\n<p>[\/vc_column_text][\/vc_column][\/vc_row][vc_row][vc_column][vc_column_text]<\/p>\n<div class=\"h1\" ><span style=\"font-size: 24px;\">Scopri anche<\/span><\/div>\n<p>[\/vc_column_text][\/vc_column][\/vc_row][vc_row][vc_column][vc_basic_grid post_type=&#8221;ids&#8221; element_width=&#8221;6&#8243; gap=&#8221;10&#8243; item=&#8221;759&#8243; grid_id=&#8221;vc_gid:1651836882035-8ef59c83-f926-7&#8243; include=&#8221;81, 626, 1736, 1734&#8243;][\/vc_column][\/vc_row]<\/p>\n","protected":false},"excerpt":{"rendered":"<p>[vc_row][vc_column][rev_slider_vc alias=&#8221;slider-loisirs&#8221;][\/vc_column][\/vc_row][vc_row][vc_column el_class=&#8221;title-page&#8221;][vc_column_text] Il divertimento [\/vc_column_text][\/vc_column][\/vc_row][vc_row gap=&#8221;30&#8243;][vc_column width=&#8221;2\/3&#8243;][vc_column_text] Divertitei\u2026 Non lontano dalla ROYAL BEACH, avrete la possibilit\u00e0 di fare delle attivit\u00e0 nautiche, che piaceranno a grandi e piccini. Cedete alla tentazione, scoprite nuove sensazioni e ridete a pi\u00f9 non posso. La nostra team ha selezionato per voi i migliori professionisti nei dintorni e sapr\u00e0 offrirvi [&hellip;]<\/p>\n","protected":false},"author":4,"featured_media":2059,"parent":0,"menu_order":0,"comment_status":"closed","ping_status":"closed","template":"","meta":{"_acf_changed":false,"footnotes":""},"class_list":["post-1737","page","type-page","status-publish","has-post-thumbnail","hentry"],"acf":[],"yoast_head":"<!-- This site is optimized with the Yoast SEO plugin v26.9 - https:\/\/yoast.com\/product\/yoast-seo-wordpress\/ -->\n<title>Antibes \u00e8 una destinazione adatta per l&#039;intrattenimento<\/title>\n<meta name=\"description\" content=\"Sci nautico, wake board, wake surf e jetski ad Antibes\" \/>\n<meta name=\"robots\" content=\"index, follow, max-snippet:-1, max-image-preview:large, max-video-preview:-1\" \/>\n<link rel=\"canonical\" href=\"https:\/\/www.hotel-royal-antibes.com\/it\/il-divertimento\/\" \/>\n<meta property=\"og:locale\" content=\"it_IT\" \/>\n<meta property=\"og:type\" content=\"article\" \/>\n<meta property=\"og:title\" content=\"Antibes \u00e8 una destinazione adatta per l&#039;intrattenimento\" \/>\n<meta property=\"og:description\" content=\"Sci nautico, wake board, wake surf e jetski ad Antibes\" \/>\n<meta property=\"og:url\" content=\"https:\/\/www.hotel-royal-antibes.com\/it\/il-divertimento\/\" \/>\n<meta property=\"og:site_name\" content=\"Royal Antibes\" \/>\n<meta property=\"article:modified_time\" content=\"2022-05-06T11:35:44+00:00\" \/>\n<meta property=\"og:image\" content=\"https:\/\/www.hotel-royal-antibes.com\/wp-content\/uploads\/2016\/04\/watersports-loisirs-1.jpg\" \/>\n\t<meta property=\"og:image:width\" content=\"1728\" \/>\n\t<meta property=\"og:image:height\" content=\"1152\" \/>\n\t<meta property=\"og:image:type\" content=\"image\/jpeg\" \/>\n<meta name=\"twitter:card\" content=\"summary_large_image\" \/>\n<meta name=\"twitter:label1\" content=\"Tempo di lettura stimato\" \/>\n\t<meta name=\"twitter:data1\" content=\"1 minuto\" \/>\n<script type=\"application\/ld+json\" class=\"yoast-schema-graph\">{\"@context\":\"https:\/\/schema.org\",\"@graph\":[{\"@type\":\"WebPage\",\"@id\":\"https:\/\/www.hotel-royal-antibes.com\/it\/il-divertimento\/\",\"url\":\"https:\/\/www.hotel-royal-antibes.com\/it\/il-divertimento\/\",\"name\":\"Antibes \u00e8 una destinazione adatta per l'intrattenimento\",\"isPartOf\":{\"@id\":\"https:\/\/www.hotel-royal-antibes.com\/it\/#website\"},\"primaryImageOfPage\":{\"@id\":\"https:\/\/www.hotel-royal-antibes.com\/it\/il-divertimento\/#primaryimage\"},\"image\":{\"@id\":\"https:\/\/www.hotel-royal-antibes.com\/it\/il-divertimento\/#primaryimage\"},\"thumbnailUrl\":\"https:\/\/www.hotel-royal-antibes.com\/wp-content\/uploads\/2016\/04\/watersports-loisirs-1.jpg\",\"datePublished\":\"2016-03-23T11:55:59+00:00\",\"dateModified\":\"2022-05-06T11:35:44+00:00\",\"description\":\"Sci nautico, wake board, wake surf e jetski ad Antibes\",\"breadcrumb\":{\"@id\":\"https:\/\/www.hotel-royal-antibes.com\/it\/il-divertimento\/#breadcrumb\"},\"inLanguage\":\"it-IT\",\"potentialAction\":[{\"@type\":\"ReadAction\",\"target\":[\"https:\/\/www.hotel-royal-antibes.com\/it\/il-divertimento\/\"]}]},{\"@type\":\"ImageObject\",\"inLanguage\":\"it-IT\",\"@id\":\"https:\/\/www.hotel-royal-antibes.com\/it\/il-divertimento\/#primaryimage\",\"url\":\"https:\/\/www.hotel-royal-antibes.com\/wp-content\/uploads\/2016\/04\/watersports-loisirs-1.jpg\",\"contentUrl\":\"https:\/\/www.hotel-royal-antibes.com\/wp-content\/uploads\/2016\/04\/watersports-loisirs-1.jpg\",\"width\":1728,\"height\":1152},{\"@type\":\"BreadcrumbList\",\"@id\":\"https:\/\/www.hotel-royal-antibes.com\/it\/il-divertimento\/#breadcrumb\",\"itemListElement\":[{\"@type\":\"ListItem\",\"position\":1,\"name\":\"Hotel Royal Antibes\",\"item\":\"https:\/\/www.hotel-royal-antibes.com\/it\/\"},{\"@type\":\"ListItem\",\"position\":2,\"name\":\"Il divertimento\"}]},{\"@type\":\"WebSite\",\"@id\":\"https:\/\/www.hotel-royal-antibes.com\/it\/#website\",\"url\":\"https:\/\/www.hotel-royal-antibes.com\/it\/\",\"name\":\"Royal Antibes\",\"description\":\"Luxury hotel in Antibes on French Riviera\",\"potentialAction\":[{\"@type\":\"SearchAction\",\"target\":{\"@type\":\"EntryPoint\",\"urlTemplate\":\"https:\/\/www.hotel-royal-antibes.com\/it\/?s={search_term_string}\"},\"query-input\":{\"@type\":\"PropertyValueSpecification\",\"valueRequired\":true,\"valueName\":\"search_term_string\"}}],\"inLanguage\":\"it-IT\"}]}<\/script>\n<!-- \/ Yoast SEO plugin. -->","yoast_head_json":{"title":"Antibes \u00e8 una destinazione adatta per l'intrattenimento","description":"Sci nautico, wake board, wake surf e jetski ad Antibes","robots":{"index":"index","follow":"follow","max-snippet":"max-snippet:-1","max-image-preview":"max-image-preview:large","max-video-preview":"max-video-preview:-1"},"canonical":"https:\/\/www.hotel-royal-antibes.com\/it\/il-divertimento\/","og_locale":"it_IT","og_type":"article","og_title":"Antibes \u00e8 una destinazione adatta per l'intrattenimento","og_description":"Sci nautico, wake board, wake surf e jetski ad Antibes","og_url":"https:\/\/www.hotel-royal-antibes.com\/it\/il-divertimento\/","og_site_name":"Royal Antibes","article_modified_time":"2022-05-06T11:35:44+00:00","og_image":[{"width":1728,"height":1152,"url":"https:\/\/www.hotel-royal-antibes.com\/wp-content\/uploads\/2016\/04\/watersports-loisirs-1.jpg","type":"image\/jpeg"}],"twitter_card":"summary_large_image","twitter_misc":{"Tempo di lettura stimato":"1 minuto"},"schema":{"@context":"https:\/\/schema.org","@graph":[{"@type":"WebPage","@id":"https:\/\/www.hotel-royal-antibes.com\/it\/il-divertimento\/","url":"https:\/\/www.hotel-royal-antibes.com\/it\/il-divertimento\/","name":"Antibes \u00e8 una destinazione adatta per l'intrattenimento","isPartOf":{"@id":"https:\/\/www.hotel-royal-antibes.com\/it\/#website"},"primaryImageOfPage":{"@id":"https:\/\/www.hotel-royal-antibes.com\/it\/il-divertimento\/#primaryimage"},"image":{"@id":"https:\/\/www.hotel-royal-antibes.com\/it\/il-divertimento\/#primaryimage"},"thumbnailUrl":"https:\/\/www.hotel-royal-antibes.com\/wp-content\/uploads\/2016\/04\/watersports-loisirs-1.jpg","datePublished":"2016-03-23T11:55:59+00:00","dateModified":"2022-05-06T11:35:44+00:00","description":"Sci nautico, wake board, wake surf e jetski ad Antibes","breadcrumb":{"@id":"https:\/\/www.hotel-royal-antibes.com\/it\/il-divertimento\/#breadcrumb"},"inLanguage":"it-IT","potentialAction":[{"@type":"ReadAction","target":["https:\/\/www.hotel-royal-antibes.com\/it\/il-divertimento\/"]}]},{"@type":"ImageObject","inLanguage":"it-IT","@id":"https:\/\/www.hotel-royal-antibes.com\/it\/il-divertimento\/#primaryimage","url":"https:\/\/www.hotel-royal-antibes.com\/wp-content\/uploads\/2016\/04\/watersports-loisirs-1.jpg","contentUrl":"https:\/\/www.hotel-royal-antibes.com\/wp-content\/uploads\/2016\/04\/watersports-loisirs-1.jpg","width":1728,"height":1152},{"@type":"BreadcrumbList","@id":"https:\/\/www.hotel-royal-antibes.com\/it\/il-divertimento\/#breadcrumb","itemListElement":[{"@type":"ListItem","position":1,"name":"Hotel Royal Antibes","item":"https:\/\/www.hotel-royal-antibes.com\/it\/"},{"@type":"ListItem","position":2,"name":"Il divertimento"}]},{"@type":"WebSite","@id":"https:\/\/www.hotel-royal-antibes.com\/it\/#website","url":"https:\/\/www.hotel-royal-antibes.com\/it\/","name":"Royal Antibes","description":"Luxury hotel in Antibes on French Riviera","potentialAction":[{"@type":"SearchAction","target":{"@type":"EntryPoint","urlTemplate":"https:\/\/www.hotel-royal-antibes.com\/it\/?s={search_term_string}"},"query-input":{"@type":"PropertyValueSpecification","valueRequired":true,"valueName":"search_term_string"}}],"inLanguage":"it-IT"}]}},"_links":{"self":[{"href":"https:\/\/www.hotel-royal-antibes.com\/it\/wp-json\/wp\/v2\/pages\/1737","targetHints":{"allow":["GET"]}}],"collection":[{"href":"https:\/\/www.hotel-royal-antibes.com\/it\/wp-json\/wp\/v2\/pages"}],"about":[{"href":"https:\/\/www.hotel-royal-antibes.com\/it\/wp-json\/wp\/v2\/types\/page"}],"author":[{"embeddable":true,"href":"https:\/\/www.hotel-royal-antibes.com\/it\/wp-json\/wp\/v2\/users\/4"}],"replies":[{"embeddable":true,"href":"https:\/\/www.hotel-royal-antibes.com\/it\/wp-json\/wp\/v2\/comments?post=1737"}],"version-history":[{"count":6,"href":"https:\/\/www.hotel-royal-antibes.com\/it\/wp-json\/wp\/v2\/pages\/1737\/revisions"}],"predecessor-version":[{"id":7376,"href":"https:\/\/www.hotel-royal-antibes.com\/it\/wp-json\/wp\/v2\/pages\/1737\/revisions\/7376"}],"wp:featuredmedia":[{"embeddable":true,"href":"https:\/\/www.hotel-royal-antibes.com\/it\/wp-json\/wp\/v2\/media\/2059"}],"wp:attachment":[{"href":"https:\/\/www.hotel-royal-antibes.com\/it\/wp-json\/wp\/v2\/media?parent=1737"}],"curies":[{"name":"wp","href":"https:\/\/api.w.org\/{rel}","templated":true}]}}