{"id":1736,"date":"2016-03-16T17:37:57","date_gmt":"2016-03-16T16:37:57","guid":{"rendered":"http:\/\/www.hotel-royal-antibes.com\/it\/les-installations\/"},"modified":"2026-04-01T11:08:40","modified_gmt":"2026-04-01T10:08:40","slug":"albergo-lungo-al-mare","status":"publish","type":"page","link":"https:\/\/www.hotel-royal-antibes.com\/it\/albergo-lungo-al-mare\/","title":{"rendered":"La spiaggia"},"content":{"rendered":"<p>[vc_row][vc_column][rev_slider_vc alias=&#8221;slider-installations&#8221;][\/vc_column][\/vc_row][vc_row][vc_column el_class=&#8221;title-page&#8221;][vc_column_text]<\/p>\n<h1 style=\"text-align: center;\">Le Attrezzature della Spiaggia<\/h1>\n<p>[\/vc_column_text][\/vc_column][\/vc_row][vc_row gap=&#8221;30&#8243;][vc_column width=&#8221;2\/3&#8243;][vc_column_text]<\/p>\n<h3>La spiaggia Royal Beach, uno scenario idilliaco in cui le regole del dolce far niente hanno senso\u2026<\/h3>\n<p>Sin dall\u2019arrivo delle temperature pi\u00f9 favorevoli, il team del ROYAL BEACH vi accoglie su una delle pi\u00f9 belle spiagge private della Costa Azzurra situata a 5 minuti a piedi dal centro di Antibes. In uno scenario paradisiaco in riva al mare, le vostre giornate saranno sinonimo di fuga e tranquillit\u00e0.<\/p>\n<p>Tra la spiaggia sabbiosa e il pontile che si affaccia direttamente sul Mediterraneo sono distribuite 170 lettini, per offrirvi un\u2019esperienza unica e di relax assoluto. Immaginate di abbronzarvi in riva al mare sotto i raggi del sole della Costa Azzurra, i piedi nell\u2019acqua turchese a contemplare le Alpi innevate che si riflettono sul Mediterraneo. Di tanto in tanto, rinfrescatevi nuotando nelle acque della baia dell\u2019Isoletta al dolce ritmo della Riviera Francese. Voglia di freschezza o di golosit\u00e0? ? Restate distesi sui lettini e rilassatevi, il nostro ristorante e bar della spiaggia si occuper\u00e0 di voi.<\/p>\n<p>La spiaggia Royal Beach si trova a 80 metri di fronte all\u2019hotel Royal Antibes. Tutte le strutture sono accessibili anche alla clientela esterna che pu\u00f2 usufruire del parcheggio dell\u2019hotel a seconda della disponibilit\u00e0. Disponiamo di uno battello Zodiac che vi verr\u00e0 a prendere sulla vostra barca e vi ci riporter\u00e0 a fine giornata! (Servizio offerto su richiesta a seconda della disponibilit\u00e0)<\/p>\n<p>&nbsp;<\/p>\n<h3>Tariffe<\/h3>\n<p>Lettino sulla spiaggia sabbiosa con ombrellone- : 35\u20ac al giorno per la prima linea &amp; 30 \u20ac al giorno dalla seconda linea<br \/>\nLettino sul pontile sopraelevato con ombrellone : 45\u20ac al giorno per la prima linea &amp; 40 \u20ac al giorno dalla seconda linea<\/p>\n<p>Noleggio Teli da mare:\u00a0 5 \u20ac \/ persona<\/p>\n<p>(A prenotare in anticipo \/In caso di rinuncia vi preghiamo di avvisarci al pi\u00f9 tardi il giorno precedente pena fatturazione)[\/vc_column_text][\/vc_column][vc_column width=&#8221;1\/3&#8243; el_class=&#8221;bg-gris-texture&#8221;][vc_column_text]<\/p>\n<p style=\"text-align: center;\"><img decoding=\"async\" class=\"alignnone size-full wp-image-528\" src=\"http:\/\/www.hotel-royal-antibes.com\/wp-content\/uploads\/2016\/03\/picto-big-beach.png\" alt=\"picto-big-beach\" width=\"128\" height=\"92\" \/><\/p>\n<p style=\"text-align: center;\">Aperta dal 28 Marzo 2026<\/p>\n<p style=\"text-align: center;\">Dal Aprile al mi-giugno &amp; settembre, ottobre : tutti i giorni dal 9h00 al 18h00<\/p>\n<p style=\"text-align: center;\">Dal mi-giugno al Agosto :<\/p>\n<p style=\"text-align: center;\">Lunedi e martedi : dal 9h00 al 19h00<\/p>\n<p style=\"text-align: center;\">Dal mercoledi al domenica dal 9h00 al 23h00<\/p>\n<p style=\"text-align: center;\">Lo staff della ROYAL BEACH<br \/>\nTel. <a href=\"tel:+33 (0)4 93 33 72 81\">+33 (0)4 93 33 72 81<\/a><\/p>\n<p>[\/vc_column_text][\/vc_column][\/vc_row][vc_row][vc_column][vc_column_text]<\/p>\n<div class=\"h1\" ><span style=\"font-size: 24px;\">Scopri anche<\/span><\/div>\n<p>[\/vc_column_text][\/vc_column][\/vc_row][vc_row][vc_column][vc_basic_grid post_type=&#8221;ids&#8221; element_width=&#8221;6&#8243; gap=&#8221;10&#8243; item=&#8221;759&#8243; grid_id=&#8221;vc_gid:1775038052416-cbb01e40-7dd5-1&#8243; include=&#8221;626, 614, 1734, 1737&#8243;][\/vc_column][\/vc_row]<\/p>\n","protected":false},"excerpt":{"rendered":"<p>[vc_row][vc_column][rev_slider_vc alias=&#8221;slider-installations&#8221;][\/vc_column][\/vc_row][vc_row][vc_column el_class=&#8221;title-page&#8221;][vc_column_text] Le Attrezzature della Spiaggia [\/vc_column_text][\/vc_column][\/vc_row][vc_row gap=&#8221;30&#8243;][vc_column width=&#8221;2\/3&#8243;][vc_column_text] La spiaggia Royal Beach, uno scenario idilliaco in cui le regole del dolce far niente hanno senso\u2026 Sin dall\u2019arrivo delle temperature pi\u00f9 favorevoli, il team del ROYAL BEACH vi accoglie su una delle pi\u00f9 belle spiagge private della Costa Azzurra situata a 5 minuti a [&hellip;]<\/p>\n","protected":false},"author":4,"featured_media":9025,"parent":0,"menu_order":0,"comment_status":"closed","ping_status":"closed","template":"","meta":{"_acf_changed":false,"footnotes":""},"class_list":["post-1736","page","type-page","status-publish","has-post-thumbnail","hentry"],"acf":[],"yoast_head":"<!-- This site is optimized with the Yoast SEO plugin v26.9 - https:\/\/yoast.com\/product\/yoast-seo-wordpress\/ -->\n<title>Albergo lungo al mare : Prenotazione di sdraio e lettini alla spiaggia Royal Beach<\/title>\n<meta name=\"description\" content=\"Albergo lungo al mare : Prenotazioni di sdraio, lettini e asciugamani alla spiaggia Royal Beach. 120 lettini disponibili per godere del sole.\" \/>\n<meta name=\"robots\" content=\"index, follow, max-snippet:-1, max-image-preview:large, max-video-preview:-1\" \/>\n<link rel=\"canonical\" href=\"https:\/\/www.hotel-royal-antibes.com\/it\/albergo-lungo-al-mare\/\" \/>\n<meta property=\"og:locale\" content=\"it_IT\" \/>\n<meta property=\"og:type\" content=\"article\" \/>\n<meta property=\"og:title\" content=\"Albergo lungo al mare : Prenotazione di sdraio e lettini alla spiaggia Royal Beach\" \/>\n<meta property=\"og:description\" content=\"Albergo lungo al mare : Prenotazioni di sdraio, lettini e asciugamani alla spiaggia Royal Beach. 120 lettini disponibili per godere del sole.\" \/>\n<meta property=\"og:url\" content=\"https:\/\/www.hotel-royal-antibes.com\/it\/albergo-lungo-al-mare\/\" \/>\n<meta property=\"og:site_name\" content=\"Royal Antibes\" \/>\n<meta property=\"article:modified_time\" content=\"2026-04-01T10:08:40+00:00\" \/>\n<meta property=\"og:image\" content=\"https:\/\/www.hotel-royal-antibes.com\/wp-content\/uploads\/2025\/08\/ROYAL-BEACH-VUE-DE-HAUT.jpg\" \/>\n\t<meta property=\"og:image:width\" content=\"1920\" \/>\n\t<meta property=\"og:image:height\" content=\"1080\" \/>\n\t<meta property=\"og:image:type\" content=\"image\/jpeg\" \/>\n<meta name=\"twitter:card\" content=\"summary_large_image\" \/>\n<meta name=\"twitter:label1\" content=\"Tempo di lettura stimato\" \/>\n\t<meta name=\"twitter:data1\" content=\"3 minuti\" \/>\n<script type=\"application\/ld+json\" class=\"yoast-schema-graph\">{\"@context\":\"https:\/\/schema.org\",\"@graph\":[{\"@type\":\"WebPage\",\"@id\":\"https:\/\/www.hotel-royal-antibes.com\/it\/albergo-lungo-al-mare\/\",\"url\":\"https:\/\/www.hotel-royal-antibes.com\/it\/albergo-lungo-al-mare\/\",\"name\":\"Albergo lungo al mare : Prenotazione di sdraio e lettini alla spiaggia Royal Beach\",\"isPartOf\":{\"@id\":\"https:\/\/www.hotel-royal-antibes.com\/it\/#website\"},\"primaryImageOfPage\":{\"@id\":\"https:\/\/www.hotel-royal-antibes.com\/it\/albergo-lungo-al-mare\/#primaryimage\"},\"image\":{\"@id\":\"https:\/\/www.hotel-royal-antibes.com\/it\/albergo-lungo-al-mare\/#primaryimage\"},\"thumbnailUrl\":\"https:\/\/www.hotel-royal-antibes.com\/wp-content\/uploads\/2025\/08\/ROYAL-BEACH-VUE-DE-HAUT.jpg\",\"datePublished\":\"2016-03-16T16:37:57+00:00\",\"dateModified\":\"2026-04-01T10:08:40+00:00\",\"description\":\"Albergo lungo al mare : Prenotazioni di sdraio, lettini e asciugamani alla spiaggia Royal Beach. 120 lettini disponibili per godere del sole.\",\"breadcrumb\":{\"@id\":\"https:\/\/www.hotel-royal-antibes.com\/it\/albergo-lungo-al-mare\/#breadcrumb\"},\"inLanguage\":\"it-IT\",\"potentialAction\":[{\"@type\":\"ReadAction\",\"target\":[\"https:\/\/www.hotel-royal-antibes.com\/it\/albergo-lungo-al-mare\/\"]}]},{\"@type\":\"ImageObject\",\"inLanguage\":\"it-IT\",\"@id\":\"https:\/\/www.hotel-royal-antibes.com\/it\/albergo-lungo-al-mare\/#primaryimage\",\"url\":\"https:\/\/www.hotel-royal-antibes.com\/wp-content\/uploads\/2025\/08\/ROYAL-BEACH-VUE-DE-HAUT.jpg\",\"contentUrl\":\"https:\/\/www.hotel-royal-antibes.com\/wp-content\/uploads\/2025\/08\/ROYAL-BEACH-VUE-DE-HAUT.jpg\",\"width\":1920,\"height\":1080},{\"@type\":\"BreadcrumbList\",\"@id\":\"https:\/\/www.hotel-royal-antibes.com\/it\/albergo-lungo-al-mare\/#breadcrumb\",\"itemListElement\":[{\"@type\":\"ListItem\",\"position\":1,\"name\":\"Hotel Royal Antibes\",\"item\":\"https:\/\/www.hotel-royal-antibes.com\/it\/\"},{\"@type\":\"ListItem\",\"position\":2,\"name\":\"La spiaggia\"}]},{\"@type\":\"WebSite\",\"@id\":\"https:\/\/www.hotel-royal-antibes.com\/it\/#website\",\"url\":\"https:\/\/www.hotel-royal-antibes.com\/it\/\",\"name\":\"Royal Antibes\",\"description\":\"Luxury hotel in Antibes on French Riviera\",\"potentialAction\":[{\"@type\":\"SearchAction\",\"target\":{\"@type\":\"EntryPoint\",\"urlTemplate\":\"https:\/\/www.hotel-royal-antibes.com\/it\/?s={search_term_string}\"},\"query-input\":{\"@type\":\"PropertyValueSpecification\",\"valueRequired\":true,\"valueName\":\"search_term_string\"}}],\"inLanguage\":\"it-IT\"}]}<\/script>\n<!-- \/ Yoast SEO plugin. -->","yoast_head_json":{"title":"Albergo lungo al mare : Prenotazione di sdraio e lettini alla spiaggia Royal Beach","description":"Albergo lungo al mare : Prenotazioni di sdraio, lettini e asciugamani alla spiaggia Royal Beach. 120 lettini disponibili per godere del sole.","robots":{"index":"index","follow":"follow","max-snippet":"max-snippet:-1","max-image-preview":"max-image-preview:large","max-video-preview":"max-video-preview:-1"},"canonical":"https:\/\/www.hotel-royal-antibes.com\/it\/albergo-lungo-al-mare\/","og_locale":"it_IT","og_type":"article","og_title":"Albergo lungo al mare : Prenotazione di sdraio e lettini alla spiaggia Royal Beach","og_description":"Albergo lungo al mare : Prenotazioni di sdraio, lettini e asciugamani alla spiaggia Royal Beach. 120 lettini disponibili per godere del sole.","og_url":"https:\/\/www.hotel-royal-antibes.com\/it\/albergo-lungo-al-mare\/","og_site_name":"Royal Antibes","article_modified_time":"2026-04-01T10:08:40+00:00","og_image":[{"width":1920,"height":1080,"url":"https:\/\/www.hotel-royal-antibes.com\/wp-content\/uploads\/2025\/08\/ROYAL-BEACH-VUE-DE-HAUT.jpg","type":"image\/jpeg"}],"twitter_card":"summary_large_image","twitter_misc":{"Tempo di lettura stimato":"3 minuti"},"schema":{"@context":"https:\/\/schema.org","@graph":[{"@type":"WebPage","@id":"https:\/\/www.hotel-royal-antibes.com\/it\/albergo-lungo-al-mare\/","url":"https:\/\/www.hotel-royal-antibes.com\/it\/albergo-lungo-al-mare\/","name":"Albergo lungo al mare : Prenotazione di sdraio e lettini alla spiaggia Royal Beach","isPartOf":{"@id":"https:\/\/www.hotel-royal-antibes.com\/it\/#website"},"primaryImageOfPage":{"@id":"https:\/\/www.hotel-royal-antibes.com\/it\/albergo-lungo-al-mare\/#primaryimage"},"image":{"@id":"https:\/\/www.hotel-royal-antibes.com\/it\/albergo-lungo-al-mare\/#primaryimage"},"thumbnailUrl":"https:\/\/www.hotel-royal-antibes.com\/wp-content\/uploads\/2025\/08\/ROYAL-BEACH-VUE-DE-HAUT.jpg","datePublished":"2016-03-16T16:37:57+00:00","dateModified":"2026-04-01T10:08:40+00:00","description":"Albergo lungo al mare : Prenotazioni di sdraio, lettini e asciugamani alla spiaggia Royal Beach. 120 lettini disponibili per godere del sole.","breadcrumb":{"@id":"https:\/\/www.hotel-royal-antibes.com\/it\/albergo-lungo-al-mare\/#breadcrumb"},"inLanguage":"it-IT","potentialAction":[{"@type":"ReadAction","target":["https:\/\/www.hotel-royal-antibes.com\/it\/albergo-lungo-al-mare\/"]}]},{"@type":"ImageObject","inLanguage":"it-IT","@id":"https:\/\/www.hotel-royal-antibes.com\/it\/albergo-lungo-al-mare\/#primaryimage","url":"https:\/\/www.hotel-royal-antibes.com\/wp-content\/uploads\/2025\/08\/ROYAL-BEACH-VUE-DE-HAUT.jpg","contentUrl":"https:\/\/www.hotel-royal-antibes.com\/wp-content\/uploads\/2025\/08\/ROYAL-BEACH-VUE-DE-HAUT.jpg","width":1920,"height":1080},{"@type":"BreadcrumbList","@id":"https:\/\/www.hotel-royal-antibes.com\/it\/albergo-lungo-al-mare\/#breadcrumb","itemListElement":[{"@type":"ListItem","position":1,"name":"Hotel Royal Antibes","item":"https:\/\/www.hotel-royal-antibes.com\/it\/"},{"@type":"ListItem","position":2,"name":"La spiaggia"}]},{"@type":"WebSite","@id":"https:\/\/www.hotel-royal-antibes.com\/it\/#website","url":"https:\/\/www.hotel-royal-antibes.com\/it\/","name":"Royal Antibes","description":"Luxury hotel in Antibes on French Riviera","potentialAction":[{"@type":"SearchAction","target":{"@type":"EntryPoint","urlTemplate":"https:\/\/www.hotel-royal-antibes.com\/it\/?s={search_term_string}"},"query-input":{"@type":"PropertyValueSpecification","valueRequired":true,"valueName":"search_term_string"}}],"inLanguage":"it-IT"}]}},"_links":{"self":[{"href":"https:\/\/www.hotel-royal-antibes.com\/it\/wp-json\/wp\/v2\/pages\/1736","targetHints":{"allow":["GET"]}}],"collection":[{"href":"https:\/\/www.hotel-royal-antibes.com\/it\/wp-json\/wp\/v2\/pages"}],"about":[{"href":"https:\/\/www.hotel-royal-antibes.com\/it\/wp-json\/wp\/v2\/types\/page"}],"author":[{"embeddable":true,"href":"https:\/\/www.hotel-royal-antibes.com\/it\/wp-json\/wp\/v2\/users\/4"}],"replies":[{"embeddable":true,"href":"https:\/\/www.hotel-royal-antibes.com\/it\/wp-json\/wp\/v2\/comments?post=1736"}],"version-history":[{"count":25,"href":"https:\/\/www.hotel-royal-antibes.com\/it\/wp-json\/wp\/v2\/pages\/1736\/revisions"}],"predecessor-version":[{"id":9591,"href":"https:\/\/www.hotel-royal-antibes.com\/it\/wp-json\/wp\/v2\/pages\/1736\/revisions\/9591"}],"wp:featuredmedia":[{"embeddable":true,"href":"https:\/\/www.hotel-royal-antibes.com\/it\/wp-json\/wp\/v2\/media\/9025"}],"wp:attachment":[{"href":"https:\/\/www.hotel-royal-antibes.com\/it\/wp-json\/wp\/v2\/media?parent=1736"}],"curies":[{"name":"wp","href":"https:\/\/api.w.org\/{rel}","templated":true}]}}