{"id":1735,"date":"2016-03-23T15:36:31","date_gmt":"2016-03-23T14:36:31","guid":{"rendered":"http:\/\/www.hotel-royal-antibes.com\/it\/forfaits\/"},"modified":"2026-02-07T15:11:06","modified_gmt":"2026-02-07T14:11:06","slug":"pacchetti-2","status":"publish","type":"page","link":"https:\/\/www.hotel-royal-antibes.com\/it\/pacchetti\/","title":{"rendered":"Pacchetti"},"content":{"rendered":"<p>[vc_row][vc_column][rev_slider_vc alias=&#8221;slider-seminaires&#8221;][\/vc_column][\/vc_row][vc_row][vc_column el_class=&#8221;title-page&#8221;][vc_column_text]<\/p>\n<h1 style=\"text-align: center;\">Pacchetti<\/h1>\n<p>[\/vc_column_text][\/vc_column][\/vc_row][vc_row gap=&#8221;30&#8243;][vc_column width=&#8221;2\/3&#8243;][vc_column_text]<\/p>\n<h3>Parola d&#8217;ordine : servizio personalizzato\u2026<\/h3>\n<p>Lavoriamo per venire incontro al vostro budget, per trovare il giusto equilibrio tra le vostre esigenze ed i nostri criteri.<\/p>\n<p>Tariffe Tasse incluse indicative per persona, a seconda del periodo, per un minimo di 8 persone<\/p>\n<p>&nbsp;<\/p>\n<p><span style=\"text-decoration: underline;\">Giornata di studio:<\/span> a partire da 100 \u20ac<\/p>\n<p>Compreso affitto sala attrezzata, 1 caff\u00e8 di benvenuto, 2 pause caff\u00e8 e un pranzo due portate con aqua &amp; caff\u00e8.<\/p>\n<p><strong><a href=\"https:\/\/www.hotel-royal-antibes.com\/wp-content\/uploads\/2026\/02\/8.-JOURNEE-DETUDE-2026_ROYAL-ENG.pdf\" target=\"_blank\" rel=\"noopener noreferrer\"><button class=\"download-button\">Royal <\/button> <\/a><a href=\"https:\/\/www.hotel-royal-antibes.com\/wp-content\/uploads\/2026\/02\/4.-JOURNEE-DETUDE-2025_AZUR-ENG.pdf\" target=\"_blank\" rel=\"noopener noreferrer\"><button class=\"download-button\">Azur<\/button> <\/a><a href=\"https:\/\/www.hotel-royal-antibes.com\/wp-content\/uploads\/2026\/02\/6.-JOURNEE-DETUDE-2025_RIVIERA-ENG.pdf\" target=\"_blank\" rel=\"noopener noreferrer\"><button class=\"download-button\">Riviera<\/button><\/a><\/strong><\/p>\n<p>&nbsp;<\/p>\n<p><u>Semi-residenziale singolo:<\/u> a partire da 200\u20ac<\/p>\n<p>Compreso 1 notte in camera classica, 1 colazione, affitto della sala attrezzata, 2 pause caff\u00e8, 1 pranzo due portate con aqua &amp; caff\u00e8.<\/p>\n<p>&nbsp;<\/p>\n<p><u>Residenziale singolo:<\/u> a partire da 250\u20ac<\/p>\n<p>Compreso 1 notte in camera classica, 1 colazione, affitto della sala attrezzata, 2 pause caff\u00e8, 1 pranzo due portate con aqua &amp; caff\u00e8 e 1 cena<\/p>\n<p>&nbsp;<\/p>\n<p>&nbsp;<\/p>\n<table style=\"width: 548px;\">\n<tbody>\n<tr>\n<td style=\"width: 138px;\"><strong>Spazi<\/strong><\/td>\n<td style=\"width: 53px;\"><strong>Size (m\u00b2)<\/strong><\/td>\n<td style=\"width: 34px;\"><img decoding=\"async\" class=\"size-full wp-image-665 aligncenter\" src=\"http:\/\/www.hotel-royal-antibes.com\/wp-content\/uploads\/2016\/03\/icon-forfait-seminaire-1.jpg\" alt=\"icon-forfait-seminaire-1\" width=\"44\" height=\"41\" \/><\/td>\n<td style=\"width: 34px;\"><img decoding=\"async\" class=\"alignnone size-full wp-image-667\" src=\"http:\/\/www.hotel-royal-antibes.com\/wp-content\/uploads\/2016\/03\/icon-forfait-seminaire-2.jpg\" alt=\"icon-forfait-seminaire-2\" width=\"44\" height=\"41\" \/><\/td>\n<td style=\"width: 34px;\"><img decoding=\"async\" class=\"alignnone size-full wp-image-669\" src=\"http:\/\/www.hotel-royal-antibes.com\/wp-content\/uploads\/2016\/03\/icon-forfait-seminaire-3.jpg\" alt=\"icon-forfait-seminaire-3\" width=\"44\" height=\"41\" \/><\/td>\n<td style=\"width: 37px;\"><img decoding=\"async\" class=\"alignnone size-full wp-image-673\" src=\"http:\/\/www.hotel-royal-antibes.com\/wp-content\/uploads\/2016\/03\/icon-forfait-seminaire-5.jpg\" alt=\"icon-forfait-seminaire-5\" width=\"44\" height=\"41\" \/><\/td>\n<td style=\"width: 90px;\"><strong>Luce del giorno<\/strong><\/td>\n<td style=\"width: 65px;\"><strong>Terrazza<\/strong><\/td>\n<td style=\"width: 63px;\"><strong>Vista mare<\/strong><\/td>\n<\/tr>\n<tr>\n<td style=\"width: 138px;\">Sala Riviera<\/td>\n<td style=\"width: 53px;\">80<\/td>\n<td style=\"width: 34px;\">55<\/td>\n<td style=\"width: 34px;\">30<\/td>\n<td style=\"width: 34px;\">30<\/td>\n<td style=\"width: 37px;\">70<\/td>\n<td style=\"width: 90px;\">No<\/td>\n<td style=\"width: 65px;\">No<\/td>\n<td style=\"width: 63px;\">No<\/td>\n<\/tr>\n<tr>\n<td style=\"width: 138px;\">Appartemento Royal<\/td>\n<td style=\"width: 53px;\">25<\/td>\n<td style=\"width: 34px;\">10<\/td>\n<td style=\"width: 34px;\">12<\/td>\n<td style=\"width: 34px;\">10<\/td>\n<td style=\"width: 37px;\">30<\/td>\n<td style=\"width: 90px;\">Yes<\/td>\n<td style=\"width: 65px;\">Yes<\/td>\n<td style=\"width: 63px;\">Yes<\/td>\n<\/tr>\n<tr>\n<td style=\"width: 138px;\">Sala Azur<\/td>\n<td style=\"width: 53px;\">30<\/td>\n<td style=\"width: 34px;\">20<\/td>\n<td style=\"width: 34px;\">10<\/td>\n<td style=\"width: 34px;\">12<\/td>\n<td style=\"width: 37px;\">30<\/td>\n<td style=\"width: 90px;\">Yes<\/td>\n<td style=\"width: 65px;\">Yes<\/td>\n<td style=\"width: 63px;\">No<\/td>\n<\/tr>\n<tr>\n<td style=\"width: 138px;\">Royal Lounge<\/td>\n<td style=\"width: 53px;\">50<\/td>\n<td style=\"width: 34px;\">30<\/td>\n<td style=\"width: 34px;\">20<\/td>\n<td style=\"width: 34px;\">20<\/td>\n<td style=\"width: 37px;\">40<\/td>\n<td style=\"width: 90px;\">Yes<\/td>\n<td style=\"width: 65px;\">Yes<\/td>\n<td style=\"width: 63px;\">Yes<\/td>\n<\/tr>\n<tr>\n<td style=\"width: 138px;\">Royal Beach (spaggia)<\/td>\n<td style=\"width: 53px;\">200<\/td>\n<td style=\"width: 34px;\"><\/td>\n<td style=\"width: 34px;\"><\/td>\n<td style=\"width: 34px;\"><\/td>\n<td style=\"width: 37px;\">150<\/td>\n<td style=\"width: 90px;\">Yes<\/td>\n<td style=\"width: 65px;\">Yes<\/td>\n<td style=\"width: 63px;\">Yes<\/td>\n<\/tr>\n<tr>\n<td style=\"width: 138px;\">Royal Beach (sala interna)<\/td>\n<td style=\"width: 53px;\">30<\/td>\n<td style=\"width: 34px;\">15<\/td>\n<td style=\"width: 34px;\"><\/td>\n<td style=\"width: 34px;\">15<\/td>\n<td style=\"width: 37px;\">40<\/td>\n<td style=\"width: 90px;\">Yes<\/td>\n<td style=\"width: 65px;\">Yes<\/td>\n<td style=\"width: 63px;\">Yes<\/td>\n<\/tr>\n<\/tbody>\n<\/table>\n<p>&nbsp;<\/p>\n<p><a href=\"https:\/\/www.hotel-royal-antibes.com\/wp-content\/uploads\/2024\/08\/FACTSHEET-MEETING-ROOM-ROYAL-ANTIBES_2024_ENG.pdf\" target=\"_blank\" rel=\"noopener noreferrer\"><button class=\"download-button\">Scaricare gruppi e seminari<\/button><\/a><\/p>\n<p><a href=\"https:\/\/www.hotel-royal-antibes.com\/wp-content\/uploads\/2025\/12\/2025-FACTSHEET-ROOMS-AND-APT-WITH-STANDARD.pdf\" target=\"_blank\" rel=\"noopener noreferrer\"><button class=\"download-button\">Scaricare camere e appartamenti <\/button><\/a>[\/vc_column_text][\/vc_column][vc_column width=&#8221;1\/3&#8243; el_class=&#8221;form_devis_seminaire&#8221;]\n<div class=\"wpcf7 no-js\" id=\"wpcf7-f2131-o1\" lang=\"fr-FR\" dir=\"ltr\" data-wpcf7-id=\"2131\">\n<div class=\"screen-reader-response\"><p role=\"status\" aria-live=\"polite\" aria-atomic=\"true\"><\/p> <ul><\/ul><\/div>\n<form action=\"\/it\/wp-json\/wp\/v2\/pages\/1735#wpcf7-f2131-o1\" method=\"post\" class=\"wpcf7-form init\" aria-label=\"Formulaire de contact\" novalidate=\"novalidate\" data-status=\"init\">\n<fieldset class=\"hidden-fields-container\"><input type=\"hidden\" name=\"_wpcf7\" value=\"2131\" \/><input type=\"hidden\" name=\"_wpcf7_version\" value=\"6.1.5\" \/><input type=\"hidden\" name=\"_wpcf7_locale\" value=\"fr_FR\" \/><input type=\"hidden\" name=\"_wpcf7_unit_tag\" value=\"wpcf7-f2131-o1\" \/><input type=\"hidden\" name=\"_wpcf7_container_post\" value=\"0\" \/><input type=\"hidden\" name=\"_wpcf7_posted_data_hash\" value=\"\" \/><input type=\"hidden\" name=\"_wpcf7_recaptcha_response\" value=\"\" \/>\n<\/fieldset>\n<h2>Request for a cost estimate\n<\/h2>\n<p><br \/>\n<span class=\"wpcf7-form-control-wrap\" data-name=\"nom\"><input size=\"40\" maxlength=\"400\" class=\"wpcf7-form-control wpcf7-text wpcf7-validates-as-required\" aria-required=\"true\" aria-invalid=\"false\" placeholder=\"Cognome\" value=\"\" type=\"text\" name=\"nom\" \/><\/span>\n<\/p>\n<p><br \/>\n<span class=\"wpcf7-form-control-wrap\" data-name=\"prenom\"><input size=\"40\" maxlength=\"400\" class=\"wpcf7-form-control wpcf7-text wpcf7-validates-as-required\" aria-required=\"true\" aria-invalid=\"false\" placeholder=\"Nome\" value=\"\" type=\"text\" name=\"prenom\" \/><\/span>\n<\/p>\n<p><br \/>\n<span class=\"wpcf7-form-control-wrap\" data-name=\"tel\"><input size=\"40\" maxlength=\"400\" class=\"wpcf7-form-control wpcf7-tel wpcf7-validates-as-required wpcf7-text wpcf7-validates-as-tel\" aria-required=\"true\" aria-invalid=\"false\" placeholder=\"Tel\" value=\"\" type=\"tel\" name=\"tel\" \/><\/span>\n<\/p>\n<p><br \/>\n<span class=\"wpcf7-form-control-wrap\" data-name=\"email\"><input size=\"40\" maxlength=\"400\" class=\"wpcf7-form-control wpcf7-email wpcf7-validates-as-required wpcf7-text wpcf7-validates-as-email\" aria-required=\"true\" aria-invalid=\"false\" placeholder=\"Email\" value=\"\" type=\"email\" name=\"email\" \/><\/span>\n<\/p>\n<p><br \/>\n<span class=\"wpcf7-form-control-wrap\" data-name=\"nom_societe\"><input size=\"40\" maxlength=\"400\" class=\"wpcf7-form-control wpcf7-text wpcf7-validates-as-required\" aria-required=\"true\" aria-invalid=\"false\" placeholder=\"Nome della societ\u00e0\" value=\"\" type=\"text\" name=\"nom_societe\" \/><\/span>\n<\/p>\n<p><br \/>\n<span class=\"wpcf7-form-control-wrap\" data-name=\"ville\"><input size=\"40\" maxlength=\"400\" class=\"wpcf7-form-control wpcf7-text\" aria-invalid=\"false\" placeholder=\"Citt\u00e0\" value=\"\" type=\"text\" name=\"ville\" \/><\/span>\n<\/p>\n<p><br \/>\n<span class=\"wpcf7-form-control-wrap\" data-name=\"pays\"><input size=\"40\" maxlength=\"400\" class=\"wpcf7-form-control wpcf7-text wpcf7-validates-as-required\" aria-required=\"true\" aria-invalid=\"false\" placeholder=\"Paese\" value=\"\" type=\"text\" name=\"pays\" \/><\/span>\n<\/p>\n<p><br \/>\n<span class=\"wpcf7-form-control-wrap\" data-name=\"nombre_personnes\"><input class=\"wpcf7-form-control wpcf7-number wpcf7-validates-as-required wpcf7-validates-as-number\" min=\"1\" max=\"100\" aria-required=\"true\" aria-invalid=\"false\" placeholder=\"Numero di persone\" value=\"\" type=\"number\" name=\"nombre_personnes\" \/><\/span>\n<\/p>\n<p><br \/>\n<span class=\"wpcf7-form-control-wrap\" data-name=\"date_arrivee\"><input size=\"40\" maxlength=\"400\" class=\"wpcf7-form-control wpcf7-text wpcf7-validates-as-required datepicker\" aria-required=\"true\" aria-invalid=\"false\" placeholder=\"Data di arrivo\" value=\"\" type=\"text\" name=\"date_arrivee\" \/><\/span><span class=\"wpcf7-form-control-wrap\" data-name=\"date_depart\"><input size=\"40\" maxlength=\"400\" class=\"wpcf7-form-control wpcf7-text wpcf7-validates-as-required datepicker\" aria-required=\"true\" aria-invalid=\"false\" placeholder=\"Data di partenza\" value=\"\" type=\"text\" name=\"date_depart\" \/><\/span>\n<\/p>\n<p><br \/>\nLe date sono flessibili ?<br \/>\n<span class=\"wpcf7-form-control-wrap\" data-name=\"dates-flexibles\"><span class=\"wpcf7-form-control wpcf7-radio\"><span class=\"wpcf7-list-item first\"><label><input type=\"radio\" name=\"dates-flexibles\" value=\"Si\" \/><span class=\"wpcf7-list-item-label\">Si<\/span><\/label><\/span><span class=\"wpcf7-list-item last\"><label><input type=\"radio\" name=\"dates-flexibles\" value=\"No\" checked=\"checked\" \/><span class=\"wpcf7-list-item-label\">No<\/span><\/label><\/span><\/span><\/span>\n<\/p>\n<p><br \/>\n<span class=\"wpcf7-form-control-wrap\" data-name=\"budget-global\"><input class=\"wpcf7-form-control wpcf7-number wpcf7-validates-as-number\" aria-invalid=\"false\" placeholder=\"Qual \u00e8 il vostro budget complessivo\" value=\"\" type=\"number\" name=\"budget-global\" \/><\/span>\n<\/p>\n<p><br \/>\nDesiderate prenotare delle camere ?<br \/>\n<span class=\"wpcf7-form-control-wrap\" data-name=\"reserver-chambres\"><span class=\"wpcf7-form-control wpcf7-radio\"><span class=\"wpcf7-list-item first\"><label><input type=\"radio\" name=\"reserver-chambres\" value=\"Si\" \/><span class=\"wpcf7-list-item-label\">Si<\/span><\/label><\/span><span class=\"wpcf7-list-item last\"><label><input type=\"radio\" name=\"reserver-chambres\" value=\"No\" checked=\"checked\" \/><span class=\"wpcf7-list-item-label\">No<\/span><\/label><\/span><\/span><\/span>\n<\/p>\n<p><br \/>\nDesiderate prenotare la nostra sala conferenza ?<br \/>\n<span class=\"wpcf7-form-control-wrap\" data-name=\"reserver-salle-reunion\"><span class=\"wpcf7-form-control wpcf7-radio\"><span class=\"wpcf7-list-item first\"><label><input type=\"radio\" name=\"reserver-salle-reunion\" value=\"Si\" \/><span class=\"wpcf7-list-item-label\">Si<\/span><\/label><\/span><span class=\"wpcf7-list-item last\"><label><input type=\"radio\" name=\"reserver-salle-reunion\" value=\"No\" checked=\"checked\" \/><span class=\"wpcf7-list-item-label\">No<\/span><\/label><\/span><\/span><\/span>\n<\/p>\n<p><br \/>\n<span class=\"wpcf7-form-control-wrap\" data-name=\"besoins\"><textarea cols=\"40\" rows=\"10\" maxlength=\"2000\" class=\"wpcf7-form-control wpcf7-textarea wpcf7-validates-as-required\" aria-required=\"true\" aria-invalid=\"false\" placeholder=\"Elencate le vostre esigenze (fasce orarie, configurazione della sala, strumentazione)\" name=\"besoins\"><\/textarea><\/span>\n<\/p>\n<p><br \/>\nDesiderate organizzare delle pause o un pasto?<br \/>\n<span class=\"wpcf7-form-control-wrap\" data-name=\"pauses-ou-repas\"><span class=\"wpcf7-form-control wpcf7-radio\"><span class=\"wpcf7-list-item first\"><label><input type=\"radio\" name=\"pauses-ou-repas\" value=\"Si\" \/><span class=\"wpcf7-list-item-label\">Si<\/span><\/label><\/span><span class=\"wpcf7-list-item last\"><label><input type=\"radio\" name=\"pauses-ou-repas\" value=\"No\" checked=\"checked\" \/><span class=\"wpcf7-list-item-label\">No<\/span><\/label><\/span><\/span><\/span>\n<\/p>\n\n<p><br \/>\n<input class=\"wpcf7-form-control wpcf7-submit has-spinner\" type=\"submit\" value=\"Inviare\" \/>\n<\/p><div class=\"wpcf7-response-output\" aria-hidden=\"true\"><\/div>\n<\/form>\n<\/div>\n[vc_column_text]<\/p>\n<p style=\"text-align: center;\">Coordinamento Gruppi e Seminari<\/p>\n<p style=\"text-align: center;\">Tel. <a href=\"tel:+33 (0)4 83 61 91 93\">+33 (0)4 83 61 91 90<\/a><\/p>\n<p style=\"text-align: center;\"><a href=\"mailto:sales@royal-antibes.com\">sales@royal-antibes.com<\/a><\/p>\n<p>[\/vc_column_text][\/vc_column][\/vc_row][vc_row][vc_column][vc_column_text]<\/p>\n<div class=\"h1\" ><span style=\"font-size: 24px;\">Scopri anche<\/span><\/div>\n<p>[\/vc_column_text][\/vc_column][\/vc_row][vc_row][vc_column][vc_basic_grid post_type=&#8221;ids&#8221; element_width=&#8221;6&#8243; gap=&#8221;10&#8243; item=&#8221;759&#8243; grid_id=&#8221;vc_gid:1770473434554-ade26188-264e-10&#8243; include=&#8221;82, 652, 1740, 1731&#8243;][\/vc_column][\/vc_row]<\/p>\n","protected":false},"excerpt":{"rendered":"<p>[vc_row][vc_column][rev_slider_vc alias=&#8221;slider-seminaires&#8221;][\/vc_column][\/vc_row][vc_row][vc_column el_class=&#8221;title-page&#8221;][vc_column_text] Pacchetti [\/vc_column_text][\/vc_column][\/vc_row][vc_row gap=&#8221;30&#8243;][vc_column width=&#8221;2\/3&#8243;][vc_column_text] Parola d&#8217;ordine : servizio personalizzato\u2026 Lavoriamo per venire incontro al vostro budget, per trovare il giusto equilibrio tra le vostre esigenze ed i nostri criteri. Tariffe Tasse incluse indicative per persona, a seconda del periodo, per un minimo di 8 persone &nbsp; Giornata di studio: a partire da [&hellip;]<\/p>\n","protected":false},"author":4,"featured_media":5746,"parent":0,"menu_order":0,"comment_status":"closed","ping_status":"closed","template":"","meta":{"_acf_changed":false,"footnotes":""},"class_list":["post-1735","page","type-page","status-publish","has-post-thumbnail","hentry"],"acf":[],"yoast_head":"<!-- This site is optimized with the Yoast SEO plugin v26.9 - https:\/\/yoast.com\/product\/yoast-seo-wordpress\/ -->\n<title>Possibilit\u00e0 di seminario con salla di riunione atrezzata<\/title>\n<meta name=\"description\" content=\"Possibilit\u00e0 di seminario con salla di riunione atrezzata\" \/>\n<meta name=\"robots\" content=\"index, follow, max-snippet:-1, max-image-preview:large, max-video-preview:-1\" \/>\n<link rel=\"canonical\" href=\"https:\/\/www.hotel-royal-antibes.com\/it\/pacchetti\/\" \/>\n<meta property=\"og:locale\" content=\"it_IT\" \/>\n<meta property=\"og:type\" content=\"article\" \/>\n<meta property=\"og:title\" content=\"Possibilit\u00e0 di seminario con salla di riunione atrezzata\" \/>\n<meta property=\"og:description\" content=\"Possibilit\u00e0 di seminario con salla di riunione atrezzata\" \/>\n<meta property=\"og:url\" content=\"https:\/\/www.hotel-royal-antibes.com\/it\/pacchetti\/\" \/>\n<meta property=\"og:site_name\" content=\"Royal Antibes\" \/>\n<meta property=\"article:modified_time\" content=\"2026-02-07T14:11:06+00:00\" \/>\n<meta property=\"og:image\" content=\"https:\/\/www.hotel-royal-antibes.com\/wp-content\/uploads\/2017\/06\/pochette-seminaire-focus-2.jpg\" \/>\n\t<meta property=\"og:image:width\" content=\"1620\" \/>\n\t<meta property=\"og:image:height\" content=\"1080\" \/>\n\t<meta property=\"og:image:type\" content=\"image\/jpeg\" \/>\n<meta name=\"twitter:card\" content=\"summary_large_image\" \/>\n<meta name=\"twitter:label1\" content=\"Tempo di lettura stimato\" \/>\n\t<meta name=\"twitter:data1\" content=\"3 minuti\" \/>\n<script type=\"application\/ld+json\" class=\"yoast-schema-graph\">{\"@context\":\"https:\/\/schema.org\",\"@graph\":[{\"@type\":\"WebPage\",\"@id\":\"https:\/\/www.hotel-royal-antibes.com\/it\/pacchetti\/\",\"url\":\"https:\/\/www.hotel-royal-antibes.com\/it\/pacchetti\/\",\"name\":\"Possibilit\u00e0 di seminario con salla di riunione atrezzata\",\"isPartOf\":{\"@id\":\"https:\/\/www.hotel-royal-antibes.com\/it\/#website\"},\"primaryImageOfPage\":{\"@id\":\"https:\/\/www.hotel-royal-antibes.com\/it\/pacchetti\/#primaryimage\"},\"image\":{\"@id\":\"https:\/\/www.hotel-royal-antibes.com\/it\/pacchetti\/#primaryimage\"},\"thumbnailUrl\":\"https:\/\/www.hotel-royal-antibes.com\/wp-content\/uploads\/2017\/06\/pochette-seminaire-focus-2.jpg\",\"datePublished\":\"2016-03-23T14:36:31+00:00\",\"dateModified\":\"2026-02-07T14:11:06+00:00\",\"description\":\"Possibilit\u00e0 di seminario con salla di riunione atrezzata\",\"breadcrumb\":{\"@id\":\"https:\/\/www.hotel-royal-antibes.com\/it\/pacchetti\/#breadcrumb\"},\"inLanguage\":\"it-IT\",\"potentialAction\":[{\"@type\":\"ReadAction\",\"target\":[\"https:\/\/www.hotel-royal-antibes.com\/it\/pacchetti\/\"]}]},{\"@type\":\"ImageObject\",\"inLanguage\":\"it-IT\",\"@id\":\"https:\/\/www.hotel-royal-antibes.com\/it\/pacchetti\/#primaryimage\",\"url\":\"https:\/\/www.hotel-royal-antibes.com\/wp-content\/uploads\/2017\/06\/pochette-seminaire-focus-2.jpg\",\"contentUrl\":\"https:\/\/www.hotel-royal-antibes.com\/wp-content\/uploads\/2017\/06\/pochette-seminaire-focus-2.jpg\",\"width\":1620,\"height\":1080},{\"@type\":\"BreadcrumbList\",\"@id\":\"https:\/\/www.hotel-royal-antibes.com\/it\/pacchetti\/#breadcrumb\",\"itemListElement\":[{\"@type\":\"ListItem\",\"position\":1,\"name\":\"Hotel Royal Antibes\",\"item\":\"https:\/\/www.hotel-royal-antibes.com\/it\/\"},{\"@type\":\"ListItem\",\"position\":2,\"name\":\"Pacchetti\"}]},{\"@type\":\"WebSite\",\"@id\":\"https:\/\/www.hotel-royal-antibes.com\/it\/#website\",\"url\":\"https:\/\/www.hotel-royal-antibes.com\/it\/\",\"name\":\"Royal Antibes\",\"description\":\"Luxury hotel in Antibes on French Riviera\",\"potentialAction\":[{\"@type\":\"SearchAction\",\"target\":{\"@type\":\"EntryPoint\",\"urlTemplate\":\"https:\/\/www.hotel-royal-antibes.com\/it\/?s={search_term_string}\"},\"query-input\":{\"@type\":\"PropertyValueSpecification\",\"valueRequired\":true,\"valueName\":\"search_term_string\"}}],\"inLanguage\":\"it-IT\"}]}<\/script>\n<!-- \/ Yoast SEO plugin. -->","yoast_head_json":{"title":"Possibilit\u00e0 di seminario con salla di riunione atrezzata","description":"Possibilit\u00e0 di seminario con salla di riunione atrezzata","robots":{"index":"index","follow":"follow","max-snippet":"max-snippet:-1","max-image-preview":"max-image-preview:large","max-video-preview":"max-video-preview:-1"},"canonical":"https:\/\/www.hotel-royal-antibes.com\/it\/pacchetti\/","og_locale":"it_IT","og_type":"article","og_title":"Possibilit\u00e0 di seminario con salla di riunione atrezzata","og_description":"Possibilit\u00e0 di seminario con salla di riunione atrezzata","og_url":"https:\/\/www.hotel-royal-antibes.com\/it\/pacchetti\/","og_site_name":"Royal Antibes","article_modified_time":"2026-02-07T14:11:06+00:00","og_image":[{"width":1620,"height":1080,"url":"https:\/\/www.hotel-royal-antibes.com\/wp-content\/uploads\/2017\/06\/pochette-seminaire-focus-2.jpg","type":"image\/jpeg"}],"twitter_card":"summary_large_image","twitter_misc":{"Tempo di lettura stimato":"3 minuti"},"schema":{"@context":"https:\/\/schema.org","@graph":[{"@type":"WebPage","@id":"https:\/\/www.hotel-royal-antibes.com\/it\/pacchetti\/","url":"https:\/\/www.hotel-royal-antibes.com\/it\/pacchetti\/","name":"Possibilit\u00e0 di seminario con salla di riunione atrezzata","isPartOf":{"@id":"https:\/\/www.hotel-royal-antibes.com\/it\/#website"},"primaryImageOfPage":{"@id":"https:\/\/www.hotel-royal-antibes.com\/it\/pacchetti\/#primaryimage"},"image":{"@id":"https:\/\/www.hotel-royal-antibes.com\/it\/pacchetti\/#primaryimage"},"thumbnailUrl":"https:\/\/www.hotel-royal-antibes.com\/wp-content\/uploads\/2017\/06\/pochette-seminaire-focus-2.jpg","datePublished":"2016-03-23T14:36:31+00:00","dateModified":"2026-02-07T14:11:06+00:00","description":"Possibilit\u00e0 di seminario con salla di riunione atrezzata","breadcrumb":{"@id":"https:\/\/www.hotel-royal-antibes.com\/it\/pacchetti\/#breadcrumb"},"inLanguage":"it-IT","potentialAction":[{"@type":"ReadAction","target":["https:\/\/www.hotel-royal-antibes.com\/it\/pacchetti\/"]}]},{"@type":"ImageObject","inLanguage":"it-IT","@id":"https:\/\/www.hotel-royal-antibes.com\/it\/pacchetti\/#primaryimage","url":"https:\/\/www.hotel-royal-antibes.com\/wp-content\/uploads\/2017\/06\/pochette-seminaire-focus-2.jpg","contentUrl":"https:\/\/www.hotel-royal-antibes.com\/wp-content\/uploads\/2017\/06\/pochette-seminaire-focus-2.jpg","width":1620,"height":1080},{"@type":"BreadcrumbList","@id":"https:\/\/www.hotel-royal-antibes.com\/it\/pacchetti\/#breadcrumb","itemListElement":[{"@type":"ListItem","position":1,"name":"Hotel Royal Antibes","item":"https:\/\/www.hotel-royal-antibes.com\/it\/"},{"@type":"ListItem","position":2,"name":"Pacchetti"}]},{"@type":"WebSite","@id":"https:\/\/www.hotel-royal-antibes.com\/it\/#website","url":"https:\/\/www.hotel-royal-antibes.com\/it\/","name":"Royal Antibes","description":"Luxury hotel in Antibes on French Riviera","potentialAction":[{"@type":"SearchAction","target":{"@type":"EntryPoint","urlTemplate":"https:\/\/www.hotel-royal-antibes.com\/it\/?s={search_term_string}"},"query-input":{"@type":"PropertyValueSpecification","valueRequired":true,"valueName":"search_term_string"}}],"inLanguage":"it-IT"}]}},"_links":{"self":[{"href":"https:\/\/www.hotel-royal-antibes.com\/it\/wp-json\/wp\/v2\/pages\/1735","targetHints":{"allow":["GET"]}}],"collection":[{"href":"https:\/\/www.hotel-royal-antibes.com\/it\/wp-json\/wp\/v2\/pages"}],"about":[{"href":"https:\/\/www.hotel-royal-antibes.com\/it\/wp-json\/wp\/v2\/types\/page"}],"author":[{"embeddable":true,"href":"https:\/\/www.hotel-royal-antibes.com\/it\/wp-json\/wp\/v2\/users\/4"}],"replies":[{"embeddable":true,"href":"https:\/\/www.hotel-royal-antibes.com\/it\/wp-json\/wp\/v2\/comments?post=1735"}],"version-history":[{"count":21,"href":"https:\/\/www.hotel-royal-antibes.com\/it\/wp-json\/wp\/v2\/pages\/1735\/revisions"}],"predecessor-version":[{"id":9285,"href":"https:\/\/www.hotel-royal-antibes.com\/it\/wp-json\/wp\/v2\/pages\/1735\/revisions\/9285"}],"wp:featuredmedia":[{"embeddable":true,"href":"https:\/\/www.hotel-royal-antibes.com\/it\/wp-json\/wp\/v2\/media\/5746"}],"wp:attachment":[{"href":"https:\/\/www.hotel-royal-antibes.com\/it\/wp-json\/wp\/v2\/media?parent=1735"}],"curies":[{"name":"wp","href":"https:\/\/api.w.org\/{rel}","templated":true}]}}