{"id":1728,"date":"2016-03-23T17:38:31","date_gmt":"2016-03-23T16:38:31","guid":{"rendered":"http:\/\/www.hotel-royal-antibes.com\/it\/galerie\/"},"modified":"2023-12-02T13:23:51","modified_gmt":"2023-12-02T12:23:51","slug":"galerie-photo","status":"publish","type":"page","link":"https:\/\/www.hotel-royal-antibes.com\/it\/galerie-photo\/","title":{"rendered":"Galerie"},"content":{"rendered":"<p>[vc_row][vc_column][vc_masonry_media_grid initial_loading_animation=&#8221;fadeIn&#8221; grid_id=&#8221;vc_gid:1701519722620-094394d8-606a-8&#8243; include=&#8221;900,872,4257,4259,892,898,862,894,4244,7851,8077,4258,7856,896,8082,8121,916,8052,880,8067,884,8062,8126,858,842,7775,7836,7841,816,4255,818,1048,830,832,834,804,800,798,796,1042,1046,1050,1052,1054,792,1040,1038,1036,1034,1032,1030,1026,1024,1022,1019,947,962,1015,920,918,888,4243,8057,7846&#8243;][\/vc_column][\/vc_row]<\/p>\n","protected":false},"excerpt":{"rendered":"<p>[vc_row][vc_column][vc_masonry_media_grid initial_loading_animation=&#8221;fadeIn&#8221; grid_id=&#8221;vc_gid:1701519722620-094394d8-606a-8&#8243; include=&#8221;900,872,4257,4259,892,898,862,894,4244,7851,8077,4258,7856,896,8082,8121,916,8052,880,8067,884,8062,8126,858,842,7775,7836,7841,816,4255,818,1048,830,832,834,804,800,798,796,1042,1046,1050,1052,1054,792,1040,1038,1036,1034,1032,1030,1026,1024,1022,1019,947,962,1015,920,918,888,4243,8057,7846&#8243;][\/vc_column][\/vc_row]<\/p>\n","protected":false},"author":4,"featured_media":0,"parent":0,"menu_order":0,"comment_status":"closed","ping_status":"closed","template":"","meta":{"_acf_changed":false,"footnotes":""},"class_list":["post-1728","page","type-page","status-publish","hentry"],"acf":[],"yoast_head":"<!-- This site is optimized with the Yoast SEO plugin v26.9 - https:\/\/yoast.com\/product\/yoast-seo-wordpress\/ -->\n<title>Galerie photo de notre h\u00f4tel de luxe \u00e0 Antibes avec terrasse vue mer<\/title>\n<meta name=\"description\" content=\"Galerie photo de notre h\u00f4tel de luxe \u00e0 Antibes avec terrasse vue mer. Photo en qualit\u00e9 HD de Antibes, de la plage priv\u00e9e, du restaurant et Caf\u00e9 Royal, des chambre climatis\u00e9e, des appartements de luxe spacieux et de la suite royale.\" \/>\n<meta name=\"robots\" content=\"index, follow, max-snippet:-1, max-image-preview:large, max-video-preview:-1\" \/>\n<link rel=\"canonical\" href=\"https:\/\/www.hotel-royal-antibes.com\/it\/galerie-photo\/\" \/>\n<meta property=\"og:locale\" content=\"it_IT\" \/>\n<meta property=\"og:type\" content=\"article\" \/>\n<meta property=\"og:title\" content=\"Galerie photo de notre h\u00f4tel de luxe \u00e0 Antibes avec terrasse vue mer\" \/>\n<meta property=\"og:description\" content=\"Galerie photo de notre h\u00f4tel de luxe \u00e0 Antibes avec terrasse vue mer. Photo en qualit\u00e9 HD de Antibes, de la plage priv\u00e9e, du restaurant et Caf\u00e9 Royal, des chambre climatis\u00e9e, des appartements de luxe spacieux et de la suite royale.\" \/>\n<meta property=\"og:url\" content=\"https:\/\/www.hotel-royal-antibes.com\/it\/galerie-photo\/\" \/>\n<meta property=\"og:site_name\" content=\"Royal Antibes\" \/>\n<meta property=\"article:modified_time\" content=\"2023-12-02T12:23:51+00:00\" \/>\n<meta name=\"twitter:card\" content=\"summary_large_image\" \/>\n<meta name=\"twitter:label1\" content=\"Tempo di lettura stimato\" \/>\n\t<meta name=\"twitter:data1\" content=\"1 minuto\" \/>\n<script type=\"application\/ld+json\" class=\"yoast-schema-graph\">{\"@context\":\"https:\/\/schema.org\",\"@graph\":[{\"@type\":\"WebPage\",\"@id\":\"https:\/\/www.hotel-royal-antibes.com\/it\/galerie-photo\/\",\"url\":\"https:\/\/www.hotel-royal-antibes.com\/it\/galerie-photo\/\",\"name\":\"Galerie photo de notre h\u00f4tel de luxe \u00e0 Antibes avec terrasse vue mer\",\"isPartOf\":{\"@id\":\"https:\/\/www.hotel-royal-antibes.com\/it\/#website\"},\"datePublished\":\"2016-03-23T16:38:31+00:00\",\"dateModified\":\"2023-12-02T12:23:51+00:00\",\"description\":\"Galerie photo de notre h\u00f4tel de luxe \u00e0 Antibes avec terrasse vue mer. Photo en qualit\u00e9 HD de Antibes, de la plage priv\u00e9e, du restaurant et Caf\u00e9 Royal, des chambre climatis\u00e9e, des appartements de luxe spacieux et de la suite royale.\",\"breadcrumb\":{\"@id\":\"https:\/\/www.hotel-royal-antibes.com\/it\/galerie-photo\/#breadcrumb\"},\"inLanguage\":\"it-IT\",\"potentialAction\":[{\"@type\":\"ReadAction\",\"target\":[\"https:\/\/www.hotel-royal-antibes.com\/it\/galerie-photo\/\"]}]},{\"@type\":\"BreadcrumbList\",\"@id\":\"https:\/\/www.hotel-royal-antibes.com\/it\/galerie-photo\/#breadcrumb\",\"itemListElement\":[{\"@type\":\"ListItem\",\"position\":1,\"name\":\"Hotel Royal Antibes\",\"item\":\"https:\/\/www.hotel-royal-antibes.com\/it\/\"},{\"@type\":\"ListItem\",\"position\":2,\"name\":\"Galerie\"}]},{\"@type\":\"WebSite\",\"@id\":\"https:\/\/www.hotel-royal-antibes.com\/it\/#website\",\"url\":\"https:\/\/www.hotel-royal-antibes.com\/it\/\",\"name\":\"Royal Antibes\",\"description\":\"Luxury hotel in Antibes on French Riviera\",\"potentialAction\":[{\"@type\":\"SearchAction\",\"target\":{\"@type\":\"EntryPoint\",\"urlTemplate\":\"https:\/\/www.hotel-royal-antibes.com\/it\/?s={search_term_string}\"},\"query-input\":{\"@type\":\"PropertyValueSpecification\",\"valueRequired\":true,\"valueName\":\"search_term_string\"}}],\"inLanguage\":\"it-IT\"}]}<\/script>\n<!-- \/ Yoast SEO plugin. -->","yoast_head_json":{"title":"Galerie photo de notre h\u00f4tel de luxe \u00e0 Antibes avec terrasse vue mer","description":"Galerie photo de notre h\u00f4tel de luxe \u00e0 Antibes avec terrasse vue mer. Photo en qualit\u00e9 HD de Antibes, de la plage priv\u00e9e, du restaurant et Caf\u00e9 Royal, des chambre climatis\u00e9e, des appartements de luxe spacieux et de la suite royale.","robots":{"index":"index","follow":"follow","max-snippet":"max-snippet:-1","max-image-preview":"max-image-preview:large","max-video-preview":"max-video-preview:-1"},"canonical":"https:\/\/www.hotel-royal-antibes.com\/it\/galerie-photo\/","og_locale":"it_IT","og_type":"article","og_title":"Galerie photo de notre h\u00f4tel de luxe \u00e0 Antibes avec terrasse vue mer","og_description":"Galerie photo de notre h\u00f4tel de luxe \u00e0 Antibes avec terrasse vue mer. Photo en qualit\u00e9 HD de Antibes, de la plage priv\u00e9e, du restaurant et Caf\u00e9 Royal, des chambre climatis\u00e9e, des appartements de luxe spacieux et de la suite royale.","og_url":"https:\/\/www.hotel-royal-antibes.com\/it\/galerie-photo\/","og_site_name":"Royal Antibes","article_modified_time":"2023-12-02T12:23:51+00:00","twitter_card":"summary_large_image","twitter_misc":{"Tempo di lettura stimato":"1 minuto"},"schema":{"@context":"https:\/\/schema.org","@graph":[{"@type":"WebPage","@id":"https:\/\/www.hotel-royal-antibes.com\/it\/galerie-photo\/","url":"https:\/\/www.hotel-royal-antibes.com\/it\/galerie-photo\/","name":"Galerie photo de notre h\u00f4tel de luxe \u00e0 Antibes avec terrasse vue mer","isPartOf":{"@id":"https:\/\/www.hotel-royal-antibes.com\/it\/#website"},"datePublished":"2016-03-23T16:38:31+00:00","dateModified":"2023-12-02T12:23:51+00:00","description":"Galerie photo de notre h\u00f4tel de luxe \u00e0 Antibes avec terrasse vue mer. Photo en qualit\u00e9 HD de Antibes, de la plage priv\u00e9e, du restaurant et Caf\u00e9 Royal, des chambre climatis\u00e9e, des appartements de luxe spacieux et de la suite royale.","breadcrumb":{"@id":"https:\/\/www.hotel-royal-antibes.com\/it\/galerie-photo\/#breadcrumb"},"inLanguage":"it-IT","potentialAction":[{"@type":"ReadAction","target":["https:\/\/www.hotel-royal-antibes.com\/it\/galerie-photo\/"]}]},{"@type":"BreadcrumbList","@id":"https:\/\/www.hotel-royal-antibes.com\/it\/galerie-photo\/#breadcrumb","itemListElement":[{"@type":"ListItem","position":1,"name":"Hotel Royal Antibes","item":"https:\/\/www.hotel-royal-antibes.com\/it\/"},{"@type":"ListItem","position":2,"name":"Galerie"}]},{"@type":"WebSite","@id":"https:\/\/www.hotel-royal-antibes.com\/it\/#website","url":"https:\/\/www.hotel-royal-antibes.com\/it\/","name":"Royal Antibes","description":"Luxury hotel in Antibes on French Riviera","potentialAction":[{"@type":"SearchAction","target":{"@type":"EntryPoint","urlTemplate":"https:\/\/www.hotel-royal-antibes.com\/it\/?s={search_term_string}"},"query-input":{"@type":"PropertyValueSpecification","valueRequired":true,"valueName":"search_term_string"}}],"inLanguage":"it-IT"}]}},"_links":{"self":[{"href":"https:\/\/www.hotel-royal-antibes.com\/it\/wp-json\/wp\/v2\/pages\/1728","targetHints":{"allow":["GET"]}}],"collection":[{"href":"https:\/\/www.hotel-royal-antibes.com\/it\/wp-json\/wp\/v2\/pages"}],"about":[{"href":"https:\/\/www.hotel-royal-antibes.com\/it\/wp-json\/wp\/v2\/types\/page"}],"author":[{"embeddable":true,"href":"https:\/\/www.hotel-royal-antibes.com\/it\/wp-json\/wp\/v2\/users\/4"}],"replies":[{"embeddable":true,"href":"https:\/\/www.hotel-royal-antibes.com\/it\/wp-json\/wp\/v2\/comments?post=1728"}],"version-history":[{"count":6,"href":"https:\/\/www.hotel-royal-antibes.com\/it\/wp-json\/wp\/v2\/pages\/1728\/revisions"}],"predecessor-version":[{"id":8131,"href":"https:\/\/www.hotel-royal-antibes.com\/it\/wp-json\/wp\/v2\/pages\/1728\/revisions\/8131"}],"wp:attachment":[{"href":"https:\/\/www.hotel-royal-antibes.com\/it\/wp-json\/wp\/v2\/media?parent=1728"}],"curies":[{"name":"wp","href":"https:\/\/api.w.org\/{rel}","templated":true}]}}