{"id":1696,"date":"2016-03-21T19:18:56","date_gmt":"2016-03-21T18:18:56","guid":{"rendered":"http:\/\/www.hotel-royal-antibes.com\/it\/acces\/"},"modified":"2023-10-25T15:26:48","modified_gmt":"2023-10-25T14:26:48","slug":"come-arrivare","status":"publish","type":"page","link":"https:\/\/www.hotel-royal-antibes.com\/it\/come-arrivare\/","title":{"rendered":"Come arrivare"},"content":{"rendered":"<p>[vc_row full_width=&#8221;stretch_row_content_no_spaces&#8221;][vc_column][vc_gmaps link=&#8221;#E-8_JTNDaWZyYW1lJTIwc3JjJTNEJTIyaHR0cHMlM0ElMkYlMkZ3d3cuZ29vZ2xlLmNvbSUyRm1hcHMlMkZlbWJlZCUzRnBiJTNEJTIxMW0xOCUyMTFtMTIlMjExbTMlMjExZDI4OTAuNTAxODU1MDU1NTM5NiUyMTJkNy4xMjE3Mzk3MTU1NDkwODIlMjEzZDQzLjU3NTI2MjA2NTQ4NDc2JTIxMm0zJTIxMWYwJTIxMmYwJTIxM2YwJTIxM20yJTIxMWkxMDI0JTIxMmk3NjglMjE0ZjEzLjElMjEzbTMlMjExbTIlMjExczB4MTJjZGQ1NjRiZjUzZmRiNyUyNTNBMHgyNzFkMTE3M2MwNjdlMmRjJTIxMnNST1lBTCUyQkFOVElCRVMlMjE1ZTAlMjEzbTIlMjExc2ZyJTIxMnNmciUyMTR2MTQ1ODU4NDY0MDYzMSUyMiUyMHdpZHRoJTNEJTIyMTAwJTI1JTIyJTIwaGVpZ2h0JTNEJTIyODAwJTIyJTIwZnJhbWVib3JkZXIlM0QlMjIwJTIyJTIwc3R5bGUlM0QlMjJib3JkZXIlM0EwJTIyJTIwYWxsb3dmdWxsc2NyZWVuJTNFJTNDJTJGaWZyYW1lJTNF&#8221; css=&#8221;.vc_custom_1458584808452{margin-top: 0px !important;margin-right: 0px !important;margin-left: 0px !important;border-top-width: 0px !important;border-right-width: 0px !important;border-bottom-width: 0px !important;border-left-width: 0px !important;padding-top: 0px !important;padding-right: 0px !important;padding-bottom: 0px !important;padding-left: 0px !important;border-left-style: none !important;border-right-style: none !important;border-top-style: none !important;border-bottom-style: none !important;}&#8221;][\/vc_column][\/vc_row][vc_row][vc_column][vc_column_text]<\/p>\n<h1>Come arrivare<\/h1>\n<p>[\/vc_column_text][\/vc_column][\/vc_row][vc_row][vc_column][vc_column_text]<\/p>\n<h3>Fascino, autenticit\u00e0 e patrimonio\u2026 tutto a portata di mano!<\/h3>\n<p>Antibes attrae visitatori da tutto il mondo. Meta d\u2019eccellenza della Riviera, vanta una posizione privilegiata tra mare e montagna, a soli 25 minuti dall\u2019aeroporto internazionale di Nizza. Situato di fronte al mare, e a meno di 10 minuti dal centro della citt\u00e0 e dalle mura, il ROYAL ANTIBES<i class=\" glyphicon glyphicon-star \" style=\"\"><\/i><i class=\" glyphicon glyphicon-star \" style=\"\"><\/i><i class=\" glyphicon glyphicon-star \" style=\"\"><\/i><i class=\" glyphicon glyphicon-star \" style=\"\"><\/i> \u00e8 il solo hotel 4 stelle che vanta questo scenario unico, in una citt\u00e0 come Antibes, che seduce per le molteplici attivit\u00e0 che propone e di cui potrete approfittare soggiornando da noi.<\/p>\n<p>&nbsp;<\/p>\n<p style=\"text-align: center;\"><a href=\"http:\/\/www.hotel-royal-antibes.com\/wp-content\/uploads\/2016\/05\/PLAN-CARTE-ANTIBES.pdf\" target=\"_blank\" rel=\"noopener noreferrer\"><button class=\"download-button\">\u00a0Scaricare e stampare il piano di accesso\u00a0<\/a><a href=\"http:\/\/www.hotel-royal-antibes.com\/wp-content\/uploads\/2016\/05\/PLAN-CARTE-ANTIBES.pdf\" target=\"_blank\" rel=\"noopener noreferrer\"><\/button><\/a><\/p>\n<p>[\/vc_column_text][\/vc_column][\/vc_row][vc_row][vc_column width=&#8221;1\/3&#8243;][vc_single_image image=&#8221;309&#8243; img_size=&#8221;full&#8221; alignment=&#8221;center&#8221; css_animation=&#8221;appear&#8221;][vc_column_text]<\/p>\n<h2>Aereo<\/h2>\n<p>L&#8217;aeroporto Internazionale di Nizza Costa Azzurra si trova a 15 km da Antibes e serve fino a 50 destinazioni. Il trasferimento in auto o in taxi avviene, in media, in 25 minuti.<\/p>\n<p>Contattate la nostra Reception all\u2019indirizzo <a href=\"mailto:concierge@royal-antibes.com\">contact@royal-antibes.com<\/a> o al numero <a href=\"tel:+33 (0)4 83 61 91 85\">+33 (0)4 83 61 91 91<\/a> per organizzare trasferimenti privati.<\/p>\n<p>Informazioni Aeroporto<strong><br \/>\n<\/strong>Tel. <a href=\"tel:+33 (0)8 20 42 33 33\">+33 (0)8 20 42 33 33<br \/>\n<\/a><a href=\"http:\/\/www.nice.aeroport.fr\" target=\"_blank\" rel=\"noopener noreferrer\">www.nice.aeroport.fr<\/a>[\/vc_column_text][\/vc_column][vc_column width=&#8221;1\/3&#8243;][vc_single_image image=&#8221;311&#8243; img_size=&#8221;full&#8221; alignment=&#8221;center&#8221; css_animation=&#8221;appear&#8221;][vc_column_text]<\/p>\n<h2>Barca<\/h2>\n<p>Il porto VAUBAN con il suo &#8220;<em>Quai des Milliardaires<\/em>&#8221; \u00e8 attrezzato per ricevere yacht e velieri di tutte le dimensioni e si trova a meno di 15 minuti a piedi dall\u2019hotel.<\/p>\n<p>Tel. <a href=\"tel:+33 (0)4 92 91 60 00\">+33 (0)4 92 91 60 00<br \/>\n<\/a><a href=\"http:\/\/www.portvauban.net\" target=\"_blank\" rel=\"noopener noreferrer\">www.portvauban.net<\/a><\/p>\n<p>Noleggio barche<strong><br \/>\n<\/strong>Contattate la nostra Reception all\u2019indirizzo <a href=\"mailto:concierge@royal-antibes.com\" target=\"_blank\" rel=\"noopener noreferrer\">contact@royal-antibes.com<\/a> o al numero <a href=\"tel:+33 (0)4 83 61 91 91\">+33 (0)4 83 61 91 91<\/a>.[\/vc_column_text][\/vc_column][vc_column width=&#8221;1\/3&#8243;][vc_single_image image=&#8221;313&#8243; img_size=&#8221;full&#8221; alignment=&#8221;center&#8221; css_animation=&#8221;appear&#8221;][vc_column_text]<\/p>\n<h2>AutoBus<\/h2>\n<p>La Stazione degli Autobus di Antibes centro citt\u00e0 si trova a meno di 10 minuti a piedi dall\u2019hotel. Diverse linee extraurbane vi consentiranno di spostarvi facilmente e al minimo costo.<\/p>\n<p>Vi baster\u00e0 prendere la linea 14 e scendere alla fermata Maizi\u00e8re a 80 metri a piedi dall\u2019hotel.<\/p>\n<p><a href=\"http:\/\/www.envibus.fr\" target=\"_blank\" rel=\"noopener noreferrer\">www.envibus.fr<\/a><\/p>\n<p>Coordinate GPS latitudine 43.574997 \/longitudine 7.124258[\/vc_column_text][\/vc_column][\/vc_row][vc_row][vc_column width=&#8221;1\/2&#8243;][vc_single_image image=&#8221;305&#8243; img_size=&#8221;full&#8221; alignment=&#8221;center&#8221; css_animation=&#8221;appear&#8221;][vc_column_text]<\/p>\n<h2>Treno<\/h2>\n<p>La Stazione TGV di Antibes \u00e8 a 15 minuti a piedi dall\u2019hotel, ed \u00e8 collegata con tutte le grandi citt\u00e0 europee. Da notare che i treni Thello offrono, ogni giorno, un collegamento diretto tra Antibes e l\u2019Italia, senza necessit\u00e0 di cambio alla frontiera (<a href=\"http:\/\/www.thello.com\">www.thello.com<\/a>).<\/p>\n<p>Grazie alla rete TER potrete anche raggiungere la maggior parte delle grandi citt\u00e0 della Costa Azzurra con un treno ogni 20\/30 minuti circa, che andr\u00e0 da Mandelieu-la-Napoule o da Grasse a Ventimiglia, o da Marsiglia a Nizza. Una stazione dei taxi si trova all\u2019uscita della stazione ferroviaria. Sul piazzale antistante c\u2019\u00e8 anche una fermata dell\u2019autobus, baster\u00e0 prendere la linea 14 e scendere alla fermata Maizi\u00e8re a soli 80 metri a piedi dall\u2019hotel.<\/p>\n<p><strong>Informazioni SNCF<\/strong><\/p>\n<p><a href=\"http:\/\/www.voyages-sncf.com\" target=\"_blank\" rel=\"noopener noreferrer\">www.voyages-sncf.com<br \/>\n<\/a><a href=\"http:\/\/www.ter.sncf.com\/paca\" target=\"_blank\" rel=\"noopener noreferrer\">www.ter.sncf.com\/paca<br \/>\n<\/a>T\u00e9l. <a href=\"tel:+33 (0)8 00 11 40 23\">+33 (0)8 00 11 40 23<\/a>[\/vc_column_text][\/vc_column][vc_column width=&#8221;1\/2&#8243;][vc_single_image image=&#8221;307&#8243; img_size=&#8221;full&#8221; alignment=&#8221;center&#8221; css_animation=&#8221;appear&#8221;][vc_column_text]<\/p>\n<h2>Auto<\/h2>\n<p>L\u2019autostrada A8 collega Antibes a Cannes, Nizza e Montecarlo, oltre che a tutte le grandi citt\u00e0 europee. Si potranno scegliere anche strade alternative, panoramiche, come per esempio quelle che costeggiano il lungomare e il Cap d\u2019Antibes.<\/p>\n<p>Per semplificare il vostro arrivo potrete approfittare del parcheggio sotterraneo con videosorveglianza, dalla capacit\u00e0 di 50 posti. Non accettiamo prenotazioni in anticipo; potrete decidere tranquillamente al vostro arrivo.<\/p>\n<p>Tariffa giornaliera: 20\u20ac\/giorno dal aprile al ottobre 10\u20ac\/giorno dal novembre al marzo<\/p>\n<p><strong>Se desiderate affittare un\u2019auto durante il vostro soggiorno<\/strong><\/p>\n<p>la nostra Reception sar\u00e0 a vostra disposizione per aiutarvi con la prenotazione<\/p>\n<p>Contattatelo all&#8217;indirizzo <a href=\"mailto:concierge@royal-antibes.com\">contact@royal-antibes.com<\/a> o al numero <a href=\"tel:+33 (0)4 83 61 91 85\">+33 (0)4 83 61 91 91<\/a>.[\/vc_column_text][\/vc_column][\/vc_row][vc_row][vc_column][vc_column_text]<\/p>\n<div class=\"h1\" ><span style=\"font-size: 24px;\">Scopri anche<\/span><\/div>\n<p>[\/vc_column_text][\/vc_column][\/vc_row][vc_row][vc_column width=&#8221;1\/2&#8243;][vc_basic_grid post_type=&#8221;ids&#8221; element_width=&#8221;12&#8243; gap=&#8221;10&#8243; item=&#8221;759&#8243; grid_id=&#8221;vc_gid:1698243889672-9b921b2d-a16b-10&#8243; include=&#8221;318, 1693&#8243;][\/vc_column][vc_column width=&#8221;1\/2&#8243;][vc_single_image image=&#8221;1256&#8243; img_size=&#8221;full&#8221; css=&#8221;.vc_custom_1461075598713{margin-top: 10px !important;}&#8221;][\/vc_column][\/vc_row]<\/p>\n","protected":false},"excerpt":{"rendered":"<p>[vc_row full_width=&#8221;stretch_row_content_no_spaces&#8221;][vc_column][vc_gmaps link=&#8221;#E-8_JTNDaWZyYW1lJTIwc3JjJTNEJTIyaHR0cHMlM0ElMkYlMkZ3d3cuZ29vZ2xlLmNvbSUyRm1hcHMlMkZlbWJlZCUzRnBiJTNEJTIxMW0xOCUyMTFtMTIlMjExbTMlMjExZDI4OTAuNTAxODU1MDU1NTM5NiUyMTJkNy4xMjE3Mzk3MTU1NDkwODIlMjEzZDQzLjU3NTI2MjA2NTQ4NDc2JTIxMm0zJTIxMWYwJTIxMmYwJTIxM2YwJTIxM20yJTIxMWkxMDI0JTIxMmk3NjglMjE0ZjEzLjElMjEzbTMlMjExbTIlMjExczB4MTJjZGQ1NjRiZjUzZmRiNyUyNTNBMHgyNzFkMTE3M2MwNjdlMmRjJTIxMnNST1lBTCUyQkFOVElCRVMlMjE1ZTAlMjEzbTIlMjExc2ZyJTIxMnNmciUyMTR2MTQ1ODU4NDY0MDYzMSUyMiUyMHdpZHRoJTNEJTIyMTAwJTI1JTIyJTIwaGVpZ2h0JTNEJTIyODAwJTIyJTIwZnJhbWVib3JkZXIlM0QlMjIwJTIyJTIwc3R5bGUlM0QlMjJib3JkZXIlM0EwJTIyJTIwYWxsb3dmdWxsc2NyZWVuJTNFJTNDJTJGaWZyYW1lJTNF&#8221; css=&#8221;.vc_custom_1458584808452{margin-top: 0px !important;margin-right: 0px !important;margin-left: 0px !important;border-top-width: 0px !important;border-right-width: 0px !important;border-bottom-width: 0px !important;border-left-width: 0px !important;padding-top: 0px !important;padding-right: 0px !important;padding-bottom: 0px !important;padding-left: 0px !important;border-left-style: none !important;border-right-style: none !important;border-top-style: none !important;border-bottom-style: none !important;}&#8221;][\/vc_column][\/vc_row][vc_row][vc_column][vc_column_text] Come arrivare [\/vc_column_text][\/vc_column][\/vc_row][vc_row][vc_column][vc_column_text] Fascino, autenticit\u00e0 e patrimonio\u2026 tutto a portata di mano! Antibes attrae visitatori da tutto il mondo. Meta d\u2019eccellenza [&hellip;]<\/p>\n","protected":false},"author":4,"featured_media":2035,"parent":0,"menu_order":0,"comment_status":"closed","ping_status":"closed","template":"","meta":{"_acf_changed":false,"footnotes":""},"class_list":["post-1696","page","type-page","status-publish","has-post-thumbnail","hentry"],"acf":[],"yoast_head":"<!-- This site is optimized with the Yoast SEO plugin v26.9 - https:\/\/yoast.com\/product\/yoast-seo-wordpress\/ -->\n<title>Venite all&#039;albergo Royal Antibes col treno, aereo, macchina o bus<\/title>\n<meta name=\"description\" content=\"Situato di fronte al mare, vicinissimo ai bastioni di Antibes e del Cap d&#039;Antibes, l&#039;Hotel Royal Antibes gode di una posizione tra mare e montagna, ed \u00e8 facilmente accessibile. Optate per il treno, la barca, l\u2019autobus, il treno o l\u2019auto, e venite a scoprire il nostro hotel 4 stelle.\" \/>\n<meta name=\"robots\" content=\"index, follow, max-snippet:-1, max-image-preview:large, max-video-preview:-1\" \/>\n<link rel=\"canonical\" href=\"https:\/\/www.hotel-royal-antibes.com\/it\/come-arrivare\/\" \/>\n<meta property=\"og:locale\" content=\"it_IT\" \/>\n<meta property=\"og:type\" content=\"article\" \/>\n<meta property=\"og:title\" content=\"Venite all&#039;albergo Royal Antibes col treno, aereo, macchina o bus\" \/>\n<meta property=\"og:description\" content=\"Situato di fronte al mare, vicinissimo ai bastioni di Antibes e del Cap d&#039;Antibes, l&#039;Hotel Royal Antibes gode di una posizione tra mare e montagna, ed \u00e8 facilmente accessibile. Optate per il treno, la barca, l\u2019autobus, il treno o l\u2019auto, e venite a scoprire il nostro hotel 4 stelle.\" \/>\n<meta property=\"og:url\" content=\"https:\/\/www.hotel-royal-antibes.com\/it\/come-arrivare\/\" \/>\n<meta property=\"og:site_name\" content=\"Royal Antibes\" \/>\n<meta property=\"article:modified_time\" content=\"2023-10-25T14:26:48+00:00\" \/>\n<meta property=\"og:image\" content=\"https:\/\/www.hotel-royal-antibes.com\/wp-content\/uploads\/2016\/03\/acces-560x240.jpg\" \/>\n\t<meta property=\"og:image:width\" content=\"560\" \/>\n\t<meta property=\"og:image:height\" content=\"240\" \/>\n\t<meta property=\"og:image:type\" content=\"image\/jpeg\" \/>\n<meta name=\"twitter:card\" content=\"summary_large_image\" \/>\n<meta name=\"twitter:label1\" content=\"Tempo di lettura stimato\" \/>\n\t<meta name=\"twitter:data1\" content=\"4 minuti\" \/>\n<script type=\"application\/ld+json\" class=\"yoast-schema-graph\">{\"@context\":\"https:\/\/schema.org\",\"@graph\":[{\"@type\":\"WebPage\",\"@id\":\"https:\/\/www.hotel-royal-antibes.com\/it\/come-arrivare\/\",\"url\":\"https:\/\/www.hotel-royal-antibes.com\/it\/come-arrivare\/\",\"name\":\"Venite all'albergo Royal Antibes col treno, aereo, macchina o bus\",\"isPartOf\":{\"@id\":\"https:\/\/www.hotel-royal-antibes.com\/it\/#website\"},\"primaryImageOfPage\":{\"@id\":\"https:\/\/www.hotel-royal-antibes.com\/it\/come-arrivare\/#primaryimage\"},\"image\":{\"@id\":\"https:\/\/www.hotel-royal-antibes.com\/it\/come-arrivare\/#primaryimage\"},\"thumbnailUrl\":\"https:\/\/www.hotel-royal-antibes.com\/wp-content\/uploads\/2016\/03\/acces-560x240.jpg\",\"datePublished\":\"2016-03-21T18:18:56+00:00\",\"dateModified\":\"2023-10-25T14:26:48+00:00\",\"description\":\"Situato di fronte al mare, vicinissimo ai bastioni di Antibes e del Cap d'Antibes, l'Hotel Royal Antibes gode di una posizione tra mare e montagna, ed \u00e8 facilmente accessibile. Optate per il treno, la barca, l\u2019autobus, il treno o l\u2019auto, e venite a scoprire il nostro hotel 4 stelle.\",\"breadcrumb\":{\"@id\":\"https:\/\/www.hotel-royal-antibes.com\/it\/come-arrivare\/#breadcrumb\"},\"inLanguage\":\"it-IT\",\"potentialAction\":[{\"@type\":\"ReadAction\",\"target\":[\"https:\/\/www.hotel-royal-antibes.com\/it\/come-arrivare\/\"]}]},{\"@type\":\"ImageObject\",\"inLanguage\":\"it-IT\",\"@id\":\"https:\/\/www.hotel-royal-antibes.com\/it\/come-arrivare\/#primaryimage\",\"url\":\"https:\/\/www.hotel-royal-antibes.com\/wp-content\/uploads\/2016\/03\/acces-560x240.jpg\",\"contentUrl\":\"https:\/\/www.hotel-royal-antibes.com\/wp-content\/uploads\/2016\/03\/acces-560x240.jpg\",\"width\":560,\"height\":240},{\"@type\":\"BreadcrumbList\",\"@id\":\"https:\/\/www.hotel-royal-antibes.com\/it\/come-arrivare\/#breadcrumb\",\"itemListElement\":[{\"@type\":\"ListItem\",\"position\":1,\"name\":\"Hotel Royal Antibes\",\"item\":\"https:\/\/www.hotel-royal-antibes.com\/it\/\"},{\"@type\":\"ListItem\",\"position\":2,\"name\":\"Come arrivare\"}]},{\"@type\":\"WebSite\",\"@id\":\"https:\/\/www.hotel-royal-antibes.com\/it\/#website\",\"url\":\"https:\/\/www.hotel-royal-antibes.com\/it\/\",\"name\":\"Royal Antibes\",\"description\":\"Luxury hotel in Antibes on French Riviera\",\"potentialAction\":[{\"@type\":\"SearchAction\",\"target\":{\"@type\":\"EntryPoint\",\"urlTemplate\":\"https:\/\/www.hotel-royal-antibes.com\/it\/?s={search_term_string}\"},\"query-input\":{\"@type\":\"PropertyValueSpecification\",\"valueRequired\":true,\"valueName\":\"search_term_string\"}}],\"inLanguage\":\"it-IT\"}]}<\/script>\n<!-- \/ Yoast SEO plugin. -->","yoast_head_json":{"title":"Venite all'albergo Royal Antibes col treno, aereo, macchina o bus","description":"Situato di fronte al mare, vicinissimo ai bastioni di Antibes e del Cap d'Antibes, l'Hotel Royal Antibes gode di una posizione tra mare e montagna, ed \u00e8 facilmente accessibile. Optate per il treno, la barca, l\u2019autobus, il treno o l\u2019auto, e venite a scoprire il nostro hotel 4 stelle.","robots":{"index":"index","follow":"follow","max-snippet":"max-snippet:-1","max-image-preview":"max-image-preview:large","max-video-preview":"max-video-preview:-1"},"canonical":"https:\/\/www.hotel-royal-antibes.com\/it\/come-arrivare\/","og_locale":"it_IT","og_type":"article","og_title":"Venite all'albergo Royal Antibes col treno, aereo, macchina o bus","og_description":"Situato di fronte al mare, vicinissimo ai bastioni di Antibes e del Cap d'Antibes, l'Hotel Royal Antibes gode di una posizione tra mare e montagna, ed \u00e8 facilmente accessibile. Optate per il treno, la barca, l\u2019autobus, il treno o l\u2019auto, e venite a scoprire il nostro hotel 4 stelle.","og_url":"https:\/\/www.hotel-royal-antibes.com\/it\/come-arrivare\/","og_site_name":"Royal Antibes","article_modified_time":"2023-10-25T14:26:48+00:00","og_image":[{"width":560,"height":240,"url":"https:\/\/www.hotel-royal-antibes.com\/wp-content\/uploads\/2016\/03\/acces-560x240.jpg","type":"image\/jpeg"}],"twitter_card":"summary_large_image","twitter_misc":{"Tempo di lettura stimato":"4 minuti"},"schema":{"@context":"https:\/\/schema.org","@graph":[{"@type":"WebPage","@id":"https:\/\/www.hotel-royal-antibes.com\/it\/come-arrivare\/","url":"https:\/\/www.hotel-royal-antibes.com\/it\/come-arrivare\/","name":"Venite all'albergo Royal Antibes col treno, aereo, macchina o bus","isPartOf":{"@id":"https:\/\/www.hotel-royal-antibes.com\/it\/#website"},"primaryImageOfPage":{"@id":"https:\/\/www.hotel-royal-antibes.com\/it\/come-arrivare\/#primaryimage"},"image":{"@id":"https:\/\/www.hotel-royal-antibes.com\/it\/come-arrivare\/#primaryimage"},"thumbnailUrl":"https:\/\/www.hotel-royal-antibes.com\/wp-content\/uploads\/2016\/03\/acces-560x240.jpg","datePublished":"2016-03-21T18:18:56+00:00","dateModified":"2023-10-25T14:26:48+00:00","description":"Situato di fronte al mare, vicinissimo ai bastioni di Antibes e del Cap d'Antibes, l'Hotel Royal Antibes gode di una posizione tra mare e montagna, ed \u00e8 facilmente accessibile. Optate per il treno, la barca, l\u2019autobus, il treno o l\u2019auto, e venite a scoprire il nostro hotel 4 stelle.","breadcrumb":{"@id":"https:\/\/www.hotel-royal-antibes.com\/it\/come-arrivare\/#breadcrumb"},"inLanguage":"it-IT","potentialAction":[{"@type":"ReadAction","target":["https:\/\/www.hotel-royal-antibes.com\/it\/come-arrivare\/"]}]},{"@type":"ImageObject","inLanguage":"it-IT","@id":"https:\/\/www.hotel-royal-antibes.com\/it\/come-arrivare\/#primaryimage","url":"https:\/\/www.hotel-royal-antibes.com\/wp-content\/uploads\/2016\/03\/acces-560x240.jpg","contentUrl":"https:\/\/www.hotel-royal-antibes.com\/wp-content\/uploads\/2016\/03\/acces-560x240.jpg","width":560,"height":240},{"@type":"BreadcrumbList","@id":"https:\/\/www.hotel-royal-antibes.com\/it\/come-arrivare\/#breadcrumb","itemListElement":[{"@type":"ListItem","position":1,"name":"Hotel Royal Antibes","item":"https:\/\/www.hotel-royal-antibes.com\/it\/"},{"@type":"ListItem","position":2,"name":"Come arrivare"}]},{"@type":"WebSite","@id":"https:\/\/www.hotel-royal-antibes.com\/it\/#website","url":"https:\/\/www.hotel-royal-antibes.com\/it\/","name":"Royal Antibes","description":"Luxury hotel in Antibes on French Riviera","potentialAction":[{"@type":"SearchAction","target":{"@type":"EntryPoint","urlTemplate":"https:\/\/www.hotel-royal-antibes.com\/it\/?s={search_term_string}"},"query-input":{"@type":"PropertyValueSpecification","valueRequired":true,"valueName":"search_term_string"}}],"inLanguage":"it-IT"}]}},"_links":{"self":[{"href":"https:\/\/www.hotel-royal-antibes.com\/it\/wp-json\/wp\/v2\/pages\/1696","targetHints":{"allow":["GET"]}}],"collection":[{"href":"https:\/\/www.hotel-royal-antibes.com\/it\/wp-json\/wp\/v2\/pages"}],"about":[{"href":"https:\/\/www.hotel-royal-antibes.com\/it\/wp-json\/wp\/v2\/types\/page"}],"author":[{"embeddable":true,"href":"https:\/\/www.hotel-royal-antibes.com\/it\/wp-json\/wp\/v2\/users\/4"}],"replies":[{"embeddable":true,"href":"https:\/\/www.hotel-royal-antibes.com\/it\/wp-json\/wp\/v2\/comments?post=1696"}],"version-history":[{"count":5,"href":"https:\/\/www.hotel-royal-antibes.com\/it\/wp-json\/wp\/v2\/pages\/1696\/revisions"}],"predecessor-version":[{"id":8028,"href":"https:\/\/www.hotel-royal-antibes.com\/it\/wp-json\/wp\/v2\/pages\/1696\/revisions\/8028"}],"wp:featuredmedia":[{"embeddable":true,"href":"https:\/\/www.hotel-royal-antibes.com\/it\/wp-json\/wp\/v2\/media\/2035"}],"wp:attachment":[{"href":"https:\/\/www.hotel-royal-antibes.com\/it\/wp-json\/wp\/v2\/media?parent=1696"}],"curies":[{"name":"wp","href":"https:\/\/api.w.org\/{rel}","templated":true}]}}