{"id":1693,"date":"2016-03-21T20:02:51","date_gmt":"2016-03-21T19:02:51","guid":{"rendered":"http:\/\/www.hotel-royal-antibes.com\/it\/concept\/"},"modified":"2022-04-06T16:52:11","modified_gmt":"2022-04-06T15:52:11","slug":"hotel-di-lusso","status":"publish","type":"page","link":"https:\/\/www.hotel-royal-antibes.com\/it\/hotel-di-lusso\/","title":{"rendered":"Il concept"},"content":{"rendered":"<p>[vc_row][vc_column][rev_slider_vc alias=&#8221;slider-concept&#8221;][\/vc_column][\/vc_row][vc_row][vc_column][vc_column_text]<\/p>\n<h1>LA NOSTRA IDEA DI LUSSO<\/h1>\n<p>[\/vc_column_text][vc_column_text]<\/p>\n<h3>Benvenuti dal Royal Antibes <i class=\" glyphicon glyphicon-star \" style=\"\"><\/i><i class=\" glyphicon glyphicon-star \" style=\"\"><\/i><i class=\" glyphicon glyphicon-star \" style=\"\"><\/i><i class=\" glyphicon glyphicon-star \" style=\"\"><\/i> come firma\u2026<\/h3>\n<p>Questo albergo rappresenta un piccolo gioiello in una delle pi\u00f9 belle citt\u00e0 della Costa Azzurra. Di propriet\u00e0 di alcune famiglie italiane che hanno deciso di investire nella loro passione per l\u2019ospitalit\u00e0, il ROYAL ANTIBES<i class=\" glyphicon glyphicon-star \" style=\"\"><\/i><i class=\" glyphicon glyphicon-star \" style=\"\"><\/i><i class=\" glyphicon glyphicon-star \" style=\"\"><\/i><i class=\" glyphicon glyphicon-star \" style=\"\"><\/i> nasce come punto di incontro tra lusso e autenticit\u00e0, dove la modernit\u00e0 ben si accompagna alla professionalit\u00e0 del servizio offerto.<\/p>\n<p>Ideato dall\u2019architetto G\u00e9rard Vollenweider e costruito nel giugno 2011, l\u2019edificio \u00e8 stato concepito come un\u2019imbarcazione, pi\u00f9 precisamente una barca a vela. Con un\u2019aria da finto vascello, il ROYAL ANTIBES<i class=\" glyphicon glyphicon-star \" style=\"\"><\/i><i class=\" glyphicon glyphicon-star \" style=\"\"><\/i><i class=\" glyphicon glyphicon-star \" style=\"\"><\/i><i class=\" glyphicon glyphicon-star \" style=\"\"><\/i> trasforma il lungomare dell\u2019Isoletta in un ponte di imbarco per una crociera in stile Dolce Vita. All\u2019interno l\u2019ambiente \u00e8 sofisticato e contemporaneo, l\u2019arredo &#8211; di manifattura italiana sobrio ed elegante strizza l\u2019occhio agli yacht del famoso molo des Milliardaires.[\/vc_column_text][\/vc_column][\/vc_row][vc_row][vc_column width=&#8221;1\/2&#8243;][vc_single_image image=&#8221;331&#8243; img_size=&#8221;full&#8221; alignment=&#8221;center&#8221; css_animation=&#8221;appear&#8221;][\/vc_column][vc_column width=&#8221;1\/2&#8243;][vc_single_image image=&#8221;333&#8243; img_size=&#8221;full&#8221; alignment=&#8221;center&#8221; css_animation=&#8221;appear&#8221;][\/vc_column][\/vc_row][vc_row][vc_column][vc_column_text]Sin dalla sua inaugurazione, un team di professionisti \u00e8 a vostra disposione per garantirvi servizio eccellente, per accogliervi e guidarvi a scoprire la bellezza della Riviera Francese. \u00c8 la firma THE ART OF LUXURY by ROYAL ANTIBES<i class=\" glyphicon glyphicon-star \" style=\"\"><\/i><i class=\" glyphicon glyphicon-star \" style=\"\"><\/i><i class=\" glyphicon glyphicon-star \" style=\"\"><\/i><i class=\" glyphicon glyphicon-star \" style=\"\"><\/i> che caratterizza e rende unico questa location.<\/p>\n<h3>The art of luxury by Royal Antibes<i class=\" glyphicon glyphicon-star \" style=\"\"><\/i><i class=\" glyphicon glyphicon-star \" style=\"\"><\/i><i class=\" glyphicon glyphicon-star \" style=\"\"><\/i><i class=\" glyphicon glyphicon-star \" style=\"\"><\/i> come firma\u2026<\/h3>\n<p>Questa filosofia si esprime in un lusso sottile, funzionale ma mai banale, che valorizza la qualit\u00e0 che desideriamo offrirvi. E\u2019 a disposizione dei nostri ospiti un team di accoglienza, che si impegnano ogni giorno per rendere il vostro soggiorno incantevole e indimenticabile.[\/vc_column_text][\/vc_column][\/vc_row][vc_row][vc_column width=&#8221;1\/2&#8243;][vc_basic_grid post_type=&#8221;ids&#8221; element_width=&#8221;12&#8243; gap=&#8221;10&#8243; item=&#8221;759&#8243; grid_id=&#8221;vc_gid:1649260281628-368d22f1-5cfa-7&#8243; include=&#8221;293, 1696&#8243;][\/vc_column][vc_column width=&#8221;1\/2&#8243;][vc_single_image image=&#8221;1127&#8243; img_size=&#8221;full&#8221; css=&#8221;.vc_custom_1461075548924{margin-top: 10px !important;}&#8221;][\/vc_column][\/vc_row]<\/p>\n","protected":false},"excerpt":{"rendered":"<p>[vc_row][vc_column][rev_slider_vc alias=&#8221;slider-concept&#8221;][\/vc_column][\/vc_row][vc_row][vc_column][vc_column_text] LA NOSTRA IDEA DI LUSSO [\/vc_column_text][vc_column_text] Benvenuti dal Royal Antibes come firma\u2026 Questo albergo rappresenta un piccolo gioiello in una delle pi\u00f9 belle citt\u00e0 della Costa Azzurra. Di propriet\u00e0 di alcune famiglie italiane che hanno deciso di investire nella loro passione per l\u2019ospitalit\u00e0, il ROYAL ANTIBES nasce come punto di incontro tra lusso [&hellip;]<\/p>\n","protected":false},"author":4,"featured_media":1866,"parent":0,"menu_order":0,"comment_status":"closed","ping_status":"closed","template":"","meta":{"_acf_changed":false,"footnotes":""},"class_list":["post-1693","page","type-page","status-publish","has-post-thumbnail","hentry"],"acf":[],"yoast_head":"<!-- This site is optimized with the Yoast SEO plugin v26.9 - https:\/\/yoast.com\/product\/yoast-seo-wordpress\/ -->\n<title>Il Royal Antibes, albergo moderno gode di una architettura contemporanea<\/title>\n<meta name=\"description\" content=\"Pensato dal noto architetto G\u00e9rard Vollenweider e costruito nel 2011, vicino alla spiaggia, l\u2019Hotel Royal Antibes ricorda una barca, e sar\u00e0 la meta ideale per i vostri soggiorni turistici o d\u2019affari, con appartamenti di lusso, camere climatizzare e suite reali con jacuzzi private e bagni di sole. Parcheggio, internet gratuito, sala fitness, sauna e hammam sono a disposizione della clientela.\" \/>\n<meta name=\"robots\" content=\"index, follow, max-snippet:-1, max-image-preview:large, max-video-preview:-1\" \/>\n<link rel=\"canonical\" href=\"https:\/\/www.hotel-royal-antibes.com\/it\/hotel-di-lusso\/\" \/>\n<meta property=\"og:locale\" content=\"it_IT\" \/>\n<meta property=\"og:type\" content=\"article\" \/>\n<meta property=\"og:title\" content=\"Il Royal Antibes, albergo moderno gode di una architettura contemporanea\" \/>\n<meta property=\"og:description\" content=\"Pensato dal noto architetto G\u00e9rard Vollenweider e costruito nel 2011, vicino alla spiaggia, l\u2019Hotel Royal Antibes ricorda una barca, e sar\u00e0 la meta ideale per i vostri soggiorni turistici o d\u2019affari, con appartamenti di lusso, camere climatizzare e suite reali con jacuzzi private e bagni di sole. Parcheggio, internet gratuito, sala fitness, sauna e hammam sono a disposizione della clientela.\" \/>\n<meta property=\"og:url\" content=\"https:\/\/www.hotel-royal-antibes.com\/it\/hotel-di-lusso\/\" \/>\n<meta property=\"og:site_name\" content=\"Royal Antibes\" \/>\n<meta property=\"article:modified_time\" content=\"2022-04-06T15:52:11+00:00\" \/>\n<meta property=\"og:image\" content=\"https:\/\/www.hotel-royal-antibes.com\/wp-content\/uploads\/2016\/03\/slider-concept-1.jpg\" \/>\n\t<meta property=\"og:image:width\" content=\"1903\" \/>\n\t<meta property=\"og:image:height\" content=\"891\" \/>\n\t<meta property=\"og:image:type\" content=\"image\/jpeg\" \/>\n<meta name=\"twitter:card\" content=\"summary_large_image\" \/>\n<meta name=\"twitter:label1\" content=\"Tempo di lettura stimato\" \/>\n\t<meta name=\"twitter:data1\" content=\"2 minuti\" \/>\n<script type=\"application\/ld+json\" class=\"yoast-schema-graph\">{\"@context\":\"https:\/\/schema.org\",\"@graph\":[{\"@type\":\"WebPage\",\"@id\":\"https:\/\/www.hotel-royal-antibes.com\/it\/hotel-di-lusso\/\",\"url\":\"https:\/\/www.hotel-royal-antibes.com\/it\/hotel-di-lusso\/\",\"name\":\"Il Royal Antibes, albergo moderno gode di una architettura contemporanea\",\"isPartOf\":{\"@id\":\"https:\/\/www.hotel-royal-antibes.com\/it\/#website\"},\"primaryImageOfPage\":{\"@id\":\"https:\/\/www.hotel-royal-antibes.com\/it\/hotel-di-lusso\/#primaryimage\"},\"image\":{\"@id\":\"https:\/\/www.hotel-royal-antibes.com\/it\/hotel-di-lusso\/#primaryimage\"},\"thumbnailUrl\":\"https:\/\/www.hotel-royal-antibes.com\/wp-content\/uploads\/2016\/03\/slider-concept-1.jpg\",\"datePublished\":\"2016-03-21T19:02:51+00:00\",\"dateModified\":\"2022-04-06T15:52:11+00:00\",\"description\":\"Pensato dal noto architetto G\u00e9rard Vollenweider e costruito nel 2011, vicino alla spiaggia, l\u2019Hotel Royal Antibes ricorda una barca, e sar\u00e0 la meta ideale per i vostri soggiorni turistici o d\u2019affari, con appartamenti di lusso, camere climatizzare e suite reali con jacuzzi private e bagni di sole. Parcheggio, internet gratuito, sala fitness, sauna e hammam sono a disposizione della clientela.\",\"breadcrumb\":{\"@id\":\"https:\/\/www.hotel-royal-antibes.com\/it\/hotel-di-lusso\/#breadcrumb\"},\"inLanguage\":\"it-IT\",\"potentialAction\":[{\"@type\":\"ReadAction\",\"target\":[\"https:\/\/www.hotel-royal-antibes.com\/it\/hotel-di-lusso\/\"]}]},{\"@type\":\"ImageObject\",\"inLanguage\":\"it-IT\",\"@id\":\"https:\/\/www.hotel-royal-antibes.com\/it\/hotel-di-lusso\/#primaryimage\",\"url\":\"https:\/\/www.hotel-royal-antibes.com\/wp-content\/uploads\/2016\/03\/slider-concept-1.jpg\",\"contentUrl\":\"https:\/\/www.hotel-royal-antibes.com\/wp-content\/uploads\/2016\/03\/slider-concept-1.jpg\",\"width\":1903,\"height\":891},{\"@type\":\"BreadcrumbList\",\"@id\":\"https:\/\/www.hotel-royal-antibes.com\/it\/hotel-di-lusso\/#breadcrumb\",\"itemListElement\":[{\"@type\":\"ListItem\",\"position\":1,\"name\":\"Hotel Royal Antibes\",\"item\":\"https:\/\/www.hotel-royal-antibes.com\/it\/\"},{\"@type\":\"ListItem\",\"position\":2,\"name\":\"Il concept\"}]},{\"@type\":\"WebSite\",\"@id\":\"https:\/\/www.hotel-royal-antibes.com\/it\/#website\",\"url\":\"https:\/\/www.hotel-royal-antibes.com\/it\/\",\"name\":\"Royal Antibes\",\"description\":\"Luxury hotel in Antibes on French Riviera\",\"potentialAction\":[{\"@type\":\"SearchAction\",\"target\":{\"@type\":\"EntryPoint\",\"urlTemplate\":\"https:\/\/www.hotel-royal-antibes.com\/it\/?s={search_term_string}\"},\"query-input\":{\"@type\":\"PropertyValueSpecification\",\"valueRequired\":true,\"valueName\":\"search_term_string\"}}],\"inLanguage\":\"it-IT\"}]}<\/script>\n<!-- \/ Yoast SEO plugin. -->","yoast_head_json":{"title":"Il Royal Antibes, albergo moderno gode di una architettura contemporanea","description":"Pensato dal noto architetto G\u00e9rard Vollenweider e costruito nel 2011, vicino alla spiaggia, l\u2019Hotel Royal Antibes ricorda una barca, e sar\u00e0 la meta ideale per i vostri soggiorni turistici o d\u2019affari, con appartamenti di lusso, camere climatizzare e suite reali con jacuzzi private e bagni di sole. Parcheggio, internet gratuito, sala fitness, sauna e hammam sono a disposizione della clientela.","robots":{"index":"index","follow":"follow","max-snippet":"max-snippet:-1","max-image-preview":"max-image-preview:large","max-video-preview":"max-video-preview:-1"},"canonical":"https:\/\/www.hotel-royal-antibes.com\/it\/hotel-di-lusso\/","og_locale":"it_IT","og_type":"article","og_title":"Il Royal Antibes, albergo moderno gode di una architettura contemporanea","og_description":"Pensato dal noto architetto G\u00e9rard Vollenweider e costruito nel 2011, vicino alla spiaggia, l\u2019Hotel Royal Antibes ricorda una barca, e sar\u00e0 la meta ideale per i vostri soggiorni turistici o d\u2019affari, con appartamenti di lusso, camere climatizzare e suite reali con jacuzzi private e bagni di sole. Parcheggio, internet gratuito, sala fitness, sauna e hammam sono a disposizione della clientela.","og_url":"https:\/\/www.hotel-royal-antibes.com\/it\/hotel-di-lusso\/","og_site_name":"Royal Antibes","article_modified_time":"2022-04-06T15:52:11+00:00","og_image":[{"width":1903,"height":891,"url":"https:\/\/www.hotel-royal-antibes.com\/wp-content\/uploads\/2016\/03\/slider-concept-1.jpg","type":"image\/jpeg"}],"twitter_card":"summary_large_image","twitter_misc":{"Tempo di lettura stimato":"2 minuti"},"schema":{"@context":"https:\/\/schema.org","@graph":[{"@type":"WebPage","@id":"https:\/\/www.hotel-royal-antibes.com\/it\/hotel-di-lusso\/","url":"https:\/\/www.hotel-royal-antibes.com\/it\/hotel-di-lusso\/","name":"Il Royal Antibes, albergo moderno gode di una architettura contemporanea","isPartOf":{"@id":"https:\/\/www.hotel-royal-antibes.com\/it\/#website"},"primaryImageOfPage":{"@id":"https:\/\/www.hotel-royal-antibes.com\/it\/hotel-di-lusso\/#primaryimage"},"image":{"@id":"https:\/\/www.hotel-royal-antibes.com\/it\/hotel-di-lusso\/#primaryimage"},"thumbnailUrl":"https:\/\/www.hotel-royal-antibes.com\/wp-content\/uploads\/2016\/03\/slider-concept-1.jpg","datePublished":"2016-03-21T19:02:51+00:00","dateModified":"2022-04-06T15:52:11+00:00","description":"Pensato dal noto architetto G\u00e9rard Vollenweider e costruito nel 2011, vicino alla spiaggia, l\u2019Hotel Royal Antibes ricorda una barca, e sar\u00e0 la meta ideale per i vostri soggiorni turistici o d\u2019affari, con appartamenti di lusso, camere climatizzare e suite reali con jacuzzi private e bagni di sole. Parcheggio, internet gratuito, sala fitness, sauna e hammam sono a disposizione della clientela.","breadcrumb":{"@id":"https:\/\/www.hotel-royal-antibes.com\/it\/hotel-di-lusso\/#breadcrumb"},"inLanguage":"it-IT","potentialAction":[{"@type":"ReadAction","target":["https:\/\/www.hotel-royal-antibes.com\/it\/hotel-di-lusso\/"]}]},{"@type":"ImageObject","inLanguage":"it-IT","@id":"https:\/\/www.hotel-royal-antibes.com\/it\/hotel-di-lusso\/#primaryimage","url":"https:\/\/www.hotel-royal-antibes.com\/wp-content\/uploads\/2016\/03\/slider-concept-1.jpg","contentUrl":"https:\/\/www.hotel-royal-antibes.com\/wp-content\/uploads\/2016\/03\/slider-concept-1.jpg","width":1903,"height":891},{"@type":"BreadcrumbList","@id":"https:\/\/www.hotel-royal-antibes.com\/it\/hotel-di-lusso\/#breadcrumb","itemListElement":[{"@type":"ListItem","position":1,"name":"Hotel Royal Antibes","item":"https:\/\/www.hotel-royal-antibes.com\/it\/"},{"@type":"ListItem","position":2,"name":"Il concept"}]},{"@type":"WebSite","@id":"https:\/\/www.hotel-royal-antibes.com\/it\/#website","url":"https:\/\/www.hotel-royal-antibes.com\/it\/","name":"Royal Antibes","description":"Luxury hotel in Antibes on French Riviera","potentialAction":[{"@type":"SearchAction","target":{"@type":"EntryPoint","urlTemplate":"https:\/\/www.hotel-royal-antibes.com\/it\/?s={search_term_string}"},"query-input":{"@type":"PropertyValueSpecification","valueRequired":true,"valueName":"search_term_string"}}],"inLanguage":"it-IT"}]}},"_links":{"self":[{"href":"https:\/\/www.hotel-royal-antibes.com\/it\/wp-json\/wp\/v2\/pages\/1693","targetHints":{"allow":["GET"]}}],"collection":[{"href":"https:\/\/www.hotel-royal-antibes.com\/it\/wp-json\/wp\/v2\/pages"}],"about":[{"href":"https:\/\/www.hotel-royal-antibes.com\/it\/wp-json\/wp\/v2\/types\/page"}],"author":[{"embeddable":true,"href":"https:\/\/www.hotel-royal-antibes.com\/it\/wp-json\/wp\/v2\/users\/4"}],"replies":[{"embeddable":true,"href":"https:\/\/www.hotel-royal-antibes.com\/it\/wp-json\/wp\/v2\/comments?post=1693"}],"version-history":[{"count":5,"href":"https:\/\/www.hotel-royal-antibes.com\/it\/wp-json\/wp\/v2\/pages\/1693\/revisions"}],"predecessor-version":[{"id":7214,"href":"https:\/\/www.hotel-royal-antibes.com\/it\/wp-json\/wp\/v2\/pages\/1693\/revisions\/7214"}],"wp:featuredmedia":[{"embeddable":true,"href":"https:\/\/www.hotel-royal-antibes.com\/it\/wp-json\/wp\/v2\/media\/1866"}],"wp:attachment":[{"href":"https:\/\/www.hotel-royal-antibes.com\/it\/wp-json\/wp\/v2\/media?parent=1693"}],"curies":[{"name":"wp","href":"https:\/\/api.w.org\/{rel}","templated":true}]}}