{"id":2745,"date":"2016-03-16T17:37:43","date_gmt":"2016-03-16T16:37:43","guid":{"rendered":"http:\/\/www.hotel-royal-antibes.com\/es\/spa\/"},"modified":"2026-04-06T14:38:26","modified_gmt":"2026-04-06T13:38:26","slug":"spa","status":"publish","type":"page","link":"https:\/\/www.hotel-royal-antibes.com\/es\/spa\/","title":{"rendered":"Spa"},"content":{"rendered":"<p>[vc_row][vc_column][rev_slider_vc alias=\u00bbslider-spa\u00bb][\/vc_column][\/vc_row][vc_row][vc_column el_class=\u00bbtitle-page\u00bb][vc_column_text]<\/p>\n<h1 style=\"text-align: center;\">EL Spa<\/h1>\n<p>[\/vc_column_text][\/vc_column][\/vc_row][vc_row gap=\u00bb30&#8243;][vc_column width=\u00bb2\/3&#8243;][vc_column_text]<\/p>\n<h3>El Royal Spa, un para\u00edso de paz en Antibes<\/h3>\n<p>Un espacio refinado y exquisitamente sofisticado, donde todos los detalles han sido cuidadosamente elegidos y dise\u00f1ados para proporcionarle una atenci\u00f3n personalizada adaptada a su personalidad y sus expectativas. Nuestros terapeutas le dar\u00e1n la bienvenida en un maravilloso tesoro de descanso ubicado en el coraz\u00f3n del ROYAL ANTIBES<i class=\" glyphicon glyphicon-star \" style=\"\"><\/i><i class=\" glyphicon glyphicon-star \" style=\"\"><\/i><i class=\" glyphicon glyphicon-star \" style=\"\"><\/i><i class=\" glyphicon glyphicon-star \" style=\"\"><\/i> Luxury Hotel, Residence Beach &amp; Spa.<\/p>\n<p>Como prueba de calidad, el ROYAL SPA trabaja con la marca PHYTOMER , una empresa francesa reconocida por sus excelentes aromas y productos naturales sin parabenos ni silicona.<\/p>\n<p>Cierre los ojos y d\u00e9jese embriagar por los delicados aromas de PHYTOMER para vivir una escapada total gracias a \u201clos Mejores Rituales de Bienestar y Belleza del Mundo\u201d.<\/p>\n<p>Descubra 150 m\u00b2 completamente dedicados a la relajaci\u00f3n y descanso gracias a:<\/p>\n<ul>\n<li>Tres cabinas de tratamientos, incluida una cabina doble ;<\/li>\n<li>Una zona de bienestar con sauna, ba\u00f1o de vapor y jacuzzi ;<\/li>\n<li>Un gimnasio de 50 m\u00b2 equipado con m\u00e1quinas de ejercicio y cardio de Techno Gym \u2122, de alta tecnolog\u00eda.<\/li>\n<\/ul>\n<p>\u00bfNecesita consejos o un buen regalo? Nuestros terapeutas estar\u00e1n a su disposici\u00f3n para aconsejarlo en su elecci\u00f3n.<\/p>\n<p><a href=\"https:\/\/www.hotel-royal-antibes.com\/wp-content\/uploads\/2026\/04\/OFFRE-SPA-WEB-ENG-1.pdf\"><button class=\"download-button\">Ofertas especiales<\/button><\/a><\/p>\n<p><a href=\"https:\/\/www.hotel-royal-antibes.com\/wp-content\/uploads\/2025\/01\/BROCHURE-SPA-2025.pdf\" target=\"_blank\" rel=\"noopener noreferrer\"><button class=\"download-button\">Descargue el \u00abFolleto\u00bb<\/button><\/a>[\/vc_column_text][\/vc_column][vc_column width=\u00bb1\/3&#8243; el_class=\u00bbbg-gris-texture\u00bb][vc_column_text]<\/p>\n<p style=\"text-align: center;\"><img decoding=\"async\" class=\"alignnone size-full wp-image-536\" src=\"http:\/\/www.hotel-royal-antibes.com\/wp-content\/uploads\/2016\/03\/picto-big-spa.png\" alt=\"picto-big-spa\" width=\"95\" height=\"69\" \/><\/p>\n<p style=\"text-align: center;\">Abierto todos los d\u00edas de la semana de 10:00 h a 19:00<\/p>\n<p style=\"text-align: center;\"><em>50 minutos di acceso gratuito para todas las reservas de alojamiento<\/em><\/p>\n<p style=\"text-align: center;\">Acceso con cita previa<\/p>\n<p style=\"text-align: center;\">El acceso para clientes ajenos al hotel se hace desde la planta baja.<\/p>\n<p style=\"text-align: center;\">Acceso non autorisado a las personas de -16 anos<\/p>\n<p style=\"text-align: center;\">El equipo del ROYAL SPA<br \/>\nTel. <a href=\"tel:+33 (0)4 83 61 92 02\">+33 (0)4 83 61 92 02<\/a><br \/>\n<a href=\"mailto:spa@royal-antibes.com\">spa@royal-antibes.com<\/a><\/p>\n<p>[\/vc_column_text][\/vc_column][\/vc_row][vc_row][vc_column][vc_empty_space height=\u00bb30px\u00bb][vc_column_text]<\/p>\n<div class=\"h1\" ><span style=\"font-size: 24px;\">Venga a evadirse al ROYAL SPA Y\u2026<\/span><\/div>\n<p>[\/vc_column_text][\/vc_column][\/vc_row][vc_row][vc_column width=\u00bb1\/2&#8243;][vc_single_image image=\u00bb6680&#8243; img_size=\u00bb578&#215;238&#8243; alignment=\u00bbcenter\u00bb css_animation=\u00bbnone\u00bb][vc_column_text]<\/p>\n<h2 style=\"text-align: center;\">PHYTOMER<\/h2>\n<p style=\"text-align: center;\">\u2026 Sum\u00e9rjase en el universo sensorial de PHYTOMER inspirado en culturas ancestrales<\/p>\n<p style=\"text-align: center;\">Un saber hacer potenciado por los productos naturales y la precisi\u00f3n de los gestos, que le proporcionar\u00e1n una aut\u00e9ntica relajaci\u00f3n corporal y espiritual.<\/p>\n<p>[\/vc_column_text][\/vc_column][vc_column width=\u00bb1\/2&#8243;][vc_single_image image=\u00bb2755&#8243; img_size=\u00bbfull\u00bb alignment=\u00bbcenter\u00bb css_animation=\u00bbnone\u00bb][vc_column_text]<\/p>\n<h2 style=\"text-align: center;\">Zona de bienestar<\/h2>\n<p>\u2026 Explore nuestros 150\u00a0m\u00b2 dedicados al bienestar: con una cabina doble entre las tres salas de tratamientos; un espacio de descanso con sauna, <em>hamam<\/em>, ba\u00f1era de hidromasaje, una sala de relajaci\u00f3n; un Fitness Studio equipado con m\u00e1quinas de musculaci\u00f3n y entrenamiento cardiovascular.[\/vc_column_text][\/vc_column][\/vc_row][vc_row][vc_column][vc_empty_space height=\u00bb30px\u00bb][\/vc_column][\/vc_row][vc_row][vc_column width=\u00bb1\/3&#8243;][vc_single_image image=\u00bb2757&#8243; img_size=\u00bbfull\u00bb alignment=\u00bbcenter\u00bb css_animation=\u00bbnone\u00bb][vc_column_text]<\/p>\n<h2 style=\"text-align: center;\">Espacio fitness<\/h2>\n<p style=\"text-align: center;\">\u2026 Libere su cuerpo de las toxinas acumuladas en el d\u00eda a d\u00eda. Nuestro Fitness Studio est\u00e1 equipado con m\u00e1quinas de musculaci\u00f3n y entrenamiento cardiovascular de la marca Technogym, una referencia en esta gama de productos.<\/p>\n<p>[\/vc_column_text][\/vc_column][vc_column width=\u00bb1\/3&#8243;][vc_single_image image=\u00bb2754&#8243; img_size=\u00bbfull\u00bb alignment=\u00bbcenter\u00bb css_animation=\u00bbnone\u00bb][vc_column_text]<\/p>\n<h2 style=\"text-align: center;\">Belleza<\/h2>\n<p style=\"text-align: center;\">\u2026 Descubra nuestros servicios de est\u00e9tica y el saber hacer de nuestros terapeutas, que responden a sus expectativas en un \u00fanico lugar. Para que pueda lucir las u\u00f1as del color que m\u00e1s le apetezca, hemos seleccionado la marca OPI, otra marca de referencia.<\/p>\n<p>[\/vc_column_text][\/vc_column][vc_column width=\u00bb1\/3&#8243;][vc_single_image image=\u00bb9394&#8243; img_size=\u00bb381&#215;238&#8243; alignment=\u00bbcenter\u00bb onclick=\u00bbcustom_link\u00bb css_animation=\u00bbnone\u00bb link=\u00bbhttp:\/\/www.hotel-royal-antibes.com\/es\/manana-relajada\/\u00bb][vc_column_text]<\/p>\n<h2 style=\"text-align: center;\">MA\u00d1ANA RELAJADA<\/h2>\n<p style=\"text-align: center;\">\u2026 Venga a dejarse mimar al ROYAL SPA y&#8230;<\/p>\n<p style=\"text-align: center;\">&#8230; Disfrute de una ma\u00f1ana de bienestar para recargar energ\u00edas y volver a centrarse en s\u00ed mismo &#8230;<\/p>\n<p>[\/vc_column_text][\/vc_column][\/vc_row]<\/p>\n","protected":false},"excerpt":{"rendered":"<p>[vc_row][vc_column][rev_slider_vc alias=\u00bbslider-spa\u00bb][\/vc_column][\/vc_row][vc_row][vc_column el_class=\u00bbtitle-page\u00bb][vc_column_text] EL Spa [\/vc_column_text][\/vc_column][\/vc_row][vc_row gap=\u00bb30&#8243;][vc_column width=\u00bb2\/3&#8243;][vc_column_text] El Royal Spa, un para\u00edso de paz en Antibes Un espacio refinado y exquisitamente sofisticado, donde todos los detalles han sido cuidadosamente elegidos y dise\u00f1ados para proporcionarle una atenci\u00f3n personalizada adaptada a su personalidad y sus expectativas. Nuestros terapeutas le dar\u00e1n la bienvenida en un maravilloso tesoro [&hellip;]<\/p>\n","protected":false},"author":4,"featured_media":0,"parent":0,"menu_order":0,"comment_status":"closed","ping_status":"closed","template":"","meta":{"_acf_changed":false,"footnotes":""},"class_list":["post-2745","page","type-page","status-publish","hentry"],"acf":[],"yoast_head":"<!-- This site is optimized with the Yoast SEO plugin v26.9 - https:\/\/yoast.com\/product\/yoast-seo-wordpress\/ -->\n<title>ROYAL SPA ha seleccionado Cinq Mondes para su centro de bienestar.<\/title>\n<meta name=\"description\" content=\"El Hotel Royal Antibes le ofrece un centro de bienestar y su Royal Spa dedicado completamente al descanso y la relajaci\u00f3n: sauna, ba\u00f1o turco y jacuzzi.\" \/>\n<meta name=\"robots\" content=\"index, follow, max-snippet:-1, max-image-preview:large, max-video-preview:-1\" \/>\n<link rel=\"canonical\" href=\"https:\/\/www.hotel-royal-antibes.com\/es\/spa\/\" \/>\n<meta property=\"og:locale\" content=\"es_ES\" \/>\n<meta property=\"og:type\" content=\"article\" \/>\n<meta property=\"og:title\" content=\"ROYAL SPA ha seleccionado Cinq Mondes para su centro de bienestar.\" \/>\n<meta property=\"og:description\" content=\"El Hotel Royal Antibes le ofrece un centro de bienestar y su Royal Spa dedicado completamente al descanso y la relajaci\u00f3n: sauna, ba\u00f1o turco y jacuzzi.\" \/>\n<meta property=\"og:url\" content=\"https:\/\/www.hotel-royal-antibes.com\/es\/spa\/\" \/>\n<meta property=\"og:site_name\" content=\"Royal Antibes\" \/>\n<meta property=\"article:modified_time\" content=\"2026-04-06T13:38:26+00:00\" \/>\n<meta property=\"og:image\" content=\"https:\/\/www.hotel-royal-antibes.com\/wp-content\/uploads\/2016\/03\/picto-big-spa.png\" \/>\n\t<meta property=\"og:image:width\" content=\"95\" \/>\n\t<meta property=\"og:image:height\" content=\"69\" \/>\n\t<meta property=\"og:image:type\" content=\"image\/png\" \/>\n<meta name=\"twitter:card\" content=\"summary_large_image\" \/>\n<meta name=\"twitter:label1\" content=\"Tiempo de lectura\" \/>\n\t<meta name=\"twitter:data1\" content=\"3 minutos\" \/>\n<script type=\"application\/ld+json\" class=\"yoast-schema-graph\">{\"@context\":\"https:\/\/schema.org\",\"@graph\":[{\"@type\":\"WebPage\",\"@id\":\"https:\/\/www.hotel-royal-antibes.com\/es\/spa\/\",\"url\":\"https:\/\/www.hotel-royal-antibes.com\/es\/spa\/\",\"name\":\"ROYAL SPA ha seleccionado Cinq Mondes para su centro de bienestar.\",\"isPartOf\":{\"@id\":\"https:\/\/www.hotel-royal-antibes.com\/es\/#website\"},\"primaryImageOfPage\":{\"@id\":\"https:\/\/www.hotel-royal-antibes.com\/es\/spa\/#primaryimage\"},\"image\":{\"@id\":\"https:\/\/www.hotel-royal-antibes.com\/es\/spa\/#primaryimage\"},\"thumbnailUrl\":\"http:\/\/www.hotel-royal-antibes.com\/wp-content\/uploads\/2016\/03\/picto-big-spa.png\",\"datePublished\":\"2016-03-16T16:37:43+00:00\",\"dateModified\":\"2026-04-06T13:38:26+00:00\",\"description\":\"El Hotel Royal Antibes le ofrece un centro de bienestar y su Royal Spa dedicado completamente al descanso y la relajaci\u00f3n: sauna, ba\u00f1o turco y jacuzzi.\",\"breadcrumb\":{\"@id\":\"https:\/\/www.hotel-royal-antibes.com\/es\/spa\/#breadcrumb\"},\"inLanguage\":\"es\",\"potentialAction\":[{\"@type\":\"ReadAction\",\"target\":[\"https:\/\/www.hotel-royal-antibes.com\/es\/spa\/\"]}]},{\"@type\":\"ImageObject\",\"inLanguage\":\"es\",\"@id\":\"https:\/\/www.hotel-royal-antibes.com\/es\/spa\/#primaryimage\",\"url\":\"http:\/\/www.hotel-royal-antibes.com\/wp-content\/uploads\/2016\/03\/picto-big-spa.png\",\"contentUrl\":\"http:\/\/www.hotel-royal-antibes.com\/wp-content\/uploads\/2016\/03\/picto-big-spa.png\"},{\"@type\":\"BreadcrumbList\",\"@id\":\"https:\/\/www.hotel-royal-antibes.com\/es\/spa\/#breadcrumb\",\"itemListElement\":[{\"@type\":\"ListItem\",\"position\":1,\"name\":\"Hotel Royal Antibes\",\"item\":\"https:\/\/www.hotel-royal-antibes.com\/es\/\"},{\"@type\":\"ListItem\",\"position\":2,\"name\":\"Spa\"}]},{\"@type\":\"WebSite\",\"@id\":\"https:\/\/www.hotel-royal-antibes.com\/es\/#website\",\"url\":\"https:\/\/www.hotel-royal-antibes.com\/es\/\",\"name\":\"Royal Antibes\",\"description\":\"Luxury hotel in Antibes on French Riviera\",\"potentialAction\":[{\"@type\":\"SearchAction\",\"target\":{\"@type\":\"EntryPoint\",\"urlTemplate\":\"https:\/\/www.hotel-royal-antibes.com\/es\/?s={search_term_string}\"},\"query-input\":{\"@type\":\"PropertyValueSpecification\",\"valueRequired\":true,\"valueName\":\"search_term_string\"}}],\"inLanguage\":\"es\"}]}<\/script>\n<!-- \/ Yoast SEO plugin. -->","yoast_head_json":{"title":"ROYAL SPA ha seleccionado Cinq Mondes para su centro de bienestar.","description":"El Hotel Royal Antibes le ofrece un centro de bienestar y su Royal Spa dedicado completamente al descanso y la relajaci\u00f3n: sauna, ba\u00f1o turco y jacuzzi.","robots":{"index":"index","follow":"follow","max-snippet":"max-snippet:-1","max-image-preview":"max-image-preview:large","max-video-preview":"max-video-preview:-1"},"canonical":"https:\/\/www.hotel-royal-antibes.com\/es\/spa\/","og_locale":"es_ES","og_type":"article","og_title":"ROYAL SPA ha seleccionado Cinq Mondes para su centro de bienestar.","og_description":"El Hotel Royal Antibes le ofrece un centro de bienestar y su Royal Spa dedicado completamente al descanso y la relajaci\u00f3n: sauna, ba\u00f1o turco y jacuzzi.","og_url":"https:\/\/www.hotel-royal-antibes.com\/es\/spa\/","og_site_name":"Royal Antibes","article_modified_time":"2026-04-06T13:38:26+00:00","og_image":[{"width":95,"height":69,"url":"https:\/\/www.hotel-royal-antibes.com\/wp-content\/uploads\/2016\/03\/picto-big-spa.png","type":"image\/png"}],"twitter_card":"summary_large_image","twitter_misc":{"Tiempo de lectura":"3 minutos"},"schema":{"@context":"https:\/\/schema.org","@graph":[{"@type":"WebPage","@id":"https:\/\/www.hotel-royal-antibes.com\/es\/spa\/","url":"https:\/\/www.hotel-royal-antibes.com\/es\/spa\/","name":"ROYAL SPA ha seleccionado Cinq Mondes para su centro de bienestar.","isPartOf":{"@id":"https:\/\/www.hotel-royal-antibes.com\/es\/#website"},"primaryImageOfPage":{"@id":"https:\/\/www.hotel-royal-antibes.com\/es\/spa\/#primaryimage"},"image":{"@id":"https:\/\/www.hotel-royal-antibes.com\/es\/spa\/#primaryimage"},"thumbnailUrl":"http:\/\/www.hotel-royal-antibes.com\/wp-content\/uploads\/2016\/03\/picto-big-spa.png","datePublished":"2016-03-16T16:37:43+00:00","dateModified":"2026-04-06T13:38:26+00:00","description":"El Hotel Royal Antibes le ofrece un centro de bienestar y su Royal Spa dedicado completamente al descanso y la relajaci\u00f3n: sauna, ba\u00f1o turco y jacuzzi.","breadcrumb":{"@id":"https:\/\/www.hotel-royal-antibes.com\/es\/spa\/#breadcrumb"},"inLanguage":"es","potentialAction":[{"@type":"ReadAction","target":["https:\/\/www.hotel-royal-antibes.com\/es\/spa\/"]}]},{"@type":"ImageObject","inLanguage":"es","@id":"https:\/\/www.hotel-royal-antibes.com\/es\/spa\/#primaryimage","url":"http:\/\/www.hotel-royal-antibes.com\/wp-content\/uploads\/2016\/03\/picto-big-spa.png","contentUrl":"http:\/\/www.hotel-royal-antibes.com\/wp-content\/uploads\/2016\/03\/picto-big-spa.png"},{"@type":"BreadcrumbList","@id":"https:\/\/www.hotel-royal-antibes.com\/es\/spa\/#breadcrumb","itemListElement":[{"@type":"ListItem","position":1,"name":"Hotel Royal Antibes","item":"https:\/\/www.hotel-royal-antibes.com\/es\/"},{"@type":"ListItem","position":2,"name":"Spa"}]},{"@type":"WebSite","@id":"https:\/\/www.hotel-royal-antibes.com\/es\/#website","url":"https:\/\/www.hotel-royal-antibes.com\/es\/","name":"Royal Antibes","description":"Luxury hotel in Antibes on French Riviera","potentialAction":[{"@type":"SearchAction","target":{"@type":"EntryPoint","urlTemplate":"https:\/\/www.hotel-royal-antibes.com\/es\/?s={search_term_string}"},"query-input":{"@type":"PropertyValueSpecification","valueRequired":true,"valueName":"search_term_string"}}],"inLanguage":"es"}]}},"_links":{"self":[{"href":"https:\/\/www.hotel-royal-antibes.com\/es\/wp-json\/wp\/v2\/pages\/2745","targetHints":{"allow":["GET"]}}],"collection":[{"href":"https:\/\/www.hotel-royal-antibes.com\/es\/wp-json\/wp\/v2\/pages"}],"about":[{"href":"https:\/\/www.hotel-royal-antibes.com\/es\/wp-json\/wp\/v2\/types\/page"}],"author":[{"embeddable":true,"href":"https:\/\/www.hotel-royal-antibes.com\/es\/wp-json\/wp\/v2\/users\/4"}],"replies":[{"embeddable":true,"href":"https:\/\/www.hotel-royal-antibes.com\/es\/wp-json\/wp\/v2\/comments?post=2745"}],"version-history":[{"count":24,"href":"https:\/\/www.hotel-royal-antibes.com\/es\/wp-json\/wp\/v2\/pages\/2745\/revisions"}],"predecessor-version":[{"id":9615,"href":"https:\/\/www.hotel-royal-antibes.com\/es\/wp-json\/wp\/v2\/pages\/2745\/revisions\/9615"}],"wp:attachment":[{"href":"https:\/\/www.hotel-royal-antibes.com\/es\/wp-json\/wp\/v2\/media?parent=2745"}],"curies":[{"name":"wp","href":"https:\/\/api.w.org\/{rel}","templated":true}]}}