{"id":2715,"date":"2016-03-23T12:55:59","date_gmt":"2016-03-23T11:55:59","guid":{"rendered":"http:\/\/www.hotel-royal-antibes.com\/es\/loisirs\/"},"modified":"2022-05-06T12:36:17","modified_gmt":"2022-05-06T11:36:17","slug":"actividades-de-ocio","status":"publish","type":"page","link":"https:\/\/www.hotel-royal-antibes.com\/es\/actividades-de-ocio\/","title":{"rendered":"Actividades de ocio"},"content":{"rendered":"<p>[vc_row][vc_column][rev_slider_vc alias=\u00bbslider-loisirs\u00bb][\/vc_column][\/vc_row][vc_row][vc_column el_class=\u00bbtitle-page\u00bb][vc_column_text]<\/p>\n<h1 style=\"text-align: center;\">Actividades de ocio<\/h1>\n<p>[\/vc_column_text][\/vc_column][\/vc_row][vc_row gap=\u00bb30&#8243;][vc_column width=\u00bb2\/3&#8243;][vc_column_text]<\/p>\n<h3>Para gustos, los colores\u2026<\/h3>\n<p>Cerca del ROYAL BEACH podr\u00e1 practicar actividades n\u00e1uticas que har\u00e1n las delicias de peque\u00f1os y grandes. D\u00e9jese tentar, descubra nuevas sensaciones y r\u00edase de lo lindo.<\/p>\n<p>Nuestro equipo ha seleccionado los mejores profesionales de los alrededores y podr\u00e1 darle muy buenos consejos al respecto.<\/p>\n<p>Muy cerca del hotel puede probar deportes como el esqu\u00ed n\u00e1utico u otros deportes acu\u00e1ticos de arrastre como el <em>flyfish<\/em>, el inflable, la banana, el <em>wakeboard<\/em> o incluso el <em>wakesurf<\/em>.<\/p>\n<p>En Villeneuve Loubet, a menos de 5 km del hotel, tiene la posibilidad de participar en una sesi\u00f3n corta o bien dar un paseo algo m\u00e1s largo de Jet Ski.[\/vc_column_text][\/vc_column][vc_column width=\u00bb1\/3&#8243; el_class=\u00bbbg-gris-texture\u00bb][vc_column_text]<\/p>\n<p style=\"text-align: center;\"><img decoding=\"async\" class=\"alignnone size-full wp-image-1088\" src=\"\/wp-content\/uploads\/2022\/05\/sonnette-noir.png\" alt=\"picto-big-concierge\" \/><\/p>\n<p style=\"text-align: center;\">Servicio de recepci\u00f3n<\/p>\n<p style=\"text-align: center;\">El jefe de conserjer\u00eda est\u00e1 a su disposici\u00f3n en todo momento.<br \/>\nNo dude en solicitar sus servicios.<\/p>\n<p style=\"text-align: center;\"><a href=\"mailto:concierge@royal-antibes.com\">contact@royal-antibes.com<br \/>\n<\/a>Tel. <a href=\"tel:+33 (0)4 83 61 91 91\">+33 (0)4 83 61 91 91<\/a><\/p>\n<p>[\/vc_column_text][\/vc_column][\/vc_row][vc_row][vc_column][vc_column_text]<\/p>\n<div class=\"h1\" ><span style=\"font-size: 24px;\">Descubre tambi\u00e9n<\/span><\/div>\n<p>[\/vc_column_text][\/vc_column][\/vc_row][vc_row][vc_column][vc_basic_grid post_type=\u00bbids\u00bb element_width=\u00bb6&#8243; gap=\u00bb10&#8243; item=\u00bb759&#8243; grid_id=\u00bbvc_gid:1651836881336-05a42cd7-0765-8&#8243; include=\u00bb81, 626, 2704, 2637&#8243;][\/vc_column][\/vc_row]<\/p>\n","protected":false},"excerpt":{"rendered":"<p>[vc_row][vc_column][rev_slider_vc alias=\u00bbslider-loisirs\u00bb][\/vc_column][\/vc_row][vc_row][vc_column el_class=\u00bbtitle-page\u00bb][vc_column_text] Actividades de ocio [\/vc_column_text][\/vc_column][\/vc_row][vc_row gap=\u00bb30&#8243;][vc_column width=\u00bb2\/3&#8243;][vc_column_text] Para gustos, los colores\u2026 Cerca del ROYAL BEACH podr\u00e1 practicar actividades n\u00e1uticas que har\u00e1n las delicias de peque\u00f1os y grandes. D\u00e9jese tentar, descubra nuevas sensaciones y r\u00edase de lo lindo. Nuestro equipo ha seleccionado los mejores profesionales de los alrededores y podr\u00e1 darle muy buenos consejos [&hellip;]<\/p>\n","protected":false},"author":4,"featured_media":2716,"parent":0,"menu_order":0,"comment_status":"closed","ping_status":"closed","template":"","meta":{"_acf_changed":false,"footnotes":""},"class_list":["post-2715","page","type-page","status-publish","has-post-thumbnail","hentry"],"acf":[],"yoast_head":"<!-- This site is optimized with the Yoast SEO plugin v26.9 - https:\/\/yoast.com\/product\/yoast-seo-wordpress\/ -->\n<title>Esqu\u00ed acu\u00e1tico, boya, wakeboard, surf estela y moto de agua en Antibes<\/title>\n<meta name=\"description\" content=\"Esqu\u00ed acu\u00e1tico, boya, wakeboard, wakesurf y moto de agua en Antibes\" \/>\n<meta name=\"robots\" content=\"index, follow, max-snippet:-1, max-image-preview:large, max-video-preview:-1\" \/>\n<link rel=\"canonical\" href=\"https:\/\/www.hotel-royal-antibes.com\/es\/actividades-de-ocio\/\" \/>\n<meta property=\"og:locale\" content=\"es_ES\" \/>\n<meta property=\"og:type\" content=\"article\" \/>\n<meta property=\"og:title\" content=\"Esqu\u00ed acu\u00e1tico, boya, wakeboard, surf estela y moto de agua en Antibes\" \/>\n<meta property=\"og:description\" content=\"Esqu\u00ed acu\u00e1tico, boya, wakeboard, wakesurf y moto de agua en Antibes\" \/>\n<meta property=\"og:url\" content=\"https:\/\/www.hotel-royal-antibes.com\/es\/actividades-de-ocio\/\" \/>\n<meta property=\"og:site_name\" content=\"Royal Antibes\" \/>\n<meta property=\"article:modified_time\" content=\"2022-05-06T11:36:17+00:00\" \/>\n<meta property=\"og:image\" content=\"https:\/\/www.hotel-royal-antibes.com\/wp-content\/uploads\/2016\/04\/watersports-loisirs-1.jpg\" \/>\n\t<meta property=\"og:image:width\" content=\"1728\" \/>\n\t<meta property=\"og:image:height\" content=\"1152\" \/>\n\t<meta property=\"og:image:type\" content=\"image\/jpeg\" \/>\n<meta name=\"twitter:card\" content=\"summary_large_image\" \/>\n<meta name=\"twitter:label1\" content=\"Tiempo de lectura\" \/>\n\t<meta name=\"twitter:data1\" content=\"1 minuto\" \/>\n<script type=\"application\/ld+json\" class=\"yoast-schema-graph\">{\"@context\":\"https:\/\/schema.org\",\"@graph\":[{\"@type\":\"WebPage\",\"@id\":\"https:\/\/www.hotel-royal-antibes.com\/es\/actividades-de-ocio\/\",\"url\":\"https:\/\/www.hotel-royal-antibes.com\/es\/actividades-de-ocio\/\",\"name\":\"Esqu\u00ed acu\u00e1tico, boya, wakeboard, surf estela y moto de agua en Antibes\",\"isPartOf\":{\"@id\":\"https:\/\/www.hotel-royal-antibes.com\/es\/#website\"},\"primaryImageOfPage\":{\"@id\":\"https:\/\/www.hotel-royal-antibes.com\/es\/actividades-de-ocio\/#primaryimage\"},\"image\":{\"@id\":\"https:\/\/www.hotel-royal-antibes.com\/es\/actividades-de-ocio\/#primaryimage\"},\"thumbnailUrl\":\"https:\/\/www.hotel-royal-antibes.com\/wp-content\/uploads\/2016\/04\/watersports-loisirs-1.jpg\",\"datePublished\":\"2016-03-23T11:55:59+00:00\",\"dateModified\":\"2022-05-06T11:36:17+00:00\",\"description\":\"Esqu\u00ed acu\u00e1tico, boya, wakeboard, wakesurf y moto de agua en Antibes\",\"breadcrumb\":{\"@id\":\"https:\/\/www.hotel-royal-antibes.com\/es\/actividades-de-ocio\/#breadcrumb\"},\"inLanguage\":\"es\",\"potentialAction\":[{\"@type\":\"ReadAction\",\"target\":[\"https:\/\/www.hotel-royal-antibes.com\/es\/actividades-de-ocio\/\"]}]},{\"@type\":\"ImageObject\",\"inLanguage\":\"es\",\"@id\":\"https:\/\/www.hotel-royal-antibes.com\/es\/actividades-de-ocio\/#primaryimage\",\"url\":\"https:\/\/www.hotel-royal-antibes.com\/wp-content\/uploads\/2016\/04\/watersports-loisirs-1.jpg\",\"contentUrl\":\"https:\/\/www.hotel-royal-antibes.com\/wp-content\/uploads\/2016\/04\/watersports-loisirs-1.jpg\",\"width\":1728,\"height\":1152},{\"@type\":\"BreadcrumbList\",\"@id\":\"https:\/\/www.hotel-royal-antibes.com\/es\/actividades-de-ocio\/#breadcrumb\",\"itemListElement\":[{\"@type\":\"ListItem\",\"position\":1,\"name\":\"Hotel Royal Antibes\",\"item\":\"https:\/\/www.hotel-royal-antibes.com\/es\/\"},{\"@type\":\"ListItem\",\"position\":2,\"name\":\"Actividades de ocio\"}]},{\"@type\":\"WebSite\",\"@id\":\"https:\/\/www.hotel-royal-antibes.com\/es\/#website\",\"url\":\"https:\/\/www.hotel-royal-antibes.com\/es\/\",\"name\":\"Royal Antibes\",\"description\":\"Luxury hotel in Antibes on French Riviera\",\"potentialAction\":[{\"@type\":\"SearchAction\",\"target\":{\"@type\":\"EntryPoint\",\"urlTemplate\":\"https:\/\/www.hotel-royal-antibes.com\/es\/?s={search_term_string}\"},\"query-input\":{\"@type\":\"PropertyValueSpecification\",\"valueRequired\":true,\"valueName\":\"search_term_string\"}}],\"inLanguage\":\"es\"}]}<\/script>\n<!-- \/ Yoast SEO plugin. -->","yoast_head_json":{"title":"Esqu\u00ed acu\u00e1tico, boya, wakeboard, surf estela y moto de agua en Antibes","description":"Esqu\u00ed acu\u00e1tico, boya, wakeboard, wakesurf y moto de agua en Antibes","robots":{"index":"index","follow":"follow","max-snippet":"max-snippet:-1","max-image-preview":"max-image-preview:large","max-video-preview":"max-video-preview:-1"},"canonical":"https:\/\/www.hotel-royal-antibes.com\/es\/actividades-de-ocio\/","og_locale":"es_ES","og_type":"article","og_title":"Esqu\u00ed acu\u00e1tico, boya, wakeboard, surf estela y moto de agua en Antibes","og_description":"Esqu\u00ed acu\u00e1tico, boya, wakeboard, wakesurf y moto de agua en Antibes","og_url":"https:\/\/www.hotel-royal-antibes.com\/es\/actividades-de-ocio\/","og_site_name":"Royal Antibes","article_modified_time":"2022-05-06T11:36:17+00:00","og_image":[{"width":1728,"height":1152,"url":"https:\/\/www.hotel-royal-antibes.com\/wp-content\/uploads\/2016\/04\/watersports-loisirs-1.jpg","type":"image\/jpeg"}],"twitter_card":"summary_large_image","twitter_misc":{"Tiempo de lectura":"1 minuto"},"schema":{"@context":"https:\/\/schema.org","@graph":[{"@type":"WebPage","@id":"https:\/\/www.hotel-royal-antibes.com\/es\/actividades-de-ocio\/","url":"https:\/\/www.hotel-royal-antibes.com\/es\/actividades-de-ocio\/","name":"Esqu\u00ed acu\u00e1tico, boya, wakeboard, surf estela y moto de agua en Antibes","isPartOf":{"@id":"https:\/\/www.hotel-royal-antibes.com\/es\/#website"},"primaryImageOfPage":{"@id":"https:\/\/www.hotel-royal-antibes.com\/es\/actividades-de-ocio\/#primaryimage"},"image":{"@id":"https:\/\/www.hotel-royal-antibes.com\/es\/actividades-de-ocio\/#primaryimage"},"thumbnailUrl":"https:\/\/www.hotel-royal-antibes.com\/wp-content\/uploads\/2016\/04\/watersports-loisirs-1.jpg","datePublished":"2016-03-23T11:55:59+00:00","dateModified":"2022-05-06T11:36:17+00:00","description":"Esqu\u00ed acu\u00e1tico, boya, wakeboard, wakesurf y moto de agua en Antibes","breadcrumb":{"@id":"https:\/\/www.hotel-royal-antibes.com\/es\/actividades-de-ocio\/#breadcrumb"},"inLanguage":"es","potentialAction":[{"@type":"ReadAction","target":["https:\/\/www.hotel-royal-antibes.com\/es\/actividades-de-ocio\/"]}]},{"@type":"ImageObject","inLanguage":"es","@id":"https:\/\/www.hotel-royal-antibes.com\/es\/actividades-de-ocio\/#primaryimage","url":"https:\/\/www.hotel-royal-antibes.com\/wp-content\/uploads\/2016\/04\/watersports-loisirs-1.jpg","contentUrl":"https:\/\/www.hotel-royal-antibes.com\/wp-content\/uploads\/2016\/04\/watersports-loisirs-1.jpg","width":1728,"height":1152},{"@type":"BreadcrumbList","@id":"https:\/\/www.hotel-royal-antibes.com\/es\/actividades-de-ocio\/#breadcrumb","itemListElement":[{"@type":"ListItem","position":1,"name":"Hotel Royal Antibes","item":"https:\/\/www.hotel-royal-antibes.com\/es\/"},{"@type":"ListItem","position":2,"name":"Actividades de ocio"}]},{"@type":"WebSite","@id":"https:\/\/www.hotel-royal-antibes.com\/es\/#website","url":"https:\/\/www.hotel-royal-antibes.com\/es\/","name":"Royal Antibes","description":"Luxury hotel in Antibes on French Riviera","potentialAction":[{"@type":"SearchAction","target":{"@type":"EntryPoint","urlTemplate":"https:\/\/www.hotel-royal-antibes.com\/es\/?s={search_term_string}"},"query-input":{"@type":"PropertyValueSpecification","valueRequired":true,"valueName":"search_term_string"}}],"inLanguage":"es"}]}},"_links":{"self":[{"href":"https:\/\/www.hotel-royal-antibes.com\/es\/wp-json\/wp\/v2\/pages\/2715","targetHints":{"allow":["GET"]}}],"collection":[{"href":"https:\/\/www.hotel-royal-antibes.com\/es\/wp-json\/wp\/v2\/pages"}],"about":[{"href":"https:\/\/www.hotel-royal-antibes.com\/es\/wp-json\/wp\/v2\/types\/page"}],"author":[{"embeddable":true,"href":"https:\/\/www.hotel-royal-antibes.com\/es\/wp-json\/wp\/v2\/users\/4"}],"replies":[{"embeddable":true,"href":"https:\/\/www.hotel-royal-antibes.com\/es\/wp-json\/wp\/v2\/comments?post=2715"}],"version-history":[{"count":4,"href":"https:\/\/www.hotel-royal-antibes.com\/es\/wp-json\/wp\/v2\/pages\/2715\/revisions"}],"predecessor-version":[{"id":7379,"href":"https:\/\/www.hotel-royal-antibes.com\/es\/wp-json\/wp\/v2\/pages\/2715\/revisions\/7379"}],"wp:featuredmedia":[{"embeddable":true,"href":"https:\/\/www.hotel-royal-antibes.com\/es\/wp-json\/wp\/v2\/media\/2716"}],"wp:attachment":[{"href":"https:\/\/www.hotel-royal-antibes.com\/es\/wp-json\/wp\/v2\/media?parent=2715"}],"curies":[{"name":"wp","href":"https:\/\/api.w.org\/{rel}","templated":true}]}}