{"id":2709,"date":"2016-03-16T17:38:03","date_gmt":"2016-03-16T16:38:03","guid":{"rendered":"http:\/\/www.hotel-royal-antibes.com\/es\/salles-de-conference\/"},"modified":"2025-12-18T11:14:08","modified_gmt":"2025-12-18T10:14:08","slug":"las-salas-de-conferencias","status":"publish","type":"page","link":"https:\/\/www.hotel-royal-antibes.com\/es\/las-salas-de-conferencias\/","title":{"rendered":"Las salas de conferencias"},"content":{"rendered":"<p>[vc_row][vc_column][rev_slider_vc alias=\u00bbslider-seminaires\u00bb][\/vc_column][\/vc_row][vc_row][vc_column el_class=\u00bbtitle-page\u00bb][vc_column_text]<\/p>\n<h1 style=\"text-align: center;\">Las salas de conferencias<\/h1>\n<p>[\/vc_column_text][\/vc_column][\/vc_row][vc_row gap=\u00bb30&#8243;][vc_column width=\u00bb2\/3&#8243;][vc_column_text]<\/p>\n<h3>El Royal Antibes<i class=\" glyphicon glyphicon-star \" style=\"\"><\/i><i class=\" glyphicon glyphicon-star \" style=\"\"><\/i><i class=\" glyphicon glyphicon-star \" style=\"\"><\/i><i class=\" glyphicon glyphicon-star \" style=\"\"><\/i> Luxury Hotel, Residence, Beach &amp; Spa, un seminario con vistas al mar\u2026<\/h3>\n<p>Situado en el centro de la ciudad y frente al mar; a 25 minutos del aeropuerto internacional de Niza-Costa Azul; accesible tanto en tren de alta velocidad como en coche; 69 habitaciones y apartamentos; dos salas de reuniones; un spa, un restaurante en la playa privada, y un aparcamiento subterr\u00e1neo privado. Toda esta lista de ventajas convierten al ROYAL ANTIBES<i class=\" glyphicon glyphicon-star \" style=\"\"><\/i><i class=\" glyphicon glyphicon-star \" style=\"\"><\/i><i class=\" glyphicon glyphicon-star \" style=\"\"><\/i><i class=\" glyphicon glyphicon-star \" style=\"\"><\/i> en el lugar ideal para organizar un seminario.<\/p>\n<p>&nbsp;<\/p>\n<p><u>\u201cSalle Riviera\u201d<\/u><\/p>\n<p>Esta sala se acostumbra a utilizar para seminarios de peque\u00f1a y mediana capacidad.<\/p>\n<p>La sala situada en la planta -1 est\u00e1 perfectamente equipada seg\u00fan sus necesidades y se adapta en funci\u00f3n de cada evento.<\/p>\n<p>&nbsp;<\/p>\n<p><u>\u201cSalle Azur\u00bb<\/u><\/p>\n<p>Esta sala puede acomodar a un grupo peque\u00f1o para todo tipo de eventos, con un terraza, ideal para pausas el caf\u00e9.<\/p>\n<p>&nbsp;<\/p>\n<p><u>Equipamientos<\/u><\/p>\n<p>Distribuci\u00f3n personalizada, climatizaci\u00f3n, Wi-Fi gratuito, tel\u00e9fono, cables y sistemas de conexi\u00f3n, videoproyector, pantalla gigante, rotafolios, blocs de notas y bol\u00edgrafos, agua sin gas (una media botella para una persona por d\u00eda; se facturar\u00e1 un suplemento si se necesita una cantidad suplementaria). Micr\u00f3fonos y altavoces previa solicitud.<\/p>\n<p>&nbsp;<\/p>\n<p>&nbsp;<\/p>\n<table style=\"width: 547px;\">\n<tbody>\n<tr>\n<td style=\"width: 136px;\"><strong>Salas<\/strong><\/td>\n<td style=\"width: 65px;\"><strong>Talla (m\u00b2)<\/strong><\/td>\n<td style=\"width: 40px;\"><img decoding=\"async\" class=\"size-full wp-image-665 aligncenter\" src=\"http:\/\/www.hotel-royal-antibes.com\/wp-content\/uploads\/2016\/03\/icon-forfait-seminaire-1.jpg\" alt=\"icon-forfait-seminaire-1\" width=\"44\" height=\"41\" \/><\/td>\n<td style=\"width: 40px;\"><img decoding=\"async\" class=\"alignnone size-full wp-image-667\" src=\"http:\/\/www.hotel-royal-antibes.com\/wp-content\/uploads\/2016\/03\/icon-forfait-seminaire-2.jpg\" alt=\"icon-forfait-seminaire-2\" width=\"44\" height=\"41\" \/><\/td>\n<td style=\"width: 40px;\"><img decoding=\"async\" class=\"alignnone size-full wp-image-669\" src=\"http:\/\/www.hotel-royal-antibes.com\/wp-content\/uploads\/2016\/03\/icon-forfait-seminaire-3.jpg\" alt=\"icon-forfait-seminaire-3\" width=\"44\" height=\"41\" \/><\/td>\n<td style=\"width: 42px;\"><img decoding=\"async\" class=\"alignnone size-full wp-image-673\" src=\"http:\/\/www.hotel-royal-antibes.com\/wp-content\/uploads\/2016\/03\/icon-forfait-seminaire-5.jpg\" alt=\"icon-forfait-seminaire-5\" width=\"44\" height=\"41\" \/><\/td>\n<td style=\"width: 63px;\"><strong>Luz del dia<\/strong><\/td>\n<td style=\"width: 58px;\"><strong>Terraza<\/strong><\/td>\n<td style=\"width: 63px;\"><strong>Vista al mar<\/strong><\/td>\n<\/tr>\n<tr>\n<td style=\"width: 136px;\">Sala Riviera<\/td>\n<td style=\"width: 65px;\">80<\/td>\n<td style=\"width: 40px;\">55<\/td>\n<td style=\"width: 40px;\">30<\/td>\n<td style=\"width: 40px;\">30<\/td>\n<td style=\"width: 42px;\">70<\/td>\n<td style=\"width: 63px;\">No<\/td>\n<td style=\"width: 58px;\">No<\/td>\n<td style=\"width: 63px;\">No<\/td>\n<\/tr>\n<tr>\n<td style=\"width: 136px;\">Apartemento Royal<\/td>\n<td style=\"width: 65px;\">25<\/td>\n<td style=\"width: 40px;\">10<\/td>\n<td style=\"width: 40px;\">12<\/td>\n<td style=\"width: 40px;\">10<\/td>\n<td style=\"width: 42px;\">30<\/td>\n<td style=\"width: 63px;\">Si<\/td>\n<td style=\"width: 58px;\">Si<\/td>\n<td style=\"width: 63px;\">Si<\/td>\n<\/tr>\n<tr>\n<td style=\"width: 136px;\">Sala Azur<\/td>\n<td style=\"width: 65px;\">30<\/td>\n<td style=\"width: 40px;\">20<\/td>\n<td style=\"width: 40px;\">10<\/td>\n<td style=\"width: 40px;\">12<\/td>\n<td style=\"width: 42px;\">30<\/td>\n<td style=\"width: 63px;\">Si<\/td>\n<td style=\"width: 58px;\">Si<\/td>\n<td style=\"width: 63px;\">No<\/td>\n<\/tr>\n<tr>\n<td style=\"width: 136px;\">Royal Lounge<\/td>\n<td style=\"width: 65px;\">50<\/td>\n<td style=\"width: 40px;\">30<\/td>\n<td style=\"width: 40px;\">20<\/td>\n<td style=\"width: 40px;\">20<\/td>\n<td style=\"width: 42px;\">40<\/td>\n<td style=\"width: 63px;\">Si<\/td>\n<td style=\"width: 58px;\">Si<\/td>\n<td style=\"width: 63px;\">Si<\/td>\n<\/tr>\n<tr>\n<td style=\"width: 136px;\">Royal Beach (playa)<\/td>\n<td style=\"width: 65px;\">200<\/td>\n<td style=\"width: 40px;\"><\/td>\n<td style=\"width: 40px;\"><\/td>\n<td style=\"width: 40px;\"><\/td>\n<td style=\"width: 42px;\">150<\/td>\n<td style=\"width: 63px;\">Si<\/td>\n<td style=\"width: 58px;\">Si<\/td>\n<td style=\"width: 63px;\">Si<\/td>\n<\/tr>\n<tr>\n<td style=\"width: 136px;\">Royal Beach (sala interior)<\/td>\n<td style=\"width: 65px;\">30<\/td>\n<td style=\"width: 40px;\">15<\/td>\n<td style=\"width: 40px;\"><\/td>\n<td style=\"width: 40px;\">15<\/td>\n<td style=\"width: 42px;\">40<\/td>\n<td style=\"width: 63px;\">Si<\/td>\n<td style=\"width: 58px;\">Si<\/td>\n<td style=\"width: 63px;\">Si<\/td>\n<\/tr>\n<\/tbody>\n<\/table>\n<p>&nbsp;<\/p>\n<p><a href=\"https:\/\/www.hotel-royal-antibes.com\/wp-content\/uploads\/2024\/08\/FACTSHEET-MEETING-ROOM-ROYAL-ANTIBES_2024_ENG.pdf\" target=\"_blank\" rel=\"noopener noreferrer\"><button class=\"download-button\">Descargue \u201cGrupos y Seminarios\u201d<\/button><\/a><\/p>\n<p><a href=\"https:\/\/www.hotel-royal-antibes.com\/wp-content\/uploads\/2025\/12\/2025-FACTSHEET-ROOMS-AND-APT-WITH-STANDARD.pdf\" target=\"_blank\" rel=\"noopener noreferrer\"><button class=\"download-button\">Descargue \u201cHabitaciones y apartamento\u201d<\/button><\/a>[\/vc_column_text][\/vc_column][vc_column width=\u00bb1\/3&#8243; el_class=\u00bbform_devis_seminaire\u00bb]\n<div class=\"wpcf7 no-js\" id=\"wpcf7-f3007-o1\" lang=\"fr-FR\" dir=\"ltr\" data-wpcf7-id=\"3007\">\n<div class=\"screen-reader-response\"><p role=\"status\" aria-live=\"polite\" aria-atomic=\"true\"><\/p> <ul><\/ul><\/div>\n<form action=\"\/es\/wp-json\/wp\/v2\/pages\/2709#wpcf7-f3007-o1\" method=\"post\" class=\"wpcf7-form init\" aria-label=\"Formulaire de contact\" novalidate=\"novalidate\" data-status=\"init\">\n<fieldset class=\"hidden-fields-container\"><input type=\"hidden\" name=\"_wpcf7\" value=\"3007\" \/><input type=\"hidden\" name=\"_wpcf7_version\" value=\"6.1.5\" \/><input type=\"hidden\" name=\"_wpcf7_locale\" value=\"fr_FR\" \/><input type=\"hidden\" name=\"_wpcf7_unit_tag\" value=\"wpcf7-f3007-o1\" \/><input type=\"hidden\" name=\"_wpcf7_container_post\" value=\"0\" \/><input type=\"hidden\" name=\"_wpcf7_posted_data_hash\" value=\"\" \/><input type=\"hidden\" name=\"_wpcf7_recaptcha_response\" value=\"\" \/>\n<\/fieldset>\n<h2>Solicite un \u201cPresupuesto\u201d\n<\/h2>\n<p><br \/>\n<span class=\"wpcf7-form-control-wrap\" data-name=\"nom\"><input size=\"40\" maxlength=\"400\" class=\"wpcf7-form-control wpcf7-text wpcf7-validates-as-required\" aria-required=\"true\" aria-invalid=\"false\" placeholder=\"Apellido\" value=\"\" type=\"text\" name=\"nom\" \/><\/span>\n<\/p>\n<p><br \/>\n<span class=\"wpcf7-form-control-wrap\" data-name=\"prenom\"><input size=\"40\" maxlength=\"400\" class=\"wpcf7-form-control wpcf7-text wpcf7-validates-as-required\" aria-required=\"true\" aria-invalid=\"false\" placeholder=\"Nombre\" value=\"\" type=\"text\" name=\"prenom\" \/><\/span>\n<\/p>\n<p><br \/>\n<span class=\"wpcf7-form-control-wrap\" data-name=\"tel\"><input size=\"40\" maxlength=\"400\" class=\"wpcf7-form-control wpcf7-tel wpcf7-validates-as-required wpcf7-text wpcf7-validates-as-tel\" aria-required=\"true\" aria-invalid=\"false\" placeholder=\"Tel.\" value=\"\" type=\"tel\" name=\"tel\" \/><\/span>\n<\/p>\n<p><br \/>\n<span class=\"wpcf7-form-control-wrap\" data-name=\"email\"><input size=\"40\" maxlength=\"400\" class=\"wpcf7-form-control wpcf7-email wpcf7-validates-as-required wpcf7-text wpcf7-validates-as-email\" aria-required=\"true\" aria-invalid=\"false\" placeholder=\"Correo electr\u00f3nico\" value=\"\" type=\"email\" name=\"email\" \/><\/span>\n<\/p>\n<p><br \/>\n<span class=\"wpcf7-form-control-wrap\" data-name=\"nom_societe\"><input size=\"40\" maxlength=\"400\" class=\"wpcf7-form-control wpcf7-text wpcf7-validates-as-required\" aria-required=\"true\" aria-invalid=\"false\" placeholder=\"Nombre de la empresa\" value=\"\" type=\"text\" name=\"nom_societe\" \/><\/span>\n<\/p>\n<p><br \/>\n<span class=\"wpcf7-form-control-wrap\" data-name=\"ville\"><input size=\"40\" maxlength=\"400\" class=\"wpcf7-form-control wpcf7-text\" aria-invalid=\"false\" placeholder=\"Ciudad\" value=\"\" type=\"text\" name=\"ville\" \/><\/span>\n<\/p>\n<p><br \/>\n<span class=\"wpcf7-form-control-wrap\" data-name=\"pays\"><input size=\"40\" maxlength=\"400\" class=\"wpcf7-form-control wpcf7-text wpcf7-validates-as-required\" aria-required=\"true\" aria-invalid=\"false\" placeholder=\"Pais\" value=\"\" type=\"text\" name=\"pays\" \/><\/span>\n<\/p>\n<p><br \/>\n<span class=\"wpcf7-form-control-wrap\" data-name=\"nombre_personnes\"><input class=\"wpcf7-form-control wpcf7-number wpcf7-validates-as-required wpcf7-validates-as-number\" min=\"1\" max=\"100\" aria-required=\"true\" aria-invalid=\"false\" placeholder=\"N\u00famero de personas\" value=\"\" type=\"number\" name=\"nombre_personnes\" \/><\/span>\n<\/p>\n<p><br \/>\n<span class=\"wpcf7-form-control-wrap\" data-name=\"date_arrivee\"><input size=\"40\" maxlength=\"400\" class=\"wpcf7-form-control wpcf7-text wpcf7-validates-as-required datepicker\" aria-required=\"true\" aria-invalid=\"false\" placeholder=\"Fecha de llegada\" value=\"\" type=\"text\" name=\"date_arrivee\" \/><\/span><span class=\"wpcf7-form-control-wrap\" data-name=\"date_depart\"><input size=\"40\" maxlength=\"400\" class=\"wpcf7-form-control wpcf7-text wpcf7-validates-as-required datepicker\" aria-required=\"true\" aria-invalid=\"false\" placeholder=\"Fecha de salida\" value=\"\" type=\"text\" name=\"date_depart\" \/><\/span>\n<\/p>\n<p><br \/>\n\u00bfSon sus fechas flexibles?<br \/>\n<span class=\"wpcf7-form-control-wrap\" data-name=\"dates-flexibles\"><span class=\"wpcf7-form-control wpcf7-radio\"><span class=\"wpcf7-list-item first\"><label><input type=\"radio\" name=\"dates-flexibles\" value=\"Si\" \/><span class=\"wpcf7-list-item-label\">Si<\/span><\/label><\/span><span class=\"wpcf7-list-item last\"><label><input type=\"radio\" name=\"dates-flexibles\" value=\"No\" checked=\"checked\" \/><span class=\"wpcf7-list-item-label\">No<\/span><\/label><\/span><\/span><\/span>\n<\/p>\n<p><br \/>\n<span class=\"wpcf7-form-control-wrap\" data-name=\"budget-global\"><input class=\"wpcf7-form-control wpcf7-number wpcf7-validates-as-number\" aria-invalid=\"false\" placeholder=\"\u00bfDe qu\u00e9 presupuesto global dispone?\" value=\"\" type=\"number\" name=\"budget-global\" \/><\/span>\n<\/p>\n<p><br \/>\n\u00bfDesea reservar habitaciones?<br \/>\n<span class=\"wpcf7-form-control-wrap\" data-name=\"reserver-chambres\"><span class=\"wpcf7-form-control wpcf7-radio\"><span class=\"wpcf7-list-item first\"><label><input type=\"radio\" name=\"reserver-chambres\" value=\"Si\" \/><span class=\"wpcf7-list-item-label\">Si<\/span><\/label><\/span><span class=\"wpcf7-list-item last\"><label><input type=\"radio\" name=\"reserver-chambres\" value=\"No\" checked=\"checked\" \/><span class=\"wpcf7-list-item-label\">No<\/span><\/label><\/span><\/span><\/span>\n<\/p>\n<p><br \/>\n\u00bfDesea reservar la sala de reuniones?<br \/>\n<span class=\"wpcf7-form-control-wrap\" data-name=\"reserver-salle-reunion\"><span class=\"wpcf7-form-control wpcf7-radio\"><span class=\"wpcf7-list-item first\"><label><input type=\"radio\" name=\"reserver-salle-reunion\" value=\"Si\" \/><span class=\"wpcf7-list-item-label\">Si<\/span><\/label><\/span><span class=\"wpcf7-list-item last\"><label><input type=\"radio\" name=\"reserver-salle-reunion\" value=\"No\" checked=\"checked\" \/><span class=\"wpcf7-list-item-label\">No<\/span><\/label><\/span><\/span><\/span>\n<\/p>\n<p><br \/>\n<span class=\"wpcf7-form-control-wrap\" data-name=\"besoins\"><textarea cols=\"40\" rows=\"10\" maxlength=\"2000\" class=\"wpcf7-form-control wpcf7-textarea wpcf7-validates-as-required\" aria-required=\"true\" aria-invalid=\"false\" placeholder=\"Detalle cu\u00e1les son sus necesidades (franjas horarias, configuraci\u00f3n de la sala, equipamientos)\" name=\"besoins\"><\/textarea><\/span>\n<\/p>\n<p><br \/>\n\u00bfDesea organizar pausas o comidas?<br \/>\n<span class=\"wpcf7-form-control-wrap\" data-name=\"pauses-ou-repas\"><span class=\"wpcf7-form-control wpcf7-radio\"><span class=\"wpcf7-list-item first\"><label><input type=\"radio\" name=\"pauses-ou-repas\" value=\"Si\" \/><span class=\"wpcf7-list-item-label\">Si<\/span><\/label><\/span><span class=\"wpcf7-list-item last\"><label><input type=\"radio\" name=\"pauses-ou-repas\" value=\"No\" checked=\"checked\" \/><span class=\"wpcf7-list-item-label\">No<\/span><\/label><\/span><\/span><\/span>\n<\/p>\n\n<p><br \/>\n<input class=\"wpcf7-form-control wpcf7-submit has-spinner\" type=\"submit\" value=\"Envie\" \/>\n<\/p><div class=\"wpcf7-response-output\" aria-hidden=\"true\"><\/div>\n<\/form>\n<\/div>\n[vc_column_text]<\/p>\n<p style=\"text-align: center;\">Coordinaci\u00f3n de Grupos y Seminarios<\/p>\n<p style=\"text-align: center;\">Tel. <a href=\"tel:+33 (0)4 83 61 91 93\">+33 (0)4 83 61 91 90<\/a><\/p>\n<p style=\"text-align: center;\"><a href=\"mailto:sales@royal-antibes.com\">sales@royal-antibes.com<\/a><\/p>\n<p>[\/vc_column_text][\/vc_column][\/vc_row][vc_row][vc_column][vc_column_text]<\/p>\n<div class=\"h1\" ><span style=\"font-size: 24px;\">Descubre tambi\u00e9n<\/span><\/div>\n<p>[\/vc_column_text][\/vc_column][\/vc_row][vc_row][vc_column][vc_basic_grid post_type=\u00bbids\u00bb element_width=\u00bb6&#8243; gap=\u00bb10&#8243; item=\u00bb759&#8243; grid_id=\u00bbvc_gid:1766052833905-2d9190f3-b8cb-9&#8243; include=\u00bb652, 664, 2604, 2671&#8243;][\/vc_column][\/vc_row]<\/p>\n","protected":false},"excerpt":{"rendered":"<p>[vc_row][vc_column][rev_slider_vc alias=\u00bbslider-seminaires\u00bb][\/vc_column][\/vc_row][vc_row][vc_column el_class=\u00bbtitle-page\u00bb][vc_column_text] Las salas de conferencias [\/vc_column_text][\/vc_column][\/vc_row][vc_row gap=\u00bb30&#8243;][vc_column width=\u00bb2\/3&#8243;][vc_column_text] El Royal Antibes Luxury Hotel, Residence, Beach &amp; Spa, un seminario con vistas al mar\u2026 Situado en el centro de la ciudad y frente al mar; a 25 minutos del aeropuerto internacional de Niza-Costa Azul; accesible tanto en tren de alta velocidad como en coche; [&hellip;]<\/p>\n","protected":false},"author":4,"featured_media":6256,"parent":0,"menu_order":0,"comment_status":"closed","ping_status":"closed","template":"","meta":{"_acf_changed":false,"footnotes":""},"class_list":["post-2709","page","type-page","status-publish","has-post-thumbnail","hentry"],"acf":[],"yoast_head":"<!-- This site is optimized with the Yoast SEO plugin v26.9 - https:\/\/yoast.com\/product\/yoast-seo-wordpress\/ -->\n<title>Reservar una sala de conferencias con vistas al mar en Antibes con parking privado<\/title>\n<meta name=\"description\" content=\"El Hotel Royal Antibes es tambi\u00e9n un hotel de negocios y est\u00e1 dirigido a profesionales, dispone de sala de conferencias con vistas al mar totalmente equipada para reuniones y seminarios de negocios. El hotel est\u00e1 climatizado y cuanta con acceso a la estaci\u00f3n del tren y a las autopistas.\" \/>\n<meta name=\"robots\" content=\"index, follow, max-snippet:-1, max-image-preview:large, max-video-preview:-1\" \/>\n<link rel=\"canonical\" href=\"https:\/\/www.hotel-royal-antibes.com\/es\/las-salas-de-conferencias\/\" \/>\n<meta property=\"og:locale\" content=\"es_ES\" \/>\n<meta property=\"og:type\" content=\"article\" \/>\n<meta property=\"og:title\" content=\"Reservar una sala de conferencias con vistas al mar en Antibes con parking privado\" \/>\n<meta property=\"og:description\" content=\"El Hotel Royal Antibes es tambi\u00e9n un hotel de negocios y est\u00e1 dirigido a profesionales, dispone de sala de conferencias con vistas al mar totalmente equipada para reuniones y seminarios de negocios. El hotel est\u00e1 climatizado y cuanta con acceso a la estaci\u00f3n del tren y a las autopistas.\" \/>\n<meta property=\"og:url\" content=\"https:\/\/www.hotel-royal-antibes.com\/es\/las-salas-de-conferencias\/\" \/>\n<meta property=\"og:site_name\" content=\"Royal Antibes\" \/>\n<meta property=\"article:modified_time\" content=\"2025-12-18T10:14:08+00:00\" \/>\n<meta property=\"og:image\" content=\"https:\/\/www.hotel-royal-antibes.com\/wp-content\/uploads\/2020\/02\/elegante-salle-reunion-suite-vue-mer.jpg\" \/>\n\t<meta property=\"og:image:width\" content=\"2560\" \/>\n\t<meta property=\"og:image:height\" content=\"1707\" \/>\n\t<meta property=\"og:image:type\" content=\"image\/jpeg\" \/>\n<meta name=\"twitter:card\" content=\"summary_large_image\" \/>\n<meta name=\"twitter:label1\" content=\"Tiempo de lectura\" \/>\n\t<meta name=\"twitter:data1\" content=\"3 minutos\" \/>\n<script type=\"application\/ld+json\" class=\"yoast-schema-graph\">{\"@context\":\"https:\/\/schema.org\",\"@graph\":[{\"@type\":\"WebPage\",\"@id\":\"https:\/\/www.hotel-royal-antibes.com\/es\/las-salas-de-conferencias\/\",\"url\":\"https:\/\/www.hotel-royal-antibes.com\/es\/las-salas-de-conferencias\/\",\"name\":\"Reservar una sala de conferencias con vistas al mar en Antibes con parking privado\",\"isPartOf\":{\"@id\":\"https:\/\/www.hotel-royal-antibes.com\/es\/#website\"},\"primaryImageOfPage\":{\"@id\":\"https:\/\/www.hotel-royal-antibes.com\/es\/las-salas-de-conferencias\/#primaryimage\"},\"image\":{\"@id\":\"https:\/\/www.hotel-royal-antibes.com\/es\/las-salas-de-conferencias\/#primaryimage\"},\"thumbnailUrl\":\"https:\/\/www.hotel-royal-antibes.com\/wp-content\/uploads\/2020\/02\/elegante-salle-reunion-suite-vue-mer.jpg\",\"datePublished\":\"2016-03-16T16:38:03+00:00\",\"dateModified\":\"2025-12-18T10:14:08+00:00\",\"description\":\"El Hotel Royal Antibes es tambi\u00e9n un hotel de negocios y est\u00e1 dirigido a profesionales, dispone de sala de conferencias con vistas al mar totalmente equipada para reuniones y seminarios de negocios. El hotel est\u00e1 climatizado y cuanta con acceso a la estaci\u00f3n del tren y a las autopistas.\",\"breadcrumb\":{\"@id\":\"https:\/\/www.hotel-royal-antibes.com\/es\/las-salas-de-conferencias\/#breadcrumb\"},\"inLanguage\":\"es\",\"potentialAction\":[{\"@type\":\"ReadAction\",\"target\":[\"https:\/\/www.hotel-royal-antibes.com\/es\/las-salas-de-conferencias\/\"]}]},{\"@type\":\"ImageObject\",\"inLanguage\":\"es\",\"@id\":\"https:\/\/www.hotel-royal-antibes.com\/es\/las-salas-de-conferencias\/#primaryimage\",\"url\":\"https:\/\/www.hotel-royal-antibes.com\/wp-content\/uploads\/2020\/02\/elegante-salle-reunion-suite-vue-mer.jpg\",\"contentUrl\":\"https:\/\/www.hotel-royal-antibes.com\/wp-content\/uploads\/2020\/02\/elegante-salle-reunion-suite-vue-mer.jpg\",\"width\":2560,\"height\":1707},{\"@type\":\"BreadcrumbList\",\"@id\":\"https:\/\/www.hotel-royal-antibes.com\/es\/las-salas-de-conferencias\/#breadcrumb\",\"itemListElement\":[{\"@type\":\"ListItem\",\"position\":1,\"name\":\"Hotel Royal Antibes\",\"item\":\"https:\/\/www.hotel-royal-antibes.com\/es\/\"},{\"@type\":\"ListItem\",\"position\":2,\"name\":\"Las salas de conferencias\"}]},{\"@type\":\"WebSite\",\"@id\":\"https:\/\/www.hotel-royal-antibes.com\/es\/#website\",\"url\":\"https:\/\/www.hotel-royal-antibes.com\/es\/\",\"name\":\"Royal Antibes\",\"description\":\"Luxury hotel in Antibes on French Riviera\",\"potentialAction\":[{\"@type\":\"SearchAction\",\"target\":{\"@type\":\"EntryPoint\",\"urlTemplate\":\"https:\/\/www.hotel-royal-antibes.com\/es\/?s={search_term_string}\"},\"query-input\":{\"@type\":\"PropertyValueSpecification\",\"valueRequired\":true,\"valueName\":\"search_term_string\"}}],\"inLanguage\":\"es\"}]}<\/script>\n<!-- \/ Yoast SEO plugin. -->","yoast_head_json":{"title":"Reservar una sala de conferencias con vistas al mar en Antibes con parking privado","description":"El Hotel Royal Antibes es tambi\u00e9n un hotel de negocios y est\u00e1 dirigido a profesionales, dispone de sala de conferencias con vistas al mar totalmente equipada para reuniones y seminarios de negocios. El hotel est\u00e1 climatizado y cuanta con acceso a la estaci\u00f3n del tren y a las autopistas.","robots":{"index":"index","follow":"follow","max-snippet":"max-snippet:-1","max-image-preview":"max-image-preview:large","max-video-preview":"max-video-preview:-1"},"canonical":"https:\/\/www.hotel-royal-antibes.com\/es\/las-salas-de-conferencias\/","og_locale":"es_ES","og_type":"article","og_title":"Reservar una sala de conferencias con vistas al mar en Antibes con parking privado","og_description":"El Hotel Royal Antibes es tambi\u00e9n un hotel de negocios y est\u00e1 dirigido a profesionales, dispone de sala de conferencias con vistas al mar totalmente equipada para reuniones y seminarios de negocios. El hotel est\u00e1 climatizado y cuanta con acceso a la estaci\u00f3n del tren y a las autopistas.","og_url":"https:\/\/www.hotel-royal-antibes.com\/es\/las-salas-de-conferencias\/","og_site_name":"Royal Antibes","article_modified_time":"2025-12-18T10:14:08+00:00","og_image":[{"width":2560,"height":1707,"url":"https:\/\/www.hotel-royal-antibes.com\/wp-content\/uploads\/2020\/02\/elegante-salle-reunion-suite-vue-mer.jpg","type":"image\/jpeg"}],"twitter_card":"summary_large_image","twitter_misc":{"Tiempo de lectura":"3 minutos"},"schema":{"@context":"https:\/\/schema.org","@graph":[{"@type":"WebPage","@id":"https:\/\/www.hotel-royal-antibes.com\/es\/las-salas-de-conferencias\/","url":"https:\/\/www.hotel-royal-antibes.com\/es\/las-salas-de-conferencias\/","name":"Reservar una sala de conferencias con vistas al mar en Antibes con parking privado","isPartOf":{"@id":"https:\/\/www.hotel-royal-antibes.com\/es\/#website"},"primaryImageOfPage":{"@id":"https:\/\/www.hotel-royal-antibes.com\/es\/las-salas-de-conferencias\/#primaryimage"},"image":{"@id":"https:\/\/www.hotel-royal-antibes.com\/es\/las-salas-de-conferencias\/#primaryimage"},"thumbnailUrl":"https:\/\/www.hotel-royal-antibes.com\/wp-content\/uploads\/2020\/02\/elegante-salle-reunion-suite-vue-mer.jpg","datePublished":"2016-03-16T16:38:03+00:00","dateModified":"2025-12-18T10:14:08+00:00","description":"El Hotel Royal Antibes es tambi\u00e9n un hotel de negocios y est\u00e1 dirigido a profesionales, dispone de sala de conferencias con vistas al mar totalmente equipada para reuniones y seminarios de negocios. El hotel est\u00e1 climatizado y cuanta con acceso a la estaci\u00f3n del tren y a las autopistas.","breadcrumb":{"@id":"https:\/\/www.hotel-royal-antibes.com\/es\/las-salas-de-conferencias\/#breadcrumb"},"inLanguage":"es","potentialAction":[{"@type":"ReadAction","target":["https:\/\/www.hotel-royal-antibes.com\/es\/las-salas-de-conferencias\/"]}]},{"@type":"ImageObject","inLanguage":"es","@id":"https:\/\/www.hotel-royal-antibes.com\/es\/las-salas-de-conferencias\/#primaryimage","url":"https:\/\/www.hotel-royal-antibes.com\/wp-content\/uploads\/2020\/02\/elegante-salle-reunion-suite-vue-mer.jpg","contentUrl":"https:\/\/www.hotel-royal-antibes.com\/wp-content\/uploads\/2020\/02\/elegante-salle-reunion-suite-vue-mer.jpg","width":2560,"height":1707},{"@type":"BreadcrumbList","@id":"https:\/\/www.hotel-royal-antibes.com\/es\/las-salas-de-conferencias\/#breadcrumb","itemListElement":[{"@type":"ListItem","position":1,"name":"Hotel Royal Antibes","item":"https:\/\/www.hotel-royal-antibes.com\/es\/"},{"@type":"ListItem","position":2,"name":"Las salas de conferencias"}]},{"@type":"WebSite","@id":"https:\/\/www.hotel-royal-antibes.com\/es\/#website","url":"https:\/\/www.hotel-royal-antibes.com\/es\/","name":"Royal Antibes","description":"Luxury hotel in Antibes on French Riviera","potentialAction":[{"@type":"SearchAction","target":{"@type":"EntryPoint","urlTemplate":"https:\/\/www.hotel-royal-antibes.com\/es\/?s={search_term_string}"},"query-input":{"@type":"PropertyValueSpecification","valueRequired":true,"valueName":"search_term_string"}}],"inLanguage":"es"}]}},"_links":{"self":[{"href":"https:\/\/www.hotel-royal-antibes.com\/es\/wp-json\/wp\/v2\/pages\/2709","targetHints":{"allow":["GET"]}}],"collection":[{"href":"https:\/\/www.hotel-royal-antibes.com\/es\/wp-json\/wp\/v2\/pages"}],"about":[{"href":"https:\/\/www.hotel-royal-antibes.com\/es\/wp-json\/wp\/v2\/types\/page"}],"author":[{"embeddable":true,"href":"https:\/\/www.hotel-royal-antibes.com\/es\/wp-json\/wp\/v2\/users\/4"}],"replies":[{"embeddable":true,"href":"https:\/\/www.hotel-royal-antibes.com\/es\/wp-json\/wp\/v2\/comments?post=2709"}],"version-history":[{"count":18,"href":"https:\/\/www.hotel-royal-antibes.com\/es\/wp-json\/wp\/v2\/pages\/2709\/revisions"}],"predecessor-version":[{"id":9216,"href":"https:\/\/www.hotel-royal-antibes.com\/es\/wp-json\/wp\/v2\/pages\/2709\/revisions\/9216"}],"wp:featuredmedia":[{"embeddable":true,"href":"https:\/\/www.hotel-royal-antibes.com\/es\/wp-json\/wp\/v2\/media\/6256"}],"wp:attachment":[{"href":"https:\/\/www.hotel-royal-antibes.com\/es\/wp-json\/wp\/v2\/media?parent=2709"}],"curies":[{"name":"wp","href":"https:\/\/api.w.org\/{rel}","templated":true}]}}