{"id":2704,"date":"2016-03-16T17:37:57","date_gmt":"2016-03-16T16:37:57","guid":{"rendered":"http:\/\/www.hotel-royal-antibes.com\/es\/les-installations\/"},"modified":"2026-04-01T11:10:49","modified_gmt":"2026-04-01T10:10:49","slug":"la-playa","status":"publish","type":"page","link":"https:\/\/www.hotel-royal-antibes.com\/es\/hotel-frente-al-mar\/","title":{"rendered":"La playa"},"content":{"rendered":"<p>[vc_row][vc_column][rev_slider_vc alias=\u00bbslider-installations\u00bb][\/vc_column][\/vc_row][vc_row][vc_column el_class=\u00bbtitle-page\u00bb][vc_column_text]<\/p>\n<h1 style=\"text-align: center;\">LAS COMODIDADES DE LA PLAYA<\/h1>\n<p>[\/vc_column_text][\/vc_column][\/vc_row][vc_row gap=\u00bb30&#8243;][vc_column width=\u00bb2\/3&#8243;][vc_column_text]<\/p>\n<h3>La playa de Royal Beach, un entorno id\u00edlico donde el descanso y la relajaci\u00f3n cobrar\u00e1n m\u00e1s sentido que nunca.<\/h3>\n<p>Desde el comienzo de la temporada de calor, el equipo de ROYAL BEACH le da la bienvenida a una de <strong>las playas privadas m\u00e1s bellas de la Costa Azul<\/strong>, ubicada a solo 5 minutos a pie del centro de Antibes. En un entorno paradis\u00edaco junto al mar, sus d\u00edas ser\u00e1n sin\u00f3nimo de momentos de escape y tranquilidad.<\/p>\n<p>Para ofrecerle una experiencia \u00fanica y una relajaci\u00f3n absoluta, el hotel dispone de 170 hamacas distribuidas en la playa de arena y un pont\u00f3n aislado con preciosas vistas al Mediterr\u00e1neo. Imag\u00ednese dorando su piel junto al mar bajo los rayos del sol de la Costa Azul, con los pies en el agua color turquesa y contemplando los Alpes cubiertos de nieve que se reflejan sobre el Mediterr\u00e1neo. De vez en cuando, cuando el calor sofoque, podr\u00e1 refrescarse nadando en las aguas de la bah\u00eda de Ilette, al suave ritmo de la Riviera Francesa. \u00bfLe tienta refrescarse un poco o picar algo delicioso? No se mueva de su sitio y rel\u00e1jese, deje que nuestro restaurante y bar de playa se encarguen de todo.<\/p>\n<p>La<strong> playa Royal Beach<\/strong> se sit\u00faa a solo 80 metros caminando, frente al Hotel Royal Antibes. Todas estas instalaciones tambi\u00e9n est\u00e1n disponibles para clientes externos, quienes pueden aprovechar el parking del hotel para mayor comodidad (seg\u00fan disponibilidad). \u00a1El hotel cuenta tambi\u00e9n con una embarcaci\u00f3n privada para ir a buscarlo a su yate y llevarlo de vuelta al final del d\u00eda! (Servicio disponible bajo petici\u00f3n, sujeto a disponibilidad).<\/p>\n<h3>Tarifas<\/h3>\n<p>Cama en la playa de arena con una sombrilla: 35 \u20ac por d\u00eda por la primera fila &amp; 30 \u20ac por d\u00eda a partir de la segunda fila<br \/>\nCama en el pont\u00f3n elevado con una sombrilla: 45 \u20ac por d\u00eda por la primera fila &amp; 40 \u20ac por d\u00eda a partir de la segunda fila<\/p>\n<p>Alquiler de toallas:\u00a0 5 \u20ac\/persona<\/p>\n<p>(Para ser reservado con anticipaci\u00f3n\/En caso de desistir de estos servicios, le agradecer\u00edamos que nos notificara a m\u00e1s tardar el d\u00eda anterior o no podremos anular el cobro).[\/vc_column_text][\/vc_column][vc_column width=\u00bb1\/3&#8243; el_class=\u00bbbg-gris-texture\u00bb][vc_column_text]<\/p>\n<p style=\"text-align: center;\"><img decoding=\"async\" class=\"alignnone size-full wp-image-528\" src=\"http:\/\/www.hotel-royal-antibes.com\/wp-content\/uploads\/2016\/03\/picto-big-beach.png\" alt=\"picto-big-beach\" width=\"128\" height=\"92\" \/><\/p>\n<p style=\"text-align: center;\">Abierto desde el 28 de marzo 2026<\/p>\n<p style=\"text-align: center;\">De Abril a mediados de junio, septiembre, octubre : todos los d\u00edas de 9am a 6pm<\/p>\n<p style=\"text-align: center;\">Desde mediados de junio hasta agosto :<\/p>\n<p style=\"text-align: center;\">Lunes y martes : de 9am a 7pm<\/p>\n<p style=\"text-align: center;\">De mi\u00e9rcoles a domingo : de 9am a 11pm<\/p>\n<p style=\"text-align: center;\">El equipo del ROYAL BEACH<br \/>\nTel. <a href=\"tel:+33 (0)4 93 33 72 81\">+33 (0)4 93 33 72 81<\/a><\/p>\n<p>[\/vc_column_text][\/vc_column][\/vc_row][vc_row][vc_column][vc_column_text]<\/p>\n<div class=\"h1\" ><span style=\"font-size: 24px;\">Descubre tambi\u00e9n<\/span><\/div>\n<p>[\/vc_column_text][\/vc_column][\/vc_row][vc_row][vc_column][vc_basic_grid post_type=\u00bbids\u00bb element_width=\u00bb6&#8243; gap=\u00bb10&#8243; item=\u00bb759&#8243; grid_id=\u00bbvc_gid:1775038132249-0cb1e22d-6443-8&#8243; include=\u00bb626, 614, 2637, 2715&#8243;][\/vc_column][\/vc_row]<\/p>\n","protected":false},"excerpt":{"rendered":"<p>[vc_row][vc_column][rev_slider_vc alias=\u00bbslider-installations\u00bb][\/vc_column][\/vc_row][vc_row][vc_column el_class=\u00bbtitle-page\u00bb][vc_column_text] LAS COMODIDADES DE LA PLAYA [\/vc_column_text][\/vc_column][\/vc_row][vc_row gap=\u00bb30&#8243;][vc_column width=\u00bb2\/3&#8243;][vc_column_text] La playa de Royal Beach, un entorno id\u00edlico donde el descanso y la relajaci\u00f3n cobrar\u00e1n m\u00e1s sentido que nunca. Desde el comienzo de la temporada de calor, el equipo de ROYAL BEACH le da la bienvenida a una de las playas privadas m\u00e1s bellas [&hellip;]<\/p>\n","protected":false},"author":4,"featured_media":9027,"parent":0,"menu_order":0,"comment_status":"closed","ping_status":"closed","template":"","meta":{"_acf_changed":false,"footnotes":""},"class_list":["post-2704","page","type-page","status-publish","has-post-thumbnail","hentry"],"acf":[],"yoast_head":"<!-- This site is optimized with the Yoast SEO plugin v26.9 - https:\/\/yoast.com\/product\/yoast-seo-wordpress\/ -->\n<title>Hotel frente al mar : Reserva de colch\u00f3n y tumbona en la playa Royal Beach.<\/title>\n<meta name=\"description\" content=\"Hotel frente al mar : Reserva de colch\u00f3n, tumbona y toalla en la playa Royal Beach. 120 tumbonas disponibles para tomar el sol.\" \/>\n<meta name=\"robots\" content=\"index, follow, max-snippet:-1, max-image-preview:large, max-video-preview:-1\" \/>\n<link rel=\"canonical\" href=\"https:\/\/www.hotel-royal-antibes.com\/es\/hotel-frente-al-mar\/\" \/>\n<meta property=\"og:locale\" content=\"es_ES\" \/>\n<meta property=\"og:type\" content=\"article\" \/>\n<meta property=\"og:title\" content=\"Hotel frente al mar : Reserva de colch\u00f3n y tumbona en la playa Royal Beach.\" \/>\n<meta property=\"og:description\" content=\"Hotel frente al mar : Reserva de colch\u00f3n, tumbona y toalla en la playa Royal Beach. 120 tumbonas disponibles para tomar el sol.\" \/>\n<meta property=\"og:url\" content=\"https:\/\/www.hotel-royal-antibes.com\/es\/hotel-frente-al-mar\/\" \/>\n<meta property=\"og:site_name\" content=\"Royal Antibes\" \/>\n<meta property=\"article:modified_time\" content=\"2026-04-01T10:10:49+00:00\" \/>\n<meta property=\"og:image\" content=\"https:\/\/www.hotel-royal-antibes.com\/wp-content\/uploads\/2025\/08\/ROYAL-BEACH-VUE-DE-HAUT.jpg\" \/>\n\t<meta property=\"og:image:width\" content=\"1920\" \/>\n\t<meta property=\"og:image:height\" content=\"1080\" \/>\n\t<meta property=\"og:image:type\" content=\"image\/jpeg\" \/>\n<meta name=\"twitter:card\" content=\"summary_large_image\" \/>\n<meta name=\"twitter:label1\" content=\"Tiempo de lectura\" \/>\n\t<meta name=\"twitter:data1\" content=\"3 minutos\" \/>\n<script type=\"application\/ld+json\" class=\"yoast-schema-graph\">{\"@context\":\"https:\/\/schema.org\",\"@graph\":[{\"@type\":\"WebPage\",\"@id\":\"https:\/\/www.hotel-royal-antibes.com\/es\/hotel-frente-al-mar\/\",\"url\":\"https:\/\/www.hotel-royal-antibes.com\/es\/hotel-frente-al-mar\/\",\"name\":\"Hotel frente al mar : Reserva de colch\u00f3n y tumbona en la playa Royal Beach.\",\"isPartOf\":{\"@id\":\"https:\/\/www.hotel-royal-antibes.com\/es\/#website\"},\"primaryImageOfPage\":{\"@id\":\"https:\/\/www.hotel-royal-antibes.com\/es\/hotel-frente-al-mar\/#primaryimage\"},\"image\":{\"@id\":\"https:\/\/www.hotel-royal-antibes.com\/es\/hotel-frente-al-mar\/#primaryimage\"},\"thumbnailUrl\":\"https:\/\/www.hotel-royal-antibes.com\/wp-content\/uploads\/2025\/08\/ROYAL-BEACH-VUE-DE-HAUT.jpg\",\"datePublished\":\"2016-03-16T16:37:57+00:00\",\"dateModified\":\"2026-04-01T10:10:49+00:00\",\"description\":\"Hotel frente al mar : Reserva de colch\u00f3n, tumbona y toalla en la playa Royal Beach. 120 tumbonas disponibles para tomar el sol.\",\"breadcrumb\":{\"@id\":\"https:\/\/www.hotel-royal-antibes.com\/es\/hotel-frente-al-mar\/#breadcrumb\"},\"inLanguage\":\"es\",\"potentialAction\":[{\"@type\":\"ReadAction\",\"target\":[\"https:\/\/www.hotel-royal-antibes.com\/es\/hotel-frente-al-mar\/\"]}]},{\"@type\":\"ImageObject\",\"inLanguage\":\"es\",\"@id\":\"https:\/\/www.hotel-royal-antibes.com\/es\/hotel-frente-al-mar\/#primaryimage\",\"url\":\"https:\/\/www.hotel-royal-antibes.com\/wp-content\/uploads\/2025\/08\/ROYAL-BEACH-VUE-DE-HAUT.jpg\",\"contentUrl\":\"https:\/\/www.hotel-royal-antibes.com\/wp-content\/uploads\/2025\/08\/ROYAL-BEACH-VUE-DE-HAUT.jpg\",\"width\":1920,\"height\":1080},{\"@type\":\"BreadcrumbList\",\"@id\":\"https:\/\/www.hotel-royal-antibes.com\/es\/hotel-frente-al-mar\/#breadcrumb\",\"itemListElement\":[{\"@type\":\"ListItem\",\"position\":1,\"name\":\"Hotel Royal Antibes\",\"item\":\"https:\/\/www.hotel-royal-antibes.com\/es\/\"},{\"@type\":\"ListItem\",\"position\":2,\"name\":\"La playa\"}]},{\"@type\":\"WebSite\",\"@id\":\"https:\/\/www.hotel-royal-antibes.com\/es\/#website\",\"url\":\"https:\/\/www.hotel-royal-antibes.com\/es\/\",\"name\":\"Royal Antibes\",\"description\":\"Luxury hotel in Antibes on French Riviera\",\"potentialAction\":[{\"@type\":\"SearchAction\",\"target\":{\"@type\":\"EntryPoint\",\"urlTemplate\":\"https:\/\/www.hotel-royal-antibes.com\/es\/?s={search_term_string}\"},\"query-input\":{\"@type\":\"PropertyValueSpecification\",\"valueRequired\":true,\"valueName\":\"search_term_string\"}}],\"inLanguage\":\"es\"}]}<\/script>\n<!-- \/ Yoast SEO plugin. -->","yoast_head_json":{"title":"Hotel frente al mar : Reserva de colch\u00f3n y tumbona en la playa Royal Beach.","description":"Hotel frente al mar : Reserva de colch\u00f3n, tumbona y toalla en la playa Royal Beach. 120 tumbonas disponibles para tomar el sol.","robots":{"index":"index","follow":"follow","max-snippet":"max-snippet:-1","max-image-preview":"max-image-preview:large","max-video-preview":"max-video-preview:-1"},"canonical":"https:\/\/www.hotel-royal-antibes.com\/es\/hotel-frente-al-mar\/","og_locale":"es_ES","og_type":"article","og_title":"Hotel frente al mar : Reserva de colch\u00f3n y tumbona en la playa Royal Beach.","og_description":"Hotel frente al mar : Reserva de colch\u00f3n, tumbona y toalla en la playa Royal Beach. 120 tumbonas disponibles para tomar el sol.","og_url":"https:\/\/www.hotel-royal-antibes.com\/es\/hotel-frente-al-mar\/","og_site_name":"Royal Antibes","article_modified_time":"2026-04-01T10:10:49+00:00","og_image":[{"width":1920,"height":1080,"url":"https:\/\/www.hotel-royal-antibes.com\/wp-content\/uploads\/2025\/08\/ROYAL-BEACH-VUE-DE-HAUT.jpg","type":"image\/jpeg"}],"twitter_card":"summary_large_image","twitter_misc":{"Tiempo de lectura":"3 minutos"},"schema":{"@context":"https:\/\/schema.org","@graph":[{"@type":"WebPage","@id":"https:\/\/www.hotel-royal-antibes.com\/es\/hotel-frente-al-mar\/","url":"https:\/\/www.hotel-royal-antibes.com\/es\/hotel-frente-al-mar\/","name":"Hotel frente al mar : Reserva de colch\u00f3n y tumbona en la playa Royal Beach.","isPartOf":{"@id":"https:\/\/www.hotel-royal-antibes.com\/es\/#website"},"primaryImageOfPage":{"@id":"https:\/\/www.hotel-royal-antibes.com\/es\/hotel-frente-al-mar\/#primaryimage"},"image":{"@id":"https:\/\/www.hotel-royal-antibes.com\/es\/hotel-frente-al-mar\/#primaryimage"},"thumbnailUrl":"https:\/\/www.hotel-royal-antibes.com\/wp-content\/uploads\/2025\/08\/ROYAL-BEACH-VUE-DE-HAUT.jpg","datePublished":"2016-03-16T16:37:57+00:00","dateModified":"2026-04-01T10:10:49+00:00","description":"Hotel frente al mar : Reserva de colch\u00f3n, tumbona y toalla en la playa Royal Beach. 120 tumbonas disponibles para tomar el sol.","breadcrumb":{"@id":"https:\/\/www.hotel-royal-antibes.com\/es\/hotel-frente-al-mar\/#breadcrumb"},"inLanguage":"es","potentialAction":[{"@type":"ReadAction","target":["https:\/\/www.hotel-royal-antibes.com\/es\/hotel-frente-al-mar\/"]}]},{"@type":"ImageObject","inLanguage":"es","@id":"https:\/\/www.hotel-royal-antibes.com\/es\/hotel-frente-al-mar\/#primaryimage","url":"https:\/\/www.hotel-royal-antibes.com\/wp-content\/uploads\/2025\/08\/ROYAL-BEACH-VUE-DE-HAUT.jpg","contentUrl":"https:\/\/www.hotel-royal-antibes.com\/wp-content\/uploads\/2025\/08\/ROYAL-BEACH-VUE-DE-HAUT.jpg","width":1920,"height":1080},{"@type":"BreadcrumbList","@id":"https:\/\/www.hotel-royal-antibes.com\/es\/hotel-frente-al-mar\/#breadcrumb","itemListElement":[{"@type":"ListItem","position":1,"name":"Hotel Royal Antibes","item":"https:\/\/www.hotel-royal-antibes.com\/es\/"},{"@type":"ListItem","position":2,"name":"La playa"}]},{"@type":"WebSite","@id":"https:\/\/www.hotel-royal-antibes.com\/es\/#website","url":"https:\/\/www.hotel-royal-antibes.com\/es\/","name":"Royal Antibes","description":"Luxury hotel in Antibes on French Riviera","potentialAction":[{"@type":"SearchAction","target":{"@type":"EntryPoint","urlTemplate":"https:\/\/www.hotel-royal-antibes.com\/es\/?s={search_term_string}"},"query-input":{"@type":"PropertyValueSpecification","valueRequired":true,"valueName":"search_term_string"}}],"inLanguage":"es"}]}},"_links":{"self":[{"href":"https:\/\/www.hotel-royal-antibes.com\/es\/wp-json\/wp\/v2\/pages\/2704","targetHints":{"allow":["GET"]}}],"collection":[{"href":"https:\/\/www.hotel-royal-antibes.com\/es\/wp-json\/wp\/v2\/pages"}],"about":[{"href":"https:\/\/www.hotel-royal-antibes.com\/es\/wp-json\/wp\/v2\/types\/page"}],"author":[{"embeddable":true,"href":"https:\/\/www.hotel-royal-antibes.com\/es\/wp-json\/wp\/v2\/users\/4"}],"replies":[{"embeddable":true,"href":"https:\/\/www.hotel-royal-antibes.com\/es\/wp-json\/wp\/v2\/comments?post=2704"}],"version-history":[{"count":18,"href":"https:\/\/www.hotel-royal-antibes.com\/es\/wp-json\/wp\/v2\/pages\/2704\/revisions"}],"predecessor-version":[{"id":9592,"href":"https:\/\/www.hotel-royal-antibes.com\/es\/wp-json\/wp\/v2\/pages\/2704\/revisions\/9592"}],"wp:featuredmedia":[{"embeddable":true,"href":"https:\/\/www.hotel-royal-antibes.com\/es\/wp-json\/wp\/v2\/media\/9027"}],"wp:attachment":[{"href":"https:\/\/www.hotel-royal-antibes.com\/es\/wp-json\/wp\/v2\/media?parent=2704"}],"curies":[{"name":"wp","href":"https:\/\/api.w.org\/{rel}","templated":true}]}}