{"id":2694,"date":"2016-03-21T19:18:56","date_gmt":"2016-03-21T18:18:56","guid":{"rendered":"http:\/\/www.hotel-royal-antibes.com\/es\/acces\/"},"modified":"2023-10-25T15:29:45","modified_gmt":"2023-10-25T14:29:45","slug":"accesos","status":"publish","type":"page","link":"https:\/\/www.hotel-royal-antibes.com\/es\/accesos\/","title":{"rendered":"Accesos"},"content":{"rendered":"<p>[vc_row full_width=\u00bbstretch_row_content_no_spaces\u00bb][vc_column][vc_gmaps link=\u00bb#E-8_JTNDaWZyYW1lJTIwc3JjJTNEJTIyaHR0cHMlM0ElMkYlMkZ3d3cuZ29vZ2xlLmNvbSUyRm1hcHMlMkZlbWJlZCUzRnBiJTNEJTIxMW0xOCUyMTFtMTIlMjExbTMlMjExZDI4OTAuNTAxODU1MDU1NTM5NiUyMTJkNy4xMjE3Mzk3MTU1NDkwODIlMjEzZDQzLjU3NTI2MjA2NTQ4NDc2JTIxMm0zJTIxMWYwJTIxMmYwJTIxM2YwJTIxM20yJTIxMWkxMDI0JTIxMmk3NjglMjE0ZjEzLjElMjEzbTMlMjExbTIlMjExczB4MTJjZGQ1NjRiZjUzZmRiNyUyNTNBMHgyNzFkMTE3M2MwNjdlMmRjJTIxMnNST1lBTCUyQkFOVElCRVMlMjE1ZTAlMjEzbTIlMjExc2ZyJTIxMnNmciUyMTR2MTQ1ODU4NDY0MDYzMSUyMiUyMHdpZHRoJTNEJTIyMTAwJTI1JTIyJTIwaGVpZ2h0JTNEJTIyODAwJTIyJTIwZnJhbWVib3JkZXIlM0QlMjIwJTIyJTIwc3R5bGUlM0QlMjJib3JkZXIlM0EwJTIyJTIwYWxsb3dmdWxsc2NyZWVuJTNFJTNDJTJGaWZyYW1lJTNF\u00bb css=\u00bb.vc_custom_1458584808452{margin-top: 0px !important;margin-right: 0px !important;margin-left: 0px !important;border-top-width: 0px !important;border-right-width: 0px !important;border-bottom-width: 0px !important;border-left-width: 0px !important;padding-top: 0px !important;padding-right: 0px !important;padding-bottom: 0px !important;padding-left: 0px !important;border-left-style: none !important;border-right-style: none !important;border-top-style: none !important;border-bottom-style: none !important;}\u00bb][\/vc_column][\/vc_row][vc_row][vc_column][vc_column_text]<\/p>\n<h1>Accesos<\/h1>\n<p>[\/vc_column_text][\/vc_column][\/vc_row][vc_row][vc_column][vc_column_text]<\/p>\n<h3>Encanto, autenticidad y patrimonio al alcance&#8230;<\/h3>\n<p>Antibes fascina a visitantes del mundo entero. Se trata de un destino preservado de la Costa Azul y goza de un emplazamiento privilegiado entre mar y monta\u00f1a. A solo 25 minutos del aeropuerto internacional de Niza, esta ciudad con car\u00e1cter seduce por la variedad de las actividades que ofrece.<\/p>\n<p>El ROYAL ANTIBES<i class=\" glyphicon glyphicon-star \" style=\"\"><\/i><i class=\" glyphicon glyphicon-star \" style=\"\"><\/i><i class=\" glyphicon glyphicon-star \" style=\"\"><\/i><i class=\" glyphicon glyphicon-star \" style=\"\"><\/i>, con su emplazamiento ideal frente al mar y a menos de 10 minutos del centro y de las murallas, es el \u00fanico hotel de cuatro estrellas que goza de esta localizaci\u00f3n \u00fanica, lo que le permite disfrutar de un amplio abanico de actividades.<\/p>\n<p>&nbsp;<\/p>\n<p style=\"text-align: center;\"><a href=\"http:\/\/www.hotel-royal-antibes.com\/wp-content\/uploads\/2016\/05\/PLAN-CARTE-ANTIBES.pdf\" target=\"_blank\" rel=\"noopener\"><button class=\"download-button\">\u00a0Descargar\u00a0e\u00a0Imprimir il plan de acceso\u00a0<\/a><a href=\"http:\/\/www.hotel-royal-antibes.com\/wp-content\/uploads\/2016\/05\/PLAN-CARTE-ANTIBES.pdf\" target=\"_blank\" rel=\"noopener\"><\/button><\/a><\/p>\n<p>[\/vc_column_text][\/vc_column][\/vc_row][vc_row][vc_column width=\u00bb1\/3&#8243;][vc_single_image image=\u00bb309&#8243; img_size=\u00bbfull\u00bb alignment=\u00bbcenter\u00bb css_animation=\u00bbappear\u00bb][vc_column_text]<\/p>\n<h2>EN AVI\u00d3N<\/h2>\n<p>El Aeropuerto internacional de Niza-Costa Azul se encuentra a 15 km de Antibes y ofrece vuelos con destino a hasta 50 destinos. Los traslados en coche o en taxi pueden efectuarse en una media de 25 minutos.<\/p>\n<p><strong>P\u00f3ngase en contacto con nuestra recepci\u00f3n para organizar sus traslados privados escribiendo<\/strong><\/p>\n<p><a href=\"mailto:concierge@royal-antibes.com\">contact@royal-antibes.com<\/a><br \/>\nTel.\u00a0 <a href=\"tel:+33 4 83 61 91 91\">+33 4 83 61 91 91<\/a><\/p>\n<p><strong>Renseignements A\u00e9roport<br \/>\n<\/strong>Tel. <a href=\"tel:+33 (0)8 20 42 33 33\">+33 (0)8 20 42 33 33<br \/>\n<\/a><a href=\"http:\/\/www.nice.aeroport.fr\" target=\"_blank\" rel=\"noopener\">www.nice.aeroport.fr<\/a>[\/vc_column_text][\/vc_column][vc_column width=\u00bb1\/3&#8243;][vc_single_image image=\u00bb311&#8243; img_size=\u00bbfull\u00bb alignment=\u00bbcenter\u00bb css_animation=\u00bbappear\u00bb][vc_column_text]<\/p>\n<h2>EN BARCO<\/h2>\n<p>El puerto Vauban y su \u201cmuelle de los millonarios\u201d est\u00e1n equipados para recibir yates y veleros de todos los tama\u00f1os, y se encuentran a menos de 15 minutos a pie del hotel.<\/p>\n<p><strong><br \/>\n<\/strong>T\u00e9l. <a href=\"tel:+33 (0)4 92 91 60 00\">+33 (0)4 92 91 60 00<br \/>\n<\/a><a href=\"http:\/\/www.portvauban.net\" target=\"_blank\" rel=\"noopener\">www.portvauban.net<\/a><\/p>\n<p><strong>Alquiler de barcos<br \/>\n<\/strong>P\u00f3ngase en contacto con la nostra recepci\u00f3n, escribiendo a <a href=\"mailto:concierge@royal-antibes.com\" target=\"_blank\" rel=\"noopener\">contact@royal-antibes.com<\/a> o llamando al <a href=\"tel:+33 (0)4 83 61 91 91\">+33 (0)4 83 61 91 91<\/a>.[\/vc_column_text][\/vc_column][vc_column width=\u00bb1\/3&#8243;][vc_single_image image=\u00bb313&#8243; img_size=\u00bbfull\u00bb alignment=\u00bbcenter\u00bb css_animation=\u00bbappear\u00bb][vc_column_text]<\/p>\n<h2>EN AUTOB\u00daS<\/h2>\n<p>La estaci\u00f3n de autobuses del centro de Antibes se encuentra a menos de 10 minutos a pie del hotel. Dispone de varias l\u00edneas urbanas para desplazarse de forma econ\u00f3mica.<\/p>\n<p>Simplemente tiene que tomar la l\u00ednea 14 y bajar en la parada Maizi\u00e8re, a 80 metros del hotel.<\/p>\n<p><a href=\"http:\/\/www.envibus.fr\" target=\"_blank\" rel=\"noopener\">www.envibus.fr<\/a><\/p>\n<p>Coordenadas GPS latitud 43.574997 \/ longitud 7.124258[\/vc_column_text][\/vc_column][\/vc_row][vc_row][vc_column width=\u00bb1\/2&#8243;][vc_single_image image=\u00bb305&#8243; img_size=\u00bbfull\u00bb alignment=\u00bbcenter\u00bb css_animation=\u00bbappear\u00bb][vc_column_text]<\/p>\n<h2>En tren<\/h2>\n<p>La estaci\u00f3n de trenes de alta velocidad de Antibes est\u00e1 a 15 minutos a pie del hotel y est\u00e1 conectada con todas las grandes ciudades europeas. Tenga en cuenta que los trenes Thello proponen una conexi\u00f3n directa entre Antibes e Italia a diario, sin tener que cambiar de tren en la frontera (<a href=\"http:\/\/www.thello.com\">www.thello.com<\/a>).<\/p>\n<p>Gracias a la red de trenes regionales TER tambi\u00e9n podr\u00e1 viajar a la mayor\u00eda de grandes ciudades de la Costa Azul, con trenes cada 20 o 30 minutos, de Mandelieu-la-Napoule o Grasse a Ventimiglia, o de Marsella a Niza. Encontrar\u00e1 una parada de taxi justo al salir de la estaci\u00f3n. En la plaza tambi\u00e9n hay una parada de autob\u00fas, simplemente tiene que tomar la l\u00ednea 14 y bajar en Maizi\u00e8re, a 80 metros del hotel.<\/p>\n<p><strong>Informaci\u00f3n sobre SNCF<\/strong><\/p>\n<p><a href=\"http:\/\/www.voyages-sncf.com\" target=\"_blank\" rel=\"noopener\">www.voyages-sncf.com<br \/>\n<\/a><a href=\"http:\/\/www.ter.sncf.com\/paca\" target=\"_blank\" rel=\"noopener\">www.ter.sncf.com\/paca<br \/>\n<\/a>Tel. <a href=\"tel:+33 (0)8 00 11 40 23\">+33 (0)8 00 11 40 23<\/a>[\/vc_column_text][\/vc_column][vc_column width=\u00bb1\/2&#8243;][vc_single_image image=\u00bb307&#8243; img_size=\u00bbfull\u00bb alignment=\u00bbcenter\u00bb css_animation=\u00bbappear\u00bb][vc_column_text]<\/p>\n<h2>Por Carretera<\/h2>\n<p>A trav\u00e9s de la A8, la red de carreteras une Antibes con Cannes, Niza, M\u00f3naco y todas las grandes ciudades europeas. Tambi\u00e9n se puede acceder al hotel tomando otras carreteras como la que bordea la costa o la del cabo Cap d\u2019Antibes.<\/p>\n<p>Para facilitar su llegada, le proponemos un aparcamiento subterr\u00e1neo con videovigilancia. El aparcamiento tiene una capacidad suficiente para 50 coches. Tenga en cuenta que no aceptamos reservas, por lo que podr\u00e1 tomar la decisi\u00f3n tranquilamente el d\u00eda que llegue al hotel.<\/p>\n<p>Tarifa por d\u00eda: 20 \u20ac\/d\u00eda de abril a octubre, 10\u20ac\/dia de noviembre a marzo<\/p>\n<p><strong>Si desea alquilar un coche durante su estancia<\/strong><\/p>\n<p>La nostra recepci\u00f3n est\u00e1 a su entera disposici\u00f3n para efectuar la reserva.<br \/>\nEscriba a <a href=\"mailto:concierge@royal-antibes.com\">contact@royal-antibes.com<\/a> \u00e0 llame al <a href=\"tel:+33 (0)4 83 61 91 91\">+33 (0)4 83 61 91 91<\/a>.[\/vc_column_text][\/vc_column][\/vc_row][vc_row][vc_column][vc_column_text]<\/p>\n<div class=\"h1\" ><span style=\"font-size: 24px;\">Descubre tambi\u00e9n<\/span><\/div>\n<p>[\/vc_column_text][\/vc_column][\/vc_row][vc_row][vc_column width=\u00bb1\/2&#8243;][vc_basic_grid post_type=\u00bbids\u00bb element_width=\u00bb12&#8243; gap=\u00bb10&#8243; item=\u00bb759&#8243; grid_id=\u00bbvc_gid:1698244060910-12c9f7de-dc1c-2&#8243; include=\u00bb318, 2628&#8243;][\/vc_column][vc_column width=\u00bb1\/2&#8243;][vc_single_image image=\u00bb1256&#8243; img_size=\u00bbfull\u00bb css=\u00bb.vc_custom_1461075598713{margin-top: 10px !important;}\u00bb][\/vc_column][\/vc_row]<\/p>\n","protected":false},"excerpt":{"rendered":"<p>[vc_row full_width=\u00bbstretch_row_content_no_spaces\u00bb][vc_column][vc_gmaps link=\u00bb#E-8_JTNDaWZyYW1lJTIwc3JjJTNEJTIyaHR0cHMlM0ElMkYlMkZ3d3cuZ29vZ2xlLmNvbSUyRm1hcHMlMkZlbWJlZCUzRnBiJTNEJTIxMW0xOCUyMTFtMTIlMjExbTMlMjExZDI4OTAuNTAxODU1MDU1NTM5NiUyMTJkNy4xMjE3Mzk3MTU1NDkwODIlMjEzZDQzLjU3NTI2MjA2NTQ4NDc2JTIxMm0zJTIxMWYwJTIxMmYwJTIxM2YwJTIxM20yJTIxMWkxMDI0JTIxMmk3NjglMjE0ZjEzLjElMjEzbTMlMjExbTIlMjExczB4MTJjZGQ1NjRiZjUzZmRiNyUyNTNBMHgyNzFkMTE3M2MwNjdlMmRjJTIxMnNST1lBTCUyQkFOVElCRVMlMjE1ZTAlMjEzbTIlMjExc2ZyJTIxMnNmciUyMTR2MTQ1ODU4NDY0MDYzMSUyMiUyMHdpZHRoJTNEJTIyMTAwJTI1JTIyJTIwaGVpZ2h0JTNEJTIyODAwJTIyJTIwZnJhbWVib3JkZXIlM0QlMjIwJTIyJTIwc3R5bGUlM0QlMjJib3JkZXIlM0EwJTIyJTIwYWxsb3dmdWxsc2NyZWVuJTNFJTNDJTJGaWZyYW1lJTNF\u00bb css=\u00bb.vc_custom_1458584808452{margin-top: 0px !important;margin-right: 0px !important;margin-left: 0px !important;border-top-width: 0px !important;border-right-width: 0px !important;border-bottom-width: 0px !important;border-left-width: 0px !important;padding-top: 0px !important;padding-right: 0px !important;padding-bottom: 0px !important;padding-left: 0px !important;border-left-style: none !important;border-right-style: none !important;border-top-style: none !important;border-bottom-style: none !important;}\u00bb][\/vc_column][\/vc_row][vc_row][vc_column][vc_column_text] Accesos [\/vc_column_text][\/vc_column][\/vc_row][vc_row][vc_column][vc_column_text] Encanto, autenticidad y patrimonio al alcance&#8230; Antibes fascina a visitantes del mundo entero. Se trata de un destino preservado [&hellip;]<\/p>\n","protected":false},"author":4,"featured_media":2700,"parent":0,"menu_order":0,"comment_status":"closed","ping_status":"closed","template":"","meta":{"_acf_changed":false,"footnotes":""},"class_list":["post-2694","page","type-page","status-publish","has-post-thumbnail","hentry"],"acf":[],"yoast_head":"<!-- This site is optimized with the Yoast SEO plugin v26.9 - https:\/\/yoast.com\/product\/yoast-seo-wordpress\/ -->\n<title>Puede venir al Royal Antibes en avi\u00f3n, autob\u00fas, tren y coche<\/title>\n<meta name=\"description\" content=\"Situado frente al mar y cerca de las murallas de Antibes y Cap d&#039;Antibes, el hotel Royal Antibes est\u00e1 situado entre las monta\u00f1as y el mar y es f\u00e1cilmente accesible. Elija entre tren, barco, autob\u00fas, tren o carretera y descubra nuestro hotel de 4 estrellas.\" \/>\n<meta name=\"robots\" content=\"index, follow, max-snippet:-1, max-image-preview:large, max-video-preview:-1\" \/>\n<link rel=\"canonical\" href=\"https:\/\/www.hotel-royal-antibes.com\/es\/accesos\/\" \/>\n<meta property=\"og:locale\" content=\"es_ES\" \/>\n<meta property=\"og:type\" content=\"article\" \/>\n<meta property=\"og:title\" content=\"Puede venir al Royal Antibes en avi\u00f3n, autob\u00fas, tren y coche\" \/>\n<meta property=\"og:description\" content=\"Situado frente al mar y cerca de las murallas de Antibes y Cap d&#039;Antibes, el hotel Royal Antibes est\u00e1 situado entre las monta\u00f1as y el mar y es f\u00e1cilmente accesible. Elija entre tren, barco, autob\u00fas, tren o carretera y descubra nuestro hotel de 4 estrellas.\" \/>\n<meta property=\"og:url\" content=\"https:\/\/www.hotel-royal-antibes.com\/es\/accesos\/\" \/>\n<meta property=\"og:site_name\" content=\"Royal Antibes\" \/>\n<meta property=\"article:modified_time\" content=\"2023-10-25T14:29:45+00:00\" \/>\n<meta property=\"og:image\" content=\"https:\/\/www.hotel-royal-antibes.com\/wp-content\/uploads\/2016\/03\/acces-560x240.jpg\" \/>\n\t<meta property=\"og:image:width\" content=\"560\" \/>\n\t<meta property=\"og:image:height\" content=\"240\" \/>\n\t<meta property=\"og:image:type\" content=\"image\/jpeg\" \/>\n<meta name=\"twitter:card\" content=\"summary_large_image\" \/>\n<meta name=\"twitter:label1\" content=\"Tiempo de lectura\" \/>\n\t<meta name=\"twitter:data1\" content=\"4 minutos\" \/>\n<script type=\"application\/ld+json\" class=\"yoast-schema-graph\">{\"@context\":\"https:\/\/schema.org\",\"@graph\":[{\"@type\":\"WebPage\",\"@id\":\"https:\/\/www.hotel-royal-antibes.com\/es\/accesos\/\",\"url\":\"https:\/\/www.hotel-royal-antibes.com\/es\/accesos\/\",\"name\":\"Puede venir al Royal Antibes en avi\u00f3n, autob\u00fas, tren y coche\",\"isPartOf\":{\"@id\":\"https:\/\/www.hotel-royal-antibes.com\/es\/#website\"},\"primaryImageOfPage\":{\"@id\":\"https:\/\/www.hotel-royal-antibes.com\/es\/accesos\/#primaryimage\"},\"image\":{\"@id\":\"https:\/\/www.hotel-royal-antibes.com\/es\/accesos\/#primaryimage\"},\"thumbnailUrl\":\"https:\/\/www.hotel-royal-antibes.com\/wp-content\/uploads\/2016\/03\/acces-560x240.jpg\",\"datePublished\":\"2016-03-21T18:18:56+00:00\",\"dateModified\":\"2023-10-25T14:29:45+00:00\",\"description\":\"Situado frente al mar y cerca de las murallas de Antibes y Cap d'Antibes, el hotel Royal Antibes est\u00e1 situado entre las monta\u00f1as y el mar y es f\u00e1cilmente accesible. Elija entre tren, barco, autob\u00fas, tren o carretera y descubra nuestro hotel de 4 estrellas.\",\"breadcrumb\":{\"@id\":\"https:\/\/www.hotel-royal-antibes.com\/es\/accesos\/#breadcrumb\"},\"inLanguage\":\"es\",\"potentialAction\":[{\"@type\":\"ReadAction\",\"target\":[\"https:\/\/www.hotel-royal-antibes.com\/es\/accesos\/\"]}]},{\"@type\":\"ImageObject\",\"inLanguage\":\"es\",\"@id\":\"https:\/\/www.hotel-royal-antibes.com\/es\/accesos\/#primaryimage\",\"url\":\"https:\/\/www.hotel-royal-antibes.com\/wp-content\/uploads\/2016\/03\/acces-560x240.jpg\",\"contentUrl\":\"https:\/\/www.hotel-royal-antibes.com\/wp-content\/uploads\/2016\/03\/acces-560x240.jpg\",\"width\":560,\"height\":240},{\"@type\":\"BreadcrumbList\",\"@id\":\"https:\/\/www.hotel-royal-antibes.com\/es\/accesos\/#breadcrumb\",\"itemListElement\":[{\"@type\":\"ListItem\",\"position\":1,\"name\":\"Hotel Royal Antibes\",\"item\":\"https:\/\/www.hotel-royal-antibes.com\/es\/\"},{\"@type\":\"ListItem\",\"position\":2,\"name\":\"Accesos\"}]},{\"@type\":\"WebSite\",\"@id\":\"https:\/\/www.hotel-royal-antibes.com\/es\/#website\",\"url\":\"https:\/\/www.hotel-royal-antibes.com\/es\/\",\"name\":\"Royal Antibes\",\"description\":\"Luxury hotel in Antibes on French Riviera\",\"potentialAction\":[{\"@type\":\"SearchAction\",\"target\":{\"@type\":\"EntryPoint\",\"urlTemplate\":\"https:\/\/www.hotel-royal-antibes.com\/es\/?s={search_term_string}\"},\"query-input\":{\"@type\":\"PropertyValueSpecification\",\"valueRequired\":true,\"valueName\":\"search_term_string\"}}],\"inLanguage\":\"es\"}]}<\/script>\n<!-- \/ Yoast SEO plugin. -->","yoast_head_json":{"title":"Puede venir al Royal Antibes en avi\u00f3n, autob\u00fas, tren y coche","description":"Situado frente al mar y cerca de las murallas de Antibes y Cap d'Antibes, el hotel Royal Antibes est\u00e1 situado entre las monta\u00f1as y el mar y es f\u00e1cilmente accesible. Elija entre tren, barco, autob\u00fas, tren o carretera y descubra nuestro hotel de 4 estrellas.","robots":{"index":"index","follow":"follow","max-snippet":"max-snippet:-1","max-image-preview":"max-image-preview:large","max-video-preview":"max-video-preview:-1"},"canonical":"https:\/\/www.hotel-royal-antibes.com\/es\/accesos\/","og_locale":"es_ES","og_type":"article","og_title":"Puede venir al Royal Antibes en avi\u00f3n, autob\u00fas, tren y coche","og_description":"Situado frente al mar y cerca de las murallas de Antibes y Cap d'Antibes, el hotel Royal Antibes est\u00e1 situado entre las monta\u00f1as y el mar y es f\u00e1cilmente accesible. Elija entre tren, barco, autob\u00fas, tren o carretera y descubra nuestro hotel de 4 estrellas.","og_url":"https:\/\/www.hotel-royal-antibes.com\/es\/accesos\/","og_site_name":"Royal Antibes","article_modified_time":"2023-10-25T14:29:45+00:00","og_image":[{"width":560,"height":240,"url":"https:\/\/www.hotel-royal-antibes.com\/wp-content\/uploads\/2016\/03\/acces-560x240.jpg","type":"image\/jpeg"}],"twitter_card":"summary_large_image","twitter_misc":{"Tiempo de lectura":"4 minutos"},"schema":{"@context":"https:\/\/schema.org","@graph":[{"@type":"WebPage","@id":"https:\/\/www.hotel-royal-antibes.com\/es\/accesos\/","url":"https:\/\/www.hotel-royal-antibes.com\/es\/accesos\/","name":"Puede venir al Royal Antibes en avi\u00f3n, autob\u00fas, tren y coche","isPartOf":{"@id":"https:\/\/www.hotel-royal-antibes.com\/es\/#website"},"primaryImageOfPage":{"@id":"https:\/\/www.hotel-royal-antibes.com\/es\/accesos\/#primaryimage"},"image":{"@id":"https:\/\/www.hotel-royal-antibes.com\/es\/accesos\/#primaryimage"},"thumbnailUrl":"https:\/\/www.hotel-royal-antibes.com\/wp-content\/uploads\/2016\/03\/acces-560x240.jpg","datePublished":"2016-03-21T18:18:56+00:00","dateModified":"2023-10-25T14:29:45+00:00","description":"Situado frente al mar y cerca de las murallas de Antibes y Cap d'Antibes, el hotel Royal Antibes est\u00e1 situado entre las monta\u00f1as y el mar y es f\u00e1cilmente accesible. Elija entre tren, barco, autob\u00fas, tren o carretera y descubra nuestro hotel de 4 estrellas.","breadcrumb":{"@id":"https:\/\/www.hotel-royal-antibes.com\/es\/accesos\/#breadcrumb"},"inLanguage":"es","potentialAction":[{"@type":"ReadAction","target":["https:\/\/www.hotel-royal-antibes.com\/es\/accesos\/"]}]},{"@type":"ImageObject","inLanguage":"es","@id":"https:\/\/www.hotel-royal-antibes.com\/es\/accesos\/#primaryimage","url":"https:\/\/www.hotel-royal-antibes.com\/wp-content\/uploads\/2016\/03\/acces-560x240.jpg","contentUrl":"https:\/\/www.hotel-royal-antibes.com\/wp-content\/uploads\/2016\/03\/acces-560x240.jpg","width":560,"height":240},{"@type":"BreadcrumbList","@id":"https:\/\/www.hotel-royal-antibes.com\/es\/accesos\/#breadcrumb","itemListElement":[{"@type":"ListItem","position":1,"name":"Hotel Royal Antibes","item":"https:\/\/www.hotel-royal-antibes.com\/es\/"},{"@type":"ListItem","position":2,"name":"Accesos"}]},{"@type":"WebSite","@id":"https:\/\/www.hotel-royal-antibes.com\/es\/#website","url":"https:\/\/www.hotel-royal-antibes.com\/es\/","name":"Royal Antibes","description":"Luxury hotel in Antibes on French Riviera","potentialAction":[{"@type":"SearchAction","target":{"@type":"EntryPoint","urlTemplate":"https:\/\/www.hotel-royal-antibes.com\/es\/?s={search_term_string}"},"query-input":{"@type":"PropertyValueSpecification","valueRequired":true,"valueName":"search_term_string"}}],"inLanguage":"es"}]}},"_links":{"self":[{"href":"https:\/\/www.hotel-royal-antibes.com\/es\/wp-json\/wp\/v2\/pages\/2694","targetHints":{"allow":["GET"]}}],"collection":[{"href":"https:\/\/www.hotel-royal-antibes.com\/es\/wp-json\/wp\/v2\/pages"}],"about":[{"href":"https:\/\/www.hotel-royal-antibes.com\/es\/wp-json\/wp\/v2\/types\/page"}],"author":[{"embeddable":true,"href":"https:\/\/www.hotel-royal-antibes.com\/es\/wp-json\/wp\/v2\/users\/4"}],"replies":[{"embeddable":true,"href":"https:\/\/www.hotel-royal-antibes.com\/es\/wp-json\/wp\/v2\/comments?post=2694"}],"version-history":[{"count":3,"href":"https:\/\/www.hotel-royal-antibes.com\/es\/wp-json\/wp\/v2\/pages\/2694\/revisions"}],"predecessor-version":[{"id":8030,"href":"https:\/\/www.hotel-royal-antibes.com\/es\/wp-json\/wp\/v2\/pages\/2694\/revisions\/8030"}],"wp:featuredmedia":[{"embeddable":true,"href":"https:\/\/www.hotel-royal-antibes.com\/es\/wp-json\/wp\/v2\/media\/2700"}],"wp:attachment":[{"href":"https:\/\/www.hotel-royal-antibes.com\/es\/wp-json\/wp\/v2\/media?parent=2694"}],"curies":[{"name":"wp","href":"https:\/\/api.w.org\/{rel}","templated":true}]}}