{"id":2671,"date":"2016-03-23T15:36:31","date_gmt":"2016-03-23T14:36:31","guid":{"rendered":"http:\/\/www.hotel-royal-antibes.com\/es\/forfaits\/"},"modified":"2026-02-07T15:11:37","modified_gmt":"2026-02-07T14:11:37","slug":"paquetes-2","status":"publish","type":"page","link":"https:\/\/www.hotel-royal-antibes.com\/es\/paquetes\/","title":{"rendered":"Paquetes"},"content":{"rendered":"<p>[vc_row][vc_column][rev_slider_vc alias=\u00bbslider-seminaires\u00bb][\/vc_column][\/vc_row][vc_row][vc_column el_class=\u00bbtitle-page\u00bb][vc_column_text]<\/p>\n<h1 style=\"text-align: center;\">Paquetes<\/h1>\n<p>[\/vc_column_text][\/vc_column][\/vc_row][vc_row gap=\u00bb30&#8243;][vc_column width=\u00bb2\/3&#8243;][vc_column_text]<\/p>\n<h3>La palabra clave: un servicio personalizado\u2026<\/h3>\n<p>Siempre tenemos su presupuesto en cuenta para encontrar el equilibrio adecuado entre sus expectativas y nuestros criterios.<\/p>\n<p>Las tarifas son despu\u00e9s de impuestos, indicativas y por persona. Pueden variar seg\u00fan el per\u00edodo del a\u00f1o y se aplican a grupos de ocho personas como m\u00ednimo.<\/p>\n<p>&nbsp;<\/p>\n<p><span style=\"text-decoration: underline;\">D\u00eda de estudio:<\/span> a partir de 100 \u20ac<\/p>\n<p>Incluye el alquiler de la sala equipada, 1 caf\u00e9 de bienvenida y 2 pausas con caf\u00e9 incluido, 1 almuerzo de dos platos con agua y caf\u00e9<\/p>\n<p><strong><a href=\"https:\/\/www.hotel-royal-antibes.com\/wp-content\/uploads\/2026\/02\/8.-JOURNEE-DETUDE-2026_ROYAL-ENG.pdf\" target=\"_blank\" rel=\"noopener noreferrer\"><button class=\"download-button\">Royal <\/button> <\/a><a href=\"https:\/\/www.hotel-royal-antibes.com\/wp-content\/uploads\/2026\/02\/4.-JOURNEE-DETUDE-2025_AZUR-ENG.pdf\" target=\"_blank\" rel=\"noopener noreferrer\"><button class=\"download-button\">Azur<\/button> <\/a><a href=\"https:\/\/www.hotel-royal-antibes.com\/wp-content\/uploads\/2026\/02\/6.-JOURNEE-DETUDE-2025_RIVIERA-ENG.pdf\" target=\"_blank\" rel=\"noopener noreferrer\"><button class=\"download-button\">Riviera<\/button><\/a><\/strong><\/p>\n<p>&nbsp;<\/p>\n<p><u>Semiresidencial single:<\/u> a partir de 200 \u20ac<\/p>\n<p>Incluye 1 noche en habitaci\u00f3n Classique, 1 desayuno, alquiler de la sala equipada, 2 pausas con caf\u00e9 incluido y 1 almuerzo\u00a0de dos platos con agua y caf\u00e9<\/p>\n<p>&nbsp;<\/p>\n<p><u>Residencial single:<\/u> a partir de 250 \u20ac<\/p>\n<p>Incluye 1 noche en habitaci\u00f3n Classique, 1 desayuno, alquiler de la sala equipada, 2 pausas con caf\u00e9 incluido, 1 almuerzo de dos platos con agua y caf\u00e9 y 1 cena.<\/p>\n<p>&nbsp;<\/p>\n<p>&nbsp;<\/p>\n<table style=\"width: 548px;\">\n<tbody>\n<tr>\n<td style=\"width: 150px;\"><strong>Salas<\/strong><\/td>\n<td style=\"width: 60px;\"><strong>Talla (m\u00b2)<\/strong><\/td>\n<td style=\"width: 39px;\"><img decoding=\"async\" class=\"size-full wp-image-665 aligncenter\" src=\"http:\/\/www.hotel-royal-antibes.com\/wp-content\/uploads\/2016\/03\/icon-forfait-seminaire-1.jpg\" alt=\"icon-forfait-seminaire-1\" width=\"44\" height=\"41\" \/><\/td>\n<td style=\"width: 39px;\"><img decoding=\"async\" class=\"alignnone size-full wp-image-667\" src=\"http:\/\/www.hotel-royal-antibes.com\/wp-content\/uploads\/2016\/03\/icon-forfait-seminaire-2.jpg\" alt=\"icon-forfait-seminaire-2\" width=\"44\" height=\"41\" \/><\/td>\n<td style=\"width: 39px;\"><img decoding=\"async\" class=\"alignnone size-full wp-image-669\" src=\"http:\/\/www.hotel-royal-antibes.com\/wp-content\/uploads\/2016\/03\/icon-forfait-seminaire-3.jpg\" alt=\"icon-forfait-seminaire-3\" width=\"44\" height=\"41\" \/><\/td>\n<td style=\"width: 41px;\"><img decoding=\"async\" class=\"alignnone size-full wp-image-673\" src=\"http:\/\/www.hotel-royal-antibes.com\/wp-content\/uploads\/2016\/03\/icon-forfait-seminaire-5.jpg\" alt=\"icon-forfait-seminaire-5\" width=\"44\" height=\"41\" \/><\/td>\n<td style=\"width: 61px;\"><strong>Luz del dia<\/strong><\/td>\n<td style=\"width: 58px;\"><strong>Terraza<\/strong><\/td>\n<td style=\"width: 61px;\"><strong>Vista al mar<\/strong><\/td>\n<\/tr>\n<tr>\n<td style=\"width: 150px;\">Salle Riviera<\/td>\n<td style=\"width: 60px;\">80<\/td>\n<td style=\"width: 39px;\">55<\/td>\n<td style=\"width: 39px;\">30<\/td>\n<td style=\"width: 39px;\">30<\/td>\n<td style=\"width: 41px;\">70<\/td>\n<td style=\"width: 61px;\">No<\/td>\n<td style=\"width: 58px;\">No<\/td>\n<td style=\"width: 61px;\">No<\/td>\n<\/tr>\n<tr>\n<td style=\"width: 150px;\">Apartamento Royal<\/td>\n<td style=\"width: 60px;\">25<\/td>\n<td style=\"width: 39px;\">10<\/td>\n<td style=\"width: 39px;\">12<\/td>\n<td style=\"width: 39px;\">10<\/td>\n<td style=\"width: 41px;\">30<\/td>\n<td style=\"width: 61px;\">Yes<\/td>\n<td style=\"width: 58px;\">Yes<\/td>\n<td style=\"width: 61px;\">Yes<\/td>\n<\/tr>\n<tr>\n<td style=\"width: 150px;\">Salle Azur<\/td>\n<td style=\"width: 60px;\">30<\/td>\n<td style=\"width: 39px;\">20<\/td>\n<td style=\"width: 39px;\">10<\/td>\n<td style=\"width: 39px;\">12<\/td>\n<td style=\"width: 41px;\">30<\/td>\n<td style=\"width: 61px;\">Yes<\/td>\n<td style=\"width: 58px;\">Yes<\/td>\n<td style=\"width: 61px;\">No<\/td>\n<\/tr>\n<tr>\n<td style=\"width: 150px;\">Royal Lounge<\/td>\n<td style=\"width: 60px;\">50<\/td>\n<td style=\"width: 39px;\">30<\/td>\n<td style=\"width: 39px;\">20<\/td>\n<td style=\"width: 39px;\">20<\/td>\n<td style=\"width: 41px;\">40<\/td>\n<td style=\"width: 61px;\">Yes<\/td>\n<td style=\"width: 58px;\">Yes<\/td>\n<td style=\"width: 61px;\">Yes<\/td>\n<\/tr>\n<tr>\n<td style=\"width: 150px;\">Royal Beach (playa)<\/td>\n<td style=\"width: 60px;\">200<\/td>\n<td style=\"width: 39px;\"><\/td>\n<td style=\"width: 39px;\"><\/td>\n<td style=\"width: 39px;\"><\/td>\n<td style=\"width: 41px;\">150<\/td>\n<td style=\"width: 61px;\">Yes<\/td>\n<td style=\"width: 58px;\">Yes<\/td>\n<td style=\"width: 61px;\">Yes<\/td>\n<\/tr>\n<tr>\n<td style=\"width: 150px;\">Royal Beach (sala interior)<\/td>\n<td style=\"width: 60px;\">30<\/td>\n<td style=\"width: 39px;\">15<\/td>\n<td style=\"width: 39px;\"><\/td>\n<td style=\"width: 39px;\">15<\/td>\n<td style=\"width: 41px;\">40<\/td>\n<td style=\"width: 61px;\">Yes<\/td>\n<td style=\"width: 58px;\">Yes<\/td>\n<td style=\"width: 61px;\">No<\/td>\n<\/tr>\n<\/tbody>\n<\/table>\n<p>&nbsp;<\/p>\n<p><a href=\"https:\/\/www.hotel-royal-antibes.com\/wp-content\/uploads\/2024\/08\/FACTSHEET-MEETING-ROOM-ROYAL-ANTIBES_2024_ENG.pdf\" target=\"_blank\" rel=\"noopener noreferrer\"><button class=\"download-button\">Descargue \u201cGrupos y Seminarios\u201d<\/button><\/a><\/p>\n<p><a href=\"https:\/\/www.hotel-royal-antibes.com\/wp-content\/uploads\/2025\/12\/2025-FACTSHEET-ROOMS-AND-APT-WITH-STANDARD.pdf\" target=\"_blank\" rel=\"noopener noreferrer\"><button class=\"download-button\">Descargue habitaciones y apartamento <\/button><\/a>[\/vc_column_text][\/vc_column][vc_column width=\u00bb1\/3&#8243; el_class=\u00bbform_devis_seminaire\u00bb]\n<div class=\"wpcf7 no-js\" id=\"wpcf7-f3007-o1\" lang=\"fr-FR\" dir=\"ltr\" data-wpcf7-id=\"3007\">\n<div class=\"screen-reader-response\"><p role=\"status\" aria-live=\"polite\" aria-atomic=\"true\"><\/p> <ul><\/ul><\/div>\n<form action=\"\/es\/wp-json\/wp\/v2\/pages\/2671#wpcf7-f3007-o1\" method=\"post\" class=\"wpcf7-form init\" aria-label=\"Formulaire de contact\" novalidate=\"novalidate\" data-status=\"init\">\n<fieldset class=\"hidden-fields-container\"><input type=\"hidden\" name=\"_wpcf7\" value=\"3007\" \/><input type=\"hidden\" name=\"_wpcf7_version\" value=\"6.1.5\" \/><input type=\"hidden\" name=\"_wpcf7_locale\" value=\"fr_FR\" \/><input type=\"hidden\" name=\"_wpcf7_unit_tag\" value=\"wpcf7-f3007-o1\" \/><input type=\"hidden\" name=\"_wpcf7_container_post\" value=\"0\" \/><input type=\"hidden\" name=\"_wpcf7_posted_data_hash\" value=\"\" \/><input type=\"hidden\" name=\"_wpcf7_recaptcha_response\" value=\"\" \/>\n<\/fieldset>\n<h2>Solicite un \u201cPresupuesto\u201d\n<\/h2>\n<p><br \/>\n<span class=\"wpcf7-form-control-wrap\" data-name=\"nom\"><input size=\"40\" maxlength=\"400\" class=\"wpcf7-form-control wpcf7-text wpcf7-validates-as-required\" aria-required=\"true\" aria-invalid=\"false\" placeholder=\"Apellido\" value=\"\" type=\"text\" name=\"nom\" \/><\/span>\n<\/p>\n<p><br \/>\n<span class=\"wpcf7-form-control-wrap\" data-name=\"prenom\"><input size=\"40\" maxlength=\"400\" class=\"wpcf7-form-control wpcf7-text wpcf7-validates-as-required\" aria-required=\"true\" aria-invalid=\"false\" placeholder=\"Nombre\" value=\"\" type=\"text\" name=\"prenom\" \/><\/span>\n<\/p>\n<p><br \/>\n<span class=\"wpcf7-form-control-wrap\" data-name=\"tel\"><input size=\"40\" maxlength=\"400\" class=\"wpcf7-form-control wpcf7-tel wpcf7-validates-as-required wpcf7-text wpcf7-validates-as-tel\" aria-required=\"true\" aria-invalid=\"false\" placeholder=\"Tel.\" value=\"\" type=\"tel\" name=\"tel\" \/><\/span>\n<\/p>\n<p><br \/>\n<span class=\"wpcf7-form-control-wrap\" data-name=\"email\"><input size=\"40\" maxlength=\"400\" class=\"wpcf7-form-control wpcf7-email wpcf7-validates-as-required wpcf7-text wpcf7-validates-as-email\" aria-required=\"true\" aria-invalid=\"false\" placeholder=\"Correo electr\u00f3nico\" value=\"\" type=\"email\" name=\"email\" \/><\/span>\n<\/p>\n<p><br \/>\n<span class=\"wpcf7-form-control-wrap\" data-name=\"nom_societe\"><input size=\"40\" maxlength=\"400\" class=\"wpcf7-form-control wpcf7-text wpcf7-validates-as-required\" aria-required=\"true\" aria-invalid=\"false\" placeholder=\"Nombre de la empresa\" value=\"\" type=\"text\" name=\"nom_societe\" \/><\/span>\n<\/p>\n<p><br \/>\n<span class=\"wpcf7-form-control-wrap\" data-name=\"ville\"><input size=\"40\" maxlength=\"400\" class=\"wpcf7-form-control wpcf7-text\" aria-invalid=\"false\" placeholder=\"Ciudad\" value=\"\" type=\"text\" name=\"ville\" \/><\/span>\n<\/p>\n<p><br \/>\n<span class=\"wpcf7-form-control-wrap\" data-name=\"pays\"><input size=\"40\" maxlength=\"400\" class=\"wpcf7-form-control wpcf7-text wpcf7-validates-as-required\" aria-required=\"true\" aria-invalid=\"false\" placeholder=\"Pais\" value=\"\" type=\"text\" name=\"pays\" \/><\/span>\n<\/p>\n<p><br \/>\n<span class=\"wpcf7-form-control-wrap\" data-name=\"nombre_personnes\"><input class=\"wpcf7-form-control wpcf7-number wpcf7-validates-as-required wpcf7-validates-as-number\" min=\"1\" max=\"100\" aria-required=\"true\" aria-invalid=\"false\" placeholder=\"N\u00famero de personas\" value=\"\" type=\"number\" name=\"nombre_personnes\" \/><\/span>\n<\/p>\n<p><br \/>\n<span class=\"wpcf7-form-control-wrap\" data-name=\"date_arrivee\"><input size=\"40\" maxlength=\"400\" class=\"wpcf7-form-control wpcf7-text wpcf7-validates-as-required datepicker\" aria-required=\"true\" aria-invalid=\"false\" placeholder=\"Fecha de llegada\" value=\"\" type=\"text\" name=\"date_arrivee\" \/><\/span><span class=\"wpcf7-form-control-wrap\" data-name=\"date_depart\"><input size=\"40\" maxlength=\"400\" class=\"wpcf7-form-control wpcf7-text wpcf7-validates-as-required datepicker\" aria-required=\"true\" aria-invalid=\"false\" placeholder=\"Fecha de salida\" value=\"\" type=\"text\" name=\"date_depart\" \/><\/span>\n<\/p>\n<p><br \/>\n\u00bfSon sus fechas flexibles?<br \/>\n<span class=\"wpcf7-form-control-wrap\" data-name=\"dates-flexibles\"><span class=\"wpcf7-form-control wpcf7-radio\"><span class=\"wpcf7-list-item first\"><label><input type=\"radio\" name=\"dates-flexibles\" value=\"Si\" \/><span class=\"wpcf7-list-item-label\">Si<\/span><\/label><\/span><span class=\"wpcf7-list-item last\"><label><input type=\"radio\" name=\"dates-flexibles\" value=\"No\" checked=\"checked\" \/><span class=\"wpcf7-list-item-label\">No<\/span><\/label><\/span><\/span><\/span>\n<\/p>\n<p><br \/>\n<span class=\"wpcf7-form-control-wrap\" data-name=\"budget-global\"><input class=\"wpcf7-form-control wpcf7-number wpcf7-validates-as-number\" aria-invalid=\"false\" placeholder=\"\u00bfDe qu\u00e9 presupuesto global dispone?\" value=\"\" type=\"number\" name=\"budget-global\" \/><\/span>\n<\/p>\n<p><br \/>\n\u00bfDesea reservar habitaciones?<br \/>\n<span class=\"wpcf7-form-control-wrap\" data-name=\"reserver-chambres\"><span class=\"wpcf7-form-control wpcf7-radio\"><span class=\"wpcf7-list-item first\"><label><input type=\"radio\" name=\"reserver-chambres\" value=\"Si\" \/><span class=\"wpcf7-list-item-label\">Si<\/span><\/label><\/span><span class=\"wpcf7-list-item last\"><label><input type=\"radio\" name=\"reserver-chambres\" value=\"No\" checked=\"checked\" \/><span class=\"wpcf7-list-item-label\">No<\/span><\/label><\/span><\/span><\/span>\n<\/p>\n<p><br \/>\n\u00bfDesea reservar la sala de reuniones?<br \/>\n<span class=\"wpcf7-form-control-wrap\" data-name=\"reserver-salle-reunion\"><span class=\"wpcf7-form-control wpcf7-radio\"><span class=\"wpcf7-list-item first\"><label><input type=\"radio\" name=\"reserver-salle-reunion\" value=\"Si\" \/><span class=\"wpcf7-list-item-label\">Si<\/span><\/label><\/span><span class=\"wpcf7-list-item last\"><label><input type=\"radio\" name=\"reserver-salle-reunion\" value=\"No\" checked=\"checked\" \/><span class=\"wpcf7-list-item-label\">No<\/span><\/label><\/span><\/span><\/span>\n<\/p>\n<p><br \/>\n<span class=\"wpcf7-form-control-wrap\" data-name=\"besoins\"><textarea cols=\"40\" rows=\"10\" maxlength=\"2000\" class=\"wpcf7-form-control wpcf7-textarea wpcf7-validates-as-required\" aria-required=\"true\" aria-invalid=\"false\" placeholder=\"Detalle cu\u00e1les son sus necesidades (franjas horarias, configuraci\u00f3n de la sala, equipamientos)\" name=\"besoins\"><\/textarea><\/span>\n<\/p>\n<p><br \/>\n\u00bfDesea organizar pausas o comidas?<br \/>\n<span class=\"wpcf7-form-control-wrap\" data-name=\"pauses-ou-repas\"><span class=\"wpcf7-form-control wpcf7-radio\"><span class=\"wpcf7-list-item first\"><label><input type=\"radio\" name=\"pauses-ou-repas\" value=\"Si\" \/><span class=\"wpcf7-list-item-label\">Si<\/span><\/label><\/span><span class=\"wpcf7-list-item last\"><label><input type=\"radio\" name=\"pauses-ou-repas\" value=\"No\" checked=\"checked\" \/><span class=\"wpcf7-list-item-label\">No<\/span><\/label><\/span><\/span><\/span>\n<\/p>\n\n<p><br \/>\n<input class=\"wpcf7-form-control wpcf7-submit has-spinner\" type=\"submit\" value=\"Envie\" \/>\n<\/p><div class=\"wpcf7-response-output\" aria-hidden=\"true\"><\/div>\n<\/form>\n<\/div>\n[vc_column_text]<\/p>\n<p style=\"text-align: center;\">Coordinaci\u00f3n de Grupos y Seminarios<\/p>\n<p style=\"text-align: center;\">Tel. <a href=\"tel:+33 (0)4 83 61 91 93\">+33 (0)4 83 61 91 90<\/a><\/p>\n<p style=\"text-align: center;\"><a href=\"mailto:sales@royal-antibes.com\">sales@royal-antibes.com<\/a><\/p>\n<p>[\/vc_column_text][\/vc_column][\/vc_row][vc_row][vc_column][vc_column_text]<\/p>\n<div class=\"h1\" ><span style=\"font-size: 24px;\">Descubre tambi\u00e9n<\/span><\/div>\n<p>[\/vc_column_text][\/vc_column][\/vc_row][vc_row][vc_column][vc_basic_grid post_type=\u00bbids\u00bb element_width=\u00bb6&#8243; gap=\u00bb10&#8243; item=\u00bb759&#8243; grid_id=\u00bbvc_gid:1770473483213-c68bfbf9-9c19-10&#8243; include=\u00bb82, 652, 2709, 2604&#8243;][\/vc_column][\/vc_row]<\/p>\n","protected":false},"excerpt":{"rendered":"<p>[vc_row][vc_column][rev_slider_vc alias=\u00bbslider-seminaires\u00bb][\/vc_column][\/vc_row][vc_row][vc_column el_class=\u00bbtitle-page\u00bb][vc_column_text] Paquetes [\/vc_column_text][\/vc_column][\/vc_row][vc_row gap=\u00bb30&#8243;][vc_column width=\u00bb2\/3&#8243;][vc_column_text] La palabra clave: un servicio personalizado\u2026 Siempre tenemos su presupuesto en cuenta para encontrar el equilibrio adecuado entre sus expectativas y nuestros criterios. Las tarifas son despu\u00e9s de impuestos, indicativas y por persona. Pueden variar seg\u00fan el per\u00edodo del a\u00f1o y se aplican a grupos de ocho personas [&hellip;]<\/p>\n","protected":false},"author":4,"featured_media":5745,"parent":0,"menu_order":0,"comment_status":"closed","ping_status":"closed","template":"","meta":{"_acf_changed":false,"footnotes":""},"class_list":["post-2671","page","type-page","status-publish","has-post-thumbnail","hentry"],"acf":[],"yoast_head":"<!-- This site is optimized with the Yoast SEO plugin v26.9 - https:\/\/yoast.com\/product\/yoast-seo-wordpress\/ -->\n<title>Paquetes - Royal Antibes<\/title>\n<meta name=\"description\" content=\"Organizar un seminario en Antibes, en una sala de reuniones equipada\" \/>\n<meta name=\"robots\" content=\"index, follow, max-snippet:-1, max-image-preview:large, max-video-preview:-1\" \/>\n<link rel=\"canonical\" href=\"https:\/\/www.hotel-royal-antibes.com\/es\/paquetes\/\" \/>\n<meta property=\"og:locale\" content=\"es_ES\" \/>\n<meta property=\"og:type\" content=\"article\" \/>\n<meta property=\"og:title\" content=\"Paquetes - Royal Antibes\" \/>\n<meta property=\"og:description\" content=\"Organizar un seminario en Antibes, en una sala de reuniones equipada\" \/>\n<meta property=\"og:url\" content=\"https:\/\/www.hotel-royal-antibes.com\/es\/paquetes\/\" \/>\n<meta property=\"og:site_name\" content=\"Royal Antibes\" \/>\n<meta property=\"article:modified_time\" content=\"2026-02-07T14:11:37+00:00\" \/>\n<meta property=\"og:image\" content=\"https:\/\/www.hotel-royal-antibes.com\/wp-content\/uploads\/2017\/06\/pochette-seminaire-focus-2.jpg\" \/>\n\t<meta property=\"og:image:width\" content=\"1620\" \/>\n\t<meta property=\"og:image:height\" content=\"1080\" \/>\n\t<meta property=\"og:image:type\" content=\"image\/jpeg\" \/>\n<meta name=\"twitter:card\" content=\"summary_large_image\" \/>\n<meta name=\"twitter:label1\" content=\"Tiempo de lectura\" \/>\n\t<meta name=\"twitter:data1\" content=\"3 minutos\" \/>\n<script type=\"application\/ld+json\" class=\"yoast-schema-graph\">{\"@context\":\"https:\/\/schema.org\",\"@graph\":[{\"@type\":\"WebPage\",\"@id\":\"https:\/\/www.hotel-royal-antibes.com\/es\/paquetes\/\",\"url\":\"https:\/\/www.hotel-royal-antibes.com\/es\/paquetes\/\",\"name\":\"Paquetes - Royal Antibes\",\"isPartOf\":{\"@id\":\"https:\/\/www.hotel-royal-antibes.com\/es\/#website\"},\"primaryImageOfPage\":{\"@id\":\"https:\/\/www.hotel-royal-antibes.com\/es\/paquetes\/#primaryimage\"},\"image\":{\"@id\":\"https:\/\/www.hotel-royal-antibes.com\/es\/paquetes\/#primaryimage\"},\"thumbnailUrl\":\"https:\/\/www.hotel-royal-antibes.com\/wp-content\/uploads\/2017\/06\/pochette-seminaire-focus-2.jpg\",\"datePublished\":\"2016-03-23T14:36:31+00:00\",\"dateModified\":\"2026-02-07T14:11:37+00:00\",\"description\":\"Organizar un seminario en Antibes, en una sala de reuniones equipada\",\"breadcrumb\":{\"@id\":\"https:\/\/www.hotel-royal-antibes.com\/es\/paquetes\/#breadcrumb\"},\"inLanguage\":\"es\",\"potentialAction\":[{\"@type\":\"ReadAction\",\"target\":[\"https:\/\/www.hotel-royal-antibes.com\/es\/paquetes\/\"]}]},{\"@type\":\"ImageObject\",\"inLanguage\":\"es\",\"@id\":\"https:\/\/www.hotel-royal-antibes.com\/es\/paquetes\/#primaryimage\",\"url\":\"https:\/\/www.hotel-royal-antibes.com\/wp-content\/uploads\/2017\/06\/pochette-seminaire-focus-2.jpg\",\"contentUrl\":\"https:\/\/www.hotel-royal-antibes.com\/wp-content\/uploads\/2017\/06\/pochette-seminaire-focus-2.jpg\",\"width\":1620,\"height\":1080},{\"@type\":\"BreadcrumbList\",\"@id\":\"https:\/\/www.hotel-royal-antibes.com\/es\/paquetes\/#breadcrumb\",\"itemListElement\":[{\"@type\":\"ListItem\",\"position\":1,\"name\":\"Hotel Royal Antibes\",\"item\":\"https:\/\/www.hotel-royal-antibes.com\/es\/\"},{\"@type\":\"ListItem\",\"position\":2,\"name\":\"Paquetes\"}]},{\"@type\":\"WebSite\",\"@id\":\"https:\/\/www.hotel-royal-antibes.com\/es\/#website\",\"url\":\"https:\/\/www.hotel-royal-antibes.com\/es\/\",\"name\":\"Royal Antibes\",\"description\":\"Luxury hotel in Antibes on French Riviera\",\"potentialAction\":[{\"@type\":\"SearchAction\",\"target\":{\"@type\":\"EntryPoint\",\"urlTemplate\":\"https:\/\/www.hotel-royal-antibes.com\/es\/?s={search_term_string}\"},\"query-input\":{\"@type\":\"PropertyValueSpecification\",\"valueRequired\":true,\"valueName\":\"search_term_string\"}}],\"inLanguage\":\"es\"}]}<\/script>\n<!-- \/ Yoast SEO plugin. -->","yoast_head_json":{"title":"Paquetes - Royal Antibes","description":"Organizar un seminario en Antibes, en una sala de reuniones equipada","robots":{"index":"index","follow":"follow","max-snippet":"max-snippet:-1","max-image-preview":"max-image-preview:large","max-video-preview":"max-video-preview:-1"},"canonical":"https:\/\/www.hotel-royal-antibes.com\/es\/paquetes\/","og_locale":"es_ES","og_type":"article","og_title":"Paquetes - Royal Antibes","og_description":"Organizar un seminario en Antibes, en una sala de reuniones equipada","og_url":"https:\/\/www.hotel-royal-antibes.com\/es\/paquetes\/","og_site_name":"Royal Antibes","article_modified_time":"2026-02-07T14:11:37+00:00","og_image":[{"width":1620,"height":1080,"url":"https:\/\/www.hotel-royal-antibes.com\/wp-content\/uploads\/2017\/06\/pochette-seminaire-focus-2.jpg","type":"image\/jpeg"}],"twitter_card":"summary_large_image","twitter_misc":{"Tiempo de lectura":"3 minutos"},"schema":{"@context":"https:\/\/schema.org","@graph":[{"@type":"WebPage","@id":"https:\/\/www.hotel-royal-antibes.com\/es\/paquetes\/","url":"https:\/\/www.hotel-royal-antibes.com\/es\/paquetes\/","name":"Paquetes - Royal Antibes","isPartOf":{"@id":"https:\/\/www.hotel-royal-antibes.com\/es\/#website"},"primaryImageOfPage":{"@id":"https:\/\/www.hotel-royal-antibes.com\/es\/paquetes\/#primaryimage"},"image":{"@id":"https:\/\/www.hotel-royal-antibes.com\/es\/paquetes\/#primaryimage"},"thumbnailUrl":"https:\/\/www.hotel-royal-antibes.com\/wp-content\/uploads\/2017\/06\/pochette-seminaire-focus-2.jpg","datePublished":"2016-03-23T14:36:31+00:00","dateModified":"2026-02-07T14:11:37+00:00","description":"Organizar un seminario en Antibes, en una sala de reuniones equipada","breadcrumb":{"@id":"https:\/\/www.hotel-royal-antibes.com\/es\/paquetes\/#breadcrumb"},"inLanguage":"es","potentialAction":[{"@type":"ReadAction","target":["https:\/\/www.hotel-royal-antibes.com\/es\/paquetes\/"]}]},{"@type":"ImageObject","inLanguage":"es","@id":"https:\/\/www.hotel-royal-antibes.com\/es\/paquetes\/#primaryimage","url":"https:\/\/www.hotel-royal-antibes.com\/wp-content\/uploads\/2017\/06\/pochette-seminaire-focus-2.jpg","contentUrl":"https:\/\/www.hotel-royal-antibes.com\/wp-content\/uploads\/2017\/06\/pochette-seminaire-focus-2.jpg","width":1620,"height":1080},{"@type":"BreadcrumbList","@id":"https:\/\/www.hotel-royal-antibes.com\/es\/paquetes\/#breadcrumb","itemListElement":[{"@type":"ListItem","position":1,"name":"Hotel Royal Antibes","item":"https:\/\/www.hotel-royal-antibes.com\/es\/"},{"@type":"ListItem","position":2,"name":"Paquetes"}]},{"@type":"WebSite","@id":"https:\/\/www.hotel-royal-antibes.com\/es\/#website","url":"https:\/\/www.hotel-royal-antibes.com\/es\/","name":"Royal Antibes","description":"Luxury hotel in Antibes on French Riviera","potentialAction":[{"@type":"SearchAction","target":{"@type":"EntryPoint","urlTemplate":"https:\/\/www.hotel-royal-antibes.com\/es\/?s={search_term_string}"},"query-input":{"@type":"PropertyValueSpecification","valueRequired":true,"valueName":"search_term_string"}}],"inLanguage":"es"}]}},"_links":{"self":[{"href":"https:\/\/www.hotel-royal-antibes.com\/es\/wp-json\/wp\/v2\/pages\/2671","targetHints":{"allow":["GET"]}}],"collection":[{"href":"https:\/\/www.hotel-royal-antibes.com\/es\/wp-json\/wp\/v2\/pages"}],"about":[{"href":"https:\/\/www.hotel-royal-antibes.com\/es\/wp-json\/wp\/v2\/types\/page"}],"author":[{"embeddable":true,"href":"https:\/\/www.hotel-royal-antibes.com\/es\/wp-json\/wp\/v2\/users\/4"}],"replies":[{"embeddable":true,"href":"https:\/\/www.hotel-royal-antibes.com\/es\/wp-json\/wp\/v2\/comments?post=2671"}],"version-history":[{"count":22,"href":"https:\/\/www.hotel-royal-antibes.com\/es\/wp-json\/wp\/v2\/pages\/2671\/revisions"}],"predecessor-version":[{"id":9286,"href":"https:\/\/www.hotel-royal-antibes.com\/es\/wp-json\/wp\/v2\/pages\/2671\/revisions\/9286"}],"wp:featuredmedia":[{"embeddable":true,"href":"https:\/\/www.hotel-royal-antibes.com\/es\/wp-json\/wp\/v2\/media\/5745"}],"wp:attachment":[{"href":"https:\/\/www.hotel-royal-antibes.com\/es\/wp-json\/wp\/v2\/media?parent=2671"}],"curies":[{"name":"wp","href":"https:\/\/api.w.org\/{rel}","templated":true}]}}