{"id":2637,"date":"2016-03-23T13:02:36","date_gmt":"2016-03-23T12:02:36","guid":{"rendered":"http:\/\/www.hotel-royal-antibes.com\/es\/le-restaurant\/"},"modified":"2026-04-01T11:17:17","modified_gmt":"2026-04-01T10:17:17","slug":"restauracion","status":"publish","type":"page","link":"https:\/\/www.hotel-royal-antibes.com\/es\/restauracion-playa-royal-beach\/","title":{"rendered":"Restauraci\u00f3n"},"content":{"rendered":"<p>[vc_row][vc_column][rev_slider_vc alias=\u00bbslider-royal-beach\u00bb][\/vc_column][\/vc_row][vc_row][vc_column el_class=\u00bbtitle-page\u00bb][vc_column_text]<\/p>\n<h1 style=\"text-align: center;\">Restauraci\u00f3n<\/h1>\n<p>[\/vc_column_text][\/vc_column][\/vc_row][vc_row gap=\u00bb30&#8243;][vc_column width=\u00bb2\/3&#8243;][vc_column_text]<\/p>\n<h3>Cuando la brisa marina despierte sus papilas gustativas\u2026<\/h3>\n<p>Le damos la bienvenida al ROYAL BEACH, puede instalarse en la comodidad del restaurante de nuestra playa privada. Imagine una brisa ligera, una mesa frente al Cap d\u2019 Antibes con vistas a la bah\u00eda de la \u00celette.<\/p>\n<p>D\u00e9jese seducir por la cocina ligera, sana y sabrosa de nuestro chef ejecutivo. En la carta, sabores italianos: ensaladas, <em>carpaccio<\/em>, especialidades de pescado y de carne, sin olvidar la selecci\u00f3n de pastas frescas&#8230;<br \/>\nD\u00e9jese acariciar todo el d\u00eda por el sol de la Costa Azul y rel\u00e1jese en un entorno excepcional.<\/p>\n<p>El espacio <em>lounge<\/em> es lugar ideal para disfrutar de un c\u00f3ctel o un caf\u00e9 entre amigos con la bossa nova de fondo, que marca el ritmo de la playa\u2026 Solo se sirven cenas de mediados de junio a finales de agosto.<\/p>\n<p>Tenga en cuenta que nuestro chef y el director de la playa, <em>Bertrand Collart<\/em>, est\u00e1n a su disposici\u00f3n si desea celebrar una ocasi\u00f3n especial con un grupo de varias personas. Reserva para uso privado y presupuesto previa solicitud.<\/p>\n<p><a href=\"https:\/\/www.hotel-royal-antibes.com\/wp-content\/uploads\/2026\/04\/MENU-ROYAL-BEACH-2026.pdf\" target=\"_blank\" rel=\"noopener noreferrer\"><button class=\"download-button\">Descargue el \u00abMen\u00fa\u00bb<\/button><\/a><br \/>\n[\/vc_column_text][\/vc_column][vc_column width=\u00bb1\/3&#8243; el_class=\u00bbbg-gris-texture\u00bb][vc_column_text]<\/p>\n<p style=\"text-align: center;\"><img decoding=\"async\" class=\"alignnone size-full wp-image-532\" src=\"http:\/\/www.hotel-royal-antibes.com\/wp-content\/uploads\/2016\/03\/picto-big-resto.png\" alt=\"picto-big-resto\" width=\"98\" height=\"97\" \/><\/p>\n<p style=\"text-align: center;\">Abierto de abrile a finales de octubre, todos los d\u00edas 9:00 h a 18:00 h. De mayo a finales de agosto, de 9:00 a 23:00.<\/p>\n<p style=\"text-align: center;\">La cocina abre de 12:00 h a 16:00 h, para el almuerzo, y para la cena (de mayo a finales de agosto) de 19:00 a 22h00.<\/p>\n<p style=\"text-align: center;\">El equipo del ROYAL BEACH<br \/>\nT\u00e9l. <a href=\"tel:+33 (0)4 93 33 72 81\">+33 (0)4 93 33 72 81<\/a><\/p>\n<p>[\/vc_column_text][\/vc_column][\/vc_row][vc_row][vc_column][vc_column_text]<\/p>\n<div class=\"h1\" ><span style=\"font-size: 24px;\">Descubre tambi\u00e9n<\/span><\/div>\n<p>[\/vc_column_text][\/vc_column][\/vc_row][vc_row][vc_column][vc_basic_grid post_type=\u00bbids\u00bb element_width=\u00bb6&#8243; gap=\u00bb10&#8243; item=\u00bb759&#8243; grid_id=\u00bbvc_gid:1555506560866-63c26e8d-a11a-3&#8243; include=\u00bb2704, 2715&#8243;][\/vc_column][\/vc_row]<\/p>\n","protected":false},"excerpt":{"rendered":"<p>[vc_row][vc_column][rev_slider_vc alias=\u00bbslider-royal-beach\u00bb][\/vc_column][\/vc_row][vc_row][vc_column el_class=\u00bbtitle-page\u00bb][vc_column_text] Restauraci\u00f3n [\/vc_column_text][\/vc_column][\/vc_row][vc_row gap=\u00bb30&#8243;][vc_column width=\u00bb2\/3&#8243;][vc_column_text] Cuando la brisa marina despierte sus papilas gustativas\u2026 Le damos la bienvenida al ROYAL BEACH, puede instalarse en la comodidad del restaurante de nuestra playa privada. Imagine una brisa ligera, una mesa frente al Cap d\u2019 Antibes con vistas a la bah\u00eda de la \u00celette. D\u00e9jese seducir por [&hellip;]<\/p>\n","protected":false},"author":4,"featured_media":5144,"parent":0,"menu_order":0,"comment_status":"closed","ping_status":"closed","template":"","meta":{"_acf_changed":false,"footnotes":""},"class_list":["post-2637","page","type-page","status-publish","has-post-thumbnail","hentry"],"acf":[],"yoast_head":"<!-- This site is optimized with the Yoast SEO plugin v26.9 - https:\/\/yoast.com\/product\/yoast-seo-wordpress\/ -->\n<title>Sabrosa cocina italiana en el restaurante Royal Antibes<\/title>\n<meta name=\"description\" content=\"Sabrosa cocina italiana en el restaurante Royal Antibes. Disfrute de una comida al sol en nuestra playa privada y de una cena frente al Cap d&#039;Antibes.\" \/>\n<meta name=\"robots\" content=\"index, follow, max-snippet:-1, max-image-preview:large, max-video-preview:-1\" \/>\n<link rel=\"canonical\" href=\"https:\/\/www.hotel-royal-antibes.com\/es\/restauracion-playa-royal-beach\/\" \/>\n<meta property=\"og:locale\" content=\"es_ES\" \/>\n<meta property=\"og:type\" content=\"article\" \/>\n<meta property=\"og:title\" content=\"Sabrosa cocina italiana en el restaurante Royal Antibes\" \/>\n<meta property=\"og:description\" content=\"Sabrosa cocina italiana en el restaurante Royal Antibes. Disfrute de una comida al sol en nuestra playa privada y de una cena frente al Cap d&#039;Antibes.\" \/>\n<meta property=\"og:url\" content=\"https:\/\/www.hotel-royal-antibes.com\/es\/restauracion-playa-royal-beach\/\" \/>\n<meta property=\"og:site_name\" content=\"Royal Antibes\" \/>\n<meta property=\"article:modified_time\" content=\"2026-04-01T10:17:17+00:00\" \/>\n<meta property=\"og:image\" content=\"https:\/\/www.hotel-royal-antibes.com\/wp-content\/uploads\/2019\/04\/Royal-Beach.jpg\" \/>\n\t<meta property=\"og:image:width\" content=\"1620\" \/>\n\t<meta property=\"og:image:height\" content=\"1080\" \/>\n\t<meta property=\"og:image:type\" content=\"image\/jpeg\" \/>\n<meta name=\"twitter:card\" content=\"summary_large_image\" \/>\n<meta name=\"twitter:label1\" content=\"Tiempo de lectura\" \/>\n\t<meta name=\"twitter:data1\" content=\"2 minutos\" \/>\n<script type=\"application\/ld+json\" class=\"yoast-schema-graph\">{\"@context\":\"https:\/\/schema.org\",\"@graph\":[{\"@type\":\"WebPage\",\"@id\":\"https:\/\/www.hotel-royal-antibes.com\/es\/restauracion-playa-royal-beach\/\",\"url\":\"https:\/\/www.hotel-royal-antibes.com\/es\/restauracion-playa-royal-beach\/\",\"name\":\"Sabrosa cocina italiana en el restaurante Royal Antibes\",\"isPartOf\":{\"@id\":\"https:\/\/www.hotel-royal-antibes.com\/es\/#website\"},\"primaryImageOfPage\":{\"@id\":\"https:\/\/www.hotel-royal-antibes.com\/es\/restauracion-playa-royal-beach\/#primaryimage\"},\"image\":{\"@id\":\"https:\/\/www.hotel-royal-antibes.com\/es\/restauracion-playa-royal-beach\/#primaryimage\"},\"thumbnailUrl\":\"https:\/\/www.hotel-royal-antibes.com\/wp-content\/uploads\/2019\/04\/Royal-Beach.jpg\",\"datePublished\":\"2016-03-23T12:02:36+00:00\",\"dateModified\":\"2026-04-01T10:17:17+00:00\",\"description\":\"Sabrosa cocina italiana en el restaurante Royal Antibes. Disfrute de una comida al sol en nuestra playa privada y de una cena frente al Cap d'Antibes.\",\"breadcrumb\":{\"@id\":\"https:\/\/www.hotel-royal-antibes.com\/es\/restauracion-playa-royal-beach\/#breadcrumb\"},\"inLanguage\":\"es\",\"potentialAction\":[{\"@type\":\"ReadAction\",\"target\":[\"https:\/\/www.hotel-royal-antibes.com\/es\/restauracion-playa-royal-beach\/\"]}]},{\"@type\":\"ImageObject\",\"inLanguage\":\"es\",\"@id\":\"https:\/\/www.hotel-royal-antibes.com\/es\/restauracion-playa-royal-beach\/#primaryimage\",\"url\":\"https:\/\/www.hotel-royal-antibes.com\/wp-content\/uploads\/2019\/04\/Royal-Beach.jpg\",\"contentUrl\":\"https:\/\/www.hotel-royal-antibes.com\/wp-content\/uploads\/2019\/04\/Royal-Beach.jpg\",\"width\":1620,\"height\":1080},{\"@type\":\"BreadcrumbList\",\"@id\":\"https:\/\/www.hotel-royal-antibes.com\/es\/restauracion-playa-royal-beach\/#breadcrumb\",\"itemListElement\":[{\"@type\":\"ListItem\",\"position\":1,\"name\":\"Hotel Royal Antibes\",\"item\":\"https:\/\/www.hotel-royal-antibes.com\/es\/\"},{\"@type\":\"ListItem\",\"position\":2,\"name\":\"Restauraci\u00f3n\"}]},{\"@type\":\"WebSite\",\"@id\":\"https:\/\/www.hotel-royal-antibes.com\/es\/#website\",\"url\":\"https:\/\/www.hotel-royal-antibes.com\/es\/\",\"name\":\"Royal Antibes\",\"description\":\"Luxury hotel in Antibes on French Riviera\",\"potentialAction\":[{\"@type\":\"SearchAction\",\"target\":{\"@type\":\"EntryPoint\",\"urlTemplate\":\"https:\/\/www.hotel-royal-antibes.com\/es\/?s={search_term_string}\"},\"query-input\":{\"@type\":\"PropertyValueSpecification\",\"valueRequired\":true,\"valueName\":\"search_term_string\"}}],\"inLanguage\":\"es\"}]}<\/script>\n<!-- \/ Yoast SEO plugin. -->","yoast_head_json":{"title":"Sabrosa cocina italiana en el restaurante Royal Antibes","description":"Sabrosa cocina italiana en el restaurante Royal Antibes. Disfrute de una comida al sol en nuestra playa privada y de una cena frente al Cap d'Antibes.","robots":{"index":"index","follow":"follow","max-snippet":"max-snippet:-1","max-image-preview":"max-image-preview:large","max-video-preview":"max-video-preview:-1"},"canonical":"https:\/\/www.hotel-royal-antibes.com\/es\/restauracion-playa-royal-beach\/","og_locale":"es_ES","og_type":"article","og_title":"Sabrosa cocina italiana en el restaurante Royal Antibes","og_description":"Sabrosa cocina italiana en el restaurante Royal Antibes. Disfrute de una comida al sol en nuestra playa privada y de una cena frente al Cap d'Antibes.","og_url":"https:\/\/www.hotel-royal-antibes.com\/es\/restauracion-playa-royal-beach\/","og_site_name":"Royal Antibes","article_modified_time":"2026-04-01T10:17:17+00:00","og_image":[{"width":1620,"height":1080,"url":"https:\/\/www.hotel-royal-antibes.com\/wp-content\/uploads\/2019\/04\/Royal-Beach.jpg","type":"image\/jpeg"}],"twitter_card":"summary_large_image","twitter_misc":{"Tiempo de lectura":"2 minutos"},"schema":{"@context":"https:\/\/schema.org","@graph":[{"@type":"WebPage","@id":"https:\/\/www.hotel-royal-antibes.com\/es\/restauracion-playa-royal-beach\/","url":"https:\/\/www.hotel-royal-antibes.com\/es\/restauracion-playa-royal-beach\/","name":"Sabrosa cocina italiana en el restaurante Royal Antibes","isPartOf":{"@id":"https:\/\/www.hotel-royal-antibes.com\/es\/#website"},"primaryImageOfPage":{"@id":"https:\/\/www.hotel-royal-antibes.com\/es\/restauracion-playa-royal-beach\/#primaryimage"},"image":{"@id":"https:\/\/www.hotel-royal-antibes.com\/es\/restauracion-playa-royal-beach\/#primaryimage"},"thumbnailUrl":"https:\/\/www.hotel-royal-antibes.com\/wp-content\/uploads\/2019\/04\/Royal-Beach.jpg","datePublished":"2016-03-23T12:02:36+00:00","dateModified":"2026-04-01T10:17:17+00:00","description":"Sabrosa cocina italiana en el restaurante Royal Antibes. Disfrute de una comida al sol en nuestra playa privada y de una cena frente al Cap d'Antibes.","breadcrumb":{"@id":"https:\/\/www.hotel-royal-antibes.com\/es\/restauracion-playa-royal-beach\/#breadcrumb"},"inLanguage":"es","potentialAction":[{"@type":"ReadAction","target":["https:\/\/www.hotel-royal-antibes.com\/es\/restauracion-playa-royal-beach\/"]}]},{"@type":"ImageObject","inLanguage":"es","@id":"https:\/\/www.hotel-royal-antibes.com\/es\/restauracion-playa-royal-beach\/#primaryimage","url":"https:\/\/www.hotel-royal-antibes.com\/wp-content\/uploads\/2019\/04\/Royal-Beach.jpg","contentUrl":"https:\/\/www.hotel-royal-antibes.com\/wp-content\/uploads\/2019\/04\/Royal-Beach.jpg","width":1620,"height":1080},{"@type":"BreadcrumbList","@id":"https:\/\/www.hotel-royal-antibes.com\/es\/restauracion-playa-royal-beach\/#breadcrumb","itemListElement":[{"@type":"ListItem","position":1,"name":"Hotel Royal Antibes","item":"https:\/\/www.hotel-royal-antibes.com\/es\/"},{"@type":"ListItem","position":2,"name":"Restauraci\u00f3n"}]},{"@type":"WebSite","@id":"https:\/\/www.hotel-royal-antibes.com\/es\/#website","url":"https:\/\/www.hotel-royal-antibes.com\/es\/","name":"Royal Antibes","description":"Luxury hotel in Antibes on French Riviera","potentialAction":[{"@type":"SearchAction","target":{"@type":"EntryPoint","urlTemplate":"https:\/\/www.hotel-royal-antibes.com\/es\/?s={search_term_string}"},"query-input":{"@type":"PropertyValueSpecification","valueRequired":true,"valueName":"search_term_string"}}],"inLanguage":"es"}]}},"_links":{"self":[{"href":"https:\/\/www.hotel-royal-antibes.com\/es\/wp-json\/wp\/v2\/pages\/2637","targetHints":{"allow":["GET"]}}],"collection":[{"href":"https:\/\/www.hotel-royal-antibes.com\/es\/wp-json\/wp\/v2\/pages"}],"about":[{"href":"https:\/\/www.hotel-royal-antibes.com\/es\/wp-json\/wp\/v2\/types\/page"}],"author":[{"embeddable":true,"href":"https:\/\/www.hotel-royal-antibes.com\/es\/wp-json\/wp\/v2\/users\/4"}],"replies":[{"embeddable":true,"href":"https:\/\/www.hotel-royal-antibes.com\/es\/wp-json\/wp\/v2\/comments?post=2637"}],"version-history":[{"count":24,"href":"https:\/\/www.hotel-royal-antibes.com\/es\/wp-json\/wp\/v2\/pages\/2637\/revisions"}],"predecessor-version":[{"id":9600,"href":"https:\/\/www.hotel-royal-antibes.com\/es\/wp-json\/wp\/v2\/pages\/2637\/revisions\/9600"}],"wp:featuredmedia":[{"embeddable":true,"href":"https:\/\/www.hotel-royal-antibes.com\/es\/wp-json\/wp\/v2\/media\/5144"}],"wp:attachment":[{"href":"https:\/\/www.hotel-royal-antibes.com\/es\/wp-json\/wp\/v2\/media?parent=2637"}],"curies":[{"name":"wp","href":"https:\/\/api.w.org\/{rel}","templated":true}]}}