{"id":2628,"date":"2016-03-21T20:02:51","date_gmt":"2016-03-21T19:02:51","guid":{"rendered":"http:\/\/www.hotel-royal-antibes.com\/es\/concept\/"},"modified":"2022-04-06T16:52:42","modified_gmt":"2022-04-06T15:52:42","slug":"hotel-de-lujo","status":"publish","type":"page","link":"https:\/\/www.hotel-royal-antibes.com\/es\/hotel-de-lujo\/","title":{"rendered":"El concepto"},"content":{"rendered":"<p>[vc_row][vc_column][rev_slider_vc alias=\u00bbslider-concept\u00bb][\/vc_column][\/vc_row][vc_row][vc_column][vc_column_text]<\/p>\n<h1>NUESTRA VISI\u00d3N DEL LUJO<\/h1>\n<p>[\/vc_column_text][vc_column_text]<\/p>\n<h3>Bienvenida del Royal Antibes<i class=\" glyphicon glyphicon-star \" style=\"\"><\/i><i class=\" glyphicon glyphicon-star \" style=\"\"><\/i><i class=\" glyphicon glyphicon-star \" style=\"\"><\/i><i class=\" glyphicon glyphicon-star \" style=\"\"><\/i><\/h3>\n<p>En una de las ciudades m\u00e1s bellas de la Costa Azul, que enlaza la Provenza con la Costa Azul, un grupo de familias italianas decidieron utilizar sus conocimientos y su pasi\u00f3n por compartir. Entre lujo y autenticidad, Antibes es el destino perfecto para el ROYAL ANTIBES<i class=\" glyphicon glyphicon-star \" style=\"\"><\/i><i class=\" glyphicon glyphicon-star \" style=\"\"><\/i><i class=\" glyphicon glyphicon-star \" style=\"\"><\/i><i class=\" glyphicon glyphicon-star \" style=\"\"><\/i> donde la modernidad de los lugares se combina con la sinceridad de su amable servicio.<\/p>\n<p>Dise\u00f1ado por el arquitecto G\u00e9rard Vollenweider y construido en junio de 2011, este establecimiento fue concebido inicialmente como un barco, m\u00e1s precisamente un velero. Gracias a sus formas que imitan una embarcaci\u00f3n, el hotel transforma el paseo de la Ilette en un puente de embarque para abordar un crucero que lo llevar\u00e1 a disfrutar de la Dolce Vita. Su ambiente interior es un entorno moderno y contempor\u00e1neo, donde los muebles de fabricaci\u00f3n italiana sobrios y elegantes evocan a los famosos yates atracados en el muelle de los multimillonarios.[\/vc_column_text][\/vc_column][\/vc_row][vc_row][vc_column width=\u00bb1\/2&#8243;][vc_single_image image=\u00bb331&#8243; img_size=\u00bbfull\u00bb alignment=\u00bbcenter\u00bb css_animation=\u00bbappear\u00bb][\/vc_column][vc_column width=\u00bb1\/2&#8243;][vc_single_image image=\u00bb333&#8243; img_size=\u00bbfull\u00bb alignment=\u00bbcenter\u00bb css_animation=\u00bbappear\u00bb][\/vc_column][\/vc_row][vc_row][vc_column][vc_column_text]Desde su creaci\u00f3n, un equipo de profesionales entregados se esfuerza al m\u00e1ximo para ofrecerle un excelente servicio, encantados de recibirle y ayudarle a descubrir la belleza de la Riviera Francesa. La firma del THE ART OF LUXURY by ROYAL ANTIBES<i class=\" glyphicon glyphicon-star \" style=\"\"><\/i><i class=\" glyphicon glyphicon-star \" style=\"\"><\/i><i class=\" glyphicon glyphicon-star \" style=\"\"><\/i><i class=\" glyphicon glyphicon-star \" style=\"\"><\/i> es lo que caracteriza y hace \u00fanico a este establecimiento.<\/p>\n<div class=\"h1\" ><span style=\"font-size: 24px;\">THE ART OF LUXURY by ROYAL ANTIBES<i class=\" glyphicon glyphicon-star \" style=\"\"><\/i><i class=\" glyphicon glyphicon-star \" style=\"\"><\/i><i class=\" glyphicon glyphicon-star \" style=\"\"><\/i><i class=\" glyphicon glyphicon-star \" style=\"\"><\/i> como firma&#8230;<\/span><\/div>\n<p>Esta filosof\u00eda se explica mediante un lujo sutil, pero simple y necesario para el servicio de calidad que deseamos perpetuar. La elegancia de una sonrisa capaz de embellecer un lugar, un instante&#8230; Para ello, nuestro establecimiento ofrece un servicio de parking , un equipo de recepci\u00f3n totalmente a su disposici\u00f3n, que se esfuerza al m\u00e1ximo todos los d\u00edas para transformar su estancia en un sue\u00f1o inolvidable hecho realidad.[\/vc_column_text][\/vc_column][\/vc_row][vc_row][vc_column width=\u00bb1\/2&#8243;][vc_basic_grid post_type=\u00bbids\u00bb element_width=\u00bb12&#8243; gap=\u00bb10&#8243; item=\u00bb759&#8243; grid_id=\u00bbvc_gid:1649260313420-ffc98b69-52cb-0&#8243; include=\u00bb293, 2694&#8243;][\/vc_column][vc_column width=\u00bb1\/2&#8243;][vc_single_image image=\u00bb1127&#8243; img_size=\u00bbfull\u00bb css=\u00bb.vc_custom_1461075548924{margin-top: 10px !important;}\u00bb][\/vc_column][\/vc_row]<\/p>\n","protected":false},"excerpt":{"rendered":"<p>[vc_row][vc_column][rev_slider_vc alias=\u00bbslider-concept\u00bb][\/vc_column][\/vc_row][vc_row][vc_column][vc_column_text] NUESTRA VISI\u00d3N DEL LUJO [\/vc_column_text][vc_column_text] Bienvenida del Royal Antibes En una de las ciudades m\u00e1s bellas de la Costa Azul, que enlaza la Provenza con la Costa Azul, un grupo de familias italianas decidieron utilizar sus conocimientos y su pasi\u00f3n por compartir. Entre lujo y autenticidad, Antibes es el destino perfecto para el [&hellip;]<\/p>\n","protected":false},"author":4,"featured_media":2632,"parent":0,"menu_order":0,"comment_status":"closed","ping_status":"closed","template":"","meta":{"_acf_changed":false,"footnotes":""},"class_list":["post-2628","page","type-page","status-publish","has-post-thumbnail","hentry"],"acf":[],"yoast_head":"<!-- This site is optimized with the Yoast SEO plugin v26.9 - https:\/\/yoast.com\/product\/yoast-seo-wordpress\/ -->\n<title>Hotel Royal Antibes - dise\u00f1o de lujo contempor\u00e1neo como un yate<\/title>\n<meta name=\"description\" content=\"Designed by renowned architect G\u00e9rard Vollenweider and constructed near the beach in 2011, the Hotel Royal Antibes was conceived to resemble a sailboat. Leisure and business travellers can choose from deluxe apartments, air-conditioned rooms, and royal suites with private jacuzzi and sun loungers. Parking, free Internet, fitness centre, sauna, and hammam are available. Dise\u00f1ado por un arquitecto de renombre, G\u00e9rard Vollenweider, y construido en 2011 cerca de las playas, el Hotel Royal Antibes recuerda a un velero y le ofrece para sus vacaciones o estancias de negocios apartamentos de lujo, habitaciones con aire acondicionado y suites reales con jacuzzi privado y tumbonas. Dispone de parking, internet gratis, sala de fitness, sauna y ba\u00f1o turco.\" \/>\n<meta name=\"robots\" content=\"index, follow, max-snippet:-1, max-image-preview:large, max-video-preview:-1\" \/>\n<link rel=\"canonical\" href=\"https:\/\/www.hotel-royal-antibes.com\/es\/hotel-de-lujo\/\" \/>\n<meta property=\"og:locale\" content=\"es_ES\" \/>\n<meta property=\"og:type\" content=\"article\" \/>\n<meta property=\"og:title\" content=\"Hotel Royal Antibes - dise\u00f1o de lujo contempor\u00e1neo como un yate\" \/>\n<meta property=\"og:description\" content=\"Designed by renowned architect G\u00e9rard Vollenweider and constructed near the beach in 2011, the Hotel Royal Antibes was conceived to resemble a sailboat. Leisure and business travellers can choose from deluxe apartments, air-conditioned rooms, and royal suites with private jacuzzi and sun loungers. Parking, free Internet, fitness centre, sauna, and hammam are available. Dise\u00f1ado por un arquitecto de renombre, G\u00e9rard Vollenweider, y construido en 2011 cerca de las playas, el Hotel Royal Antibes recuerda a un velero y le ofrece para sus vacaciones o estancias de negocios apartamentos de lujo, habitaciones con aire acondicionado y suites reales con jacuzzi privado y tumbonas. Dispone de parking, internet gratis, sala de fitness, sauna y ba\u00f1o turco.\" \/>\n<meta property=\"og:url\" content=\"https:\/\/www.hotel-royal-antibes.com\/es\/hotel-de-lujo\/\" \/>\n<meta property=\"og:site_name\" content=\"Royal Antibes\" \/>\n<meta property=\"article:modified_time\" content=\"2022-04-06T15:52:42+00:00\" \/>\n<meta property=\"og:image\" content=\"https:\/\/www.hotel-royal-antibes.com\/wp-content\/uploads\/2016\/03\/slider-concept-1.jpg\" \/>\n\t<meta property=\"og:image:width\" content=\"1903\" \/>\n\t<meta property=\"og:image:height\" content=\"891\" \/>\n\t<meta property=\"og:image:type\" content=\"image\/jpeg\" \/>\n<meta name=\"twitter:card\" content=\"summary_large_image\" \/>\n<meta name=\"twitter:label1\" content=\"Tiempo de lectura\" \/>\n\t<meta name=\"twitter:data1\" content=\"2 minutos\" \/>\n<script type=\"application\/ld+json\" class=\"yoast-schema-graph\">{\"@context\":\"https:\/\/schema.org\",\"@graph\":[{\"@type\":\"WebPage\",\"@id\":\"https:\/\/www.hotel-royal-antibes.com\/es\/hotel-de-lujo\/\",\"url\":\"https:\/\/www.hotel-royal-antibes.com\/es\/hotel-de-lujo\/\",\"name\":\"Hotel Royal Antibes - dise\u00f1o de lujo contempor\u00e1neo como un yate\",\"isPartOf\":{\"@id\":\"https:\/\/www.hotel-royal-antibes.com\/es\/#website\"},\"primaryImageOfPage\":{\"@id\":\"https:\/\/www.hotel-royal-antibes.com\/es\/hotel-de-lujo\/#primaryimage\"},\"image\":{\"@id\":\"https:\/\/www.hotel-royal-antibes.com\/es\/hotel-de-lujo\/#primaryimage\"},\"thumbnailUrl\":\"https:\/\/www.hotel-royal-antibes.com\/wp-content\/uploads\/2016\/03\/slider-concept-1.jpg\",\"datePublished\":\"2016-03-21T19:02:51+00:00\",\"dateModified\":\"2022-04-06T15:52:42+00:00\",\"description\":\"Designed by renowned architect G\u00e9rard Vollenweider and constructed near the beach in 2011, the Hotel Royal Antibes was conceived to resemble a sailboat. Leisure and business travellers can choose from deluxe apartments, air-conditioned rooms, and royal suites with private jacuzzi and sun loungers. Parking, free Internet, fitness centre, sauna, and hammam are available. Dise\u00f1ado por un arquitecto de renombre, G\u00e9rard Vollenweider, y construido en 2011 cerca de las playas, el Hotel Royal Antibes recuerda a un velero y le ofrece para sus vacaciones o estancias de negocios apartamentos de lujo, habitaciones con aire acondicionado y suites reales con jacuzzi privado y tumbonas. Dispone de parking, internet gratis, sala de fitness, sauna y ba\u00f1o turco.\",\"breadcrumb\":{\"@id\":\"https:\/\/www.hotel-royal-antibes.com\/es\/hotel-de-lujo\/#breadcrumb\"},\"inLanguage\":\"es\",\"potentialAction\":[{\"@type\":\"ReadAction\",\"target\":[\"https:\/\/www.hotel-royal-antibes.com\/es\/hotel-de-lujo\/\"]}]},{\"@type\":\"ImageObject\",\"inLanguage\":\"es\",\"@id\":\"https:\/\/www.hotel-royal-antibes.com\/es\/hotel-de-lujo\/#primaryimage\",\"url\":\"https:\/\/www.hotel-royal-antibes.com\/wp-content\/uploads\/2016\/03\/slider-concept-1.jpg\",\"contentUrl\":\"https:\/\/www.hotel-royal-antibes.com\/wp-content\/uploads\/2016\/03\/slider-concept-1.jpg\",\"width\":1903,\"height\":891},{\"@type\":\"BreadcrumbList\",\"@id\":\"https:\/\/www.hotel-royal-antibes.com\/es\/hotel-de-lujo\/#breadcrumb\",\"itemListElement\":[{\"@type\":\"ListItem\",\"position\":1,\"name\":\"Hotel Royal Antibes\",\"item\":\"https:\/\/www.hotel-royal-antibes.com\/es\/\"},{\"@type\":\"ListItem\",\"position\":2,\"name\":\"El concepto\"}]},{\"@type\":\"WebSite\",\"@id\":\"https:\/\/www.hotel-royal-antibes.com\/es\/#website\",\"url\":\"https:\/\/www.hotel-royal-antibes.com\/es\/\",\"name\":\"Royal Antibes\",\"description\":\"Luxury hotel in Antibes on French Riviera\",\"potentialAction\":[{\"@type\":\"SearchAction\",\"target\":{\"@type\":\"EntryPoint\",\"urlTemplate\":\"https:\/\/www.hotel-royal-antibes.com\/es\/?s={search_term_string}\"},\"query-input\":{\"@type\":\"PropertyValueSpecification\",\"valueRequired\":true,\"valueName\":\"search_term_string\"}}],\"inLanguage\":\"es\"}]}<\/script>\n<!-- \/ Yoast SEO plugin. -->","yoast_head_json":{"title":"Hotel Royal Antibes - dise\u00f1o de lujo contempor\u00e1neo como un yate","description":"Designed by renowned architect G\u00e9rard Vollenweider and constructed near the beach in 2011, the Hotel Royal Antibes was conceived to resemble a sailboat. Leisure and business travellers can choose from deluxe apartments, air-conditioned rooms, and royal suites with private jacuzzi and sun loungers. Parking, free Internet, fitness centre, sauna, and hammam are available. Dise\u00f1ado por un arquitecto de renombre, G\u00e9rard Vollenweider, y construido en 2011 cerca de las playas, el Hotel Royal Antibes recuerda a un velero y le ofrece para sus vacaciones o estancias de negocios apartamentos de lujo, habitaciones con aire acondicionado y suites reales con jacuzzi privado y tumbonas. Dispone de parking, internet gratis, sala de fitness, sauna y ba\u00f1o turco.","robots":{"index":"index","follow":"follow","max-snippet":"max-snippet:-1","max-image-preview":"max-image-preview:large","max-video-preview":"max-video-preview:-1"},"canonical":"https:\/\/www.hotel-royal-antibes.com\/es\/hotel-de-lujo\/","og_locale":"es_ES","og_type":"article","og_title":"Hotel Royal Antibes - dise\u00f1o de lujo contempor\u00e1neo como un yate","og_description":"Designed by renowned architect G\u00e9rard Vollenweider and constructed near the beach in 2011, the Hotel Royal Antibes was conceived to resemble a sailboat. Leisure and business travellers can choose from deluxe apartments, air-conditioned rooms, and royal suites with private jacuzzi and sun loungers. Parking, free Internet, fitness centre, sauna, and hammam are available. Dise\u00f1ado por un arquitecto de renombre, G\u00e9rard Vollenweider, y construido en 2011 cerca de las playas, el Hotel Royal Antibes recuerda a un velero y le ofrece para sus vacaciones o estancias de negocios apartamentos de lujo, habitaciones con aire acondicionado y suites reales con jacuzzi privado y tumbonas. Dispone de parking, internet gratis, sala de fitness, sauna y ba\u00f1o turco.","og_url":"https:\/\/www.hotel-royal-antibes.com\/es\/hotel-de-lujo\/","og_site_name":"Royal Antibes","article_modified_time":"2022-04-06T15:52:42+00:00","og_image":[{"width":1903,"height":891,"url":"https:\/\/www.hotel-royal-antibes.com\/wp-content\/uploads\/2016\/03\/slider-concept-1.jpg","type":"image\/jpeg"}],"twitter_card":"summary_large_image","twitter_misc":{"Tiempo de lectura":"2 minutos"},"schema":{"@context":"https:\/\/schema.org","@graph":[{"@type":"WebPage","@id":"https:\/\/www.hotel-royal-antibes.com\/es\/hotel-de-lujo\/","url":"https:\/\/www.hotel-royal-antibes.com\/es\/hotel-de-lujo\/","name":"Hotel Royal Antibes - dise\u00f1o de lujo contempor\u00e1neo como un yate","isPartOf":{"@id":"https:\/\/www.hotel-royal-antibes.com\/es\/#website"},"primaryImageOfPage":{"@id":"https:\/\/www.hotel-royal-antibes.com\/es\/hotel-de-lujo\/#primaryimage"},"image":{"@id":"https:\/\/www.hotel-royal-antibes.com\/es\/hotel-de-lujo\/#primaryimage"},"thumbnailUrl":"https:\/\/www.hotel-royal-antibes.com\/wp-content\/uploads\/2016\/03\/slider-concept-1.jpg","datePublished":"2016-03-21T19:02:51+00:00","dateModified":"2022-04-06T15:52:42+00:00","description":"Designed by renowned architect G\u00e9rard Vollenweider and constructed near the beach in 2011, the Hotel Royal Antibes was conceived to resemble a sailboat. Leisure and business travellers can choose from deluxe apartments, air-conditioned rooms, and royal suites with private jacuzzi and sun loungers. Parking, free Internet, fitness centre, sauna, and hammam are available. Dise\u00f1ado por un arquitecto de renombre, G\u00e9rard Vollenweider, y construido en 2011 cerca de las playas, el Hotel Royal Antibes recuerda a un velero y le ofrece para sus vacaciones o estancias de negocios apartamentos de lujo, habitaciones con aire acondicionado y suites reales con jacuzzi privado y tumbonas. Dispone de parking, internet gratis, sala de fitness, sauna y ba\u00f1o turco.","breadcrumb":{"@id":"https:\/\/www.hotel-royal-antibes.com\/es\/hotel-de-lujo\/#breadcrumb"},"inLanguage":"es","potentialAction":[{"@type":"ReadAction","target":["https:\/\/www.hotel-royal-antibes.com\/es\/hotel-de-lujo\/"]}]},{"@type":"ImageObject","inLanguage":"es","@id":"https:\/\/www.hotel-royal-antibes.com\/es\/hotel-de-lujo\/#primaryimage","url":"https:\/\/www.hotel-royal-antibes.com\/wp-content\/uploads\/2016\/03\/slider-concept-1.jpg","contentUrl":"https:\/\/www.hotel-royal-antibes.com\/wp-content\/uploads\/2016\/03\/slider-concept-1.jpg","width":1903,"height":891},{"@type":"BreadcrumbList","@id":"https:\/\/www.hotel-royal-antibes.com\/es\/hotel-de-lujo\/#breadcrumb","itemListElement":[{"@type":"ListItem","position":1,"name":"Hotel Royal Antibes","item":"https:\/\/www.hotel-royal-antibes.com\/es\/"},{"@type":"ListItem","position":2,"name":"El concepto"}]},{"@type":"WebSite","@id":"https:\/\/www.hotel-royal-antibes.com\/es\/#website","url":"https:\/\/www.hotel-royal-antibes.com\/es\/","name":"Royal Antibes","description":"Luxury hotel in Antibes on French Riviera","potentialAction":[{"@type":"SearchAction","target":{"@type":"EntryPoint","urlTemplate":"https:\/\/www.hotel-royal-antibes.com\/es\/?s={search_term_string}"},"query-input":{"@type":"PropertyValueSpecification","valueRequired":true,"valueName":"search_term_string"}}],"inLanguage":"es"}]}},"_links":{"self":[{"href":"https:\/\/www.hotel-royal-antibes.com\/es\/wp-json\/wp\/v2\/pages\/2628","targetHints":{"allow":["GET"]}}],"collection":[{"href":"https:\/\/www.hotel-royal-antibes.com\/es\/wp-json\/wp\/v2\/pages"}],"about":[{"href":"https:\/\/www.hotel-royal-antibes.com\/es\/wp-json\/wp\/v2\/types\/page"}],"author":[{"embeddable":true,"href":"https:\/\/www.hotel-royal-antibes.com\/es\/wp-json\/wp\/v2\/users\/4"}],"replies":[{"embeddable":true,"href":"https:\/\/www.hotel-royal-antibes.com\/es\/wp-json\/wp\/v2\/comments?post=2628"}],"version-history":[{"count":3,"href":"https:\/\/www.hotel-royal-antibes.com\/es\/wp-json\/wp\/v2\/pages\/2628\/revisions"}],"predecessor-version":[{"id":7215,"href":"https:\/\/www.hotel-royal-antibes.com\/es\/wp-json\/wp\/v2\/pages\/2628\/revisions\/7215"}],"wp:featuredmedia":[{"embeddable":true,"href":"https:\/\/www.hotel-royal-antibes.com\/es\/wp-json\/wp\/v2\/media\/2632"}],"wp:attachment":[{"href":"https:\/\/www.hotel-royal-antibes.com\/es\/wp-json\/wp\/v2\/media?parent=2628"}],"curies":[{"name":"wp","href":"https:\/\/api.w.org\/{rel}","templated":true}]}}