{"id":2614,"date":"2016-03-23T11:23:09","date_gmt":"2016-03-23T10:23:09","guid":{"rendered":"http:\/\/www.hotel-royal-antibes.com\/es\/bar\/"},"modified":"2022-02-24T17:14:00","modified_gmt":"2022-02-24T16:14:00","slug":"bar-2","status":"publish","type":"page","link":"https:\/\/www.hotel-royal-antibes.com\/es\/hotel-desayuno-royal-lounge\/","title":{"rendered":"El Royal Lounge"},"content":{"rendered":"<p>[vc_row][vc_column][rev_slider_vc alias=\u00bbslider-bar\u00bb][\/vc_column][\/vc_row][vc_row][vc_column el_class=\u00bbtitle-page\u00bb][vc_column_text]<\/p>\n<h1 style=\"text-align: center;\">El ROYAL LOUNGE<\/h1>\n<p>[\/vc_column_text][\/vc_column][\/vc_row][vc_row gap=\u00bb30&#8243;][vc_column width=\u00bb2\/3&#8243;][vc_column_text]<\/p>\n<h3>\u00abToda la felicidad comienza con un desayuno tranquilo &#8230;\u00bb William Somerset Maugham<\/h3>\n<p>En el ROYAL ANTIBES<i class=\" glyphicon glyphicon-star \" style=\"\"><\/i><i class=\" glyphicon glyphicon-star \" style=\"\"><\/i><i class=\" glyphicon glyphicon-star \" style=\"\"><\/i><i class=\" glyphicon glyphicon-star \" style=\"\"><\/i> Luxury Hotel, Residence Beach &amp; Spa, hacemos todo lo posible para que la d\u00eda comience con buen humor.<\/p>\n<p>Nuestro buffet est\u00e1 compuesto por productos cuidadosamente seleccionados por nuestro Chef por sus gustos y beneficios que despertar\u00e1n delicadamente su paladar.<\/p>\n<p>Encuentre una selecci\u00f3n de dulces, diferentes tipos de pan, bebidas fr\u00edas y calientes y una amplia selecci\u00f3n de productos salados fr\u00edos y calientes.<\/p>\n<p>Para completar este sabroso momento, si\u00e9ntese en la terraza con vista al mar y sienta los suaves rayos del sol de la ma\u00f1ana en su cara.<\/p>\n<p>[\/vc_column_text][\/vc_column][vc_column width=\u00bb1\/3&#8243; el_class=\u00bbbg-gris-texture\u00bb][vc_column_text]<\/p>\n<p style=\"text-align: center;\"><img decoding=\"async\" class=\"alignnone size-full wp-image-532\" src=\"http:\/\/www.hotel-royal-antibes.com\/wp-content\/uploads\/2016\/03\/picto-big-resto.png\" alt=\"picto-big-resto\" width=\"98\" height=\"97\" \/><\/p>\n<p style=\"text-align: center;\">Abierto todos los d\u00edas del a\u00f1o de 07:00 h a 11:00 h.<\/p>\n<p style=\"text-align: center;\">El acceso para clientes ajenos al hotel se hace desde la terraza.<\/p>\n<p style=\"text-align: center;\">Tel. <a href=\"tel:+33 (0)4 83 61 91 91\">+33 (0)4 83 61 91 91<br \/>\ncontact@royal-antibes.com<\/a><\/p>\n<p>[\/vc_column_text][\/vc_column][\/vc_row][vc_row][vc_column][vc_column_text]<\/p>\n<div class=\"h1\" ><span style=\"font-size: 24px;\">Descubre tambi\u00e9n<\/span><\/div>\n<p>[\/vc_column_text][\/vc_column][\/vc_row][vc_row][vc_column][vc_basic_grid post_type=\u00bbids\u00bb element_width=\u00bb6&#8243; gap=\u00bb10&#8243; item=\u00bb759&#8243; grid_id=\u00bbvc_gid:1573118902488-b0eab19f-13b8-9&#8243; include=\u00bb2604, 2637&#8243;][\/vc_column][\/vc_row]<\/p>\n","protected":false},"excerpt":{"rendered":"<p>[vc_row][vc_column][rev_slider_vc alias=\u00bbslider-bar\u00bb][\/vc_column][\/vc_row][vc_row][vc_column el_class=\u00bbtitle-page\u00bb][vc_column_text] El ROYAL LOUNGE [\/vc_column_text][\/vc_column][\/vc_row][vc_row gap=\u00bb30&#8243;][vc_column width=\u00bb2\/3&#8243;][vc_column_text] \u00abToda la felicidad comienza con un desayuno tranquilo &#8230;\u00bb William Somerset Maugham En el ROYAL ANTIBES Luxury Hotel, Residence Beach &amp; Spa, hacemos todo lo posible para que la d\u00eda comience con buen humor. Nuestro buffet est\u00e1 compuesto por productos cuidadosamente seleccionados por nuestro Chef por [&hellip;]<\/p>\n","protected":false},"author":4,"featured_media":7777,"parent":0,"menu_order":0,"comment_status":"closed","ping_status":"closed","template":"","meta":{"_acf_changed":false,"footnotes":""},"class_list":["post-2614","page","type-page","status-publish","has-post-thumbnail","hentry"],"acf":[],"yoast_head":"<!-- This site is optimized with the Yoast SEO plugin v26.9 - https:\/\/yoast.com\/product\/yoast-seo-wordpress\/ -->\n<title>Bar de c\u00f3cteles y vino en la terraza del hotel Royal Antibes<\/title>\n<meta name=\"description\" content=\"Hotel Royal Antibes, hotel climatizado de dise\u00f1o moderno y tranquilo situado en el centro, cerca de la estaci\u00f3n de tren, cuenta con un bar con terraza panor\u00e1mica con vistas al mar. En el men\u00fa: Spritz, Prosecco, vino blanco espumoso italiano, Foccacia de la casa, antipasti italianos con m\u00fasica de fondo.\" \/>\n<meta name=\"robots\" content=\"index, follow, max-snippet:-1, max-image-preview:large, max-video-preview:-1\" \/>\n<link rel=\"canonical\" href=\"https:\/\/www.hotel-royal-antibes.com\/es\/hotel-desayuno-royal-lounge\/\" \/>\n<meta property=\"og:locale\" content=\"es_ES\" \/>\n<meta property=\"og:type\" content=\"article\" \/>\n<meta property=\"og:title\" content=\"Bar de c\u00f3cteles y vino en la terraza del hotel Royal Antibes\" \/>\n<meta property=\"og:description\" content=\"Hotel Royal Antibes, hotel climatizado de dise\u00f1o moderno y tranquilo situado en el centro, cerca de la estaci\u00f3n de tren, cuenta con un bar con terraza panor\u00e1mica con vistas al mar. En el men\u00fa: Spritz, Prosecco, vino blanco espumoso italiano, Foccacia de la casa, antipasti italianos con m\u00fasica de fondo.\" \/>\n<meta property=\"og:url\" content=\"https:\/\/www.hotel-royal-antibes.com\/es\/hotel-desayuno-royal-lounge\/\" \/>\n<meta property=\"og:site_name\" content=\"Royal Antibes\" \/>\n<meta property=\"article:modified_time\" content=\"2022-02-24T16:14:00+00:00\" \/>\n<meta property=\"og:image\" content=\"https:\/\/www.hotel-royal-antibes.com\/wp-content\/uploads\/2019\/06\/petit-dejeuner-royal.jpg\" \/>\n\t<meta property=\"og:image:width\" content=\"1223\" \/>\n\t<meta property=\"og:image:height\" content=\"815\" \/>\n\t<meta property=\"og:image:type\" content=\"image\/jpeg\" \/>\n<meta name=\"twitter:card\" content=\"summary_large_image\" \/>\n<meta name=\"twitter:label1\" content=\"Tiempo de lectura\" \/>\n\t<meta name=\"twitter:data1\" content=\"1 minuto\" \/>\n<script type=\"application\/ld+json\" class=\"yoast-schema-graph\">{\"@context\":\"https:\/\/schema.org\",\"@graph\":[{\"@type\":\"WebPage\",\"@id\":\"https:\/\/www.hotel-royal-antibes.com\/es\/hotel-desayuno-royal-lounge\/\",\"url\":\"https:\/\/www.hotel-royal-antibes.com\/es\/hotel-desayuno-royal-lounge\/\",\"name\":\"Bar de c\u00f3cteles y vino en la terraza del hotel Royal Antibes\",\"isPartOf\":{\"@id\":\"https:\/\/www.hotel-royal-antibes.com\/es\/#website\"},\"primaryImageOfPage\":{\"@id\":\"https:\/\/www.hotel-royal-antibes.com\/es\/hotel-desayuno-royal-lounge\/#primaryimage\"},\"image\":{\"@id\":\"https:\/\/www.hotel-royal-antibes.com\/es\/hotel-desayuno-royal-lounge\/#primaryimage\"},\"thumbnailUrl\":\"https:\/\/www.hotel-royal-antibes.com\/wp-content\/uploads\/2023\/06\/155A0235-scaled.jpg\",\"datePublished\":\"2016-03-23T10:23:09+00:00\",\"dateModified\":\"2022-02-24T16:14:00+00:00\",\"description\":\"Hotel Royal Antibes, hotel climatizado de dise\u00f1o moderno y tranquilo situado en el centro, cerca de la estaci\u00f3n de tren, cuenta con un bar con terraza panor\u00e1mica con vistas al mar. En el men\u00fa: Spritz, Prosecco, vino blanco espumoso italiano, Foccacia de la casa, antipasti italianos con m\u00fasica de fondo.\",\"breadcrumb\":{\"@id\":\"https:\/\/www.hotel-royal-antibes.com\/es\/hotel-desayuno-royal-lounge\/#breadcrumb\"},\"inLanguage\":\"es\",\"potentialAction\":[{\"@type\":\"ReadAction\",\"target\":[\"https:\/\/www.hotel-royal-antibes.com\/es\/hotel-desayuno-royal-lounge\/\"]}]},{\"@type\":\"ImageObject\",\"inLanguage\":\"es\",\"@id\":\"https:\/\/www.hotel-royal-antibes.com\/es\/hotel-desayuno-royal-lounge\/#primaryimage\",\"url\":\"https:\/\/www.hotel-royal-antibes.com\/wp-content\/uploads\/2023\/06\/155A0235-scaled.jpg\",\"contentUrl\":\"https:\/\/www.hotel-royal-antibes.com\/wp-content\/uploads\/2023\/06\/155A0235-scaled.jpg\",\"width\":1707,\"height\":2560},{\"@type\":\"BreadcrumbList\",\"@id\":\"https:\/\/www.hotel-royal-antibes.com\/es\/hotel-desayuno-royal-lounge\/#breadcrumb\",\"itemListElement\":[{\"@type\":\"ListItem\",\"position\":1,\"name\":\"Hotel Royal Antibes\",\"item\":\"https:\/\/www.hotel-royal-antibes.com\/es\/\"},{\"@type\":\"ListItem\",\"position\":2,\"name\":\"El Royal Lounge\"}]},{\"@type\":\"WebSite\",\"@id\":\"https:\/\/www.hotel-royal-antibes.com\/es\/#website\",\"url\":\"https:\/\/www.hotel-royal-antibes.com\/es\/\",\"name\":\"Royal Antibes\",\"description\":\"Luxury hotel in Antibes on French Riviera\",\"potentialAction\":[{\"@type\":\"SearchAction\",\"target\":{\"@type\":\"EntryPoint\",\"urlTemplate\":\"https:\/\/www.hotel-royal-antibes.com\/es\/?s={search_term_string}\"},\"query-input\":{\"@type\":\"PropertyValueSpecification\",\"valueRequired\":true,\"valueName\":\"search_term_string\"}}],\"inLanguage\":\"es\"}]}<\/script>\n<!-- \/ Yoast SEO plugin. -->","yoast_head_json":{"title":"Bar de c\u00f3cteles y vino en la terraza del hotel Royal Antibes","description":"Hotel Royal Antibes, hotel climatizado de dise\u00f1o moderno y tranquilo situado en el centro, cerca de la estaci\u00f3n de tren, cuenta con un bar con terraza panor\u00e1mica con vistas al mar. En el men\u00fa: Spritz, Prosecco, vino blanco espumoso italiano, Foccacia de la casa, antipasti italianos con m\u00fasica de fondo.","robots":{"index":"index","follow":"follow","max-snippet":"max-snippet:-1","max-image-preview":"max-image-preview:large","max-video-preview":"max-video-preview:-1"},"canonical":"https:\/\/www.hotel-royal-antibes.com\/es\/hotel-desayuno-royal-lounge\/","og_locale":"es_ES","og_type":"article","og_title":"Bar de c\u00f3cteles y vino en la terraza del hotel Royal Antibes","og_description":"Hotel Royal Antibes, hotel climatizado de dise\u00f1o moderno y tranquilo situado en el centro, cerca de la estaci\u00f3n de tren, cuenta con un bar con terraza panor\u00e1mica con vistas al mar. En el men\u00fa: Spritz, Prosecco, vino blanco espumoso italiano, Foccacia de la casa, antipasti italianos con m\u00fasica de fondo.","og_url":"https:\/\/www.hotel-royal-antibes.com\/es\/hotel-desayuno-royal-lounge\/","og_site_name":"Royal Antibes","article_modified_time":"2022-02-24T16:14:00+00:00","og_image":[{"width":1223,"height":815,"url":"https:\/\/www.hotel-royal-antibes.com\/wp-content\/uploads\/2019\/06\/petit-dejeuner-royal.jpg","type":"image\/jpeg"}],"twitter_card":"summary_large_image","twitter_misc":{"Tiempo de lectura":"1 minuto"},"schema":{"@context":"https:\/\/schema.org","@graph":[{"@type":"WebPage","@id":"https:\/\/www.hotel-royal-antibes.com\/es\/hotel-desayuno-royal-lounge\/","url":"https:\/\/www.hotel-royal-antibes.com\/es\/hotel-desayuno-royal-lounge\/","name":"Bar de c\u00f3cteles y vino en la terraza del hotel Royal Antibes","isPartOf":{"@id":"https:\/\/www.hotel-royal-antibes.com\/es\/#website"},"primaryImageOfPage":{"@id":"https:\/\/www.hotel-royal-antibes.com\/es\/hotel-desayuno-royal-lounge\/#primaryimage"},"image":{"@id":"https:\/\/www.hotel-royal-antibes.com\/es\/hotel-desayuno-royal-lounge\/#primaryimage"},"thumbnailUrl":"https:\/\/www.hotel-royal-antibes.com\/wp-content\/uploads\/2023\/06\/155A0235-scaled.jpg","datePublished":"2016-03-23T10:23:09+00:00","dateModified":"2022-02-24T16:14:00+00:00","description":"Hotel Royal Antibes, hotel climatizado de dise\u00f1o moderno y tranquilo situado en el centro, cerca de la estaci\u00f3n de tren, cuenta con un bar con terraza panor\u00e1mica con vistas al mar. En el men\u00fa: Spritz, Prosecco, vino blanco espumoso italiano, Foccacia de la casa, antipasti italianos con m\u00fasica de fondo.","breadcrumb":{"@id":"https:\/\/www.hotel-royal-antibes.com\/es\/hotel-desayuno-royal-lounge\/#breadcrumb"},"inLanguage":"es","potentialAction":[{"@type":"ReadAction","target":["https:\/\/www.hotel-royal-antibes.com\/es\/hotel-desayuno-royal-lounge\/"]}]},{"@type":"ImageObject","inLanguage":"es","@id":"https:\/\/www.hotel-royal-antibes.com\/es\/hotel-desayuno-royal-lounge\/#primaryimage","url":"https:\/\/www.hotel-royal-antibes.com\/wp-content\/uploads\/2023\/06\/155A0235-scaled.jpg","contentUrl":"https:\/\/www.hotel-royal-antibes.com\/wp-content\/uploads\/2023\/06\/155A0235-scaled.jpg","width":1707,"height":2560},{"@type":"BreadcrumbList","@id":"https:\/\/www.hotel-royal-antibes.com\/es\/hotel-desayuno-royal-lounge\/#breadcrumb","itemListElement":[{"@type":"ListItem","position":1,"name":"Hotel Royal Antibes","item":"https:\/\/www.hotel-royal-antibes.com\/es\/"},{"@type":"ListItem","position":2,"name":"El Royal Lounge"}]},{"@type":"WebSite","@id":"https:\/\/www.hotel-royal-antibes.com\/es\/#website","url":"https:\/\/www.hotel-royal-antibes.com\/es\/","name":"Royal Antibes","description":"Luxury hotel in Antibes on French Riviera","potentialAction":[{"@type":"SearchAction","target":{"@type":"EntryPoint","urlTemplate":"https:\/\/www.hotel-royal-antibes.com\/es\/?s={search_term_string}"},"query-input":{"@type":"PropertyValueSpecification","valueRequired":true,"valueName":"search_term_string"}}],"inLanguage":"es"}]}},"_links":{"self":[{"href":"https:\/\/www.hotel-royal-antibes.com\/es\/wp-json\/wp\/v2\/pages\/2614","targetHints":{"allow":["GET"]}}],"collection":[{"href":"https:\/\/www.hotel-royal-antibes.com\/es\/wp-json\/wp\/v2\/pages"}],"about":[{"href":"https:\/\/www.hotel-royal-antibes.com\/es\/wp-json\/wp\/v2\/types\/page"}],"author":[{"embeddable":true,"href":"https:\/\/www.hotel-royal-antibes.com\/es\/wp-json\/wp\/v2\/users\/4"}],"replies":[{"embeddable":true,"href":"https:\/\/www.hotel-royal-antibes.com\/es\/wp-json\/wp\/v2\/comments?post=2614"}],"version-history":[{"count":13,"href":"https:\/\/www.hotel-royal-antibes.com\/es\/wp-json\/wp\/v2\/pages\/2614\/revisions"}],"predecessor-version":[{"id":7132,"href":"https:\/\/www.hotel-royal-antibes.com\/es\/wp-json\/wp\/v2\/pages\/2614\/revisions\/7132"}],"wp:featuredmedia":[{"embeddable":true,"href":"https:\/\/www.hotel-royal-antibes.com\/es\/wp-json\/wp\/v2\/media\/7777"}],"wp:attachment":[{"href":"https:\/\/www.hotel-royal-antibes.com\/es\/wp-json\/wp\/v2\/media?parent=2614"}],"curies":[{"name":"wp","href":"https:\/\/api.w.org\/{rel}","templated":true}]}}