{"id":2584,"date":"2016-03-16T17:36:21","date_gmt":"2016-03-16T16:36:21","guid":{"rendered":"http:\/\/www.hotel-royal-antibes.com\/es\/contact\/"},"modified":"2025-07-23T17:28:25","modified_gmt":"2025-07-23T16:28:25","slug":"contacto","status":"publish","type":"page","link":"https:\/\/www.hotel-royal-antibes.com\/es\/contacto\/","title":{"rendered":"Contacto"},"content":{"rendered":"<p>[vc_row][vc_column][rev_slider_vc alias=\u00bbslider-contact\u00bb][\/vc_column][\/vc_row][vc_row][vc_column][vc_column_text]<\/p>\n<h1>Contacto<\/h1>\n<p>[\/vc_column_text][\/vc_column][\/vc_row][vc_row][vc_column width=\u00bb1\/3&#8243;][vc_column_text]<\/p>\n<h3>Recepci\u00f3n<\/h3>\n<p><a href=\"mailto:contact@royal-antibes.com\">contact@royal-antibes.com<\/a><\/p>\n<p>Tel. <a href=\"tel:+33 (0)4 83 61 91 91\">+33 (0)4 83 61 91 91<\/a><\/p>\n<p><a class=\"contact-whatsapp\" href=\"https:\/\/wa.me\/33620942169\" target=\"_blank\" rel=\"noopener\"><i class=\"fa fa-whatsapp\"><\/i>Whatsapp<\/a><\/p>\n<p>&nbsp;<\/p>\n<h3>Reservas<\/h3>\n<p><a href=\"mailto:reservations@royal-antibes.com\">reservations@royal-antibes.com<\/a><\/p>\n<p>Tel. <a href=\"tel:+33 (0)4 83 61 91 94\">+33 (0)4 83 61 91 94<\/a><\/p>\n<p><a class=\"contact-whatsapp\" href=\"https:\/\/wa.me\/33620942169\" target=\"_blank\" rel=\"noopener\"><i class=\"fa fa-whatsapp\"><\/i>Whatsapp<\/a><\/p>\n<p>&nbsp;<\/p>\n<h3>Comercializaci\u00f3n y Marketing<\/h3>\n<p><a href=\"mailto:contact@royal-antibes.com\">contact@royal-antibes.com<\/a><\/p>\n<p>Tel. <a href=\"tel:+33 (0)4 83 61 91 90\">+33 (0)4 83 61 91 91<\/a>[\/vc_column_text][\/vc_column][vc_column width=\u00bb1\/3&#8243;][vc_column_text]<\/p>\n<h3>Playa privada<\/h3>\n<p><a href=\"mailto:contact@royal-antibes.com\">contact@royal-antibes.com<\/a><\/p>\n<p>Tel. <a href=\"tel:+33 (0)4 83 61 91 85\">+33 (0)4 93 33 72 81<\/a><\/p>\n<p>&nbsp;<\/p>\n<h3>Coordinaci\u00f3n de Grupos y Seminarios<\/h3>\n<p><a href=\"mailto:sales@royal-antibes.com\">sales@royal-antibes.com<\/a><\/p>\n<p>Tel. <a href=\"tel:+33 (0)4 83 61 91 93\">+33 (0)4 83 61 91 90<\/a><\/p>\n<p>&nbsp;<\/p>\n<h3>Spa<\/h3>\n<p><a href=\"mailto:spa@royal-antibes.com\">spa@royal-antibes.com<\/a><\/p>\n<p>Phone <a href=\"tel:+33 (0)4 83 61 92 02\">+33 (0)4 83 61 92 02<\/a>[\/vc_column_text][\/vc_column][vc_column width=\u00bb1\/3&#8243; el_class=\u00bbform_devis_seminaire\u00bb]\n<div class=\"wpcf7 no-js\" id=\"wpcf7-f3005-o1\" lang=\"fr-FR\" dir=\"ltr\" data-wpcf7-id=\"3005\">\n<div class=\"screen-reader-response\"><p role=\"status\" aria-live=\"polite\" aria-atomic=\"true\"><\/p> <ul><\/ul><\/div>\n<form action=\"\/es\/wp-json\/wp\/v2\/pages\/2584#wpcf7-f3005-o1\" method=\"post\" class=\"wpcf7-form init\" aria-label=\"Formulaire de contact\" novalidate=\"novalidate\" data-status=\"init\">\n<fieldset class=\"hidden-fields-container\"><input type=\"hidden\" name=\"_wpcf7\" value=\"3005\" \/><input type=\"hidden\" name=\"_wpcf7_version\" value=\"6.1.5\" \/><input type=\"hidden\" name=\"_wpcf7_locale\" value=\"fr_FR\" \/><input type=\"hidden\" name=\"_wpcf7_unit_tag\" value=\"wpcf7-f3005-o1\" \/><input type=\"hidden\" name=\"_wpcf7_container_post\" value=\"0\" \/><input type=\"hidden\" name=\"_wpcf7_posted_data_hash\" value=\"\" \/><input type=\"hidden\" name=\"_wpcf7_recaptcha_response\" value=\"\" \/>\n<\/fieldset>\n<p><br \/>\n<span class=\"wpcf7-form-control-wrap\" data-name=\"nom\"><input size=\"40\" maxlength=\"400\" class=\"wpcf7-form-control wpcf7-text wpcf7-validates-as-required\" aria-required=\"true\" aria-invalid=\"false\" placeholder=\"Nombre\" value=\"\" type=\"text\" name=\"nom\" \/><\/span>\n<\/p>\n<p><br \/>\n<span class=\"wpcf7-form-control-wrap\" data-name=\"tel\"><input size=\"40\" maxlength=\"400\" class=\"wpcf7-form-control wpcf7-tel wpcf7-validates-as-required wpcf7-text wpcf7-validates-as-tel\" aria-required=\"true\" aria-invalid=\"false\" placeholder=\"Tel.\" value=\"\" type=\"tel\" name=\"tel\" \/><\/span>\n<\/p>\n<p><br \/>\n<span class=\"wpcf7-form-control-wrap\" data-name=\"email\"><input size=\"40\" maxlength=\"400\" class=\"wpcf7-form-control wpcf7-email wpcf7-validates-as-required wpcf7-text wpcf7-validates-as-email\" aria-required=\"true\" aria-invalid=\"false\" placeholder=\"Correo electr\u00f3nico\" value=\"\" type=\"email\" name=\"email\" \/><\/span>\n<\/p>\n<p><br \/>\n<span class=\"wpcf7-form-control-wrap\" data-name=\"message\"><textarea cols=\"40\" rows=\"10\" maxlength=\"2000\" class=\"wpcf7-form-control wpcf7-textarea wpcf7-validates-as-required\" aria-required=\"true\" aria-invalid=\"false\" placeholder=\"Comentarios\" name=\"message\"><\/textarea><\/span>\n<\/p>\n\n<p><br \/>\n<input class=\"wpcf7-form-control wpcf7-submit has-spinner\" type=\"submit\" value=\"Envie\" \/>\n<\/p><div class=\"wpcf7-response-output\" aria-hidden=\"true\"><\/div>\n<\/form>\n<\/div>\n[\/vc_column][\/vc_row][vc_row][vc_column][vc_gmaps link=\u00bb#E-8_JTNDaWZyYW1lJTIwc3JjJTNEJTIyaHR0cHMlM0ElMkYlMkZ3d3cuZ29vZ2xlLmNvbSUyRm1hcHMlMkZlbWJlZCUzRnBiJTNEJTIxMW0xOCUyMTFtMTIlMjExbTMlMjExZDI4OTAuNTAxODU1MDU1NTM5NiUyMTJkNy4xMjE3Mzk3MTU1NDkwODIlMjEzZDQzLjU3NTI2MjA2NTQ4NDc2JTIxMm0zJTIxMWYwJTIxMmYwJTIxM2YwJTIxM20yJTIxMWkxMDI0JTIxMmk3NjglMjE0ZjEzLjElMjEzbTMlMjExbTIlMjExczB4MTJjZGQ1NjRiZjUzZmRiNyUyNTNBMHgyNzFkMTE3M2MwNjdlMmRjJTIxMnNST1lBTCUyQkFOVElCRVMlMjE1ZTAlMjEzbTIlMjExc2ZyJTIxMnNmciUyMTR2MTQ1ODU4NDY0MDYzMSUyMiUyMHdpZHRoJTNEJTIyMTAwJTI1JTIyJTIwaGVpZ2h0JTNEJTIyODAwJTIyJTIwZnJhbWVib3JkZXIlM0QlMjIwJTIyJTIwc3R5bGUlM0QlMjJib3JkZXIlM0EwJTIyJTIwYWxsb3dmdWxsc2NyZWVuJTNFJTNDJTJGaWZyYW1lJTNF\u00bb css=\u00bb.vc_custom_1458584808452{margin-top: 0px !important;margin-right: 0px !important;margin-left: 0px !important;border-top-width: 0px !important;border-right-width: 0px !important;border-bottom-width: 0px !important;border-left-width: 0px !important;padding-top: 0px !important;padding-right: 0px !important;padding-bottom: 0px !important;padding-left: 0px !important;border-left-style: none !important;border-right-style: none !important;border-top-style: none !important;border-bottom-style: none !important;}\u00bb][\/vc_column][\/vc_row]<\/p>\n","protected":false},"excerpt":{"rendered":"<p>[vc_row][vc_column][rev_slider_vc alias=\u00bbslider-contact\u00bb][\/vc_column][\/vc_row][vc_row][vc_column][vc_column_text] Contacto [\/vc_column_text][\/vc_column][\/vc_row][vc_row][vc_column width=\u00bb1\/3&#8243;][vc_column_text] Recepci\u00f3n contact@royal-antibes.com Tel. +33 (0)4 83 61 91 91 Whatsapp &nbsp; Reservas reservations@royal-antibes.com Tel. +33 (0)4 83 61 91 94 Whatsapp &nbsp; Comercializaci\u00f3n y Marketing contact@royal-antibes.com Tel. +33 (0)4 83 61 91 91[\/vc_column_text][\/vc_column][vc_column width=\u00bb1\/3&#8243;][vc_column_text] Playa privada contact@royal-antibes.com Tel. +33 (0)4 93 33 72 81 &nbsp; Coordinaci\u00f3n de Grupos y Seminarios [&hellip;]<\/p>\n","protected":false},"author":4,"featured_media":0,"parent":0,"menu_order":0,"comment_status":"closed","ping_status":"closed","template":"","meta":{"_acf_changed":false,"footnotes":""},"class_list":["post-2584","page","type-page","status-publish","hentry"],"acf":[],"yoast_head":"<!-- This site is optimized with the Yoast SEO plugin v26.9 - https:\/\/yoast.com\/product\/yoast-seo-wordpress\/ -->\n<title>Llame al hotel Royal Antibes y reservar una suite de lujo con vistas al mar<\/title>\n<meta name=\"description\" content=\"P\u00f3ngase en contacto con el equipo del Hotel Royal Antibes para reservar una espaciosa habitaci\u00f3n insonorizada, un apartamento o una suite para su estancia en Antibes. El personal es pol\u00edglota: franc\u00e9s, ingl\u00e9s, italiano, espa\u00f1ol y ruso.\" \/>\n<meta name=\"robots\" content=\"index, follow, max-snippet:-1, max-image-preview:large, max-video-preview:-1\" \/>\n<link rel=\"canonical\" href=\"https:\/\/www.hotel-royal-antibes.com\/es\/contacto\/\" \/>\n<meta property=\"og:locale\" content=\"es_ES\" \/>\n<meta property=\"og:type\" content=\"article\" \/>\n<meta property=\"og:title\" content=\"Llame al hotel Royal Antibes y reservar una suite de lujo con vistas al mar\" \/>\n<meta property=\"og:description\" content=\"P\u00f3ngase en contacto con el equipo del Hotel Royal Antibes para reservar una espaciosa habitaci\u00f3n insonorizada, un apartamento o una suite para su estancia en Antibes. El personal es pol\u00edglota: franc\u00e9s, ingl\u00e9s, italiano, espa\u00f1ol y ruso.\" \/>\n<meta property=\"og:url\" content=\"https:\/\/www.hotel-royal-antibes.com\/es\/contacto\/\" \/>\n<meta property=\"og:site_name\" content=\"Royal Antibes\" \/>\n<meta property=\"article:modified_time\" content=\"2025-07-23T16:28:25+00:00\" \/>\n<meta name=\"twitter:card\" content=\"summary_large_image\" \/>\n<meta name=\"twitter:label1\" content=\"Tiempo de lectura\" \/>\n\t<meta name=\"twitter:data1\" content=\"1 minuto\" \/>\n<script type=\"application\/ld+json\" class=\"yoast-schema-graph\">{\"@context\":\"https:\/\/schema.org\",\"@graph\":[{\"@type\":\"WebPage\",\"@id\":\"https:\/\/www.hotel-royal-antibes.com\/es\/contacto\/\",\"url\":\"https:\/\/www.hotel-royal-antibes.com\/es\/contacto\/\",\"name\":\"Llame al hotel Royal Antibes y reservar una suite de lujo con vistas al mar\",\"isPartOf\":{\"@id\":\"https:\/\/www.hotel-royal-antibes.com\/es\/#website\"},\"datePublished\":\"2016-03-16T16:36:21+00:00\",\"dateModified\":\"2025-07-23T16:28:25+00:00\",\"description\":\"P\u00f3ngase en contacto con el equipo del Hotel Royal Antibes para reservar una espaciosa habitaci\u00f3n insonorizada, un apartamento o una suite para su estancia en Antibes. El personal es pol\u00edglota: franc\u00e9s, ingl\u00e9s, italiano, espa\u00f1ol y ruso.\",\"breadcrumb\":{\"@id\":\"https:\/\/www.hotel-royal-antibes.com\/es\/contacto\/#breadcrumb\"},\"inLanguage\":\"es\",\"potentialAction\":[{\"@type\":\"ReadAction\",\"target\":[\"https:\/\/www.hotel-royal-antibes.com\/es\/contacto\/\"]}]},{\"@type\":\"BreadcrumbList\",\"@id\":\"https:\/\/www.hotel-royal-antibes.com\/es\/contacto\/#breadcrumb\",\"itemListElement\":[{\"@type\":\"ListItem\",\"position\":1,\"name\":\"Hotel Royal Antibes\",\"item\":\"https:\/\/www.hotel-royal-antibes.com\/es\/\"},{\"@type\":\"ListItem\",\"position\":2,\"name\":\"Contacto\"}]},{\"@type\":\"WebSite\",\"@id\":\"https:\/\/www.hotel-royal-antibes.com\/es\/#website\",\"url\":\"https:\/\/www.hotel-royal-antibes.com\/es\/\",\"name\":\"Royal Antibes\",\"description\":\"Luxury hotel in Antibes on French Riviera\",\"potentialAction\":[{\"@type\":\"SearchAction\",\"target\":{\"@type\":\"EntryPoint\",\"urlTemplate\":\"https:\/\/www.hotel-royal-antibes.com\/es\/?s={search_term_string}\"},\"query-input\":{\"@type\":\"PropertyValueSpecification\",\"valueRequired\":true,\"valueName\":\"search_term_string\"}}],\"inLanguage\":\"es\"}]}<\/script>\n<!-- \/ Yoast SEO plugin. -->","yoast_head_json":{"title":"Llame al hotel Royal Antibes y reservar una suite de lujo con vistas al mar","description":"P\u00f3ngase en contacto con el equipo del Hotel Royal Antibes para reservar una espaciosa habitaci\u00f3n insonorizada, un apartamento o una suite para su estancia en Antibes. El personal es pol\u00edglota: franc\u00e9s, ingl\u00e9s, italiano, espa\u00f1ol y ruso.","robots":{"index":"index","follow":"follow","max-snippet":"max-snippet:-1","max-image-preview":"max-image-preview:large","max-video-preview":"max-video-preview:-1"},"canonical":"https:\/\/www.hotel-royal-antibes.com\/es\/contacto\/","og_locale":"es_ES","og_type":"article","og_title":"Llame al hotel Royal Antibes y reservar una suite de lujo con vistas al mar","og_description":"P\u00f3ngase en contacto con el equipo del Hotel Royal Antibes para reservar una espaciosa habitaci\u00f3n insonorizada, un apartamento o una suite para su estancia en Antibes. El personal es pol\u00edglota: franc\u00e9s, ingl\u00e9s, italiano, espa\u00f1ol y ruso.","og_url":"https:\/\/www.hotel-royal-antibes.com\/es\/contacto\/","og_site_name":"Royal Antibes","article_modified_time":"2025-07-23T16:28:25+00:00","twitter_card":"summary_large_image","twitter_misc":{"Tiempo de lectura":"1 minuto"},"schema":{"@context":"https:\/\/schema.org","@graph":[{"@type":"WebPage","@id":"https:\/\/www.hotel-royal-antibes.com\/es\/contacto\/","url":"https:\/\/www.hotel-royal-antibes.com\/es\/contacto\/","name":"Llame al hotel Royal Antibes y reservar una suite de lujo con vistas al mar","isPartOf":{"@id":"https:\/\/www.hotel-royal-antibes.com\/es\/#website"},"datePublished":"2016-03-16T16:36:21+00:00","dateModified":"2025-07-23T16:28:25+00:00","description":"P\u00f3ngase en contacto con el equipo del Hotel Royal Antibes para reservar una espaciosa habitaci\u00f3n insonorizada, un apartamento o una suite para su estancia en Antibes. El personal es pol\u00edglota: franc\u00e9s, ingl\u00e9s, italiano, espa\u00f1ol y ruso.","breadcrumb":{"@id":"https:\/\/www.hotel-royal-antibes.com\/es\/contacto\/#breadcrumb"},"inLanguage":"es","potentialAction":[{"@type":"ReadAction","target":["https:\/\/www.hotel-royal-antibes.com\/es\/contacto\/"]}]},{"@type":"BreadcrumbList","@id":"https:\/\/www.hotel-royal-antibes.com\/es\/contacto\/#breadcrumb","itemListElement":[{"@type":"ListItem","position":1,"name":"Hotel Royal Antibes","item":"https:\/\/www.hotel-royal-antibes.com\/es\/"},{"@type":"ListItem","position":2,"name":"Contacto"}]},{"@type":"WebSite","@id":"https:\/\/www.hotel-royal-antibes.com\/es\/#website","url":"https:\/\/www.hotel-royal-antibes.com\/es\/","name":"Royal Antibes","description":"Luxury hotel in Antibes on French Riviera","potentialAction":[{"@type":"SearchAction","target":{"@type":"EntryPoint","urlTemplate":"https:\/\/www.hotel-royal-antibes.com\/es\/?s={search_term_string}"},"query-input":{"@type":"PropertyValueSpecification","valueRequired":true,"valueName":"search_term_string"}}],"inLanguage":"es"}]}},"_links":{"self":[{"href":"https:\/\/www.hotel-royal-antibes.com\/es\/wp-json\/wp\/v2\/pages\/2584","targetHints":{"allow":["GET"]}}],"collection":[{"href":"https:\/\/www.hotel-royal-antibes.com\/es\/wp-json\/wp\/v2\/pages"}],"about":[{"href":"https:\/\/www.hotel-royal-antibes.com\/es\/wp-json\/wp\/v2\/types\/page"}],"author":[{"embeddable":true,"href":"https:\/\/www.hotel-royal-antibes.com\/es\/wp-json\/wp\/v2\/users\/4"}],"replies":[{"embeddable":true,"href":"https:\/\/www.hotel-royal-antibes.com\/es\/wp-json\/wp\/v2\/comments?post=2584"}],"version-history":[{"count":7,"href":"https:\/\/www.hotel-royal-antibes.com\/es\/wp-json\/wp\/v2\/pages\/2584\/revisions"}],"predecessor-version":[{"id":8983,"href":"https:\/\/www.hotel-royal-antibes.com\/es\/wp-json\/wp\/v2\/pages\/2584\/revisions\/8983"}],"wp:attachment":[{"href":"https:\/\/www.hotel-royal-antibes.com\/es\/wp-json\/wp\/v2\/media?parent=2584"}],"curies":[{"name":"wp","href":"https:\/\/api.w.org\/{rel}","templated":true}]}}