{"id":2580,"date":"2016-03-21T22:24:44","date_gmt":"2016-03-21T21:24:44","guid":{"rendered":"http:\/\/www.hotel-royal-antibes.com\/es\/arts-et-culture\/"},"modified":"2026-03-04T15:44:14","modified_gmt":"2026-03-04T14:44:14","slug":"experiencia-costa-azul","status":"publish","type":"page","link":"https:\/\/www.hotel-royal-antibes.com\/es\/exprienca-costa-azul\/","title":{"rendered":"Experiencia Costa Azul"},"content":{"rendered":"<p>[vc_row][vc_column][rev_slider_vc alias=\u00bbslider-arts-et-culture\u00bb][\/vc_column][\/vc_row][vc_row][vc_column][vc_column_text]<\/p>\n<h1>Experiencia Costa Azul<\/h1>\n<p>[\/vc_column_text][\/vc_column][\/vc_row][vc_row gap=\u00bb30&#8243;][vc_column width=\u00bb2\/3&#8243;][vc_column_text]<\/p>\n<h3>Un d\u00eda in Antibes &#8230;<\/h3>\n<p>Despu\u00e9s de un despertar tranquilo y un delicioso desayuno frente al mar, \u00a1salga a descubrir Antibes!<\/p>\n<p>A solo unos pasos del hotel se encuentran las murallas, que bordean y rodean las bonitas y coloridas callejuelas llenas de encanto del casco antiguo de Antibes. Una joya de nuestra ciudad. Acabar\u00e1 llegando al mercado provenzal, con sus productos t\u00edpicos de la regi\u00f3n, sus embriagadores aromas y su animado y alegre ambiente.<\/p>\n<p>Si\u00e9ntese en una de las numerosas terrazas del casco antiguo, al sol, y deguste un delicioso plato t\u00edpico de la regi\u00f3n (socca, petits farcis, panisses&#8230;).<\/p>\n<p>Para continuar este d\u00eda en Antibes, le recomendamos que recorra el sendero del litoral, tambi\u00e9n llamado Sentier du Tirepoil. Un paseo de 5 km que rodea el Cap d&#8217;Antibes. \u00a1Imprescindible!<\/p>\n<p>&nbsp;<\/p>\n<p>\u00a1Ahora le toca a usted vivir la vida como los habitantes de Antibes![\/vc_column_text][\/vc_column][vc_column width=\u00bb1\/3&#8243; el_class=\u00bbbg-gris-texture\u00bb][vc_column_text]<\/p>\n<p style=\"text-align: center;\"><img decoding=\"async\" class=\"alignnone size-full wp-image-1088\" src=\"http:\/\/www.hotel-royal-antibes.com\/wp-content\/uploads\/2022\/05\/sonnette-noir.png\" alt=\"picto-big-concierge\" \/><\/p>\n<p style=\"text-align: center;\">Servicio di recepci\u00f3n<\/p>\n<p style=\"text-align: center;\">Nuestro equipo est\u00e1 a su disposici\u00f3n en todo momento.<br \/>\nNo dude en solicitar sus servicios.<\/p>\n<p style=\"text-align: center;\"><a href=\"mailto:concierge@royal-antibes.com\">contact@royal-antibes.com<br \/>\n<\/a>Tel. <a href=\"tel:+33 (0)4 83 61 91 91\">+33 (0)4 83 61 91 91<\/a><\/p>\n<p>[\/vc_column_text][\/vc_column][\/vc_row][vc_row][vc_column][vc_column_text]<\/p>\n<div class=\"h1\" ><span style=\"font-size: 24px;\">Descubre tambi\u00e9n<\/span><\/div>\n<p>[\/vc_column_text][\/vc_column][\/vc_row][vc_row][vc_column][vc_basic_grid post_type=\u00bbids\u00bb element_width=\u00bb3&#8243; item=\u00bb287&#8243; grid_id=\u00bbvc_gid:1772635403585-7226caa1-0785-5&#8243; include=\u00bb360, 366, 382, 2574, 2555, 2592, 9373&#8243;][\/vc_column][\/vc_row]<\/p>\n","protected":false},"excerpt":{"rendered":"<p>[vc_row][vc_column][rev_slider_vc alias=\u00bbslider-arts-et-culture\u00bb][\/vc_column][\/vc_row][vc_row][vc_column][vc_column_text] Experiencia Costa Azul [\/vc_column_text][\/vc_column][\/vc_row][vc_row gap=\u00bb30&#8243;][vc_column width=\u00bb2\/3&#8243;][vc_column_text] Un d\u00eda in Antibes &#8230; Despu\u00e9s de un despertar tranquilo y un delicioso desayuno frente al mar, \u00a1salga a descubrir Antibes! A solo unos pasos del hotel se encuentran las murallas, que bordean y rodean las bonitas y coloridas callejuelas llenas de encanto del casco antiguo de [&hellip;]<\/p>\n","protected":false},"author":4,"featured_media":9510,"parent":0,"menu_order":0,"comment_status":"closed","ping_status":"closed","template":"","meta":{"_acf_changed":false,"footnotes":""},"class_list":["post-2580","page","type-page","status-publish","has-post-thumbnail","hentry"],"acf":[],"yoast_head":"<!-- This site is optimized with the Yoast SEO plugin v26.9 - https:\/\/yoast.com\/product\/yoast-seo-wordpress\/ -->\n<title>Experiencia Costa Azul - Royal Antibes<\/title>\n<meta name=\"description\" content=\"Antibes ha sido el hogar de muchos artistas, escritores y pintores en busca de inspiraci\u00f3n. De los cuales el m\u00e1s famoso es Pablo Picasso y Somerset Maugham, pasando por Guillaume Musso, as\u00ed como Scott y Zelda Fitzgeral que dio su renombre a Juan Les Pins.\" \/>\n<meta name=\"robots\" content=\"index, follow, max-snippet:-1, max-image-preview:large, max-video-preview:-1\" \/>\n<link rel=\"canonical\" href=\"https:\/\/www.hotel-royal-antibes.com\/es\/exprienca-costa-azul\/\" \/>\n<meta property=\"og:locale\" content=\"es_ES\" \/>\n<meta property=\"og:type\" content=\"article\" \/>\n<meta property=\"og:title\" content=\"Experiencia Costa Azul - Royal Antibes\" \/>\n<meta property=\"og:description\" content=\"Antibes ha sido el hogar de muchos artistas, escritores y pintores en busca de inspiraci\u00f3n. De los cuales el m\u00e1s famoso es Pablo Picasso y Somerset Maugham, pasando por Guillaume Musso, as\u00ed como Scott y Zelda Fitzgeral que dio su renombre a Juan Les Pins.\" \/>\n<meta property=\"og:url\" content=\"https:\/\/www.hotel-royal-antibes.com\/es\/exprienca-costa-azul\/\" \/>\n<meta property=\"og:site_name\" content=\"Royal Antibes\" \/>\n<meta property=\"article:modified_time\" content=\"2026-03-04T14:44:14+00:00\" \/>\n<meta property=\"og:image\" content=\"https:\/\/www.hotel-royal-antibes.com\/wp-content\/uploads\/2026\/02\/cap-dantibes.png\" \/>\n\t<meta property=\"og:image:width\" content=\"1171\" \/>\n\t<meta property=\"og:image:height\" content=\"781\" \/>\n\t<meta property=\"og:image:type\" content=\"image\/png\" \/>\n<meta name=\"twitter:card\" content=\"summary_large_image\" \/>\n<meta name=\"twitter:label1\" content=\"Tiempo de lectura\" \/>\n\t<meta name=\"twitter:data1\" content=\"2 minutos\" \/>\n<script type=\"application\/ld+json\" class=\"yoast-schema-graph\">{\"@context\":\"https:\/\/schema.org\",\"@graph\":[{\"@type\":\"WebPage\",\"@id\":\"https:\/\/www.hotel-royal-antibes.com\/es\/exprienca-costa-azul\/\",\"url\":\"https:\/\/www.hotel-royal-antibes.com\/es\/exprienca-costa-azul\/\",\"name\":\"Experiencia Costa Azul - Royal Antibes\",\"isPartOf\":{\"@id\":\"https:\/\/www.hotel-royal-antibes.com\/es\/#website\"},\"primaryImageOfPage\":{\"@id\":\"https:\/\/www.hotel-royal-antibes.com\/es\/exprienca-costa-azul\/#primaryimage\"},\"image\":{\"@id\":\"https:\/\/www.hotel-royal-antibes.com\/es\/exprienca-costa-azul\/#primaryimage\"},\"thumbnailUrl\":\"https:\/\/www.hotel-royal-antibes.com\/wp-content\/uploads\/2026\/02\/cap-dantibes.png\",\"datePublished\":\"2016-03-21T21:24:44+00:00\",\"dateModified\":\"2026-03-04T14:44:14+00:00\",\"description\":\"Antibes ha sido el hogar de muchos artistas, escritores y pintores en busca de inspiraci\u00f3n. De los cuales el m\u00e1s famoso es Pablo Picasso y Somerset Maugham, pasando por Guillaume Musso, as\u00ed como Scott y Zelda Fitzgeral que dio su renombre a Juan Les Pins.\",\"breadcrumb\":{\"@id\":\"https:\/\/www.hotel-royal-antibes.com\/es\/exprienca-costa-azul\/#breadcrumb\"},\"inLanguage\":\"es\",\"potentialAction\":[{\"@type\":\"ReadAction\",\"target\":[\"https:\/\/www.hotel-royal-antibes.com\/es\/exprienca-costa-azul\/\"]}]},{\"@type\":\"ImageObject\",\"inLanguage\":\"es\",\"@id\":\"https:\/\/www.hotel-royal-antibes.com\/es\/exprienca-costa-azul\/#primaryimage\",\"url\":\"https:\/\/www.hotel-royal-antibes.com\/wp-content\/uploads\/2026\/02\/cap-dantibes.png\",\"contentUrl\":\"https:\/\/www.hotel-royal-antibes.com\/wp-content\/uploads\/2026\/02\/cap-dantibes.png\",\"width\":1171,\"height\":781},{\"@type\":\"BreadcrumbList\",\"@id\":\"https:\/\/www.hotel-royal-antibes.com\/es\/exprienca-costa-azul\/#breadcrumb\",\"itemListElement\":[{\"@type\":\"ListItem\",\"position\":1,\"name\":\"Hotel Royal Antibes\",\"item\":\"https:\/\/www.hotel-royal-antibes.com\/es\/\"},{\"@type\":\"ListItem\",\"position\":2,\"name\":\"Experiencia Costa Azul\"}]},{\"@type\":\"WebSite\",\"@id\":\"https:\/\/www.hotel-royal-antibes.com\/es\/#website\",\"url\":\"https:\/\/www.hotel-royal-antibes.com\/es\/\",\"name\":\"Royal Antibes\",\"description\":\"Luxury hotel in Antibes on French Riviera\",\"potentialAction\":[{\"@type\":\"SearchAction\",\"target\":{\"@type\":\"EntryPoint\",\"urlTemplate\":\"https:\/\/www.hotel-royal-antibes.com\/es\/?s={search_term_string}\"},\"query-input\":{\"@type\":\"PropertyValueSpecification\",\"valueRequired\":true,\"valueName\":\"search_term_string\"}}],\"inLanguage\":\"es\"}]}<\/script>\n<!-- \/ Yoast SEO plugin. -->","yoast_head_json":{"title":"Experiencia Costa Azul - Royal Antibes","description":"Antibes ha sido el hogar de muchos artistas, escritores y pintores en busca de inspiraci\u00f3n. De los cuales el m\u00e1s famoso es Pablo Picasso y Somerset Maugham, pasando por Guillaume Musso, as\u00ed como Scott y Zelda Fitzgeral que dio su renombre a Juan Les Pins.","robots":{"index":"index","follow":"follow","max-snippet":"max-snippet:-1","max-image-preview":"max-image-preview:large","max-video-preview":"max-video-preview:-1"},"canonical":"https:\/\/www.hotel-royal-antibes.com\/es\/exprienca-costa-azul\/","og_locale":"es_ES","og_type":"article","og_title":"Experiencia Costa Azul - Royal Antibes","og_description":"Antibes ha sido el hogar de muchos artistas, escritores y pintores en busca de inspiraci\u00f3n. De los cuales el m\u00e1s famoso es Pablo Picasso y Somerset Maugham, pasando por Guillaume Musso, as\u00ed como Scott y Zelda Fitzgeral que dio su renombre a Juan Les Pins.","og_url":"https:\/\/www.hotel-royal-antibes.com\/es\/exprienca-costa-azul\/","og_site_name":"Royal Antibes","article_modified_time":"2026-03-04T14:44:14+00:00","og_image":[{"width":1171,"height":781,"url":"https:\/\/www.hotel-royal-antibes.com\/wp-content\/uploads\/2026\/02\/cap-dantibes.png","type":"image\/png"}],"twitter_card":"summary_large_image","twitter_misc":{"Tiempo de lectura":"2 minutos"},"schema":{"@context":"https:\/\/schema.org","@graph":[{"@type":"WebPage","@id":"https:\/\/www.hotel-royal-antibes.com\/es\/exprienca-costa-azul\/","url":"https:\/\/www.hotel-royal-antibes.com\/es\/exprienca-costa-azul\/","name":"Experiencia Costa Azul - Royal Antibes","isPartOf":{"@id":"https:\/\/www.hotel-royal-antibes.com\/es\/#website"},"primaryImageOfPage":{"@id":"https:\/\/www.hotel-royal-antibes.com\/es\/exprienca-costa-azul\/#primaryimage"},"image":{"@id":"https:\/\/www.hotel-royal-antibes.com\/es\/exprienca-costa-azul\/#primaryimage"},"thumbnailUrl":"https:\/\/www.hotel-royal-antibes.com\/wp-content\/uploads\/2026\/02\/cap-dantibes.png","datePublished":"2016-03-21T21:24:44+00:00","dateModified":"2026-03-04T14:44:14+00:00","description":"Antibes ha sido el hogar de muchos artistas, escritores y pintores en busca de inspiraci\u00f3n. De los cuales el m\u00e1s famoso es Pablo Picasso y Somerset Maugham, pasando por Guillaume Musso, as\u00ed como Scott y Zelda Fitzgeral que dio su renombre a Juan Les Pins.","breadcrumb":{"@id":"https:\/\/www.hotel-royal-antibes.com\/es\/exprienca-costa-azul\/#breadcrumb"},"inLanguage":"es","potentialAction":[{"@type":"ReadAction","target":["https:\/\/www.hotel-royal-antibes.com\/es\/exprienca-costa-azul\/"]}]},{"@type":"ImageObject","inLanguage":"es","@id":"https:\/\/www.hotel-royal-antibes.com\/es\/exprienca-costa-azul\/#primaryimage","url":"https:\/\/www.hotel-royal-antibes.com\/wp-content\/uploads\/2026\/02\/cap-dantibes.png","contentUrl":"https:\/\/www.hotel-royal-antibes.com\/wp-content\/uploads\/2026\/02\/cap-dantibes.png","width":1171,"height":781},{"@type":"BreadcrumbList","@id":"https:\/\/www.hotel-royal-antibes.com\/es\/exprienca-costa-azul\/#breadcrumb","itemListElement":[{"@type":"ListItem","position":1,"name":"Hotel Royal Antibes","item":"https:\/\/www.hotel-royal-antibes.com\/es\/"},{"@type":"ListItem","position":2,"name":"Experiencia Costa Azul"}]},{"@type":"WebSite","@id":"https:\/\/www.hotel-royal-antibes.com\/es\/#website","url":"https:\/\/www.hotel-royal-antibes.com\/es\/","name":"Royal Antibes","description":"Luxury hotel in Antibes on French Riviera","potentialAction":[{"@type":"SearchAction","target":{"@type":"EntryPoint","urlTemplate":"https:\/\/www.hotel-royal-antibes.com\/es\/?s={search_term_string}"},"query-input":{"@type":"PropertyValueSpecification","valueRequired":true,"valueName":"search_term_string"}}],"inLanguage":"es"}]}},"_links":{"self":[{"href":"https:\/\/www.hotel-royal-antibes.com\/es\/wp-json\/wp\/v2\/pages\/2580","targetHints":{"allow":["GET"]}}],"collection":[{"href":"https:\/\/www.hotel-royal-antibes.com\/es\/wp-json\/wp\/v2\/pages"}],"about":[{"href":"https:\/\/www.hotel-royal-antibes.com\/es\/wp-json\/wp\/v2\/types\/page"}],"author":[{"embeddable":true,"href":"https:\/\/www.hotel-royal-antibes.com\/es\/wp-json\/wp\/v2\/users\/4"}],"replies":[{"embeddable":true,"href":"https:\/\/www.hotel-royal-antibes.com\/es\/wp-json\/wp\/v2\/comments?post=2580"}],"version-history":[{"count":8,"href":"https:\/\/www.hotel-royal-antibes.com\/es\/wp-json\/wp\/v2\/pages\/2580\/revisions"}],"predecessor-version":[{"id":9532,"href":"https:\/\/www.hotel-royal-antibes.com\/es\/wp-json\/wp\/v2\/pages\/2580\/revisions\/9532"}],"wp:featuredmedia":[{"embeddable":true,"href":"https:\/\/www.hotel-royal-antibes.com\/es\/wp-json\/wp\/v2\/media\/9510"}],"wp:attachment":[{"href":"https:\/\/www.hotel-royal-antibes.com\/es\/wp-json\/wp\/v2\/media?parent=2580"}],"curies":[{"name":"wp","href":"https:\/\/api.w.org\/{rel}","templated":true}]}}