{"id":2574,"date":"2016-03-21T22:26:54","date_gmt":"2016-03-21T21:26:54","guid":{"rendered":"http:\/\/www.hotel-royal-antibes.com\/es\/art-de-vivre\/"},"modified":"2026-02-20T16:12:31","modified_gmt":"2026-02-20T15:12:31","slug":"dia-royal","status":"publish","type":"page","link":"https:\/\/www.hotel-royal-antibes.com\/es\/dia-royal\/","title":{"rendered":"D\u00eda ROYAL"},"content":{"rendered":"<p>[vc_row][vc_column][rev_slider_vc alias=\u00bbslider-journee-royal\u00bb][\/vc_column][\/vc_row][vc_row][vc_column][vc_column_text]<\/p>\n<h1>D\u00cdA ROYAL<\/h1>\n<p>[\/vc_column_text][\/vc_column][\/vc_row][vc_row gap=\u00bb30&#8243;][vc_column width=\u00bb2\/3&#8243;][vc_column_text]<\/p>\n<h3>Un d\u00eda dedicado por completo al relax y a ti mismo \u2026<\/h3>\n<p>Dise\u00f1ado para que disfrutes de un d\u00eda \u00fanico y te tomes tu tiempo para volver a centrarte en ti mismo. Olv\u00eddate de todo y d\u00e9jate guiar por nuestro equipo&#8230;<\/p>\n<p>Este maravilloso d\u00eda se vive en dos etapas. Primero, una ma\u00f1ana agradable y c\u00e1lida en nuestro ROYAL SPA:<br \/>\nDe 10:00 a 11:00 : Acceso a nuestra \u00e1rea de bienestar, que incluye sauna, jacuzzi y hammam<br \/>\nDe 11:00 \u00e0 12:00 : Un masaje corporal relajante de 50 minutos.<\/p>\n<p>Despu\u00e9s de estas dos horas de pura relajaci\u00f3n, dir\u00edjase a la playa del hotel, el ROYAL BEACH, donde podr\u00e1 combinar placer y evasi\u00f3n:<br \/>\nA partir de las 12:00 h: almuerzo a orillas del mar, con un men\u00fa especialmente seleccionado para usted. A continuaci\u00f3n, una tarde en la que podr\u00e1 tumbarse, dormir y descansar en su colch\u00f3n, en nuestra playa de arena. Como extra: vistas al cabo de Antibes y el sonido del mar Mediterr\u00e1neo.<br \/>\nEsta jornada se puede vivir solo o en pareja.<\/p>\n<p>Locales, son bienvenidos. Este servicio tambi\u00e9n est\u00e1 disponible para personas que no se alojan en nuestro hotel.<\/p>\n<p>[\/vc_column_text][\/vc_column][vc_column width=\u00bb1\/3&#8243; el_class=\u00bbbg-gris-texture\u00bb][vc_column_text]<\/p>\n<p style=\"text-align: center;\"><a href=\"https:\/\/www.hotel-royal-antibes.com\/wp-content\/uploads\/2016\/03\/picto-big-spa.png\"><img decoding=\"async\" class=\"alignnone size-full wp-image-536\" src=\"https:\/\/www.hotel-royal-antibes.com\/wp-content\/uploads\/2016\/03\/picto-big-spa.png\" alt=\"\" width=\"95\" height=\"69\" \/><\/a><\/p>\n<p style=\"text-align: center;\">ROYAL SPA<\/p>\n<p style=\"text-align: center;\">Oferta v\u00e1lida de abril a octubre : 163 \u20ac por persona<\/p>\n<p style=\"text-align: center;\">Nuestros terapeutas est\u00e1n a su disposici\u00f3n 7\/7 de 10:00 a 19:00.<br \/>\nNo dude en solicitar sus servicios.<\/p>\n<p style=\"text-align: center;\"><a href=\"mailto:spa@royal-antibes.com\">spa@royal-antibes.com<\/a><br \/>\nTel : <a href=\"tel:+33 (0)4 83 61 92 02\">+33 (0)4 83 61 92 02<\/a><\/p>\n<p>[\/vc_column_text][\/vc_column][\/vc_row][vc_row][vc_column][vc_column_text]<\/p>\n<div class=\"h1\" ><span style=\"font-size: 24px;\">Descubre tambi\u00e9n<\/span><\/div>\n<p>[\/vc_column_text][\/vc_column][\/vc_row][vc_row][vc_column][vc_basic_grid post_type=\u00bbids\u00bb element_width=\u00bb3&#8243; gap=\u00bb10&#8243; item=\u00bb287&#8243; grid_id=\u00bbvc_gid:1771600320639-cf3a1d3d-4c6a-5&#8243; include=\u00bb366, 382, 357, 2555, 2592, 2580, 9373&#8243;][\/vc_column][\/vc_row]<\/p>\n","protected":false},"excerpt":{"rendered":"<p>[vc_row][vc_column][rev_slider_vc alias=\u00bbslider-journee-royal\u00bb][\/vc_column][\/vc_row][vc_row][vc_column][vc_column_text] D\u00cdA ROYAL [\/vc_column_text][\/vc_column][\/vc_row][vc_row gap=\u00bb30&#8243;][vc_column width=\u00bb2\/3&#8243;][vc_column_text] Un d\u00eda dedicado por completo al relax y a ti mismo \u2026 Dise\u00f1ado para que disfrutes de un d\u00eda \u00fanico y te tomes tu tiempo para volver a centrarte en ti mismo. Olv\u00eddate de todo y d\u00e9jate guiar por nuestro equipo&#8230; Este maravilloso d\u00eda se vive en dos [&hellip;]<\/p>\n","protected":false},"author":4,"featured_media":9324,"parent":0,"menu_order":0,"comment_status":"closed","ping_status":"closed","template":"","meta":{"_acf_changed":false,"footnotes":""},"class_list":["post-2574","page","type-page","status-publish","has-post-thumbnail","hentry"],"acf":[],"yoast_head":"<!-- This site is optimized with the Yoast SEO plugin v26.9 - https:\/\/yoast.com\/product\/yoast-seo-wordpress\/ -->\n<title>D\u00cdA ROYAL de vida gracias al sol, la playa privada y museos<\/title>\n<meta name=\"description\" content=\"Pasee por las calles de Antibes y descubra los tesoros de esta ciudad: playas de arena, el Fort carr\u00e9, el Museo Picasso, el mercado provenzal, las murallas, St Paul de Vence y sus galer\u00edas de arte.\" \/>\n<meta name=\"robots\" content=\"index, follow, max-snippet:-1, max-image-preview:large, max-video-preview:-1\" \/>\n<link rel=\"canonical\" href=\"https:\/\/www.hotel-royal-antibes.com\/es\/dia-royal\/\" \/>\n<meta property=\"og:locale\" content=\"es_ES\" \/>\n<meta property=\"og:type\" content=\"article\" \/>\n<meta property=\"og:title\" content=\"D\u00cdA ROYAL de vida gracias al sol, la playa privada y museos\" \/>\n<meta property=\"og:description\" content=\"Pasee por las calles de Antibes y descubra los tesoros de esta ciudad: playas de arena, el Fort carr\u00e9, el Museo Picasso, el mercado provenzal, las murallas, St Paul de Vence y sus galer\u00edas de arte.\" \/>\n<meta property=\"og:url\" content=\"https:\/\/www.hotel-royal-antibes.com\/es\/dia-royal\/\" \/>\n<meta property=\"og:site_name\" content=\"Royal Antibes\" \/>\n<meta property=\"article:modified_time\" content=\"2026-02-20T15:12:31+00:00\" \/>\n<meta property=\"og:image\" content=\"https:\/\/www.hotel-royal-antibes.com\/wp-content\/uploads\/2026\/02\/Offre-journee-royal-scaled.jpg\" \/>\n\t<meta property=\"og:image:width\" content=\"2560\" \/>\n\t<meta property=\"og:image:height\" content=\"1707\" \/>\n\t<meta property=\"og:image:type\" content=\"image\/jpeg\" \/>\n<meta name=\"twitter:card\" content=\"summary_large_image\" \/>\n<meta name=\"twitter:label1\" content=\"Tiempo de lectura\" \/>\n\t<meta name=\"twitter:data1\" content=\"2 minutos\" \/>\n<script type=\"application\/ld+json\" class=\"yoast-schema-graph\">{\"@context\":\"https:\/\/schema.org\",\"@graph\":[{\"@type\":\"WebPage\",\"@id\":\"https:\/\/www.hotel-royal-antibes.com\/es\/dia-royal\/\",\"url\":\"https:\/\/www.hotel-royal-antibes.com\/es\/dia-royal\/\",\"name\":\"D\u00cdA ROYAL de vida gracias al sol, la playa privada y museos\",\"isPartOf\":{\"@id\":\"https:\/\/www.hotel-royal-antibes.com\/es\/#website\"},\"primaryImageOfPage\":{\"@id\":\"https:\/\/www.hotel-royal-antibes.com\/es\/dia-royal\/#primaryimage\"},\"image\":{\"@id\":\"https:\/\/www.hotel-royal-antibes.com\/es\/dia-royal\/#primaryimage\"},\"thumbnailUrl\":\"https:\/\/www.hotel-royal-antibes.com\/wp-content\/uploads\/2026\/02\/Offre-journee-royal-scaled.jpg\",\"datePublished\":\"2016-03-21T21:26:54+00:00\",\"dateModified\":\"2026-02-20T15:12:31+00:00\",\"description\":\"Pasee por las calles de Antibes y descubra los tesoros de esta ciudad: playas de arena, el Fort carr\u00e9, el Museo Picasso, el mercado provenzal, las murallas, St Paul de Vence y sus galer\u00edas de arte.\",\"breadcrumb\":{\"@id\":\"https:\/\/www.hotel-royal-antibes.com\/es\/dia-royal\/#breadcrumb\"},\"inLanguage\":\"es\",\"potentialAction\":[{\"@type\":\"ReadAction\",\"target\":[\"https:\/\/www.hotel-royal-antibes.com\/es\/dia-royal\/\"]}]},{\"@type\":\"ImageObject\",\"inLanguage\":\"es\",\"@id\":\"https:\/\/www.hotel-royal-antibes.com\/es\/dia-royal\/#primaryimage\",\"url\":\"https:\/\/www.hotel-royal-antibes.com\/wp-content\/uploads\/2026\/02\/Offre-journee-royal-scaled.jpg\",\"contentUrl\":\"https:\/\/www.hotel-royal-antibes.com\/wp-content\/uploads\/2026\/02\/Offre-journee-royal-scaled.jpg\",\"width\":2560,\"height\":1707},{\"@type\":\"BreadcrumbList\",\"@id\":\"https:\/\/www.hotel-royal-antibes.com\/es\/dia-royal\/#breadcrumb\",\"itemListElement\":[{\"@type\":\"ListItem\",\"position\":1,\"name\":\"Hotel Royal Antibes\",\"item\":\"https:\/\/www.hotel-royal-antibes.com\/es\/\"},{\"@type\":\"ListItem\",\"position\":2,\"name\":\"D\u00eda ROYAL\"}]},{\"@type\":\"WebSite\",\"@id\":\"https:\/\/www.hotel-royal-antibes.com\/es\/#website\",\"url\":\"https:\/\/www.hotel-royal-antibes.com\/es\/\",\"name\":\"Royal Antibes\",\"description\":\"Luxury hotel in Antibes on French Riviera\",\"potentialAction\":[{\"@type\":\"SearchAction\",\"target\":{\"@type\":\"EntryPoint\",\"urlTemplate\":\"https:\/\/www.hotel-royal-antibes.com\/es\/?s={search_term_string}\"},\"query-input\":{\"@type\":\"PropertyValueSpecification\",\"valueRequired\":true,\"valueName\":\"search_term_string\"}}],\"inLanguage\":\"es\"}]}<\/script>\n<!-- \/ Yoast SEO plugin. -->","yoast_head_json":{"title":"D\u00cdA ROYAL de vida gracias al sol, la playa privada y museos","description":"Pasee por las calles de Antibes y descubra los tesoros de esta ciudad: playas de arena, el Fort carr\u00e9, el Museo Picasso, el mercado provenzal, las murallas, St Paul de Vence y sus galer\u00edas de arte.","robots":{"index":"index","follow":"follow","max-snippet":"max-snippet:-1","max-image-preview":"max-image-preview:large","max-video-preview":"max-video-preview:-1"},"canonical":"https:\/\/www.hotel-royal-antibes.com\/es\/dia-royal\/","og_locale":"es_ES","og_type":"article","og_title":"D\u00cdA ROYAL de vida gracias al sol, la playa privada y museos","og_description":"Pasee por las calles de Antibes y descubra los tesoros de esta ciudad: playas de arena, el Fort carr\u00e9, el Museo Picasso, el mercado provenzal, las murallas, St Paul de Vence y sus galer\u00edas de arte.","og_url":"https:\/\/www.hotel-royal-antibes.com\/es\/dia-royal\/","og_site_name":"Royal Antibes","article_modified_time":"2026-02-20T15:12:31+00:00","og_image":[{"width":2560,"height":1707,"url":"https:\/\/www.hotel-royal-antibes.com\/wp-content\/uploads\/2026\/02\/Offre-journee-royal-scaled.jpg","type":"image\/jpeg"}],"twitter_card":"summary_large_image","twitter_misc":{"Tiempo de lectura":"2 minutos"},"schema":{"@context":"https:\/\/schema.org","@graph":[{"@type":"WebPage","@id":"https:\/\/www.hotel-royal-antibes.com\/es\/dia-royal\/","url":"https:\/\/www.hotel-royal-antibes.com\/es\/dia-royal\/","name":"D\u00cdA ROYAL de vida gracias al sol, la playa privada y museos","isPartOf":{"@id":"https:\/\/www.hotel-royal-antibes.com\/es\/#website"},"primaryImageOfPage":{"@id":"https:\/\/www.hotel-royal-antibes.com\/es\/dia-royal\/#primaryimage"},"image":{"@id":"https:\/\/www.hotel-royal-antibes.com\/es\/dia-royal\/#primaryimage"},"thumbnailUrl":"https:\/\/www.hotel-royal-antibes.com\/wp-content\/uploads\/2026\/02\/Offre-journee-royal-scaled.jpg","datePublished":"2016-03-21T21:26:54+00:00","dateModified":"2026-02-20T15:12:31+00:00","description":"Pasee por las calles de Antibes y descubra los tesoros de esta ciudad: playas de arena, el Fort carr\u00e9, el Museo Picasso, el mercado provenzal, las murallas, St Paul de Vence y sus galer\u00edas de arte.","breadcrumb":{"@id":"https:\/\/www.hotel-royal-antibes.com\/es\/dia-royal\/#breadcrumb"},"inLanguage":"es","potentialAction":[{"@type":"ReadAction","target":["https:\/\/www.hotel-royal-antibes.com\/es\/dia-royal\/"]}]},{"@type":"ImageObject","inLanguage":"es","@id":"https:\/\/www.hotel-royal-antibes.com\/es\/dia-royal\/#primaryimage","url":"https:\/\/www.hotel-royal-antibes.com\/wp-content\/uploads\/2026\/02\/Offre-journee-royal-scaled.jpg","contentUrl":"https:\/\/www.hotel-royal-antibes.com\/wp-content\/uploads\/2026\/02\/Offre-journee-royal-scaled.jpg","width":2560,"height":1707},{"@type":"BreadcrumbList","@id":"https:\/\/www.hotel-royal-antibes.com\/es\/dia-royal\/#breadcrumb","itemListElement":[{"@type":"ListItem","position":1,"name":"Hotel Royal Antibes","item":"https:\/\/www.hotel-royal-antibes.com\/es\/"},{"@type":"ListItem","position":2,"name":"D\u00eda ROYAL"}]},{"@type":"WebSite","@id":"https:\/\/www.hotel-royal-antibes.com\/es\/#website","url":"https:\/\/www.hotel-royal-antibes.com\/es\/","name":"Royal Antibes","description":"Luxury hotel in Antibes on French Riviera","potentialAction":[{"@type":"SearchAction","target":{"@type":"EntryPoint","urlTemplate":"https:\/\/www.hotel-royal-antibes.com\/es\/?s={search_term_string}"},"query-input":{"@type":"PropertyValueSpecification","valueRequired":true,"valueName":"search_term_string"}}],"inLanguage":"es"}]}},"_links":{"self":[{"href":"https:\/\/www.hotel-royal-antibes.com\/es\/wp-json\/wp\/v2\/pages\/2574","targetHints":{"allow":["GET"]}}],"collection":[{"href":"https:\/\/www.hotel-royal-antibes.com\/es\/wp-json\/wp\/v2\/pages"}],"about":[{"href":"https:\/\/www.hotel-royal-antibes.com\/es\/wp-json\/wp\/v2\/types\/page"}],"author":[{"embeddable":true,"href":"https:\/\/www.hotel-royal-antibes.com\/es\/wp-json\/wp\/v2\/users\/4"}],"replies":[{"embeddable":true,"href":"https:\/\/www.hotel-royal-antibes.com\/es\/wp-json\/wp\/v2\/comments?post=2574"}],"version-history":[{"count":12,"href":"https:\/\/www.hotel-royal-antibes.com\/es\/wp-json\/wp\/v2\/pages\/2574\/revisions"}],"predecessor-version":[{"id":9483,"href":"https:\/\/www.hotel-royal-antibes.com\/es\/wp-json\/wp\/v2\/pages\/2574\/revisions\/9483"}],"wp:featuredmedia":[{"embeddable":true,"href":"https:\/\/www.hotel-royal-antibes.com\/es\/wp-json\/wp\/v2\/media\/9324"}],"wp:attachment":[{"href":"https:\/\/www.hotel-royal-antibes.com\/es\/wp-json\/wp\/v2\/media?parent=2574"}],"curies":[{"name":"wp","href":"https:\/\/api.w.org\/{rel}","templated":true}]}}