{"id":2555,"date":"2016-03-21T22:34:40","date_gmt":"2016-03-21T21:34:40","guid":{"rendered":"http:\/\/www.hotel-royal-antibes.com\/es\/agenda\/"},"modified":"2026-03-04T17:10:39","modified_gmt":"2026-03-04T16:10:39","slug":"agenda","status":"publish","type":"page","link":"https:\/\/www.hotel-royal-antibes.com\/es\/agenda\/","title":{"rendered":"Agenda"},"content":{"rendered":"<p>[vc_row][vc_column][rev_slider_vc alias=\u00bbslider-agenda\u00bb][\/vc_column][\/vc_row][vc_row][vc_column][vc_column_text]<\/p>\n<h1>Agenda<\/h1>\n<p>[\/vc_column_text][\/vc_column][\/vc_row][vc_row gap=\u00bb30&#8243;][vc_column width=\u00bb1\/4&#8243;][vc_single_image image=\u00bb9538&#8243; img_size=\u00bbfull\u00bb alignment=\u00bbcenter\u00bb style=\u00bbvc_box_circle_2&#8243; onclick=\u00bbcustom_link\u00bb img_link_target=\u00bb_blank\u00bb css_animation=\u00bbappear\u00bb link=\u00bbhttps:\/\/www.antibesjuanlespins.com\/en\/discover\/the-must-sees\/cap-d-antibesthe-tire-poil-footpath\u00bb][vc_column_text]<\/p>\n<h2 style=\"text-align: center;\">EL SENDERO DEL LITORAL<\/h2>\n<p style=\"text-align: center;\"><strong>Todo el a\u00f1o<\/strong><\/p>\n<p style=\"text-align: center;\">Excursi\u00f3n imprescindible de 5 km alrededor del Cap d&#8217;Antibes<\/p>\n<p style=\"text-align: center;\">Un peque\u00f1o rinc\u00f3n paradis\u00edaco que no te puedes perder<\/p>\n<p style=\"text-align: center;\">Tel : <a href=\"tel:+33 4 22 10 60 01\">+33 (0)4 22 10 60 01<\/a><\/p>\n<p style=\"text-align: center;\"><a href=\"https:\/\/www.nicecarnaval.com\/en\/\" target=\"_blank\" rel=\"noopener noreferrer\">https:\/\/www.antibesjuanlespins.com\/en<\/a><\/p>\n<p>[\/vc_column_text][\/vc_column][vc_column width=\u00bb1\/4&#8243;][vc_single_image image=\u00bb9072&#8243; img_size=\u00bbfull\u00bb alignment=\u00bbcenter\u00bb style=\u00bbvc_box_circle_2&#8243; onclick=\u00bbcustom_link\u00bb img_link_target=\u00bb_blank\u00bb css_animation=\u00bbappear\u00bb link=\u00bbhttps:\/\/www.antibes-juanlespins.com\/sorties-loisirs\/antibes-ville-de-culture\/les-musees\/le-musee-picasso\u00bb][vc_column_text]<\/p>\n<h2 style=\"text-align: center;\">MUSEO PICASSO<\/h2>\n<p style=\"text-align: center;\"><strong>Abierto todo el a\u00f1o<\/strong><\/p>\n<p style=\"text-align: center;\">Colecciones de arte moderno, esculturas &amp; exposiciones temporales<\/p>\n<p style=\"text-align: center;\">Situado en el Vieil Antibes<\/p>\n<p style=\"text-align: center;\"><a href=\"http:\/\/Tel:+33 (0)4 92 90 54 28\">Tel:+33 (0)4 92 90 54 28<\/a><\/p>\n<p style=\"text-align: center;\"><a href=\"https:\/\/www.antibesjuanlespins.com\/en\" target=\"_blank\" rel=\"noopener noreferrer\">https:\/\/www.antibesjuanlespins.com\/en<\/a><\/p>\n<p>[\/vc_column_text][\/vc_column][vc_column width=\u00bb1\/4&#8243;][vc_single_image image=\u00bb8691&#8243; img_size=\u00bbfull\u00bb alignment=\u00bbcenter\u00bb style=\u00bbvc_box_circle_2&#8243; onclick=\u00bbcustom_link\u00bb img_link_target=\u00bb_blank\u00bb css_animation=\u00bbappear\u00bb link=\u00bbhttps:\/\/molinard.com\/en\u00bb][vc_column_text]<\/p>\n<h2 style=\"text-align: center;\">PARFUMERIE MOLINARD<\/h2>\n<p style=\"text-align: center;\"><strong><span class=\"sel\">Abierta todo el a\u00f1o<\/span>\u00a0<\/strong><\/p>\n<p style=\"text-align: center;\">Visita guiada y gratuita del museo con la tienda <span class=\"sel\">ic\u00f3nica<\/span><\/p>\n<p style=\"text-align: center;\">Bastide Historique en Grasse<\/p>\n<p style=\"text-align: center;\"><a href=\"tel:+33 (0)4 93 36 01 62\" target=\"_blank\" rel=\"noopener noreferrer\">tel:+33 (0)4 93 36 01 62<\/a><\/p>\n<p style=\"text-align: center;\"><a href=\"https:\/\/molinard.com\/en\">https:\/\/molinard.com\/en<\/a><\/p>\n<p>[\/vc_column_text][\/vc_column][vc_column width=\u00bb1\/4&#8243;][vc_single_image image=\u00bb7906&#8243; img_size=\u00bbfull\u00bb alignment=\u00bbcenter\u00bb style=\u00bbvc_box_circle_2&#8243; onclick=\u00bbcustom_link\u00bb img_link_target=\u00bb_blank\u00bb link=\u00bbhttps:\/\/www.antibesjuanlespins.com\/en\/discover\/the-must-sees\/the-guided-tours\u00bb][vc_column_text]<\/p>\n<h2 style=\"text-align: center;\">VISITAS GUIADAS ANTIBES<\/h2>\n<p style=\"text-align: center;\"><strong>Todo el a\u00f1o<\/strong><\/p>\n<p style=\"text-align: center;\">Vieil Antibes, camino de los pintores, Antibes street art&#8230;<\/p>\n<p style=\"text-align: center;\">Tel : <a href=\"tel:+33 (0)4 22 10 60 10\" target=\"_blank\" rel=\"noopener noreferrer\">+<\/a><a href=\"tel:+ 377 98 06 41 51\" rel=\"nofollow\">33 (4) 22 10 60 01<\/a><br \/>\n<a href=\"https:\/\/www.plages-electroniques.com\/\" target=\"_blank\" rel=\"noopener noreferrer\">https:\/\/www.antibesjuanlespins.com\/en\/discover\/the-must-sees<\/a><\/p>\n<p>[\/vc_column_text][\/vc_column][\/vc_row][vc_row][vc_column][vc_separator][vc_column_text]<\/p>\n<p style=\"text-align: center;\"><a href=\"https:\/\/www.antibesjuanlespins.com\/en\/must-see-must-do\/going-out\/diary-all-the-events\" target=\"_blank\" rel=\"noopener noreferrer\"><button class=\"download-button\">Consultar programa del mes<\/button><\/a><\/p>\n<p>[\/vc_column_text][\/vc_column][\/vc_row][vc_row][vc_column][vc_column_text]<\/p>\n<div class=\"h1\" ><span style=\"font-size: 24px;\">Descubre tambi\u00e9n<\/span><\/div>\n<p>[\/vc_column_text][\/vc_column][\/vc_row][vc_row][vc_column][vc_basic_grid post_type=\u00bbids\u00bb element_width=\u00bb3&#8243; item=\u00bb287&#8243; grid_id=\u00bbvc_gid:1772640501416-c1112475-5273-1&#8243; include=\u00bb360, 382, 357, 2574, 2592, 2580, 9373&#8243;][\/vc_column][\/vc_row]<\/p>\n","protected":false},"excerpt":{"rendered":"<p>[vc_row][vc_column][rev_slider_vc alias=\u00bbslider-agenda\u00bb][\/vc_column][\/vc_row][vc_row][vc_column][vc_column_text] Agenda [\/vc_column_text][\/vc_column][\/vc_row][vc_row gap=\u00bb30&#8243;][vc_column width=\u00bb1\/4&#8243;][vc_single_image image=\u00bb9538&#8243; img_size=\u00bbfull\u00bb alignment=\u00bbcenter\u00bb style=\u00bbvc_box_circle_2&#8243; onclick=\u00bbcustom_link\u00bb img_link_target=\u00bb_blank\u00bb css_animation=\u00bbappear\u00bb link=\u00bbhttps:\/\/www.antibesjuanlespins.com\/en\/discover\/the-must-sees\/cap-d-antibesthe-tire-poil-footpath\u00bb][vc_column_text] EL SENDERO DEL LITORAL Todo el a\u00f1o Excursi\u00f3n imprescindible de 5 km alrededor del Cap d&#8217;Antibes Un peque\u00f1o rinc\u00f3n paradis\u00edaco que no te puedes perder Tel : +33 (0)4 22 10 60 01 https:\/\/www.antibesjuanlespins.com\/en [\/vc_column_text][\/vc_column][vc_column width=\u00bb1\/4&#8243;][vc_single_image image=\u00bb9072&#8243; img_size=\u00bbfull\u00bb alignment=\u00bbcenter\u00bb style=\u00bbvc_box_circle_2&#8243; onclick=\u00bbcustom_link\u00bb [&hellip;]<\/p>\n","protected":false},"author":4,"featured_media":2560,"parent":0,"menu_order":0,"comment_status":"closed","ping_status":"closed","template":"","meta":{"_acf_changed":false,"footnotes":""},"class_list":["post-2555","page","type-page","status-publish","has-post-thumbnail","hentry"],"acf":[],"yoast_head":"<!-- This site is optimized with the Yoast SEO plugin v26.9 - https:\/\/yoast.com\/product\/yoast-seo-wordpress\/ -->\n<title>Agenda - Royal Antibes<\/title>\n<meta name=\"robots\" content=\"index, follow, max-snippet:-1, max-image-preview:large, max-video-preview:-1\" \/>\n<link rel=\"canonical\" href=\"https:\/\/www.hotel-royal-antibes.com\/es\/agenda\/\" \/>\n<meta property=\"og:locale\" content=\"es_ES\" \/>\n<meta property=\"og:type\" content=\"article\" \/>\n<meta property=\"og:title\" content=\"Agenda - Royal Antibes\" \/>\n<meta property=\"og:description\" content=\"[vc_row][vc_column][rev_slider_vc alias=\u00bbslider-agenda\u00bb][\/vc_column][\/vc_row][vc_row][vc_column][vc_column_text] Agenda [\/vc_column_text][\/vc_column][\/vc_row][vc_row gap=\u00bb30&#8243;][vc_column width=\u00bb1\/4&#8243;][vc_single_image image=\u00bb9538&#8243; img_size=\u00bbfull\u00bb alignment=\u00bbcenter\u00bb style=\u00bbvc_box_circle_2&#8243; onclick=\u00bbcustom_link\u00bb img_link_target=\u00bb_blank\u00bb css_animation=\u00bbappear\u00bb link=\u00bbhttps:\/\/www.antibesjuanlespins.com\/en\/discover\/the-must-sees\/cap-d-antibesthe-tire-poil-footpath\u00bb][vc_column_text] EL SENDERO DEL LITORAL Todo el a\u00f1o Excursi\u00f3n imprescindible de 5 km alrededor del Cap d&#8217;Antibes Un peque\u00f1o rinc\u00f3n paradis\u00edaco que no te puedes perder Tel : +33 (0)4 22 10 60 01 https:\/\/www.antibesjuanlespins.com\/en [\/vc_column_text][\/vc_column][vc_column width=\u00bb1\/4&#8243;][vc_single_image image=\u00bb9072&#8243; img_size=\u00bbfull\u00bb alignment=\u00bbcenter\u00bb style=\u00bbvc_box_circle_2&#8243; onclick=\u00bbcustom_link\u00bb [&hellip;]\" \/>\n<meta property=\"og:url\" content=\"https:\/\/www.hotel-royal-antibes.com\/es\/agenda\/\" \/>\n<meta property=\"og:site_name\" content=\"Royal Antibes\" \/>\n<meta property=\"article:modified_time\" content=\"2026-03-04T16:10:39+00:00\" \/>\n<meta property=\"og:image\" content=\"https:\/\/www.hotel-royal-antibes.com\/wp-content\/uploads\/2016\/03\/Voiles-Antibes-Laurent-Masson.jpg\" \/>\n\t<meta property=\"og:image:width\" content=\"1766\" \/>\n\t<meta property=\"og:image:height\" content=\"1179\" \/>\n\t<meta property=\"og:image:type\" content=\"image\/jpeg\" \/>\n<meta name=\"twitter:card\" content=\"summary_large_image\" \/>\n<meta name=\"twitter:label1\" content=\"Tiempo de lectura\" \/>\n\t<meta name=\"twitter:data1\" content=\"2 minutos\" \/>\n<script type=\"application\/ld+json\" class=\"yoast-schema-graph\">{\"@context\":\"https:\/\/schema.org\",\"@graph\":[{\"@type\":\"WebPage\",\"@id\":\"https:\/\/www.hotel-royal-antibes.com\/es\/agenda\/\",\"url\":\"https:\/\/www.hotel-royal-antibes.com\/es\/agenda\/\",\"name\":\"Agenda - Royal Antibes\",\"isPartOf\":{\"@id\":\"https:\/\/www.hotel-royal-antibes.com\/es\/#website\"},\"primaryImageOfPage\":{\"@id\":\"https:\/\/www.hotel-royal-antibes.com\/es\/agenda\/#primaryimage\"},\"image\":{\"@id\":\"https:\/\/www.hotel-royal-antibes.com\/es\/agenda\/#primaryimage\"},\"thumbnailUrl\":\"https:\/\/www.hotel-royal-antibes.com\/wp-content\/uploads\/2016\/03\/Voiles-Antibes-Laurent-Masson.jpg\",\"datePublished\":\"2016-03-21T21:34:40+00:00\",\"dateModified\":\"2026-03-04T16:10:39+00:00\",\"breadcrumb\":{\"@id\":\"https:\/\/www.hotel-royal-antibes.com\/es\/agenda\/#breadcrumb\"},\"inLanguage\":\"es\",\"potentialAction\":[{\"@type\":\"ReadAction\",\"target\":[\"https:\/\/www.hotel-royal-antibes.com\/es\/agenda\/\"]}]},{\"@type\":\"ImageObject\",\"inLanguage\":\"es\",\"@id\":\"https:\/\/www.hotel-royal-antibes.com\/es\/agenda\/#primaryimage\",\"url\":\"https:\/\/www.hotel-royal-antibes.com\/wp-content\/uploads\/2016\/03\/Voiles-Antibes-Laurent-Masson.jpg\",\"contentUrl\":\"https:\/\/www.hotel-royal-antibes.com\/wp-content\/uploads\/2016\/03\/Voiles-Antibes-Laurent-Masson.jpg\",\"width\":1766,\"height\":1179},{\"@type\":\"BreadcrumbList\",\"@id\":\"https:\/\/www.hotel-royal-antibes.com\/es\/agenda\/#breadcrumb\",\"itemListElement\":[{\"@type\":\"ListItem\",\"position\":1,\"name\":\"Hotel Royal Antibes\",\"item\":\"https:\/\/www.hotel-royal-antibes.com\/es\/\"},{\"@type\":\"ListItem\",\"position\":2,\"name\":\"Agenda\"}]},{\"@type\":\"WebSite\",\"@id\":\"https:\/\/www.hotel-royal-antibes.com\/es\/#website\",\"url\":\"https:\/\/www.hotel-royal-antibes.com\/es\/\",\"name\":\"Royal Antibes\",\"description\":\"Luxury hotel in Antibes on French Riviera\",\"potentialAction\":[{\"@type\":\"SearchAction\",\"target\":{\"@type\":\"EntryPoint\",\"urlTemplate\":\"https:\/\/www.hotel-royal-antibes.com\/es\/?s={search_term_string}\"},\"query-input\":{\"@type\":\"PropertyValueSpecification\",\"valueRequired\":true,\"valueName\":\"search_term_string\"}}],\"inLanguage\":\"es\"}]}<\/script>\n<!-- \/ Yoast SEO plugin. -->","yoast_head_json":{"title":"Agenda - Royal Antibes","robots":{"index":"index","follow":"follow","max-snippet":"max-snippet:-1","max-image-preview":"max-image-preview:large","max-video-preview":"max-video-preview:-1"},"canonical":"https:\/\/www.hotel-royal-antibes.com\/es\/agenda\/","og_locale":"es_ES","og_type":"article","og_title":"Agenda - Royal Antibes","og_description":"[vc_row][vc_column][rev_slider_vc alias=\u00bbslider-agenda\u00bb][\/vc_column][\/vc_row][vc_row][vc_column][vc_column_text] Agenda [\/vc_column_text][\/vc_column][\/vc_row][vc_row gap=\u00bb30&#8243;][vc_column width=\u00bb1\/4&#8243;][vc_single_image image=\u00bb9538&#8243; img_size=\u00bbfull\u00bb alignment=\u00bbcenter\u00bb style=\u00bbvc_box_circle_2&#8243; onclick=\u00bbcustom_link\u00bb img_link_target=\u00bb_blank\u00bb css_animation=\u00bbappear\u00bb link=\u00bbhttps:\/\/www.antibesjuanlespins.com\/en\/discover\/the-must-sees\/cap-d-antibesthe-tire-poil-footpath\u00bb][vc_column_text] EL SENDERO DEL LITORAL Todo el a\u00f1o Excursi\u00f3n imprescindible de 5 km alrededor del Cap d&#8217;Antibes Un peque\u00f1o rinc\u00f3n paradis\u00edaco que no te puedes perder Tel : +33 (0)4 22 10 60 01 https:\/\/www.antibesjuanlespins.com\/en [\/vc_column_text][\/vc_column][vc_column width=\u00bb1\/4&#8243;][vc_single_image image=\u00bb9072&#8243; img_size=\u00bbfull\u00bb alignment=\u00bbcenter\u00bb style=\u00bbvc_box_circle_2&#8243; onclick=\u00bbcustom_link\u00bb [&hellip;]","og_url":"https:\/\/www.hotel-royal-antibes.com\/es\/agenda\/","og_site_name":"Royal Antibes","article_modified_time":"2026-03-04T16:10:39+00:00","og_image":[{"width":1766,"height":1179,"url":"https:\/\/www.hotel-royal-antibes.com\/wp-content\/uploads\/2016\/03\/Voiles-Antibes-Laurent-Masson.jpg","type":"image\/jpeg"}],"twitter_card":"summary_large_image","twitter_misc":{"Tiempo de lectura":"2 minutos"},"schema":{"@context":"https:\/\/schema.org","@graph":[{"@type":"WebPage","@id":"https:\/\/www.hotel-royal-antibes.com\/es\/agenda\/","url":"https:\/\/www.hotel-royal-antibes.com\/es\/agenda\/","name":"Agenda - Royal Antibes","isPartOf":{"@id":"https:\/\/www.hotel-royal-antibes.com\/es\/#website"},"primaryImageOfPage":{"@id":"https:\/\/www.hotel-royal-antibes.com\/es\/agenda\/#primaryimage"},"image":{"@id":"https:\/\/www.hotel-royal-antibes.com\/es\/agenda\/#primaryimage"},"thumbnailUrl":"https:\/\/www.hotel-royal-antibes.com\/wp-content\/uploads\/2016\/03\/Voiles-Antibes-Laurent-Masson.jpg","datePublished":"2016-03-21T21:34:40+00:00","dateModified":"2026-03-04T16:10:39+00:00","breadcrumb":{"@id":"https:\/\/www.hotel-royal-antibes.com\/es\/agenda\/#breadcrumb"},"inLanguage":"es","potentialAction":[{"@type":"ReadAction","target":["https:\/\/www.hotel-royal-antibes.com\/es\/agenda\/"]}]},{"@type":"ImageObject","inLanguage":"es","@id":"https:\/\/www.hotel-royal-antibes.com\/es\/agenda\/#primaryimage","url":"https:\/\/www.hotel-royal-antibes.com\/wp-content\/uploads\/2016\/03\/Voiles-Antibes-Laurent-Masson.jpg","contentUrl":"https:\/\/www.hotel-royal-antibes.com\/wp-content\/uploads\/2016\/03\/Voiles-Antibes-Laurent-Masson.jpg","width":1766,"height":1179},{"@type":"BreadcrumbList","@id":"https:\/\/www.hotel-royal-antibes.com\/es\/agenda\/#breadcrumb","itemListElement":[{"@type":"ListItem","position":1,"name":"Hotel Royal Antibes","item":"https:\/\/www.hotel-royal-antibes.com\/es\/"},{"@type":"ListItem","position":2,"name":"Agenda"}]},{"@type":"WebSite","@id":"https:\/\/www.hotel-royal-antibes.com\/es\/#website","url":"https:\/\/www.hotel-royal-antibes.com\/es\/","name":"Royal Antibes","description":"Luxury hotel in Antibes on French Riviera","potentialAction":[{"@type":"SearchAction","target":{"@type":"EntryPoint","urlTemplate":"https:\/\/www.hotel-royal-antibes.com\/es\/?s={search_term_string}"},"query-input":{"@type":"PropertyValueSpecification","valueRequired":true,"valueName":"search_term_string"}}],"inLanguage":"es"}]}},"_links":{"self":[{"href":"https:\/\/www.hotel-royal-antibes.com\/es\/wp-json\/wp\/v2\/pages\/2555","targetHints":{"allow":["GET"]}}],"collection":[{"href":"https:\/\/www.hotel-royal-antibes.com\/es\/wp-json\/wp\/v2\/pages"}],"about":[{"href":"https:\/\/www.hotel-royal-antibes.com\/es\/wp-json\/wp\/v2\/types\/page"}],"author":[{"embeddable":true,"href":"https:\/\/www.hotel-royal-antibes.com\/es\/wp-json\/wp\/v2\/users\/4"}],"replies":[{"embeddable":true,"href":"https:\/\/www.hotel-royal-antibes.com\/es\/wp-json\/wp\/v2\/comments?post=2555"}],"version-history":[{"count":52,"href":"https:\/\/www.hotel-royal-antibes.com\/es\/wp-json\/wp\/v2\/pages\/2555\/revisions"}],"predecessor-version":[{"id":9542,"href":"https:\/\/www.hotel-royal-antibes.com\/es\/wp-json\/wp\/v2\/pages\/2555\/revisions\/9542"}],"wp:featuredmedia":[{"embeddable":true,"href":"https:\/\/www.hotel-royal-antibes.com\/es\/wp-json\/wp\/v2\/media\/2560"}],"wp:attachment":[{"href":"https:\/\/www.hotel-royal-antibes.com\/es\/wp-json\/wp\/v2\/media?parent=2555"}],"curies":[{"name":"wp","href":"https:\/\/api.w.org\/{rel}","templated":true}]}}